{"id":38,"date":"2021-02-22T09:33:37","date_gmt":"2021-02-22T08:33:37","guid":{"rendered":"https:\/\/ndpo2020.keeo.com\/post-bac\/?page_id=38"},"modified":"2025-07-07T14:42:10","modified_gmt":"2025-07-07T12:42:10","slug":"informations","status":"publish","type":"page","link":"https:\/\/www.ndpo.fr\/cfc\/informations\/","title":{"rendered":"Informations"},"content":{"rendered":"<p>[vc_row][vc_column width=&#8221;1\/2&#8243;][vc_gmaps link=&#8221;#E-8_JTNDaWZyYW1lJTIwc3JjJTNEJTIyaHR0cHMlM0ElMkYlMkZ3d3cuZ29vZ2xlLmNvbSUyRm1hcHMlMkZlbWJlZCUzRnBiJTNEJTIxMW0xOCUyMTFtMTIlMjExbTMlMjExZDIxMzUuMDUwMTkzNTQxNTczNyUyMTJkMy4yNDI3MjM3MTMyMTgwNzI0JTIxM2Q1MC40NzgwMjk0NDk3MDkwMiUyMTJtMyUyMTFmMCUyMTJmMCUyMTNmMCUyMTNtMiUyMTFpMTAyNCUyMTJpNzY4JTIxNGYxMy4xJTIxM20zJTIxMW0yJTIxMXMweDQ3YzJkYjNhNjRiMTAzMWQlMjUzQTB4ZTA5MzMzODI1ZmY5OTcwZiUyMTJzTHljJTI1QzMlMjVBOWUlMjUyMFByaXYlMjVDMyUyNUE5JTI1MjBjYXRob2xpcXVlJTI1MjBOb3RyZS1EYW1lLWRlLUxhLVByb3ZpZGVuY2UlMjE1ZTAlMjEzbTIlMjExc2ZyJTIxMnNmciUyMTR2MTU5MDc2MzA4ODMxOSUyMTVtMiUyMTFzZnIlMjEyc2ZyJTIyJTIwd2lkdGglM0QlMjI2MDAlMjIlMjBoZWlnaHQlM0QlMjI0NTAlMjIlMjBmcmFtZWJvcmRlciUzRCUyMjAlMjIlMjBzdHlsZSUzRCUyMmJvcmRlciUzQTAlM0IlMjIlMjBhbGxvd2Z1bGxzY3JlZW4lM0QlMjIlMjIlMjBhcmlhLWhpZGRlbiUzRCUyMmZhbHNlJTIyJTIwdGFiaW5kZXglM0QlMjIwJTIyJTNFJTNDJTJGaWZyYW1lJTNF&#8221;][\/vc_column][vc_column width=&#8221;1\/2&#8243;]\n        <div class=\"rs-heading style2   \">\n        \t<div class=\"title-inner\">\n\t            <span class=\"sub-text\">La gare d'Orchies \u00e0 10 minutes<\/span>\n\t            <h2 >Facile d'acc\u00e8s<\/h2>\n\t        <\/div><div class=\"description\"><p >Situ\u00e9 au centre-ville d&#8217;Orchies, le CFC dispose d&#8217;un acc\u00e8s rapide gr\u00e2ce \u00e0 la gare SNCF d&#8217;Orchies \u00e0 150 m\u00e8tres.<\/p><\/div><\/div>[vc_row_inner][vc_column_inner width=&#8221;1\/2&#8243;]\n\t\t\t<div class=\"rs-services-style3  \">\n\t\t\t\t<div class=\"services-item rs-animation-hover\">\n\t\t\t\t    <div class=\"services-icon\">\n\t\t\t\t        <i  class=\"vc_icon_element-icon vc-material vc-material-directions_car rs-animation-scale-up\"><\/i>\n\t\t\t\t    <\/div>\n\t\t\t\t    <div class=\"services-desc\">\n\t\t\t\t        <h4 class=\"services-title\"><a ><\/a><\/h4>\n\t\t\t\t        <p>\u00c0 20 minutes de Lille et de Valenciennes par l&#8217;autoroute.<\/p>\n\t\t\t\t    <\/div>\n\t\t\t\t<\/div>\n\t\t\t<\/div>\n\t\t\t[\/vc_column_inner][vc_column_inner width=&#8221;1\/2&#8243;]\n\t\t\t<div class=\"rs-services-style3  \">\n\t\t\t\t<div class=\"services-item rs-animation-hover\">\n\t\t\t\t    <div class=\"services-icon\">\n\t\t\t\t        <i  class=\"vc_icon_element-icon vc-material vc-material-directions_transit rs-animation-scale-up\"><\/i>\n\t\t\t\t    <\/div>\n\t\t\t\t    <div class=\"services-desc\">\n\t\t\t\t        <h4 class=\"services-title\"><a ><\/a><\/h4>\n\t\t\t\t        <p>\u00c0 20 minutes de Lille par le train.<\/p>\n\t\t\t\t    <\/div>\n\t\t\t\t<\/div>\n\t\t\t<\/div>\n\t\t\t[\/vc_column_inner][\/vc_row_inner][\/vc_column][\/vc_row][vc_row][vc_column][vc_empty_space height=&#8221;50&#8243;][\/vc_column][\/vc_row][vc_row][vc_column][\/vc_column][\/vc_row][vc_row][vc_column][\/vc_column][\/vc_row]<\/p>\n","protected":false},"excerpt":{"rendered":"<p>[vc_row][vc_column width=&#8221;1\/2&#8243;][vc_gmaps link=&#8221;#E-8_JTNDaWZyYW1lJTIwc3JjJTNEJTIyaHR0cHMlM0ElMkYlMkZ3d3cuZ29vZ2xlLmNvbSUyRm1hcHMlMkZlbWJlZCUzRnBiJTNEJTIxMW0xOCUyMTFtMTIlMjExbTMlMjExZDIxMzUuMDUwMTkzNTQxNTczNyUyMTJkMy4yNDI3MjM3MTMyMTgwNzI0JTIxM2Q1MC40NzgwMjk0NDk3MDkwMiUyMTJtMyUyMTFmMCUyMTJmMCUyMTNmMCUyMTNtMiUyMTFpMTAyNCUyMTJpNzY4JTIxNGYxMy4xJTIxM20zJTIxMW0yJTIxMXMweDQ3YzJkYjNhNjRiMTAzMWQlMjUzQTB4ZTA5MzMzODI1ZmY5OTcwZiUyMTJzTHljJTI1QzMlMjVBOWUlMjUyMFByaXYlMjVDMyUyNUE5JTI1MjBjYXRob2xpcXVlJTI1MjBOb3RyZS1EYW1lLWRlLUxhLVByb3ZpZGVuY2UlMjE1ZTAlMjEzbTIlMjExc2ZyJTIxMnNmciUyMTR2MTU5MDc2MzA4ODMxOSUyMTVtMiUyMTFzZnIlMjEyc2ZyJTIyJTIwd2lkdGglM0QlMjI2MDAlMjIlMjBoZWlnaHQlM0QlMjI0NTAlMjIlMjBmcmFtZWJvcmRlciUzRCUyMjAlMjIlMjBzdHlsZSUzRCUyMmJvcmRlciUzQTAlM0IlMjIlMjBhbGxvd2Z1bGxzY3JlZW4lM0QlMjIlMjIlMjBhcmlhLWhpZGRlbiUzRCUyMmZhbHNlJTIyJTIwdGFiaW5kZXglM0QlMjIwJTIyJTNFJTNDJTJGaWZyYW1lJTNF&#8221;][\/vc_column][vc_column width=&#8221;1\/2&#8243;][vc_row_inner][vc_column_inner width=&#8221;1\/2&#8243;][\/vc_column_inner][vc_column_inner width=&#8221;1\/2&#8243;][\/vc_column_inner][\/vc_row_inner][\/vc_column][\/vc_row][vc_row][vc_column][vc_empty_space height=&#8221;50&#8243;][\/vc_column][\/vc_row][vc_row][vc_column][\/vc_column][\/vc_row][vc_row][vc_column][\/vc_column]&#8230;<\/p>\n","protected":false},"author":2,"featured_media":0,"parent":0,"menu_order":0,"comment_status":"closed","ping_status":"closed","template":"","meta":{"footnotes":""},"class_list":["post-38","page","type-page","status-publish","hentry"],"_links":{"self":[{"href":"https:\/\/www.ndpo.fr\/cfc\/wp-json\/wp\/v2\/pages\/38","targetHints":{"allow":["GET"]}}],"collection":[{"href":"https:\/\/www.ndpo.fr\/cfc\/wp-json\/wp\/v2\/pages"}],"about":[{"href":"https:\/\/www.ndpo.fr\/cfc\/wp-json\/wp\/v2\/types\/page"}],"author":[{"embeddable":true,"href":"https:\/\/www.ndpo.fr\/cfc\/wp-json\/wp\/v2\/users\/2"}],"replies":[{"embeddable":true,"href":"https:\/\/www.ndpo.fr\/cfc\/wp-json\/wp\/v2\/comments?post=38"}],"version-history":[{"count":4,"href":"https:\/\/www.ndpo.fr\/cfc\/wp-json\/wp\/v2\/pages\/38\/revisions"}],"predecessor-version":[{"id":762,"href":"https:\/\/www.ndpo.fr\/cfc\/wp-json\/wp\/v2\/pages\/38\/revisions\/762"}],"wp:attachment":[{"href":"https:\/\/www.ndpo.fr\/cfc\/wp-json\/wp\/v2\/media?parent=38"}],"curies":[{"name":"wp","href":"https:\/\/api.w.org\/{rel}","templated":true}]}}