{"id":570,"date":"2025-01-21T09:55:45","date_gmt":"2025-01-21T08:55:45","guid":{"rendered":"https:\/\/www.ndpo.fr\/cfc\/?page_id=570"},"modified":"2026-04-09T11:17:48","modified_gmt":"2026-04-09T09:17:48","slug":"nos-formations","status":"publish","type":"page","link":"https:\/\/www.ndpo.fr\/cfc\/nos-formations\/","title":{"rendered":"NOS FORMATIONS"},"content":{"rendered":"<p>[vc_row][vc_column]\n        <div class=\"rs-heading style2   center\">\n        \t<div class=\"title-inner\">\n\t            <span class=\"sub-text\">Nos formations<\/span>\n\t            <h2 >HOTELLERIE - RESTAURATION<\/h2>\n\t        <\/div><\/div>[\/vc_column][\/vc_row][vc_row][vc_column width=&#8221;1\/3&#8243;]<div class=\"rs-services\"><div class=\"service-inner services-style_5 left  \">\n\t\t\t\t\t<div class=\"services-wrap\"> \n\t\t\t\t        <div class=\"services-item\">\n\t\t\t\t            <a href=\"https:\/\/www.ndpo.fr\/cfc\/formation-cap-cuisine\/\" title=\"CAP CUISINE\" target=\"_blank\"><div class=\"services-icon\"><img decoding=\"async\" src=\"https:\/\/www.ndpo.fr\/app\/uploads\/sites\/11\/2026\/01\/SITE-CFC-7-1024x1024.png\" alt=\"Rs-service\" \/><\/div><\/a>\n\t\t\t\t\t\t\t<div class=\"services-desc\">\t\n\t\t\t\t\t\t\t\t<h4 class=\"services-title\"><a href=\"https:\/\/www.ndpo.fr\/cfc\/formation-cap-cuisine\/\" title=\"CAP CUISINE\" target=\"_blank\">CAP CUISINE<\/a><\/h4>\t\t\n\t\t\t\t\t\t\t\t<strong>DUR\u00c9E<\/strong> : 420 heures en centre \/ 490 heures en stage<br \/>\n<strong>DATES<\/strong> : septembre 2026 &#8211; juin 2027<br \/>\n<strong>LIEU<\/strong> : CFC NDPO &#8211; ORCHIES<br \/>\n<strong>INSCRIPTIONS<\/strong> : Ouvertes<\/p>\n<p><em>Formation <\/em><em>certifiante (RNCP) : Dipl\u00f4me \u00c9ducation Nationale<\/em> \n\t\t\t\t\t\t\t<\/div>\t\t\n\t\t\t\t\t\t<\/div>\t\n\t\t\t\t\t<\/div>\n\t\t\t\t<\/div>\n\t\t\t<\/div>[\/vc_column][vc_column width=&#8221;1\/3&#8243;]<div class=\"rs-services\"><div class=\"service-inner services-style_5 left  \">\n\t\t\t\t\t<div class=\"services-wrap\"> \n\t\t\t\t        <div class=\"services-item\">\n\t\t\t\t            <a href=\"https:\/\/www.ndpo.fr\/cfc\/cap-cshcr\/\" title=\"CAP CSHCR\"><div class=\"services-icon\"><img decoding=\"async\" src=\"https:\/\/www.ndpo.fr\/app\/uploads\/sites\/11\/2026\/04\/SITE-CFC-2-1024x1024.jpg\" alt=\"Rs-service\" \/><\/div><\/a>\n\t\t\t\t\t\t\t<div class=\"services-desc\">\t\n\t\t\t\t\t\t\t\t<h4 class=\"services-title\"><a href=\"https:\/\/www.ndpo.fr\/cfc\/cap-cshcr\/\" title=\"CAP CSHCR\">CAP COMMERCIALISATION ET SERVICE EN HCR<\/a><\/h4>\t\t\n\t\t\t\t\t\t\t\t<strong>DUR\u00c9E<\/strong> : 420 heures en centre \/ 490 heures en stage<br \/>\n<strong>DATES<\/strong> : septembre 2026 &#8211; juin 2027<br \/>\n<strong>LIEU<\/strong> : CFC NDPO &#8211; ORCHIES<br \/>\n<strong>INSCRIPTIONS<\/strong> : Ferm\u00e9es<\/p>\n<p><em>Formation <\/em><em>certifiante (RNCP) : Dipl\u00f4me \u00c9ducation Nationale<\/em> \n\t\t\t\t\t\t\t<\/div>\t\t\n\t\t\t\t\t\t<\/div>\t\n\t\t\t\t\t<\/div>\n\t\t\t\t<\/div>\n\t\t\t<\/div>[\/vc_column][vc_column width=&#8221;1\/3&#8243;]<div class=\"rs-services\"><div class=\"service-inner services-style_5 left  \">\n\t\t\t\t\t<div class=\"services-wrap\"> \n\t\t\t\t        <div class=\"services-item\">\n\t\t\t\t            <a href=\"https:\/\/www.ndpo.fr\/cfc\/cs-metiers-du-bar\/\" title=\"CS METIERS DU BAR\" target=\"_blank\"><div class=\"services-icon\"><img decoding=\"async\" src=\"https:\/\/www.ndpo.fr\/app\/uploads\/sites\/11\/2026\/02\/SITE-CFC-1-1024x1024.jpg\" alt=\"Rs-service\" \/><\/div><\/a>\n\t\t\t\t\t\t\t<div class=\"services-desc\">\t\n\t\t\t\t\t\t\t\t<h4 class=\"services-title\"><a href=\"https:\/\/www.ndpo.fr\/cfc\/cs-metiers-du-bar\/\" title=\"CS METIERS DU BAR\" target=\"_blank\">CS METIERS DU BAR<\/a><\/h4>\t\t\n\t\t\t\t\t\t\t\t<strong>DUR\u00c9E<\/strong> : 420 heures en centre \/ 420 heures en stage<br \/>\n<strong>DATES<\/strong> : septembre 2026 &#8211; juin 2027<br \/>\n<strong>LIEU<\/strong> : CFC NDPO &#8211; ORCHIES<br \/>\n<strong>INSCRIPTIONS<\/strong> : Ouvertes<\/p>\n<p><em>Formation <\/em><em>certifiante (RNCP) : Dipl\u00f4me \u00c9ducation Nationale<\/em> \n\t\t\t\t\t\t\t<\/div>\t\t\n\t\t\t\t\t\t<\/div>\t\n\t\t\t\t\t<\/div>\n\t\t\t\t<\/div>\n\t\t\t<\/div>[\/vc_column][vc_column][vc_row_inner][vc_column_inner width=&#8221;1\/3&#8243;][\/vc_column_inner][vc_column_inner width=&#8221;1\/3&#8243;]<div class=\"rs-services\"><div class=\"service-inner services-style_5 left  \">\n\t\t\t\t\t<div class=\"services-wrap\"> \n\t\t\t\t        <div class=\"services-item\">\n\t\t\t\t            <a href=\"https:\/\/www.ndpo.fr\/cfc\/cs-sommellerie\/\" title=\"CS Sommellerie\" target=\"_blank\"><div class=\"services-icon\"><img decoding=\"async\" src=\"https:\/\/www.ndpo.fr\/app\/uploads\/sites\/11\/2026\/01\/SITE-CFC-6-1-1024x1024.png\" alt=\"Rs-service\" \/><\/div><\/a>\n\t\t\t\t\t\t\t<div class=\"services-desc\">\t\n\t\t\t\t\t\t\t\t<h4 class=\"services-title\"><a href=\"https:\/\/www.ndpo.fr\/cfc\/cs-sommellerie\/\" title=\"CS Sommellerie\" target=\"_blank\">CS SOMMELLERIE<\/a><\/h4>\t\t\n\t\t\t\t\t\t\t\t<strong>DUR\u00c9E<\/strong> : 400 heures en centre \/ 420 heures en stage<br \/>\n<strong>DATES<\/strong> : septembre 2026 &#8211; juin 2027<br \/>\n<strong>LIEU<\/strong> : CFC NDPO &#8211; ORCHIES<br \/>\n<strong>INSCRIPTIONS<\/strong> : Ouvertes<\/p>\n<p><em>Formation <\/em><em>certifiante (RNCP) : Dipl\u00f4me \u00c9ducation Nationale<\/em> \n\t\t\t\t\t\t\t<\/div>\t\t\n\t\t\t\t\t\t<\/div>\t\n\t\t\t\t\t<\/div>\n\t\t\t\t<\/div>\n\t\t\t<\/div>[\/vc_column_inner][vc_column_inner width=&#8221;1\/3&#8243;][\/vc_column_inner][\/vc_row_inner][\/vc_column][\/vc_row][vc_row][vc_column]\n        <div class=\"rs-heading style2   center\">\n        \t<div class=\"title-inner\">\n\t            <span class=\"sub-text\">Nos formations<\/span>\n\t            <h2 >METIERS DE BOUCHE<\/h2>\n\t        <\/div><\/div>[\/vc_column][\/vc_row][vc_row][vc_column width=&#8221;1\/3&#8243;]<div class=\"rs-services\"><div class=\"service-inner services-style_5 left  \">\n\t\t\t\t\t<div class=\"services-wrap\"> \n\t\t\t\t        <div class=\"services-item\">\n\t\t\t\t            <a href=\"https:\/\/www.ndpo.fr\/cfc\/cap-patissier-a\/\" title=\"CAP P\u00c2TISSIER\"><div class=\"services-icon\"><img decoding=\"async\" src=\"https:\/\/www.ndpo.fr\/app\/uploads\/sites\/11\/2026\/01\/SITE-CFC-1-1024x1024.png\" alt=\"Rs-service\" \/><\/div><\/a>\n\t\t\t\t\t\t\t<div class=\"services-desc\">\t\n\t\t\t\t\t\t\t\t<h4 class=\"services-title\"><a href=\"https:\/\/www.ndpo.fr\/cfc\/cap-patissier-a\/\" title=\"CAP P\u00c2TISSIER\">CAP P\u00c2TISSIER<\/a><\/h4>\t\t\n\t\t\t\t\t\t\t\t<strong>DUR\u00c9E<\/strong> : 420 heures en centre \/ 490 heures en stage<br \/>\n<strong>DATES<\/strong> : septembre 2026 &#8211; juin 2027<br \/>\n<strong>LIEU<\/strong> : CFC NDPO &#8211; ORCHIES<br \/>\n<strong>INSCRIPTIONS<\/strong> : Ouvertes<\/p>\n<p><em>Formation <\/em><em>certifiante (RNCP) : Dipl\u00f4me \u00c9ducation Nationale<\/em> \n\t\t\t\t\t\t\t<\/div>\t\t\n\t\t\t\t\t\t<\/div>\t\n\t\t\t\t\t<\/div>\n\t\t\t\t<\/div>\n\t\t\t<\/div>[\/vc_column][vc_column width=&#8221;1\/3&#8243;]<div class=\"rs-services\"><div class=\"service-inner services-style_5 left  \">\n\t\t\t\t\t<div class=\"services-wrap\"> \n\t\t\t\t        <div class=\"services-item\">\n\t\t\t\t            <a href=\"https:\/\/www.ndpo.fr\/cfc\/cap-boulanger\/\" title=\"CAP BOULANGER\"><div class=\"services-icon\"><img decoding=\"async\" src=\"https:\/\/www.ndpo.fr\/app\/uploads\/sites\/11\/2026\/01\/SITE-CFC-2-1024x1024.png\" alt=\"Rs-service\" \/><\/div><\/a>\n\t\t\t\t\t\t\t<div class=\"services-desc\">\t\n\t\t\t\t\t\t\t\t<h4 class=\"services-title\"><a href=\"https:\/\/www.ndpo.fr\/cfc\/cap-boulanger\/\" title=\"CAP BOULANGER\">CAP BOULANGER<\/a><\/h4>\t\t\n\t\t\t\t\t\t\t\t<strong>DUR\u00c9E<\/strong> : 420 heures en centre \/ 560 heures en stage<br \/>\n<strong>DATES<\/strong> : septembre 2026 &#8211; juin 2027<br \/>\n<strong>LIEU<\/strong> : CFC NDPO &#8211; ORCHIES<br \/>\n<strong>INSCRIPTIONS<\/strong> : Ouvertes<\/p>\n<p><em>Formation <\/em><em>certifiante (RNCP) : Dipl\u00f4me \u00c9ducation Nationale<\/em> \n\t\t\t\t\t\t\t<\/div>\t\t\n\t\t\t\t\t\t<\/div>\t\n\t\t\t\t\t<\/div>\n\t\t\t\t<\/div>\n\t\t\t<\/div>[\/vc_column][vc_column width=&#8221;1\/3&#8243;][\/vc_column][\/vc_row][vc_row][vc_column]\n        <div class=\"rs-heading style2   center\">\n        \t<div class=\"title-inner\">\n\t            <span class=\"sub-text\">Nos formations<\/span>\n\t            <h2 >PROFESSIONNELLES ET REGLEMENTAIRES<\/h2>\n\t        <\/div><\/div>[\/vc_column][\/vc_row][vc_row][vc_column width=&#8221;1\/3&#8243;]<div class=\"rs-services\"><div class=\"service-inner services-style_5 left  \">\n\t\t\t\t\t<div class=\"services-wrap\"> \n\t\t\t\t        <div class=\"services-item\">\n\t\t\t\t            <a href=\"https:\/\/www.ndpo.fr\/cfc\/formation-sst-2\/\" title=\"FORMATION SST\" target=\"_blank\"><div class=\"services-icon\"><img decoding=\"async\" src=\"https:\/\/www.ndpo.fr\/app\/uploads\/sites\/11\/2025\/01\/SST-1024x1024.png\" alt=\"Rs-service\" \/><\/div><\/a>\n\t\t\t\t\t\t\t<div class=\"services-desc\">\t\n\t\t\t\t\t\t\t\t<h4 class=\"services-title\"><a href=\"https:\/\/www.ndpo.fr\/cfc\/formation-sst-2\/\" title=\"FORMATION SST\" target=\"_blank\">FORMATION SST<\/a><\/h4>\t\t\n\t\t\t\t\t\t\t\t<strong>DUR\u00c9E<\/strong> : 2 jours : 14 heures<br \/>\n<strong>DATES<\/strong> : 5 sessions en 2025-2026<br \/>\n<strong>LIEU<\/strong> : CFC NDPO &#8211; ORCHIES ou en intra-entreprise<br \/>\n<strong>INSCRIPTIONS<\/strong> : Ouvertes<br \/>\n<em>Formation de mont\u00e9e en comp\u00e9tences.<br \/>\n<\/em> \n\t\t\t\t\t\t\t<\/div>\t\t\n\t\t\t\t\t\t<\/div>\t\n\t\t\t\t\t<\/div>\n\t\t\t\t<\/div>\n\t\t\t<\/div>[\/vc_column][vc_column width=&#8221;1\/3&#8243;]<div class=\"rs-services\"><div class=\"service-inner services-style_5 left  \">\n\t\t\t\t\t<div class=\"services-wrap\"> \n\t\t\t\t        <div class=\"services-item\">\n\t\t\t\t            <a href=\"https:\/\/www.ndpo.fr\/cfc\/formation-mac-sst\/\" title=\"FORMATION MAC SST\" target=\"_blank\"><div class=\"services-icon\"><img decoding=\"async\" src=\"https:\/\/www.ndpo.fr\/app\/uploads\/sites\/11\/2025\/01\/MAC-SST-1024x1024.png\" alt=\"Rs-service\" \/><\/div><\/a>\n\t\t\t\t\t\t\t<div class=\"services-desc\">\t\n\t\t\t\t\t\t\t\t<h4 class=\"services-title\"><a href=\"https:\/\/www.ndpo.fr\/cfc\/formation-mac-sst\/\" title=\"FORMATION MAC SST\" target=\"_blank\">FORMATION MAC SST<\/a><\/h4>\t\t\n\t\t\t\t\t\t\t\t<strong>DUR\u00c9E<\/strong> : 1 jour : 07 heures<br \/>\n<strong>DATES<\/strong> : 5 sessions en 2025-2026<br \/>\n<strong>LIEU<\/strong> : CFC NDPO &#8211; ORCHIES ou en intra-entreprise<br \/>\n<strong>INSCRIPTIONS<\/strong> : Ouvertes<br \/>\n<em>Formation de mont\u00e9e en comp\u00e9tences.<\/em> \n\t\t\t\t\t\t\t<\/div>\t\t\n\t\t\t\t\t\t<\/div>\t\n\t\t\t\t\t<\/div>\n\t\t\t\t<\/div>\n\t\t\t<\/div>[\/vc_column][vc_column width=&#8221;1\/3&#8243;]<div class=\"rs-services\"><div class=\"service-inner services-style_5 left  \">\n\t\t\t\t\t<div class=\"services-wrap\"> \n\t\t\t\t        <div class=\"services-item\">\n\t\t\t\t            <a href=\"https:\/\/www.ndpo.fr\/cfc\/formation-specifique-en-matiere-dhygiene-alimentaire\/\" title=\"HYGI\u00c8NE ALIMENTAIRE\" target=\"_blank\"><div class=\"services-icon\"><img decoding=\"async\" src=\"https:\/\/www.ndpo.fr\/app\/uploads\/sites\/11\/2025\/01\/hygiene-1024x1024.png\" alt=\"Rs-service\" \/><\/div><\/a>\n\t\t\t\t\t\t\t<div class=\"services-desc\">\t\n\t\t\t\t\t\t\t\t<h4 class=\"services-title\"><a href=\"https:\/\/www.ndpo.fr\/cfc\/formation-specifique-en-matiere-dhygiene-alimentaire\/\" title=\"HYGI\u00c8NE ALIMENTAIRE\" target=\"_blank\">HYGI\u00c8NE ALIMENTAIRE DE RESTAURATION COMMERCIALE<\/a><\/h4>\t\t\n\t\t\t\t\t\t\t\t<strong>DUR\u00c9E<\/strong> : 2 jours : 14 heures<br \/>\n<strong>DATES<\/strong> : 3 sessions en 2025 &#8211; 2026<br \/>\n<strong>LIEU<\/strong> : CFC NDPO &#8211; ORCHIES<br \/>\n<strong>INSCRIPTIONS<\/strong> : Ouvertes<br \/>\n<em>Formation de mont\u00e9e en comp\u00e9tences.<\/em> \n\t\t\t\t\t\t\t<\/div>\t\t\n\t\t\t\t\t\t<\/div>\t\n\t\t\t\t\t<\/div>\n\t\t\t\t<\/div>\n\t\t\t<\/div>[\/vc_column][\/vc_row][vc_row][vc_column width=&#8221;1\/3&#8243;]<div class=\"rs-services\"><div class=\"service-inner services-style_5 left  \">\n\t\t\t\t\t<div class=\"services-wrap\"> \n\t\t\t\t        <div class=\"services-item\">\n\t\t\t\t            <a href=\"https:\/\/www.ndpo.fr\/cfc\/formation-formation-sensibilisation-incendie\/\" title=\"FORMATION Sensibilisation incendie\" target=\"_blank\"><div class=\"services-icon\"><img decoding=\"async\" src=\"https:\/\/www.ndpo.fr\/app\/uploads\/sites\/11\/2025\/10\/sensibilisation-incendie-1024x1024.png\" alt=\"Rs-service\" \/><\/div><\/a>\n\t\t\t\t\t\t\t<div class=\"services-desc\">\t\n\t\t\t\t\t\t\t\t<h4 class=\"services-title\"><a href=\"https:\/\/www.ndpo.fr\/cfc\/formation-formation-sensibilisation-incendie\/\" title=\"FORMATION Sensibilisation incendie\" target=\"_blank\">FORMATION SENSIBILISATION INCENDIE : Manipulation extincteurs<\/a><\/h4>\t\t\n\t\t\t\t\t\t\t\t<strong>DUR\u00c9E<\/strong> : 1\/2 journ\u00e9e : 4 heures<br \/>\n<strong>DATES<\/strong> : Sur demande<br \/>\n<strong>LIEU<\/strong> : Intra-entreprise : au sein de votre structure<br \/>\n<strong>INSCRIPTIONS<\/strong> : Ouvertes<\/p>\n<p><em>Formation de mont\u00e9e en comp\u00e9tences.<\/em> \n\t\t\t\t\t\t\t<\/div>\t\t\n\t\t\t\t\t\t<\/div>\t\n\t\t\t\t\t<\/div>\n\t\t\t\t<\/div>\n\t\t\t<\/div>[\/vc_column][vc_column width=&#8221;1\/3&#8243;]<div class=\"rs-services\"><div class=\"service-inner services-style_5 left  \">\n\t\t\t\t\t<div class=\"services-wrap\"> \n\t\t\t\t        <div class=\"services-item\">\n\t\t\t\t            <a href=\"https:\/\/www.ndpo.fr\/cfc\/formation-epi\/\" title=\"FORMATION EPI\" target=\"_blank\"><div class=\"services-icon\"><img decoding=\"async\" src=\"https:\/\/www.ndpo.fr\/app\/uploads\/sites\/11\/2026\/01\/SITE-CFC-7-1-1024x1024.png\" alt=\"Rs-service\" \/><\/div><\/a>\n\t\t\t\t\t\t\t<div class=\"services-desc\">\t\n\t\t\t\t\t\t\t\t<h4 class=\"services-title\"><a href=\"https:\/\/www.ndpo.fr\/cfc\/formation-epi\/\" title=\"FORMATION EPI\" target=\"_blank\">FORMATION (EPI) \u00c9quipier de Premi\u00e8re Intervention<\/a><\/h4>\t\t\n\t\t\t\t\t\t\t\t<strong>DUR\u00c9E<\/strong> : 1 journ\u00e9e : 7 heures<br \/>\n<strong>DATES<\/strong> : Sur demande<br \/>\n<strong>LIEU<\/strong> : Intra-entreprise : au sein de votre structure<br \/>\n<strong>INSCRIPTIONS<\/strong> : Ferm\u00e9es<\/p>\n<p><em>Formation de mont\u00e9e en comp\u00e9tences.<\/em> \n\t\t\t\t\t\t\t<\/div>\t\t\n\t\t\t\t\t\t<\/div>\t\n\t\t\t\t\t<\/div>\n\t\t\t\t<\/div>\n\t\t\t<\/div>[\/vc_column][vc_column width=&#8221;1\/3&#8243;]<div class=\"rs-services\"><div class=\"service-inner services-style_5 left  \">\n\t\t\t\t\t<div class=\"services-wrap\"> \n\t\t\t\t        <div class=\"services-item\">\n\t\t\t\t            <a href=\"https:\/\/www.ndpo.fr\/cfc\/formation-rse\/\" title=\"Formation RSE\" target=\"_blank\"><div class=\"services-icon\"><img decoding=\"async\" src=\"https:\/\/www.ndpo.fr\/app\/uploads\/sites\/11\/2025\/01\/Voltaire-1-1024x1024.png\" alt=\"Rs-service\" \/><\/div><\/a>\n\t\t\t\t\t\t\t<div class=\"services-desc\">\t\n\t\t\t\t\t\t\t\t<h4 class=\"services-title\"><a href=\"https:\/\/www.ndpo.fr\/cfc\/formation-rse\/\" title=\"Formation RSE\" target=\"_blank\">RSE : Formation Responsabilit\u00e9 Soci\u00e9tale des Entreprises<\/a><\/h4>\t\t\n\t\t\t\t\t\t\t\t<strong>DUR\u00c9E<\/strong> : 1 jour : 07 heures<br \/>\n<strong>DATES<\/strong> : Sur demande<br \/>\n<strong>LIEU<\/strong> : CFC NDPO &#8211; ORCHIES ou intra-entreprise<br \/>\n<strong>INSCRIPTIONS<\/strong> : Nous contacter pour pr\u00e9voir votre session de formation<\/p>\n<p><em>Formation de mont\u00e9e en comp\u00e9tences.<\/em> \n\t\t\t\t\t\t\t<\/div>\t\t\n\t\t\t\t\t\t<\/div>\t\n\t\t\t\t\t<\/div>\n\t\t\t\t<\/div>\n\t\t\t<\/div>[\/vc_column][\/vc_row][vc_row][vc_column width=&#8221;1\/3&#8243;]<div class=\"rs-services\"><div class=\"service-inner services-style_5 left  \">\n\t\t\t\t\t<div class=\"services-wrap\"> \n\t\t\t\t        <div class=\"services-item\">\n\t\t\t\t            <a href=\"https:\/\/www.ndpo.fr\/cfc\/etiquetage-reglementaire-et-obligatoire\/\" title=\"FORMATION ETIQUETAGE\" target=\"_blank\"><div class=\"services-icon\"><img decoding=\"async\" src=\"https:\/\/www.ndpo.fr\/app\/uploads\/sites\/11\/2025\/07\/SITE-CFC-1-1024x1024.png\" alt=\"Rs-service\" \/><\/div><\/a>\n\t\t\t\t\t\t\t<div class=\"services-desc\">\t\n\t\t\t\t\t\t\t\t<h4 class=\"services-title\"><a href=\"https:\/\/www.ndpo.fr\/cfc\/etiquetage-reglementaire-et-obligatoire\/\" title=\"FORMATION ETIQUETAGE\" target=\"_blank\">ETIQUETAGE REGLEMENTAIRE ET OBLIGATOIRE<\/a><\/h4>\t\t\n\t\t\t\t\t\t\t\t<strong>DUR\u00c9E<\/strong> : 2 jours : 14 heures<br \/>\n<strong>DATES<\/strong> : 3 sessions en 2025-2026<br \/>\n<strong>LIEU<\/strong> : CFC NDPO &#8211; ORCHIES ou en intra-entreprise<br \/>\n<strong>INSCRIPTIONS<\/strong> : Ouvertes<\/p>\n<p><em>Formation de mont\u00e9e en comp\u00e9tences.<\/em> \n\t\t\t\t\t\t\t<\/div>\t\t\n\t\t\t\t\t\t<\/div>\t\n\t\t\t\t\t<\/div>\n\t\t\t\t<\/div>\n\t\t\t<\/div>[\/vc_column][vc_column width=&#8221;1\/3&#8243;]<div class=\"rs-services\"><div class=\"service-inner services-style_5 left  \">\n\t\t\t\t\t<div class=\"services-wrap\"> \n\t\t\t\t        <div class=\"services-item\">\n\t\t\t\t            <a ><div class=\"services-icon\"><img decoding=\"async\" src=\"https:\/\/www.ndpo.fr\/app\/uploads\/sites\/11\/2025\/03\/permis-de-former-proch-1024x1024.png\" alt=\"Rs-service\" \/><\/div><\/a>\n\t\t\t\t\t\t\t<div class=\"services-desc\">\t\n\t\t\t\t\t\t\t\t<h4 class=\"services-title\"><a >PERMIS DE FORMER - Formation initiale<\/a><\/h4>\t\t\n\t\t\t\t\t\t\t\t<strong>DUR\u00c9E<\/strong> : 2 jours : 14 heures<br \/>\n<strong>DATES<\/strong> : \u00e0 venir<br \/>\n<strong>LIEU<\/strong> : CFC NDPO &#8211; ORCHIES<br \/>\n<strong>INSCRIPTIONS<\/strong> : Ferm\u00e9es \n\t\t\t\t\t\t\t<\/div>\t\t\n\t\t\t\t\t\t<\/div>\t\n\t\t\t\t\t<\/div>\n\t\t\t\t<\/div>\n\t\t\t<\/div>[\/vc_column][vc_column width=&#8221;1\/3&#8243;]<div class=\"rs-services\"><div class=\"service-inner services-style_5 left  \">\n\t\t\t\t\t<div class=\"services-wrap\"> \n\t\t\t\t        <div class=\"services-item\">\n\t\t\t\t            <a ><div class=\"services-icon\"><img decoding=\"async\" src=\"https:\/\/www.ndpo.fr\/app\/uploads\/sites\/11\/2025\/03\/MAJproch-1024x1024.png\" alt=\"Rs-service\" \/><\/div><\/a>\n\t\t\t\t\t\t\t<div class=\"services-desc\">\t\n\t\t\t\t\t\t\t\t<h4 class=\"services-title\"><a >PERMIS DE FORMER - Mise \u00e0 jour<\/a><\/h4>\t\t\n\t\t\t\t\t\t\t\t<strong>DUR\u00c9E<\/strong> : 1 jour : 07 heures<br \/>\n<strong>DATES<\/strong> : \u00e0 venir<br \/>\n<strong>LIEU<\/strong> : CFC NDPO &#8211; ORCHIES<br \/>\n<strong>INSCRIPTIONS<\/strong> : Ferm\u00e9es \n\t\t\t\t\t\t\t<\/div>\t\t\n\t\t\t\t\t\t<\/div>\t\n\t\t\t\t\t<\/div>\n\t\t\t\t<\/div>\n\t\t\t<\/div>[\/vc_column][\/vc_row][vc_row][vc_column]\n        <div class=\"rs-heading style2   center\">\n        \t<div class=\"title-inner\">\n\t            <span class=\"sub-text\">Nos formations<\/span>\n\t            <h2 >FRANCAIS ET LANGUE ETRANGERE<\/h2>\n\t        <\/div><\/div>[\/vc_column][\/vc_row][vc_row][vc_column width=&#8221;1\/3&#8243;]<div class=\"rs-services\"><div class=\"service-inner services-style_5 left  \">\n\t\t\t\t\t<div class=\"services-wrap\"> \n\t\t\t\t        <div class=\"services-item\">\n\t\t\t\t            <a href=\"https:\/\/www.ndpo.fr\/cfc\/certificat-voltaire-niveau-professionnel\/\" title=\"CERTIFICATION VOLTAIRE\" target=\"_blank\"><div class=\"services-icon\"><img decoding=\"async\" src=\"https:\/\/www.ndpo.fr\/app\/uploads\/sites\/11\/2026\/01\/SITE-CFC-1024x1024.png\" alt=\"Rs-service\" \/><\/div><\/a>\n\t\t\t\t\t\t\t<div class=\"services-desc\">\t\n\t\t\t\t\t\t\t\t<h4 class=\"services-title\"><a href=\"https:\/\/www.ndpo.fr\/cfc\/certificat-voltaire-niveau-professionnel\/\" title=\"CERTIFICATION VOLTAIRE\" target=\"_blank\">CERTIFICAT VOLTAIRE<\/a><\/h4>\t\t\n\t\t\t\t\t\t\t\t<strong>DUR\u00c9E<\/strong> : 31 heures<br \/>\n<strong>DATES<\/strong> : 1 session en 2025-2026<br \/>\n<strong>LIEU<\/strong> : CFC NDPO &#8211; ORCHIES<br \/>\n<strong>INSCRIPTIONS<\/strong> : Ouvertes<\/p>\n<p><em>Formation <\/em><em>certifiante (RS)<\/em> \n\t\t\t\t\t\t\t<\/div>\t\t\n\t\t\t\t\t\t<\/div>\t\n\t\t\t\t\t<\/div>\n\t\t\t\t<\/div>\n\t\t\t<\/div>[\/vc_column][vc_column width=&#8221;1\/3&#8243;]<div class=\"rs-services\"><div class=\"service-inner services-style_5 left  \">\n\t\t\t\t\t<div class=\"services-wrap\"> \n\t\t\t\t        <div class=\"services-item\">\n\t\t\t\t            <a ><div class=\"services-icon\"><img decoding=\"async\" src=\"https:\/\/www.ndpo.fr\/app\/uploads\/sites\/11\/2025\/01\/TOEIC-Proch-1024x1024.png\" alt=\"Rs-service\" \/><\/div><\/a>\n\t\t\t\t\t\t\t<div class=\"services-desc\">\t\n\t\t\t\t\t\t\t\t<h4 class=\"services-title\"><a >NOS PR\u00c9PAS TOEIC<\/a><\/h4>\t\t\n\t\t\t\t\t\t\t\t<strong>DUR\u00c9E<\/strong> : de 14 \u00e0 23 heures<br \/>\n<strong>DATES<\/strong> : Adaptables<br \/>\n<strong>LIEU<\/strong> : CFC NDPO &#8211; ORCHIES<br \/>\n<strong>INSCRIPTIONS<\/strong> : Ferm\u00e9es<\/p>\n<p><em>Formation <\/em><em>certifiante (RS)<\/em> \n\t\t\t\t\t\t\t<\/div>\t\t\n\t\t\t\t\t\t<\/div>\t\n\t\t\t\t\t<\/div>\n\t\t\t\t<\/div>\n\t\t\t<\/div>[\/vc_column][vc_column width=&#8221;1\/3&#8243;]<div class=\"rs-services\"><div class=\"service-inner services-style_5 left  \">\n\t\t\t\t\t<div class=\"services-wrap\"> \n\t\t\t\t        <div class=\"services-item\">\n\t\t\t\t            <a ><div class=\"services-icon\"><img decoding=\"async\" src=\"https:\/\/www.ndpo.fr\/app\/uploads\/sites\/11\/2026\/01\/SITE-CFC-1-1024x1024.jpg\" alt=\"Rs-service\" \/><\/div><\/a>\n\t\t\t\t\t\t\t<div class=\"services-desc\">\t\n\t\t\t\t\t\t\t\t<h4 class=\"services-title\"><a >RENFORCEMENT EN ANGLAIS<\/a><\/h4>\t\t\n\t\t\t\t\t\t\t\t<strong>DUR\u00c9E<\/strong> : 31 heures<br \/>\n<strong>DATES<\/strong> : Adaptable<br \/>\n<strong>LIEU<\/strong> : CFC NDPO &#8211; ORCHIES<br \/>\n<strong>INSCRIPTIONS<\/strong> : Ferm\u00e9es<\/p>\n<p><em>Formation <\/em><em>certifiante (RS)<\/em> \n\t\t\t\t\t\t\t<\/div>\t\t\n\t\t\t\t\t\t<\/div>\t\n\t\t\t\t\t<\/div>\n\t\t\t\t<\/div>\n\t\t\t<\/div>[\/vc_column][\/vc_row][vc_row][vc_column]\n        <div class=\"rs-heading style2   center\">\n        \t<div class=\"title-inner\">\n\t            <span class=\"sub-text\">Nos formations<\/span>\n\t            <h2 >SELON VOS BESOINS<\/h2>\n\t        <\/div><\/div>[\/vc_column][\/vc_row][vc_row][vc_column][vc_column_text css_animation=&#8221;fadeInDown&#8221;]<\/p>\n<h4 style=\"text-align: center;\"><strong>Nous pouvons r\u00e9pondre aux besoins des entreprises de nos secteurs d&#8217;activit\u00e9<br \/>\nen mettant en place des formations courtes et personnalis\u00e9es.<\/strong><\/h4>\n<h4 style=\"text-align: center;\"><strong>Si vous souhaitez d\u00e9velopper les comp\u00e9tences au sein de vos \u00e9quipes, contactez-nous.<\/strong><\/h4>\n<p>&nbsp;<\/p>\n<p>[\/vc_column_text][\/vc_column][\/vc_row][vc_row][vc_column width=&#8221;1\/2&#8243;][vc_single_image image=&#8221;923&#8243; img_size=&#8221;large&#8221; title=&#8221;Ils parlent de nous &#8230;&#8221;][\/vc_column][vc_column width=&#8221;1\/2&#8243;][vc_column_text]Notre centre de formation a eu le plaisir d\u2019accompagner La Maison des Augustines dans une formation intra-entreprise d\u00e9di\u00e9e \u00e0 la ma\u00eetrise des bonnes pratiques d\u2019hygi\u00e8ne alimentaire.<br \/>\nEnti\u00e8rement personnalis\u00e9e selon leurs besoins, cette session a permis aux participants de mieux comprendre les principes de la m\u00e9thode HACCP et de renforcer leurs pratiques d\u2019hygi\u00e8ne (BPH) au quotidien.<br \/>\nR\u00e9sultat : <strong>une satisfaction 100% sur l\u2019ensemble des crit\u00e8res \u00e9valu\u00e9s !<\/strong><br \/>\nUn grand merci \u00e0 La Maison des Augustine pour leur confiance et leur recommandation de notre centre de formation.[\/vc_column_text][\/vc_column][\/vc_row]<\/p>\n","protected":false},"excerpt":{"rendered":"<p>[vc_row][vc_column][\/vc_column][\/vc_row][vc_row][vc_column width=&#8221;1\/3&#8243;][\/vc_column][vc_column width=&#8221;1\/3&#8243;][\/vc_column][vc_column width=&#8221;1\/3&#8243;][\/vc_column][vc_column][vc_row_inner][vc_column_inner width=&#8221;1\/3&#8243;][\/vc_column_inner][vc_column_inner width=&#8221;1\/3&#8243;][\/vc_column_inner][vc_column_inner width=&#8221;1\/3&#8243;][\/vc_column_inner][\/vc_row_inner][\/vc_column][\/vc_row][vc_row][vc_column][\/vc_column][\/vc_row][vc_row][vc_column width=&#8221;1\/3&#8243;][\/vc_column][vc_column width=&#8221;1\/3&#8243;][\/vc_column][vc_column width=&#8221;1\/3&#8243;][\/vc_column][\/vc_row][vc_row][vc_column][\/vc_column][\/vc_row][vc_row][vc_column width=&#8221;1\/3&#8243;][\/vc_column][vc_column width=&#8221;1\/3&#8243;][\/vc_column][vc_column width=&#8221;1\/3&#8243;][\/vc_column][\/vc_row][vc_row][vc_column width=&#8221;1\/3&#8243;][\/vc_column][vc_column width=&#8221;1\/3&#8243;][\/vc_column][vc_column width=&#8221;1\/3&#8243;][\/vc_column][\/vc_row][vc_row][vc_column width=&#8221;1\/3&#8243;][\/vc_column][vc_column width=&#8221;1\/3&#8243;][\/vc_column][vc_column width=&#8221;1\/3&#8243;][\/vc_column][\/vc_row][vc_row][vc_column][\/vc_column][\/vc_row][vc_row][vc_column width=&#8221;1\/3&#8243;][\/vc_column][vc_column width=&#8221;1\/3&#8243;][\/vc_column][vc_column width=&#8221;1\/3&#8243;][\/vc_column][\/vc_row][vc_row][vc_column][\/vc_column][\/vc_row][vc_row][vc_column][vc_column_text css_animation=&#8221;fadeInDown&#8221;] Nous pouvons r\u00e9pondre aux besoins&#8230;<\/p>\n","protected":false},"author":4,"featured_media":0,"parent":0,"menu_order":0,"comment_status":"closed","ping_status":"closed","template":"","meta":{"footnotes":""},"class_list":["post-570","page","type-page","status-publish","hentry"],"_links":{"self":[{"href":"https:\/\/www.ndpo.fr\/cfc\/wp-json\/wp\/v2\/pages\/570","targetHints":{"allow":["GET"]}}],"collection":[{"href":"https:\/\/www.ndpo.fr\/cfc\/wp-json\/wp\/v2\/pages"}],"about":[{"href":"https:\/\/www.ndpo.fr\/cfc\/wp-json\/wp\/v2\/types\/page"}],"author":[{"embeddable":true,"href":"https:\/\/www.ndpo.fr\/cfc\/wp-json\/wp\/v2\/users\/4"}],"replies":[{"embeddable":true,"href":"https:\/\/www.ndpo.fr\/cfc\/wp-json\/wp\/v2\/comments?post=570"}],"version-history":[{"count":80,"href":"https:\/\/www.ndpo.fr\/cfc\/wp-json\/wp\/v2\/pages\/570\/revisions"}],"predecessor-version":[{"id":1146,"href":"https:\/\/www.ndpo.fr\/cfc\/wp-json\/wp\/v2\/pages\/570\/revisions\/1146"}],"wp:attachment":[{"href":"https:\/\/www.ndpo.fr\/cfc\/wp-json\/wp\/v2\/media?parent=570"}],"curies":[{"name":"wp","href":"https:\/\/api.w.org\/{rel}","templated":true}]}}