{"id":648,"date":"2025-03-05T08:57:00","date_gmt":"2025-03-05T07:57:00","guid":{"rendered":"https:\/\/www.ndpo.fr\/cfc\/?page_id=648"},"modified":"2025-03-05T09:22:57","modified_gmt":"2025-03-05T08:22:57","slug":"financements","status":"publish","type":"page","link":"https:\/\/www.ndpo.fr\/cfc\/financements\/","title":{"rendered":"FINANCEMENTS"},"content":{"rendered":"<p>[vc_row][vc_column]\n        <div class=\"rs-heading style2   center\">\n        \t<div class=\"title-inner\">\n\t            \n\t            <h2 >Vos options de financement<\/h2>\n\t        <\/div><div class=\"description\"><p >Selon votre situation personnelle et professionnelle, votre formation peut \u00eatre financ\u00e9e<br \/>\ngr\u00e2ce \u00e0 des dispositifs sp\u00e9cifiques.<br \/>\nPour plus de renseignements, notre \u00e9quipe reste \u00e0 votre \u00e9coute.<\/p><\/div><\/div>[\/vc_column][\/vc_row][vc_row][vc_column width=&#8221;1\/3&#8243;]<div class=\"rs-services\"><div class=\"service-inner services-style_6 center  \">\n\t\t\t\t\t<div class=\"services-wrap\"> \n\t\t\t\t        <div class=\"services-item\">\n\t\t\t\t            <div class=\"services-icon\"><img decoding=\"async\" src=\"https:\/\/www.ndpo.fr\/app\/uploads\/sites\/11\/2025\/01\/2-1024x1024.png\" alt=\"Rs-service\" \/><\/div>\n\t\t\t\t\t\t\t<div class=\"services-desc\">\t\n\t\t\t\t\t\t\t    <i  class=\"vc_icon_element-icon  rs-animation-scale-up\"><\/i>\n\t\t\t\t\t\t\t\t<h4 class=\"services-title\"><a href=\"https:\/\/www.ndpo.fr\/app\/uploads\/sites\/11\/2025\/03\/Projet-de-transition-professionnelle-1.pdf\" title=\"\" target=\"_blank\">Le Projet de Transition Professionnelle<\/a><\/h4>\t\t\n\t\t\t\t\t\t\t\t \n\t\t\t\t\t\t\t<\/div>\t\t\n\t\t\t\t\t\t<\/div>\t\n\t\t\t\t\t<\/div>\n\t\t\t\t<\/div>\n\t\t\t<\/div>[\/vc_column][vc_column width=&#8221;1\/3&#8243;]<div class=\"rs-services\"><div class=\"service-inner services-style_6 center  \">\n\t\t\t\t\t<div class=\"services-wrap\"> \n\t\t\t\t        <div class=\"services-item\">\n\t\t\t\t            <div class=\"services-icon\"><img decoding=\"async\" src=\"https:\/\/www.ndpo.fr\/app\/uploads\/sites\/11\/2025\/01\/2-1024x1024.png\" alt=\"Rs-service\" \/><\/div>\n\t\t\t\t\t\t\t<div class=\"services-desc\">\t\n\t\t\t\t\t\t\t    <i  class=\"vc_icon_element-icon  rs-animation-scale-up\"><\/i>\n\t\t\t\t\t\t\t\t<h4 class=\"services-title\"><a href=\"https:\/\/www.ndpo.fr\/app\/uploads\/sites\/11\/2025\/03\/Compte-personnel-de-formation-1.pdf\" title=\"\" target=\"_blank\">Le Compte Personnel de Formation<\/a><\/h4>\t\t\n\t\t\t\t\t\t\t\t \n\t\t\t\t\t\t\t<\/div>\t\t\n\t\t\t\t\t\t<\/div>\t\n\t\t\t\t\t<\/div>\n\t\t\t\t<\/div>\n\t\t\t<\/div>[\/vc_column][vc_column width=&#8221;1\/3&#8243;]<div class=\"rs-services\"><div class=\"service-inner services-style_6 center  \">\n\t\t\t\t\t<div class=\"services-wrap\"> \n\t\t\t\t        <div class=\"services-item\">\n\t\t\t\t            <div class=\"services-icon\"><img decoding=\"async\" src=\"https:\/\/www.ndpo.fr\/app\/uploads\/sites\/11\/2025\/01\/2-1024x1024.png\" alt=\"Rs-service\" \/><\/div>\n\t\t\t\t\t\t\t<div class=\"services-desc\">\t\n\t\t\t\t\t\t\t    <i  class=\"vc_icon_element-icon  rs-animation-scale-up\"><\/i>\n\t\t\t\t\t\t\t\t<h4 class=\"services-title\"><a href=\"https:\/\/www.ndpo.fr\/app\/uploads\/sites\/11\/2025\/03\/Le-Dispositif-demissionnaire-1.pdf\" title=\"\" target=\"_blank\">Le Dispositif<br \/>\nD\u00e9mission - Reconversion<\/a><\/h4>\t\t\n\t\t\t\t\t\t\t\t \n\t\t\t\t\t\t\t<\/div>\t\t\n\t\t\t\t\t\t<\/div>\t\n\t\t\t\t\t<\/div>\n\t\t\t\t<\/div>\n\t\t\t<\/div>[\/vc_column][\/vc_row][vc_row][vc_column width=&#8221;1\/3&#8243;]<div class=\"rs-services\"><div class=\"service-inner services-style_6 center  \">\n\t\t\t\t\t<div class=\"services-wrap\"> \n\t\t\t\t        <div class=\"services-item\">\n\t\t\t\t            <div class=\"services-icon\"><img decoding=\"async\" src=\"https:\/\/www.ndpo.fr\/app\/uploads\/sites\/11\/2025\/01\/2-1024x1024.png\" alt=\"Rs-service\" \/><\/div>\n\t\t\t\t\t\t\t<div class=\"services-desc\">\t\n\t\t\t\t\t\t\t    <i  class=\"vc_icon_element-icon  rs-animation-scale-up\"><\/i>\n\t\t\t\t\t\t\t\t<h4 class=\"services-title\"><a href=\"https:\/\/www.ndpo.fr\/app\/uploads\/sites\/11\/2025\/03\/Pro-A-1.pdf\" title=\"\" target=\"_blank\">La Promotion par Alternance<br \/>\n(Pro-A)<\/a><\/h4>\t\t\n\t\t\t\t\t\t\t\t \n\t\t\t\t\t\t\t<\/div>\t\t\n\t\t\t\t\t\t<\/div>\t\n\t\t\t\t\t<\/div>\n\t\t\t\t<\/div>\n\t\t\t<\/div>[\/vc_column][vc_column width=&#8221;1\/3&#8243;]<div class=\"rs-services\"><div class=\"service-inner services-style_6 center  \">\n\t\t\t\t\t<div class=\"services-wrap\"> \n\t\t\t\t        <div class=\"services-item\">\n\t\t\t\t            <div class=\"services-icon\"><img decoding=\"async\" src=\"https:\/\/www.ndpo.fr\/app\/uploads\/sites\/11\/2025\/01\/2-1024x1024.png\" alt=\"Rs-service\" \/><\/div>\n\t\t\t\t\t\t\t<div class=\"services-desc\">\t\n\t\t\t\t\t\t\t    <i  class=\"vc_icon_element-icon  rs-animation-scale-up\"><\/i>\n\t\t\t\t\t\t\t\t<h4 class=\"services-title\"><a href=\"https:\/\/www.ndpo.fr\/app\/uploads\/sites\/11\/2025\/03\/Le-plan-de-developpement-des-competences.pdf\" title=\"\" target=\"_blank\">Le Plan de D\u00e9veloppement des Comp\u00e9tences<\/a><\/h4>\t\t\n\t\t\t\t\t\t\t\t \n\t\t\t\t\t\t\t<\/div>\t\t\n\t\t\t\t\t\t<\/div>\t\n\t\t\t\t\t<\/div>\n\t\t\t\t<\/div>\n\t\t\t<\/div>[\/vc_column][vc_column width=&#8221;1\/3&#8243;][\/vc_column][\/vc_row]<\/p>\n","protected":false},"excerpt":{"rendered":"<p>[vc_row][vc_column][\/vc_column][\/vc_row][vc_row][vc_column width=&#8221;1\/3&#8243;][\/vc_column][vc_column width=&#8221;1\/3&#8243;][\/vc_column][vc_column width=&#8221;1\/3&#8243;][\/vc_column][\/vc_row][vc_row][vc_column width=&#8221;1\/3&#8243;][\/vc_column][vc_column width=&#8221;1\/3&#8243;][\/vc_column][vc_column width=&#8221;1\/3&#8243;][\/vc_column]&#8230;<\/p>\n","protected":false},"author":4,"featured_media":0,"parent":0,"menu_order":0,"comment_status":"closed","ping_status":"closed","template":"","meta":{"footnotes":""},"class_list":["post-648","page","type-page","status-publish","hentry"],"_links":{"self":[{"href":"https:\/\/www.ndpo.fr\/cfc\/wp-json\/wp\/v2\/pages\/648","targetHints":{"allow":["GET"]}}],"collection":[{"href":"https:\/\/www.ndpo.fr\/cfc\/wp-json\/wp\/v2\/pages"}],"about":[{"href":"https:\/\/www.ndpo.fr\/cfc\/wp-json\/wp\/v2\/types\/page"}],"author":[{"embeddable":true,"href":"https:\/\/www.ndpo.fr\/cfc\/wp-json\/wp\/v2\/users\/4"}],"replies":[{"embeddable":true,"href":"https:\/\/www.ndpo.fr\/cfc\/wp-json\/wp\/v2\/comments?post=648"}],"version-history":[{"count":7,"href":"https:\/\/www.ndpo.fr\/cfc\/wp-json\/wp\/v2\/pages\/648\/revisions"}],"predecessor-version":[{"id":661,"href":"https:\/\/www.ndpo.fr\/cfc\/wp-json\/wp\/v2\/pages\/648\/revisions\/661"}],"wp:attachment":[{"href":"https:\/\/www.ndpo.fr\/cfc\/wp-json\/wp\/v2\/media?parent=648"}],"curies":[{"name":"wp","href":"https:\/\/api.w.org\/{rel}","templated":true}]}}