{"id":700,"date":"2025-06-11T11:36:50","date_gmt":"2025-06-11T09:36:50","guid":{"rendered":"https:\/\/www.ndpo.fr\/cfc\/?page_id=700"},"modified":"2026-01-21T11:49:52","modified_gmt":"2026-01-21T10:49:52","slug":"francais-langue-etrangere","status":"publish","type":"page","link":"https:\/\/www.ndpo.fr\/cfc\/francais-langue-etrangere\/","title":{"rendered":"FRAN\u00c7AIS ET LANGUE \u00c9TRANG\u00c8RE"},"content":{"rendered":"<p>[vc_row][vc_column]\n        <div class=\"rs-heading style2   center\">\n        \t<div class=\"title-inner\">\n\t            <span class=\"sub-text\">NOS FORMATIONS<\/span>\n\t            <h2 >Fran\u00e7ais et langue \u00e9trang\u00e8re<\/h2>\n\t        <\/div><\/div>[\/vc_column][\/vc_row][vc_row][vc_column width=&#8221;1\/3&#8243;]<div class=\"rs-services\"><div class=\"service-inner services-style_5 left  \">\n\t\t\t\t\t<div class=\"services-wrap\"> \n\t\t\t\t        <div class=\"services-item\">\n\t\t\t\t            <a href=\"https:\/\/www.ndpo.fr\/cfc\/certificat-voltaire-niveau-professionnel\/\" title=\"CERTIFICAT VOLTAIRE\" target=\"_blank\"><div class=\"services-icon\"><img decoding=\"async\" src=\"https:\/\/www.ndpo.fr\/app\/uploads\/sites\/11\/2026\/01\/SITE-CFC-1024x1024.png\" alt=\"Rs-service\" \/><\/div><\/a>\n\t\t\t\t\t\t\t<div class=\"services-desc\">\t\n\t\t\t\t\t\t\t\t<h4 class=\"services-title\"><a href=\"https:\/\/www.ndpo.fr\/cfc\/certificat-voltaire-niveau-professionnel\/\" title=\"CERTIFICAT VOLTAIRE\" target=\"_blank\">CERTIFICAT VOLTAIRE<\/a><\/h4>\t\t\n\t\t\t\t\t\t\t\t<strong>DUR\u00c9E<\/strong> : 31 heures<br \/>\n<strong>DATES<\/strong> : 1 session en 2025-2026<br \/>\n<strong>LIEU<\/strong> : CFC NDPO &#8211; ORCHIES<br \/>\n<strong>INSCRIPTIONS<\/strong> : Ouvertes<\/p>\n<p><em>Formation <\/em><em>certifiante (RS)<\/em> \n\t\t\t\t\t\t\t<\/div>\t\t\n\t\t\t\t\t\t<\/div>\t\n\t\t\t\t\t<\/div>\n\t\t\t\t<\/div>\n\t\t\t<\/div>[\/vc_column][vc_column width=&#8221;1\/3&#8243;]<div class=\"rs-services\"><div class=\"service-inner services-style_5 left  \">\n\t\t\t\t\t<div class=\"services-wrap\"> \n\t\t\t\t        <div class=\"services-item\">\n\t\t\t\t            <a ><div class=\"services-icon\"><img decoding=\"async\" src=\"https:\/\/www.ndpo.fr\/app\/uploads\/sites\/11\/2025\/01\/TOEIC-Proch-1024x1024.png\" alt=\"Rs-service\" \/><\/div><\/a>\n\t\t\t\t\t\t\t<div class=\"services-desc\">\t\n\t\t\t\t\t\t\t\t<h4 class=\"services-title\"><a >NOS PR\u00c9PA TOEIC<\/a><\/h4>\t\t\n\t\t\t\t\t\t\t\t<strong>DUR\u00c9E<\/strong> : de 14 \u00e0 23 heures<br \/>\n<strong>DATES<\/strong> : Adaptables<br \/>\n<strong>LIEU<\/strong> : CFC NDPO &#8211; ORCHIES<br \/>\n<strong>INSCRIPTIONS<\/strong> : Ferm\u00e9es<\/p>\n<p><em>Formation <\/em><em>certifiante (RS)<\/em> \n\t\t\t\t\t\t\t<\/div>\t\t\n\t\t\t\t\t\t<\/div>\t\n\t\t\t\t\t<\/div>\n\t\t\t\t<\/div>\n\t\t\t<\/div>[\/vc_column][vc_column width=&#8221;1\/3&#8243;]<div class=\"rs-services\"><div class=\"service-inner services-style_5 left  \">\n\t\t\t\t\t<div class=\"services-wrap\"> \n\t\t\t\t        <div class=\"services-item\">\n\t\t\t\t            <a ><div class=\"services-icon\"><img decoding=\"async\" src=\"https:\/\/www.ndpo.fr\/app\/uploads\/sites\/11\/2026\/01\/SITE-CFC-1-1024x1024.jpg\" alt=\"Rs-service\" \/><\/div><\/a>\n\t\t\t\t\t\t\t<div class=\"services-desc\">\t\n\t\t\t\t\t\t\t\t<h4 class=\"services-title\"><a >RENFORCEMENT EN ANGLAIS<\/a><\/h4>\t\t\n\t\t\t\t\t\t\t\t<strong>DUR\u00c9E<\/strong> : 31 heures<br \/>\n<strong>DATES<\/strong> : Adaptables<br \/>\n<strong>LIEU<\/strong> : CFC NDPO &#8211; ORCHIES<br \/>\n<strong>INSCRIPTIONS<\/strong> : Ferm\u00e9es<\/p>\n<p><em>Formation <\/em><em>certifiante (RS)<\/em> \n\t\t\t\t\t\t\t<\/div>\t\t\n\t\t\t\t\t\t<\/div>\t\n\t\t\t\t\t<\/div>\n\t\t\t\t<\/div>\n\t\t\t<\/div>[\/vc_column][\/vc_row][vc_row][vc_column width=&#8221;1\/3&#8243;][\/vc_column][vc_column width=&#8221;1\/3&#8243;][\/vc_column][vc_column width=&#8221;1\/3&#8243;][\/vc_column][\/vc_row]<\/p>\n","protected":false},"excerpt":{"rendered":"<p>[vc_row][vc_column][\/vc_column][\/vc_row][vc_row][vc_column width=&#8221;1\/3&#8243;][\/vc_column][vc_column width=&#8221;1\/3&#8243;][\/vc_column][vc_column width=&#8221;1\/3&#8243;][\/vc_column][\/vc_row][vc_row][vc_column width=&#8221;1\/3&#8243;][\/vc_column][vc_column width=&#8221;1\/3&#8243;][\/vc_column][vc_column width=&#8221;1\/3&#8243;][\/vc_column]&#8230;<\/p>\n","protected":false},"author":4,"featured_media":0,"parent":0,"menu_order":0,"comment_status":"closed","ping_status":"closed","template":"","meta":{"footnotes":""},"class_list":["post-700","page","type-page","status-publish","hentry"],"_links":{"self":[{"href":"https:\/\/www.ndpo.fr\/cfc\/wp-json\/wp\/v2\/pages\/700","targetHints":{"allow":["GET"]}}],"collection":[{"href":"https:\/\/www.ndpo.fr\/cfc\/wp-json\/wp\/v2\/pages"}],"about":[{"href":"https:\/\/www.ndpo.fr\/cfc\/wp-json\/wp\/v2\/types\/page"}],"author":[{"embeddable":true,"href":"https:\/\/www.ndpo.fr\/cfc\/wp-json\/wp\/v2\/users\/4"}],"replies":[{"embeddable":true,"href":"https:\/\/www.ndpo.fr\/cfc\/wp-json\/wp\/v2\/comments?post=700"}],"version-history":[{"count":11,"href":"https:\/\/www.ndpo.fr\/cfc\/wp-json\/wp\/v2\/pages\/700\/revisions"}],"predecessor-version":[{"id":1033,"href":"https:\/\/www.ndpo.fr\/cfc\/wp-json\/wp\/v2\/pages\/700\/revisions\/1033"}],"wp:attachment":[{"href":"https:\/\/www.ndpo.fr\/cfc\/wp-json\/wp\/v2\/media?parent=700"}],"curies":[{"name":"wp","href":"https:\/\/api.w.org\/{rel}","templated":true}]}}