{"id":947,"date":"2025-12-08T15:56:19","date_gmt":"2025-12-08T14:56:19","guid":{"rendered":"https:\/\/www.ndpo.fr\/cfc\/?page_id=947"},"modified":"2026-02-03T09:39:47","modified_gmt":"2026-02-03T08:39:47","slug":"cap-cshcr","status":"publish","type":"page","link":"https:\/\/www.ndpo.fr\/cfc\/cap-cshcr\/","title":{"rendered":"CAP CSHCR"},"content":{"rendered":"<p>[vc_row][vc_column]\n        <div class=\"rs-heading style2   center\">\n        \t<div class=\"title-inner\">\n\t            \n\t            <h2 >CAP Commercialisation et service en h\u00f4tel-caf\u00e9-restaurant<br \/>\n(Niveau III)<\/h2>\n\t        <\/div><\/div>[\/vc_column][\/vc_row][vc_row][vc_column width=&#8221;2\/3&#8243;][vc_single_image image=&#8221;739&#8243; img_size=&#8221;full&#8221;][vc_row_inner][vc_column_inner width=&#8221;1\/2&#8243;][vc_btn title=&#8221;T\u00e9l\u00e9chargez la fiche formation&#8221; style=&#8221;custom&#8221; custom_background=&#8221;#c41718&#8243; custom_text=&#8221;#ffffff&#8221; size=&#8221;lg&#8221; align=&#8221;center&#8221; button_block=&#8221;true&#8221; link=&#8221;url:https%3A%2F%2Fwww.ndpo.fr%2Fapp%2Fuploads%2Fsites%2F11%2F2025%2F12%2FCAP-CSHCR-CFC.pdf|title:FORMATION%20CSHCR|target:%20_blank|&#8221;][\/vc_column_inner][vc_column_inner width=&#8221;1\/2&#8243;][vc_btn title=&#8221;Contactez-nous !&#8221; style=&#8221;custom&#8221; custom_background=&#8221;#c41718&#8243; custom_text=&#8221;#ffffff&#8221; size=&#8221;lg&#8221; align=&#8221;center&#8221; button_block=&#8221;true&#8221; link=&#8221;url:https%3A%2F%2Fwww.ndpo.fr%2Fcfc%2Fcontact%2F||target:%20_blank|&#8221;][\/vc_column_inner][\/vc_row_inner][\/vc_column][vc_column width=&#8221;1\/3&#8243;]\n        <div class=\"rs-heading style1   \">\n        \t<div class=\"title-inner\">\n\t            \n\t            <h2 >Public concern\u00e9<\/h2>\n\t        <\/div><div class=\"description\"><p >Les adultes ayant quitt\u00e9 le syst\u00e8me scolaire, mais qui souhaitent parfaire leurs connaissances et comp\u00e9tences et\/ou en acqu\u00e9rir de nouvelles.<\/p><\/div><\/div>\n        <div class=\"rs-heading style1   \">\n        \t<div class=\"title-inner\">\n\t            \n\t            <h2 >Pr\u00e9requis<\/h2>\n\t        <\/div><div class=\"description\"><p >\u00catre titulaire d\u2019un CAP ou d\u2019une certification de niveau III minimum<br \/>\nMaitriser la langue fran\u00e7aise orale et \u00e9crite<\/p><\/div><\/div>\n        <div class=\"rs-heading style1   \">\n        \t<div class=\"title-inner\">\n\t            \n\t            <h2 >MOYENS D\u2019ENCADREMENT<\/h2>\n\t        <\/div><div class=\"description\"><p >L\u2019animation de la formation est assur\u00e9e par des intervenants issus du monde professionnel, sp\u00e9cialis\u00e9s dans le secteur de l\u2019h\u00f4tellerie, de la restauration et du service en salle.<\/p><\/div><\/div>[\/vc_column][\/vc_row][vc_row][vc_column][vc_tta_tabs][vc_tta_section title=&#8221;Description de la formation&#8221; tab_id=&#8221;1613985700420-b272efd7-2ae7baa6-2e3e&#8221;][vc_empty_space]\n        <div class=\"rs-heading style2   \">\n        \t<div class=\"title-inner\">\n\t            \n\t            <h2 >DESCRIPTION DE LA FORMATION<\/h2>\n\t        <\/div><div class=\"description\"><p >Notre \u00e9tablissement propose la formation CAP CSHCR (Commercialisation et Services en H\u00f4tel-Caf\u00e9-Restaurant), dans un cadre \u00e0 taille humaine favorisant un accompagnement personnalis\u00e9. Encadr\u00e9e par des professionnels du secteur, la formation met l\u2019accent sur la pratique et la ma\u00eetrise des techniques du r\u00e9f\u00e9rentiel.<\/p>\n<p>&nbsp;<\/p>\n<p>Les stagiaires travaillent sur des \u00e9quipements r\u00e9cents et b\u00e9n\u00e9ficient d\u2019un restaurant p\u00e9dagogique, offrant une immersion concr\u00e8te et la possibilit\u00e9 de se former en conditions r\u00e9elles de service et de contact client.<\/p>\n<p>&nbsp;<\/p>\n<p>Gr\u00e2ce \u00e0 un r\u00e9seau \u00e9tendu d\u2019entreprises partenaires, l\u2019acc\u00e8s aux stages et \u00e0 l\u2019emploi est facilit\u00e9. Par ailleurs, un partenariat d\u00e9di\u00e9 permet de simplifier l\u2019acquisition du mat\u00e9riel et des tenues professionnelles n\u00e9cessaires pour suivre la formation dans les meilleures conditions.<\/p>\n<p>&nbsp;<\/p>\n<p><strong><u>Articulation de la formation\u00a0:<\/u><\/strong><\/p>\n<p>De 400 \u00e0 420 heures de formation au CFC<\/p>\n<p>14 semaines de stage en entreprise<\/p><\/div><\/div>[\/vc_tta_section][vc_tta_section title=&#8221;Objectifs et programme&#8221; tab_id=&#8221;1613985761837-fea28251-e85fbaa6-2e3e&#8221;]\n        <div class=\"rs-heading style2   \">\n        \t<div class=\"title-inner\">\n\t            \n\t            <h2 >OBJECTIFS ET PROGRAMME<\/h2>\n\t        <\/div><div class=\"description\"><p ><strong>OBJECTIFS :<\/strong><\/p>\n<p>&nbsp;<\/p>\n<p>&#8211; Accueillir, conseiller et servir la client\u00e8le avec professionnalisme.<\/p>\n<p>&#8211; Pr\u00e9parer et pr\u00e9senter les plats et boissons selon les r\u00e8gles d\u2019hygi\u00e8ne et de s\u00e9curit\u00e9.<\/p>\n<p>&#8211; Participer \u00e0 la gestion des approvisionnements, des stocks et du mat\u00e9riel.<\/p>\n<p>&#8211; Assurer la vente, l\u2019encaissement et contribuer \u00e0 la fid\u00e9lisation des clients.<\/p>\n<p>&#8211; Travailler en \u00e9quipe et organiser le service de mani\u00e8re efficace.<\/p>\n<p>&#8211; Communiquer en anglais avec une client\u00e8le internationale.<\/p>\n<p>&nbsp;<\/p>\n<p><strong>PROGRAMME :<\/strong><\/p>\n<p>&nbsp;<\/p>\n<p><u>Culture technologique et professionnelle<\/u><\/p>\n<p>&#8211; Connaissance des produits alimentaires et boissons.<\/p>\n<p>&#8211; Fonctionnement des \u00e9tablissements HCR.<\/p>\n<p>&#8211; Techniques et vocabulaire professionnel du service en salle et au bar.<\/p>\n<p>&nbsp;<\/p>\n<p><u>Enseignement pratique professionnelle<\/u><\/p>\n<p>&#8211; Mises en situation r\u00e9elles en salle et au bar.<\/p>\n<p>&#8211; Pr\u00e9paration et service des plats et boissons.<\/p>\n<p>&#8211; Gestion du mat\u00e9riel et de la cave.<\/p>\n<p>&#8211; Respect des normes d\u2019hygi\u00e8ne et de s\u00e9curit\u00e9.<\/p>\n<p>&nbsp;<\/p>\n<p><u>Langue vivante \u00e9trang\u00e8re\u00a0: Anglais<\/u><\/p>\n<p>&#8211; Communication avec la client\u00e8le internationale.<\/p>\n<p>&#8211; Vocabulaire sp\u00e9cifique, compr\u00e9hension et expression pour assurer un service adapt\u00e9.<\/p>\n<p>&nbsp;<\/p>\n<p><u>Sciences appliqu\u00e9es \u00e0 la nutrition et l\u2019hygi\u00e8ne<\/u><\/p>\n<p>&#8211; Principes de nutrition.<\/p>\n<p>&#8211; Hygi\u00e8ne et s\u00e9curit\u00e9 alimentaire.<\/p>\n<p>&#8211; Pr\u00e9vention des contaminations.<\/p>\n<p>&#8211; Ma\u00eetrise des bonnes pratiques.<\/p>\n<p>&nbsp;<\/p>\n<p><u>Pr\u00e9vention Sant\u00e9 et Environnement<\/u><\/p>\n<p>&#8211; Pr\u00e9vention des risques professionnels.<\/p>\n<p>&#8211; Gestion des d\u00e9chets et \u00e9co-responsabilit\u00e9.<\/p>\n<p>&nbsp;<\/p>\n<p><u>Gestion appliqu\u00e9e<\/u><\/p>\n<p>&#8211; Organisation des stocks et approvisionnements.<\/p>\n<p>&#8211; Suivi des ventes.<\/p>\n<p>&#8211; Contr\u00f4le de gestion simplifi\u00e9.<\/p>\n<p>&#8211; Optimisation des co\u00fbts.<\/p>\n<p>&nbsp;<\/p>\n<p><u>Management<\/u><\/p>\n<p>&#8211; Travail en \u00e9quipe.<\/p>\n<p>&#8211; Organisation du service.<\/p>\n<p>&#8211; Coordination avec la cuisine et la salle.<\/p>\n<p>&#8211; Communication professionnelle.<\/p>\n<p>&#8211; Gestion des conflits.<\/p>\n<p>&nbsp;<\/p>\n<p><u>Commercialisation et service<\/u><\/p>\n<p>&#8211; Accueil et conseil de la client\u00e8le<\/p>\n<p>&#8211; Techniques de vente et fid\u00e9lisation<\/p>\n<p>&#8211; Valorisation de l\u2019offre et organisation d\u2019\u00e9v\u00e9nements autour de la restauration et des boissons.<\/p><\/div><\/div>[\/vc_tta_section][vc_tta_section title=&#8221;Dates de session&#8221; tab_id=&#8221;1613985756609-679eba8b-b957baa6-2e3e&#8221;][vc_empty_space]\n        <div class=\"rs-heading style2   \">\n        \t<div class=\"title-inner\">\n\t            \n\t            <h2 >Dates de session<\/h2>\n\t        <\/div><div class=\"description\"><p >1 session par an : septembre 2026<\/p><\/div><\/div>[\/vc_tta_section][\/vc_tta_tabs][\/vc_column][\/vc_row][vc_row][vc_column width=&#8221;1\/2&#8243;][vc_btn title=&#8221;Acc\u00e9der \u00e0 la fiche France Comp\u00e9tences&#8221; style=&#8221;custom&#8221; custom_background=&#8221;#c41718&#8243; custom_text=&#8221;#ffffff&#8221; align=&#8221;center&#8221; button_block=&#8221;true&#8221; link=&#8221;url:https%3A%2F%2Fwww.francecompetences.fr%2Frecherche%2Frncp%2F40096%2F||target:%20_blank|&#8221;][\/vc_column][vc_column width=&#8221;1\/2&#8243;][vc_btn title=&#8221;Acc\u00e9der au r\u00e9f\u00e9rentiel de formation&#8221; style=&#8221;custom&#8221; custom_background=&#8221;#c41718&#8243; custom_text=&#8221;#ffffff&#8221; align=&#8221;center&#8221; button_block=&#8221;true&#8221; link=&#8221;url:https%3A%2F%2Fwww.hotellerie-restauration.ac-versailles.fr%2FIMG%2Fpdf%2Fre_fe_rentiel_cap_cs_hcr.pdf%20||target:%20_blank|&#8221;][\/vc_column][\/vc_row]<\/p>\n","protected":false},"excerpt":{"rendered":"<p>[vc_row][vc_column][\/vc_column][\/vc_row][vc_row][vc_column width=&#8221;2\/3&#8243;][vc_single_image image=&#8221;739&#8243; img_size=&#8221;full&#8221;][vc_row_inner][vc_column_inner width=&#8221;1\/2&#8243;][vc_btn title=&#8221;T\u00e9l\u00e9chargez la fiche formation&#8221; style=&#8221;custom&#8221; custom_background=&#8221;#c41718&#8243; custom_text=&#8221;#ffffff&#8221; size=&#8221;lg&#8221; align=&#8221;center&#8221; button_block=&#8221;true&#8221; link=&#8221;url:https%3A%2F%2Fwww.ndpo.fr%2Fapp%2Fuploads%2Fsites%2F11%2F2025%2F12%2FCAP-CSHCR-CFC.pdf|title:FORMATION%20CSHCR|target:%20_blank|&#8221;][\/vc_column_inner][vc_column_inner width=&#8221;1\/2&#8243;][vc_btn title=&#8221;Contactez-nous !&#8221; style=&#8221;custom&#8221; custom_background=&#8221;#c41718&#8243; custom_text=&#8221;#ffffff&#8221; size=&#8221;lg&#8221; align=&#8221;center&#8221; button_block=&#8221;true&#8221; link=&#8221;url:https%3A%2F%2Fwww.ndpo.fr%2Fcfc%2Fcontact%2F||target:%20_blank|&#8221;][\/vc_column_inner][\/vc_row_inner][\/vc_column][vc_column width=&#8221;1\/3&#8243;][\/vc_column][\/vc_row][vc_row][vc_column][vc_tta_tabs][vc_tta_section title=&#8221;Description&#8230;<\/p>\n","protected":false},"author":4,"featured_media":0,"parent":0,"menu_order":0,"comment_status":"closed","ping_status":"closed","template":"","meta":{"footnotes":""},"class_list":["post-947","page","type-page","status-publish","hentry"],"_links":{"self":[{"href":"https:\/\/www.ndpo.fr\/cfc\/wp-json\/wp\/v2\/pages\/947","targetHints":{"allow":["GET"]}}],"collection":[{"href":"https:\/\/www.ndpo.fr\/cfc\/wp-json\/wp\/v2\/pages"}],"about":[{"href":"https:\/\/www.ndpo.fr\/cfc\/wp-json\/wp\/v2\/types\/page"}],"author":[{"embeddable":true,"href":"https:\/\/www.ndpo.fr\/cfc\/wp-json\/wp\/v2\/users\/4"}],"replies":[{"embeddable":true,"href":"https:\/\/www.ndpo.fr\/cfc\/wp-json\/wp\/v2\/comments?post=947"}],"version-history":[{"count":12,"href":"https:\/\/www.ndpo.fr\/cfc\/wp-json\/wp\/v2\/pages\/947\/revisions"}],"predecessor-version":[{"id":1134,"href":"https:\/\/www.ndpo.fr\/cfc\/wp-json\/wp\/v2\/pages\/947\/revisions\/1134"}],"wp:attachment":[{"href":"https:\/\/www.ndpo.fr\/cfc\/wp-json\/wp\/v2\/media?parent=947"}],"curies":[{"name":"wp","href":"https:\/\/api.w.org\/{rel}","templated":true}]}}