{"id":949,"date":"2025-12-08T15:58:17","date_gmt":"2025-12-08T14:58:17","guid":{"rendered":"https:\/\/www.ndpo.fr\/cfc\/?page_id=949"},"modified":"2026-02-03T09:52:37","modified_gmt":"2026-02-03T08:52:37","slug":"cs-metiers-du-bar","status":"publish","type":"page","link":"https:\/\/www.ndpo.fr\/cfc\/cs-metiers-du-bar\/","title":{"rendered":"CS METIERS DU BAR"},"content":{"rendered":"<p>[vc_row][vc_column]\n        <div class=\"rs-heading style2   center\">\n        \t<div class=\"title-inner\">\n\t            \n\t            <h2 >CS METIERS DU BAR<\/h2>\n\t        <\/div><\/div>[\/vc_column][\/vc_row][vc_row][vc_column width=&#8221;2\/3&#8243;][vc_single_image image=&#8221;1115&#8243; img_size=&#8221;full&#8221;][vc_row_inner][vc_column_inner width=&#8221;1\/2&#8243;][vc_btn title=&#8221;T\u00e9l\u00e9chargez la fiche formation&#8221; style=&#8221;custom&#8221; custom_background=&#8221;#c41718&#8243; custom_text=&#8221;#ffffff&#8221; size=&#8221;lg&#8221; align=&#8221;center&#8221; button_block=&#8221;true&#8221; link=&#8221;url:https%3A%2F%2Fwww.ndpo.fr%2Fapp%2Fuploads%2Fsites%2F11%2F2026%2F02%2FCS-metiers-du-bar-CFC.pdf|title:CS%20METIERS%20DU%20BAR|target:%20_blank|&#8221;][\/vc_column_inner][vc_column_inner width=&#8221;1\/2&#8243;][vc_btn title=&#8221;Contactez-nous !&#8221; style=&#8221;custom&#8221; custom_background=&#8221;#c41718&#8243; custom_text=&#8221;#ffffff&#8221; size=&#8221;lg&#8221; align=&#8221;center&#8221; button_block=&#8221;true&#8221; link=&#8221;url:https%3A%2F%2Fwww.ndpo.fr%2Fcfc%2Fcontact%2F||target:%20_blank|&#8221;][\/vc_column_inner][\/vc_row_inner][\/vc_column][vc_column width=&#8221;1\/3&#8243;]\n        <div class=\"rs-heading style1   \">\n        \t<div class=\"title-inner\">\n\t            \n\t            <h2 >Public concern\u00e9<\/h2>\n\t        <\/div><div class=\"description\"><p >Les adultes ayant quitt\u00e9 le syst\u00e8me scolaire, mais qui souhaitent parfaire leurs connaissances et comp\u00e9tences et\/ou en acqu\u00e9rir de nouvelles.<\/p><\/div><\/div>\n        <div class=\"rs-heading style1   \">\n        \t<div class=\"title-inner\">\n\t            \n\t            <h2 >Pr\u00e9requis<\/h2>\n\t        <\/div><div class=\"description\"><p >\u00catre titulaire d&#8217;un baccalaur\u00e9at minimum<br \/>\nMaitriser la langue fran\u00e7aise orale et \u00e9crite<\/p><\/div><\/div>\n        <div class=\"rs-heading style1   \">\n        \t<div class=\"title-inner\">\n\t            \n\t            <h2 >MOYENS D\u2019ENCADREMENT<\/h2>\n\t        <\/div><div class=\"description\"><p >L&#8217;animation de la formation est assur\u00e9e par des intervenants sp\u00e9cialis\u00e9s en techniques de mixologie, gestion du bar, vente et relation client\u00e8le.<\/p><\/div><\/div>[\/vc_column][\/vc_row][vc_row][vc_column][vc_tta_tabs][vc_tta_section title=&#8221;Description de la formation&#8221; tab_id=&#8221;1613985700420-b272efd7-2ae7baa6-2e3e&#8221;][vc_empty_space]\n        <div class=\"rs-heading style2   \">\n        \t<div class=\"title-inner\">\n\t            \n\t            <h2 >DESCRIPTION DE LA FORMATION<\/h2>\n\t        <\/div><div class=\"description\"><p >Notre formation de certificat de sp\u00e9cialisation M\u00e9tiers du bar repose sur une expertise reconnue dans l&#8217;h\u00f4tellerie-restauration et la formation professionnelle. Dispens\u00e9e au sein d\u2019un \u00e9tablissement \u00e0 taille humaine, elle garantit un accompagnement individualis\u00e9.<\/p>\n<p>&nbsp;<\/p>\n<p>Les apprenants \u00e9voluent dans des espaces p\u00e9dagogiques \u00e9quip\u00e9s de mat\u00e9riels professionnels et b\u00e9n\u00e9ficient de mises en situation r\u00e9elles, leur permettant de ma\u00eetriser les techniques du service au bar. Des formateurs issus directement du monde professionnel transmettent un savoir-faire en ad\u00e9quation avec les exigences du m\u00e9tier.<\/p>\n<p>&nbsp;<\/p>\n<p>Un v\u00e9ritable r\u00e9seau d\u2019entreprises partenaires facilite l\u2019acc\u00e8s aux stages et favorise l\u2019insertion professionnelle, tandis qu\u2019un partenariat d\u00e9di\u00e9 permet l\u2019acquisition du mat\u00e9riel et des tenues n\u00e9cessaires.<\/p>\n<p>&nbsp;<\/p>\n<p><strong>Articulation de la formation<\/strong> :<\/p>\n<p>&#8211; de 400 \u00e0 420 heures de formation au CFC<br \/>\n&#8211; 12 semaines de stage en entreprise<\/p><\/div><\/div>[\/vc_tta_section][vc_tta_section title=&#8221;Objectifs et programme&#8221; tab_id=&#8221;1613985761837-fea28251-e85fbaa6-2e3e&#8221;]\n        <div class=\"rs-heading style2   \">\n        \t<div class=\"title-inner\">\n\t            \n\t            <h2 >OBJECTIFS ET PROGRAMME<\/h2>\n\t        <\/div><div class=\"description\"><p ><strong>OBJECTIFS :<\/strong><\/p>\n<p>&nbsp;<\/p>\n<p>&nbsp;<\/p>\n<p><strong>Organisation du service et participation \u00e0 la d\u00e9finition de l\u2019offre commerciale dans une d\u00e9marche durable<br \/>\n<\/strong><br \/>\n&#8211; Participation \u00e0 la d\u00e9finition de l\u2019offre commerciale et \u00e0 la communication de l\u2019\u00e9tablissement<br \/>\n&#8211; Approvisionnements et gestion \u00e9coresponsable des produits<br \/>\n&#8211; Ouverture et fermeture de l\u2019\u00e9tablissement<br \/>\n&#8211; Entretien \u00e9coresponsable des espaces de travail, des \u00e9quipements et des mat\u00e9riels<\/p>\n<p>&nbsp;<\/p>\n<p><strong>Commercialisation, pr\u00e9paration et service des boissons et des cocktails<br \/>\n<\/strong><br \/>\n&#8211; Mises en place<br \/>\n&#8211; Commercialisation en fran\u00e7ais et en anglais<br \/>\n&#8211; Pr\u00e9paration et service des boissons et des cocktails<\/p>\n<p>&nbsp;<\/p>\n<p><strong>PROGRAMME :<\/strong><\/p>\n<p>&nbsp;<\/p>\n<p><strong>Techniques professionnelles du bar<\/strong><\/p>\n<p>&#8211; Pr\u00e9paration et service des boissons chaudes et froides (caf\u00e9s, th\u00e9s, jus, cocktails classiques et modernes).<br \/>\n&#8211; Techniques de mixologie et pr\u00e9sentation des boissons.<br \/>\n&#8211; Organisation du poste de travail et gestion du service au comptoir ou en salle.<br \/>\n&#8211; Animation et mise en avant de produits (cocktails, cartes de boissons).<\/p>\n<p>&nbsp;<\/p>\n<p><strong>Technologie du bar<\/strong><\/p>\n<p>&#8211; Connaissance et utilisation des \u00e9quipements professionnels (machines \u00e0 caf\u00e9, shakers, verrerie, tireuses).<br \/>\n&#8211; Maintenance de base et s\u00e9curit\u00e9 des mat\u00e9riels.<br \/>\n&#8211; Gestion des stocks et approvisionnement.<br \/>\n&#8211; Organisation et planification du service selon le type d\u2019\u00e9tablissement (bar, restaurant, \u00e9v\u00e9nementiel).<\/p>\n<p>&nbsp;<\/p>\n<p><strong>Connaissance des boissons<\/strong><\/p>\n<p>&#8211; Spiritueux, liqueurs, vins, bi\u00e8res et boissons sans alcool.<br \/>\n&#8211; M\u00e9thodes de d\u00e9gustation et reconnaissance sensorielle.<br \/>\n&#8211; Accords mets-boissons et recommandations commerciales.<br \/>\n&#8211; Tendances du march\u00e9 et innovations dans le secteur des boissons.<\/p>\n<p>&nbsp;<\/p>\n<p><strong>Anglais professionnel<\/strong><\/p>\n<p>&#8211; Vocabulaire li\u00e9 au bar, aux boissons et au service.<br \/>\n&#8211; Accueil, conseil et prise de commande en anglais.<br \/>\n&#8211; Pr\u00e9sentation et explication des boissons en anglais.<br \/>\n&#8211; Gestion de situations professionnelles simples (r\u00e9clamations, informations sur les produits).<\/p>\n<p>&nbsp;<\/p>\n<p><strong>Relation client et communication<\/strong><\/p>\n<p>&#8211; Accueil, \u00e9coute et conseil personnalis\u00e9.<br \/>\n&#8211; Techniques de vente et fid\u00e9lisation.<br \/>\n&#8211; Communication verbale et non verbale.<br \/>\n&#8211; Gestion des situations d\u00e9licates ou conflictuelles avec les clients.<\/p>\n<p>&nbsp;<\/p>\n<p><strong>Sciences appliqu\u00e9es \u00e0 l\u2019hygi\u00e8ne<\/strong><\/p>\n<p>&#8211; Normes d\u2019hygi\u00e8ne et de s\u00e9curit\u00e9 (HACCP appliqu\u00e9 au bar).<br \/>\n&#8211; Pr\u00e9vention des risques (manutention, chutes, br\u00fblures).<br \/>\n&#8211; Nettoyage et d\u00e9sinfection des mat\u00e9riels et surfaces.<br \/>\n&#8211; Gestion des d\u00e9chets et bonnes pratiques environnementales.<\/p><\/div><\/div>[\/vc_tta_section][vc_tta_section title=&#8221;Dates de session&#8221; tab_id=&#8221;1613985756609-679eba8b-b957baa6-2e3e&#8221;][vc_empty_space]\n        <div class=\"rs-heading style2   \">\n        \t<div class=\"title-inner\">\n\t            \n\t            <h2 >Dates de session<\/h2>\n\t        <\/div><div class=\"description\"><p >1 session par an : septembre\u00a0 2026<\/p><\/div><\/div>[\/vc_tta_section][\/vc_tta_tabs][\/vc_column][\/vc_row][vc_row][vc_column width=&#8221;1\/2&#8243;][vc_btn title=&#8221;Acc\u00e9der \u00e0 la fiche France Comp\u00e9tences&#8221; style=&#8221;custom&#8221; custom_background=&#8221;#c41718&#8243; custom_text=&#8221;#ffffff&#8221; size=&#8221;lg&#8221; align=&#8221;center&#8221; button_block=&#8221;true&#8221; link=&#8221;url:https%3A%2F%2Fwww.francecompetences.fr%2Frecherche%2Frncp%2F40096%2F%20|title:Acc%C3%A9der%20%C3%A0%20la%20fiche%20France%20Comp%C3%A9tences|target:%20_blank|&#8221;][\/vc_column][vc_column width=&#8221;1\/2&#8243;][vc_btn title=&#8221;Acc\u00e9der au r\u00e9f\u00e9rentiel de formation&#8221; style=&#8221;custom&#8221; custom_background=&#8221;#c41718&#8243; custom_text=&#8221;#ffffff&#8221; size=&#8221;lg&#8221; align=&#8221;center&#8221; button_block=&#8221;true&#8221; link=&#8221;url:https%3A%2F%2Fwww.hotellerie-restauration.ac-versailles.fr%2FIMG%2Fpdf%2Farre_te_mc3_me_tiers_bar_re_fe_rentiel.pdf%20|title:Acc%C3%A9der%20au%20r%C3%A9f%C3%A9rentiel%20de%20formation|target:%20_blank|&#8221;][\/vc_column][\/vc_row]<\/p>\n","protected":false},"excerpt":{"rendered":"<p>[vc_row][vc_column][\/vc_column][\/vc_row][vc_row][vc_column width=&#8221;2\/3&#8243;][vc_single_image image=&#8221;1115&#8243; img_size=&#8221;full&#8221;][vc_row_inner][vc_column_inner width=&#8221;1\/2&#8243;][vc_btn title=&#8221;T\u00e9l\u00e9chargez la fiche formation&#8221; style=&#8221;custom&#8221; custom_background=&#8221;#c41718&#8243; custom_text=&#8221;#ffffff&#8221; size=&#8221;lg&#8221; align=&#8221;center&#8221; button_block=&#8221;true&#8221; link=&#8221;url:https%3A%2F%2Fwww.ndpo.fr%2Fapp%2Fuploads%2Fsites%2F11%2F2026%2F02%2FCS-metiers-du-bar-CFC.pdf|title:CS%20METIERS%20DU%20BAR|target:%20_blank|&#8221;][\/vc_column_inner][vc_column_inner width=&#8221;1\/2&#8243;][vc_btn title=&#8221;Contactez-nous !&#8221; style=&#8221;custom&#8221; custom_background=&#8221;#c41718&#8243; custom_text=&#8221;#ffffff&#8221; size=&#8221;lg&#8221; align=&#8221;center&#8221; button_block=&#8221;true&#8221; link=&#8221;url:https%3A%2F%2Fwww.ndpo.fr%2Fcfc%2Fcontact%2F||target:%20_blank|&#8221;][\/vc_column_inner][\/vc_row_inner][\/vc_column][vc_column width=&#8221;1\/3&#8243;][\/vc_column][\/vc_row][vc_row][vc_column][vc_tta_tabs][vc_tta_section title=&#8221;Description&#8230;<\/p>\n","protected":false},"author":4,"featured_media":0,"parent":0,"menu_order":0,"comment_status":"closed","ping_status":"closed","template":"","meta":{"footnotes":""},"class_list":["post-949","page","type-page","status-publish","hentry"],"_links":{"self":[{"href":"https:\/\/www.ndpo.fr\/cfc\/wp-json\/wp\/v2\/pages\/949","targetHints":{"allow":["GET"]}}],"collection":[{"href":"https:\/\/www.ndpo.fr\/cfc\/wp-json\/wp\/v2\/pages"}],"about":[{"href":"https:\/\/www.ndpo.fr\/cfc\/wp-json\/wp\/v2\/types\/page"}],"author":[{"embeddable":true,"href":"https:\/\/www.ndpo.fr\/cfc\/wp-json\/wp\/v2\/users\/4"}],"replies":[{"embeddable":true,"href":"https:\/\/www.ndpo.fr\/cfc\/wp-json\/wp\/v2\/comments?post=949"}],"version-history":[{"count":15,"href":"https:\/\/www.ndpo.fr\/cfc\/wp-json\/wp\/v2\/pages\/949\/revisions"}],"predecessor-version":[{"id":1139,"href":"https:\/\/www.ndpo.fr\/cfc\/wp-json\/wp\/v2\/pages\/949\/revisions\/1139"}],"wp:attachment":[{"href":"https:\/\/www.ndpo.fr\/cfc\/wp-json\/wp\/v2\/media?parent=949"}],"curies":[{"name":"wp","href":"https:\/\/api.w.org\/{rel}","templated":true}]}}