{"id":125,"date":"2020-12-02T09:06:08","date_gmt":"2020-12-02T08:06:08","guid":{"rendered":"https:\/\/ndpo2020.keeo.com\/college\/?page_id=125"},"modified":"2026-04-15T15:35:15","modified_gmt":"2026-04-15T13:35:15","slug":"equipe-educative","status":"publish","type":"page","link":"https:\/\/www.ndpo.fr\/college\/equipe-educative\/","title":{"rendered":"\u00c9quipe \u00e9ducative"},"content":{"rendered":"<p>[vc_row][vc_column width=&#8221;2\/3&#8243;][vc_single_image image=&#8221;126&#8243; img_size=&#8221;full&#8221;][\/vc_column][vc_column width=&#8221;1\/3&#8243;][vc_empty_space height=&#8221;200&#8243;]\n        <div class=\"rs-heading style2   \">\n        \t<div class=\"title-inner\">\n\t            \n\t            <h2 >Philippe BESIN<\/h2>\n\t        <\/div><div class=\"description\"><p >Chef d&#8217;\u00e9tablissement et coordinateur de l&#8217;Institution<\/p><\/div><\/div>[vc_btn title=&#8221;T\u00e9l\u00e9chargez notre organigramme&#8221; style=&#8221;custom&#8221; custom_background=&#8221;#ef8f5f&#8221; custom_text=&#8221;#ffffff&#8221; link=&#8221;url:https%3A%2F%2Fwww.ndpo.fr%2Fapp%2Fuploads%2Fsites%2F1%2F2026%2F01%2Forganigramme-SEPT-2025.pdf||target:%20_blank|&#8221;][\/vc_column][\/vc_row][vc_row][vc_column][vc_empty_space]\n        <div class=\"rs-heading style2   center\">\n        \t<div class=\"title-inner\">\n\t            \n\t            <h2 >L'\u00e9quipe de direction<\/h2>\n\t        <\/div><\/div><div class=\"rs-team-style2 rs-team\"><div class=\"team-gird row\"><div class=\"team-item col-md-4 col-sm-6 col-xs-12 \">\n\t\t\t\t\t\t\t<div class=\"team-item\">\n\t\t\t\t\t\t\t    <div class=\"team-img\">\n\t\t\t\t\t\t\t        <img decoding=\"async\" src=\"https:\/\/www.ndpo.fr\/app\/uploads\/sites\/5\/2024\/09\/sylvain-lubawy@3x.png\" alt=\"Sylvain LUBAWY\" \/>\n\t\t\t\t\t\t\t        <div class=\"team-social\">\t\t\t  \n\t\t\t\t\t                  \t  \n\t\t\t\t\t                \t  \n\t\t\t\t\t                \t  \n\t\t\t\t\t                \t  \t\n\t\t\t\t\t\t            <\/div>\n\t\t\t\t\t\t\t    <\/div>\n\t\t\t\t\t\t\t    <div class=\"team-content\">\n\t\t\t\t                <h3 class=\"team-name\"><a href=\"https:\/\/www.ndpo.fr\/college\/teams\/sylvain-lubawy\/\">Sylvain LUBAWY<\/a><\/h3>\n\t\t\t\t                <span class=\"team-title\">Directeur Adjoint du coll\u00e8ge<\/span>\n\t\t\t\t\t\t    <\/div>\n\t\t\t\t\t\t<\/div>\n\t\t\t\t\t<\/div><div class=\"team-item col-md-4 col-sm-6 col-xs-12 \">\n\t\t\t\t\t\t\t<div class=\"team-item\">\n\t\t\t\t\t\t\t    <div class=\"team-img\">\n\t\t\t\t\t\t\t        <img decoding=\"async\" src=\"https:\/\/www.ndpo.fr\/app\/uploads\/sites\/5\/2024\/09\/jessica-devos@3x.png\" alt=\"Jessica DEVOS\" \/>\n\t\t\t\t\t\t\t        <div class=\"team-social\">\t\t\t  \n\t\t\t\t\t                  \t  \n\t\t\t\t\t                \t  \n\t\t\t\t\t                \t  \n\t\t\t\t\t                \t  \t\n\t\t\t\t\t\t            <\/div>\n\t\t\t\t\t\t\t    <\/div>\n\t\t\t\t\t\t\t    <div class=\"team-content\">\n\t\t\t\t                <h3 class=\"team-name\"><a href=\"https:\/\/www.ndpo.fr\/college\/teams\/jessica-devos\/\">Jessica DEVOS<\/a><\/h3>\n\t\t\t\t                <span class=\"team-title\">Secr\u00e9taire g\u00e9n\u00e9rale de direction<\/span>\n\t\t\t\t\t\t    <\/div>\n\t\t\t\t\t\t<\/div>\n\t\t\t\t\t<\/div><div class=\"team-item col-md-4 col-sm-6 col-xs-12 \">\n\t\t\t\t\t\t\t<div class=\"team-item\">\n\t\t\t\t\t\t\t    <div class=\"team-img\">\n\t\t\t\t\t\t\t        <img decoding=\"async\" src=\"https:\/\/www.ndpo.fr\/app\/uploads\/sites\/5\/2024\/09\/nicolas-darras@3x.png\" alt=\"Nicolas DARRAS\" \/>\n\t\t\t\t\t\t\t        <div class=\"team-social\">\t\t\t  \n\t\t\t\t\t                  \t  \n\t\t\t\t\t                \t  \n\t\t\t\t\t                \t  \n\t\t\t\t\t                \t  \t\n\t\t\t\t\t\t            <\/div>\n\t\t\t\t\t\t\t    <\/div>\n\t\t\t\t\t\t\t    <div class=\"team-content\">\n\t\t\t\t                <h3 class=\"team-name\"><a href=\"https:\/\/www.ndpo.fr\/college\/teams\/nicolas-darras\/\">Nicolas DARRAS<\/a><\/h3>\n\t\t\t\t                <span class=\"team-title\">CPE<\/span>\n\t\t\t\t\t\t    <\/div>\n\t\t\t\t\t\t<\/div>\n\t\t\t\t\t<\/div><div class=\"team-item col-md-4 col-sm-6 col-xs-12 \">\n\t\t\t\t\t\t\t<div class=\"team-item\">\n\t\t\t\t\t\t\t    <div class=\"team-img\">\n\t\t\t\t\t\t\t        <img decoding=\"async\" src=\"https:\/\/www.ndpo.fr\/app\/uploads\/sites\/5\/2020\/12\/Eddy-LABENDA@3x.png\" alt=\"Eddy LABENDA\" \/>\n\t\t\t\t\t\t\t        <div class=\"team-social\">\t\t\t  \n\t\t\t\t\t                  \t  \n\t\t\t\t\t                \t  \n\t\t\t\t\t                \t  \n\t\t\t\t\t                \t  \t\n\t\t\t\t\t\t            <\/div>\n\t\t\t\t\t\t\t    <\/div>\n\t\t\t\t\t\t\t    <div class=\"team-content\">\n\t\t\t\t                <h3 class=\"team-name\"><a href=\"https:\/\/www.ndpo.fr\/college\/teams\/eddy-labenda\/\">Eddy LABENDA<\/a><\/h3>\n\t\t\t\t                <span class=\"team-title\">Animateur en pastorale<\/span>\n\t\t\t\t\t\t    <\/div>\n\t\t\t\t\t\t<\/div>\n\t\t\t\t\t<\/div><div class=\"team-item col-md-4 col-sm-6 col-xs-12 \">\n\t\t\t\t\t\t\t<div class=\"team-item\">\n\t\t\t\t\t\t\t    <div class=\"team-img\">\n\t\t\t\t\t\t\t        <img decoding=\"async\" src=\"https:\/\/www.ndpo.fr\/app\/uploads\/sites\/5\/2020\/12\/Antoine-DETAVERNIER@3x.png\" alt=\"Antoine DETAVERNIER\" \/>\n\t\t\t\t\t\t\t        <div class=\"team-social\">\t\t\t  \n\t\t\t\t\t                  \t  \n\t\t\t\t\t                \t  \n\t\t\t\t\t                \t  \n\t\t\t\t\t                \t  \t\n\t\t\t\t\t\t            <\/div>\n\t\t\t\t\t\t\t    <\/div>\n\t\t\t\t\t\t\t    <div class=\"team-content\">\n\t\t\t\t                <h3 class=\"team-name\"><a href=\"https:\/\/www.ndpo.fr\/college\/teams\/coraline-domont\/\">Antoine DETAVERNIER<\/a><\/h3>\n\t\t\t\t                <span class=\"team-title\">Charg\u00e9 de communication<\/span>\n\t\t\t\t\t\t    <\/div>\n\t\t\t\t\t\t<\/div>\n\t\t\t\t\t<\/div><\/div><div style=\"clear:both\"><\/div><\/div>[\/vc_column][\/vc_row][vc_row][vc_column][vc_empty_space]\n        <div class=\"rs-heading style2   center\">\n        \t<div class=\"title-inner\">\n\t            \n\t            <h2 >L'\u00e9quipe administrative<\/h2>\n\t        <\/div><\/div><div class=\"rs-team-style2\">\n\t\t<div class=\"team-carousel owl-carousel owl-navigation-yes\" data-carousel-options=\"{&quot;nav&quot;:true,&quot;navText&quot;:[&quot;&lt;i class=&#039;fa fa-angle-left&#039;&gt;&lt;\\\/i&gt;&quot;,&quot;&lt;i class=&#039;fa fa-angle-right&#039;&gt;&lt;\\\/i&gt;&quot;],&quot;dots&quot;:false,&quot;autoplay&quot;:true,&quot;autoplayTimeout&quot;:&quot;4000&quot;,&quot;autoplaySpeed&quot;:&quot;200&quot;,&quot;autoplayHoverPause&quot;:true,&quot;loop&quot;:true,&quot;margin&quot;:20,&quot;responsive&quot;:{&quot;0&quot;:{&quot;items&quot;:&quot;1&quot;},&quot;480&quot;:{&quot;items&quot;:&quot;2&quot;},&quot;768&quot;:{&quot;items&quot;:&quot;3&quot;},&quot;992&quot;:{&quot;items&quot;:&quot;3&quot;},&quot;1200&quot;:{&quot;items&quot;:&quot;3&quot;}}}\"><div class=\"team-item\">\n\t\t\t\t    <div class=\"team-img\">\n\t\t\t\t        <img decoding=\"async\" src=\"https:\/\/www.ndpo.fr\/app\/uploads\/sites\/5\/2024\/09\/cecile-siodniak@3x-1.png\" alt=\"C\u00e9cile SIODNIAK\" \/>\n\t\t\t\t        <div class=\"team-social\">\t\t\t  \n\t\t                  \t  \n\t\t                \t  \n\t\t                \t  \n\t\t                \t  \t\n\t\t\t            <\/div>\n\t\t\t\t    <\/div>\n\t\t\t\t    <div class=\"team-content\">\n\t                <h3 class=\"team-name\"><a href=\"https:\/\/www.ndpo.fr\/college\/teams\/cecile-siodniak\/\">C\u00e9cile SIODNIAK<\/a><\/h3>\n\t                <span class=\"team-title\">Comptable<\/span>\n\t\t\t    <\/div>\n\t\t\t\t<\/div><div class=\"team-item\">\n\t\t\t\t    <div class=\"team-img\">\n\t\t\t\t        <img decoding=\"async\" src=\"https:\/\/www.ndpo.fr\/app\/uploads\/sites\/5\/2024\/09\/claudine@3x.png\" alt=\"Claudine DEFRANCE\" \/>\n\t\t\t\t        <div class=\"team-social\">\t\t\t  \n\t\t                  \t  \n\t\t                \t  \n\t\t                \t  \n\t\t                \t  \t\n\t\t\t            <\/div>\n\t\t\t\t    <\/div>\n\t\t\t\t    <div class=\"team-content\">\n\t                <h3 class=\"team-name\"><a href=\"https:\/\/www.ndpo.fr\/college\/teams\/claudine-defrance\/\">Claudine DEFRANCE<\/a><\/h3>\n\t                <span class=\"team-title\">Comptable<\/span>\n\t\t\t    <\/div>\n\t\t\t\t<\/div><div class=\"team-item\">\n\t\t\t\t    <div class=\"team-img\">\n\t\t\t\t        <img decoding=\"async\" src=\"https:\/\/www.ndpo.fr\/app\/uploads\/sites\/5\/2024\/09\/celine-fierin@3x.png\" alt=\"C\u00e9line FI\u00c9RIN\" \/>\n\t\t\t\t        <div class=\"team-social\">\t\t\t  \n\t\t                  \t  \n\t\t                \t  \n\t\t                \t  \n\t\t                \t  \t\n\t\t\t            <\/div>\n\t\t\t\t    <\/div>\n\t\t\t\t    <div class=\"team-content\">\n\t                <h3 class=\"team-name\"><a href=\"https:\/\/www.ndpo.fr\/college\/teams\/celine-fierin\/\">C\u00e9line FI\u00c9RIN<\/a><\/h3>\n\t                <span class=\"team-title\">Secr\u00e9taire d'accueil<\/span>\n\t\t\t    <\/div>\n\t\t\t\t<\/div><div class=\"team-item\">\n\t\t\t\t    <div class=\"team-img\">\n\t\t\t\t        <img decoding=\"async\" src=\"https:\/\/www.ndpo.fr\/app\/uploads\/sites\/5\/2024\/09\/fabi-dhyne@3x.png\" alt=\"Fabienne DHYNE\" \/>\n\t\t\t\t        <div class=\"team-social\">\t\t\t  \n\t\t                  \t  \n\t\t                \t  \n\t\t                \t  \n\t\t                \t  \t\n\t\t\t            <\/div>\n\t\t\t\t    <\/div>\n\t\t\t\t    <div class=\"team-content\">\n\t                <h3 class=\"team-name\"><a href=\"https:\/\/www.ndpo.fr\/college\/teams\/fabienne-dhyne\/\">Fabienne DHYNE<\/a><\/h3>\n\t                <span class=\"team-title\">Secr\u00e9taire de direction coll\u00e8ge<\/span>\n\t\t\t    <\/div>\n\t\t\t\t<\/div><\/div>\n\t   <div>\n\t <\/div>\n\t<\/div>[\/vc_column][\/vc_row][vc_row][vc_column][vc_empty_space]\n        <div class=\"rs-heading style2   center\">\n        \t<div class=\"title-inner\">\n\t            \n\t            <h2 >Surveillants<\/h2>\n\t        <\/div><\/div><div class=\"rs-team-style2\">\n\t\t<div class=\"team-carousel owl-carousel owl-navigation-yes\" data-carousel-options=\"{&quot;nav&quot;:true,&quot;navText&quot;:[&quot;&lt;i class=&#039;fa fa-angle-left&#039;&gt;&lt;\\\/i&gt;&quot;,&quot;&lt;i class=&#039;fa fa-angle-right&#039;&gt;&lt;\\\/i&gt;&quot;],&quot;dots&quot;:false,&quot;autoplay&quot;:true,&quot;autoplayTimeout&quot;:&quot;4000&quot;,&quot;autoplaySpeed&quot;:&quot;200&quot;,&quot;autoplayHoverPause&quot;:true,&quot;loop&quot;:true,&quot;margin&quot;:20,&quot;responsive&quot;:{&quot;0&quot;:{&quot;items&quot;:&quot;1&quot;},&quot;480&quot;:{&quot;items&quot;:&quot;2&quot;},&quot;768&quot;:{&quot;items&quot;:&quot;3&quot;},&quot;992&quot;:{&quot;items&quot;:&quot;3&quot;},&quot;1200&quot;:{&quot;items&quot;:&quot;3&quot;}}}\"><div class=\"team-item\">\n\t\t\t\t    <div class=\"team-img\">\n\t\t\t\t        <img decoding=\"async\" src=\"https:\/\/www.ndpo.fr\/app\/uploads\/sites\/5\/2024\/09\/adele-folisi@3x.png\" alt=\"Ad\u00e8le FOLISI\" \/>\n\t\t\t\t        <div class=\"team-social\">\t\t\t  \n\t\t                  \t  \n\t\t                \t  \n\t\t                \t  \n\t\t                \t  \t\n\t\t\t            <\/div>\n\t\t\t\t    <\/div>\n\t\t\t\t    <div class=\"team-content\">\n\t                <h3 class=\"team-name\"><a href=\"https:\/\/www.ndpo.fr\/college\/teams\/adele-folisi\/\">Ad\u00e8le FOLISI<\/a><\/h3>\n\t                <span class=\"team-title\">Surveillante<\/span>\n\t\t\t    <\/div>\n\t\t\t\t<\/div><div class=\"team-item\">\n\t\t\t\t    <div class=\"team-img\">\n\t\t\t\t        <img decoding=\"async\" src=\"https:\/\/www.ndpo.fr\/app\/uploads\/sites\/5\/2024\/09\/rachel-luysh@3x.png\" alt=\"Rachel LUYSCH\" \/>\n\t\t\t\t        <div class=\"team-social\">\t\t\t  \n\t\t                  \t  \n\t\t                \t  \n\t\t                \t  \n\t\t                \t  \t\n\t\t\t            <\/div>\n\t\t\t\t    <\/div>\n\t\t\t\t    <div class=\"team-content\">\n\t                <h3 class=\"team-name\"><a href=\"https:\/\/www.ndpo.fr\/college\/teams\/rachel-luysch\/\">Rachel LUYSCH<\/a><\/h3>\n\t                <span class=\"team-title\">Surveillante<\/span>\n\t\t\t    <\/div>\n\t\t\t\t<\/div><div class=\"team-item\">\n\t\t\t\t    <div class=\"team-img\">\n\t\t\t\t        <img decoding=\"async\" src=\"https:\/\/www.ndpo.fr\/app\/uploads\/sites\/5\/2020\/12\/ndpo-college-avatar-femme.png\" alt=\"S\u00e9gol\u00e8ne STIEVENART\" \/>\n\t\t\t\t        <div class=\"team-social\">\t\t\t  \n\t\t                  \t  \n\t\t                \t  \n\t\t                \t  \n\t\t                \t  \t\n\t\t\t            <\/div>\n\t\t\t\t    <\/div>\n\t\t\t\t    <div class=\"team-content\">\n\t                <h3 class=\"team-name\"><a href=\"https:\/\/www.ndpo.fr\/college\/teams\/segolene-stievenart\/\">S\u00e9gol\u00e8ne STIEVENART<\/a><\/h3>\n\t                <span class=\"team-title\">Surveillante<\/span>\n\t\t\t    <\/div>\n\t\t\t\t<\/div><div class=\"team-item\">\n\t\t\t\t    <div class=\"team-img\">\n\t\t\t\t        <img decoding=\"async\" src=\"https:\/\/www.ndpo.fr\/app\/uploads\/sites\/5\/2024\/09\/remy-bourghelle@3x.png\" alt=\"R\u00e9mi BOURGHELLE\" \/>\n\t\t\t\t        <div class=\"team-social\">\t\t\t  \n\t\t                  \t  \n\t\t                \t  \n\t\t                \t  \n\t\t                \t  \t\n\t\t\t            <\/div>\n\t\t\t\t    <\/div>\n\t\t\t\t    <div class=\"team-content\">\n\t                <h3 class=\"team-name\"><a href=\"https:\/\/www.ndpo.fr\/college\/teams\/remi-bourghelle\/\">R\u00e9mi BOURGHELLE<\/a><\/h3>\n\t                <span class=\"team-title\">Surveillant<\/span>\n\t\t\t    <\/div>\n\t\t\t\t<\/div><\/div>\n\t   <div>\n\t <\/div>\n\t<\/div>[\/vc_column][\/vc_row]<\/p>\n","protected":false},"excerpt":{"rendered":"<p>[vc_row][vc_column width=&#8221;2\/3&#8243;][vc_single_image image=&#8221;126&#8243; img_size=&#8221;full&#8221;][\/vc_column][vc_column width=&#8221;1\/3&#8243;][vc_empty_space height=&#8221;200&#8243;][vc_btn title=&#8221;T\u00e9l\u00e9chargez notre organigramme&#8221; style=&#8221;custom&#8221; custom_background=&#8221;#ef8f5f&#8221; custom_text=&#8221;#ffffff&#8221; link=&#8221;url:https%3A%2F%2Fwww.ndpo.fr%2Fapp%2Fuploads%2Fsites%2F1%2F2026%2F01%2Forganigramme-SEPT-2025.pdf||target:%20_blank|&#8221;][\/vc_column][\/vc_row][vc_row][vc_column][vc_empty_space][\/vc_column][\/vc_row][vc_row][vc_column][vc_empty_space][\/vc_column][\/vc_row][vc_row][vc_column][vc_empty_space][\/vc_column]&#8230;<\/p>\n","protected":false},"author":2,"featured_media":0,"parent":0,"menu_order":0,"comment_status":"closed","ping_status":"closed","template":"","meta":{"footnotes":""},"class_list":["post-125","page","type-page","status-publish","hentry"],"_links":{"self":[{"href":"https:\/\/www.ndpo.fr\/college\/wp-json\/wp\/v2\/pages\/125","targetHints":{"allow":["GET"]}}],"collection":[{"href":"https:\/\/www.ndpo.fr\/college\/wp-json\/wp\/v2\/pages"}],"about":[{"href":"https:\/\/www.ndpo.fr\/college\/wp-json\/wp\/v2\/types\/page"}],"author":[{"embeddable":true,"href":"https:\/\/www.ndpo.fr\/college\/wp-json\/wp\/v2\/users\/2"}],"replies":[{"embeddable":true,"href":"https:\/\/www.ndpo.fr\/college\/wp-json\/wp\/v2\/comments?post=125"}],"version-history":[{"count":23,"href":"https:\/\/www.ndpo.fr\/college\/wp-json\/wp\/v2\/pages\/125\/revisions"}],"predecessor-version":[{"id":1630,"href":"https:\/\/www.ndpo.fr\/college\/wp-json\/wp\/v2\/pages\/125\/revisions\/1630"}],"wp:attachment":[{"href":"https:\/\/www.ndpo.fr\/college\/wp-json\/wp\/v2\/media?parent=125"}],"curies":[{"name":"wp","href":"https:\/\/api.w.org\/{rel}","templated":true}]}}