{"id":14,"date":"2020-08-27T15:59:21","date_gmt":"2020-08-27T13:59:21","guid":{"rendered":"https:\/\/ndpo2020.keeo.com\/college\/?page_id=14"},"modified":"2024-09-23T12:06:04","modified_gmt":"2024-09-23T10:06:04","slug":"presentation","status":"publish","type":"page","link":"https:\/\/www.ndpo.fr\/college\/presentation\/","title":{"rendered":"Pr\u00e9sentation"},"content":{"rendered":"<p>[vc_row][vc_column width=&#8221;1\/2&#8243;][vc_single_image image=&#8221;1560&#8243; img_size=&#8221;full&#8221; css_animation=&#8221;fadeInDown&#8221;][\/vc_column][vc_column width=&#8221;1\/2&#8243;]\n        <div class=\"rs-heading style2   \">\n        \t<div class=\"title-inner\">\n\t            <span class=\"sub-text\">Bienvenue au coll\u00e8ge !<\/span>\n\t            <h2 >Mot du directeur adjoint<\/h2>\n\t        <\/div><div class=\"description\"><p >Chers parents,<br \/>J\u2019ai le plaisir d\u2019accueillir votre enfant au sein de notre coll\u00e8ge \u00e0 taille humaine. Un nouveau niveau scolaire, avec de nouveaux objectifs p\u00e9dagogiques, n\u00e9cessitent de nouvelles habitudes de travail, tout en pr\u00f4nant le respect et une communication saine.<\/p>\n<p>Nous mettons en place un cadre accueillant, une \u00e9quipe p\u00e9dagogique dynamique et des projets innovants, afin d\u2019accompagner vos enfants dans la r\u00e9ussite.<\/p>\n<p>Le succ\u00e8s de leur scolarit\u00e9 repose sur trois valeurs fondamentales :<\/p>\n<p>1) un travail personnel s\u00e9rieux, qui leur permettra d\u2019am\u00e9liorer leurs connaissances et r\u00e9sultats.<br \/>2) le comportement exemplaire, qui les aidera \u00e0 devenirs de futurs citoyens accomplis<br \/>3) l\u2019\u00e9veil personnel r\u00e9fl\u00e9chi, qui les guidera dans leurs projets professionnels et spirituels, tout en gardant un lien avec sa famille.<\/p>\n<p>Merci pour votre confiance.<\/p>\n<p>Sylvain LUBAWY,<\/p>\n<p>Directeur adjoint en charge du coll\u00e8ge<\/p><\/div><\/div>[vc_btn title=&#8221;Nos \u00e9quipes&#8221; style=&#8221;custom&#8221; custom_background=&#8221;#ef8f5f&#8221; custom_text=&#8221;#ffffff&#8221; link=&#8221;url:https%3A%2F%2Fwww.ndpo.fr%2Fcollege%2Fequipe-educative%2F|title:%C3%89quipe%20%C3%A9ducative||&#8221;][\/vc_column][\/vc_row][vc_row][vc_column][vc_empty_space height=&#8221;50&#8243;][\/vc_column][\/vc_row][vc_row][vc_column width=&#8221;1\/2&#8243;]\n        <div class=\"rs-heading style2   \">\n        \t<div class=\"title-inner\">\n\t            \n\t            <h2 >Nos valeurs<\/h2>\n\t        <\/div><div class=\"description\"><p >Nos valeurs sont fond\u00e9es explicitement sur la bonne nouvelle de l&#8217;\u00c9vangile. Nous proposons l&#8217;accueil de tous, tout en gardant une exigence de travail, de s\u00e9rieux, de rigueur afin que le jeune puisse s&#8217;\u00e9panouir non seulement en tant qu&#8217;\u00e9l\u00e8ve mais aussi en tant qu&#8217;\u00eatre humain.<\/p>\n<p>Il s&#8217;agit pour nous de r\u00e9ussir dans la vie et de r\u00e9ussir sa vie, et c&#8217;est pour cela que nous proposons un parcours pastoral, \u00e0 l&#8217;\u00e9coute du Christ.<\/p><\/div><\/div>[vc_btn title=&#8221;Voir nos locaux&#8221; style=&#8221;custom&#8221; custom_background=&#8221;#ef8f5f&#8221; custom_text=&#8221;#ffffff&#8221; align=&#8221;center&#8221; link=&#8221;url:https%3A%2F%2Fwww.ndpo.fr%2Fcollege%2Fles-locaux%2F|title:Les%20locaux||&#8221;][\/vc_column][vc_column width=&#8221;1\/2&#8243;][vc_single_image image=&#8221;1489&#8243; img_size=&#8221;full&#8221; css_animation=&#8221;fadeIn&#8221;][\/vc_column][\/vc_row][vc_row][vc_column][vc_empty_space height=&#8221;50&#8243;][\/vc_column][\/vc_row]<\/p>\n","protected":false},"excerpt":{"rendered":"<p>[vc_row][vc_column width=&#8221;1\/2&#8243;][vc_single_image image=&#8221;1560&#8243; img_size=&#8221;full&#8221; css_animation=&#8221;fadeInDown&#8221;][\/vc_column][vc_column width=&#8221;1\/2&#8243;][vc_btn title=&#8221;Nos \u00e9quipes&#8221; style=&#8221;custom&#8221; custom_background=&#8221;#ef8f5f&#8221; custom_text=&#8221;#ffffff&#8221; link=&#8221;url:https%3A%2F%2Fwww.ndpo.fr%2Fcollege%2Fequipe-educative%2F|title:%C3%89quipe%20%C3%A9ducative||&#8221;][\/vc_column][\/vc_row][vc_row][vc_column][vc_empty_space height=&#8221;50&#8243;][\/vc_column][\/vc_row][vc_row][vc_column width=&#8221;1\/2&#8243;][vc_btn title=&#8221;Voir nos locaux&#8221; style=&#8221;custom&#8221; custom_background=&#8221;#ef8f5f&#8221; custom_text=&#8221;#ffffff&#8221; align=&#8221;center&#8221; link=&#8221;url:https%3A%2F%2Fwww.ndpo.fr%2Fcollege%2Fles-locaux%2F|title:Les%20locaux||&#8221;][\/vc_column][vc_column width=&#8221;1\/2&#8243;][vc_single_image image=&#8221;1489&#8243; img_size=&#8221;full&#8221; css_animation=&#8221;fadeIn&#8221;][\/vc_column][\/vc_row][vc_row][vc_column][vc_empty_space height=&#8221;50&#8243;][\/vc_column]&#8230;<\/p>\n","protected":false},"author":2,"featured_media":0,"parent":0,"menu_order":0,"comment_status":"closed","ping_status":"closed","template":"","meta":{"footnotes":""},"class_list":["post-14","page","type-page","status-publish","hentry"],"_links":{"self":[{"href":"https:\/\/www.ndpo.fr\/college\/wp-json\/wp\/v2\/pages\/14","targetHints":{"allow":["GET"]}}],"collection":[{"href":"https:\/\/www.ndpo.fr\/college\/wp-json\/wp\/v2\/pages"}],"about":[{"href":"https:\/\/www.ndpo.fr\/college\/wp-json\/wp\/v2\/types\/page"}],"author":[{"embeddable":true,"href":"https:\/\/www.ndpo.fr\/college\/wp-json\/wp\/v2\/users\/2"}],"replies":[{"embeddable":true,"href":"https:\/\/www.ndpo.fr\/college\/wp-json\/wp\/v2\/comments?post=14"}],"version-history":[{"count":21,"href":"https:\/\/www.ndpo.fr\/college\/wp-json\/wp\/v2\/pages\/14\/revisions"}],"predecessor-version":[{"id":1561,"href":"https:\/\/www.ndpo.fr\/college\/wp-json\/wp\/v2\/pages\/14\/revisions\/1561"}],"wp:attachment":[{"href":"https:\/\/www.ndpo.fr\/college\/wp-json\/wp\/v2\/media?parent=14"}],"curies":[{"name":"wp","href":"https:\/\/api.w.org\/{rel}","templated":true}]}}