{"id":16,"date":"2020-08-27T15:59:45","date_gmt":"2020-08-27T13:59:45","guid":{"rendered":"https:\/\/ndpo2020.keeo.com\/college\/?page_id=16"},"modified":"2024-10-04T08:12:10","modified_gmt":"2024-10-04T06:12:10","slug":"informations","status":"publish","type":"page","link":"https:\/\/www.ndpo.fr\/college\/informations\/","title":{"rendered":"Informations"},"content":{"rendered":"<p>[vc_row][vc_column width=&#8221;1\/2&#8243;][vc_gmaps link=&#8221;#E-8_JTNDaWZyYW1lJTIwc3JjJTNEJTIyaHR0cHMlM0ElMkYlMkZ3d3cuZ29vZ2xlLmNvbSUyRm1hcHMlMkZlbWJlZCUzRnBiJTNEJTIxMW0xOCUyMTFtMTIlMjExbTMlMjExZDE1OTk5LjQ4MzEyMTA4ODQxMyUyMTJkMy4yMjQ3MTA3MjgwMzY1NDEyJTIxM2Q1MC40ODI5NDYwNzQxMjM4MyUyMTJtMyUyMTFmMCUyMTJmMCUyMTNmMCUyMTNtMiUyMTFpMTAyNCUyMTJpNzY4JTIxNGYxMy4xJTIxM20zJTIxMW0yJTIxMXMweDQ3YzJkYjNhNjRiMTAzMWQlMjUzQTB4Y2Q5ZWViZDgzMzkzN2Y5YyUyMTJzQ29sbCUyNUMzJTI1QThnZSUyNTIwY2F0aG9saXF1ZSUyNTIwTm90cmUtRGFtZS1kZS1MYS1Qcm92aWRlbmNlJTIxNWUwJTIxM20yJTIxMXNmciUyMTJzZnIlMjE0djE1OTg5NDI0MTU0OTAlMjE1bTIlMjExc2ZyJTIxMnNmciUyMiUyMHdpZHRoJTNEJTIyNjAwJTIyJTIwaGVpZ2h0JTNEJTIyNDUwJTIyJTIwZnJhbWVib3JkZXIlM0QlMjIwJTIyJTIwc3R5bGUlM0QlMjJib3JkZXIlM0EwJTNCJTIyJTIwYWxsb3dmdWxsc2NyZWVuJTNEJTIyJTIyJTIwYXJpYS1oaWRkZW4lM0QlMjJmYWxzZSUyMiUyMHRhYmluZGV4JTNEJTIyMCUyMiUzRSUzQyUyRmlmcmFtZSUzRQ==&#8221;][\/vc_column][vc_column width=&#8221;1\/2&#8243;]\n        <div class=\"rs-heading style2   \">\n        \t<div class=\"title-inner\">\n\t            <span class=\"sub-text\">La gare d'Orchies \u00e0 5 minutes<\/span>\n\t            <h2 >Une facilit\u00e9 d'acc\u00e8s \u00e0 l'\u00e9tablissement<\/h2>\n\t        <\/div><div class=\"description\"><p >Situ\u00e9 au centre-ville d&#8217;Orchies, le lyc\u00e9e dispose d&#8217;un acc\u00e8s rapide gr\u00e2ce \u00e0 la gare SNCF d&#8217;Orchies \u00e0 150 m\u00e8tres.<\/p><\/div><\/div>[vc_row_inner][vc_column_inner width=&#8221;1\/2&#8243;]\n\t\t\t<div class=\"rs-services-style3  \">\n\t\t\t\t<div class=\"services-item rs-animation-hover\">\n\t\t\t\t    <div class=\"services-icon\">\n\t\t\t\t        <i  class=\"vc_icon_element-icon vc-material vc-material-train rs-animation-scale-up\"><\/i>\n\t\t\t\t    <\/div>\n\t\t\t\t    <div class=\"services-desc\">\n\t\t\t\t        <h4 class=\"services-title\"><a ><\/a><\/h4>\n\t\t\t\t        <p>\u00c0 5 min de la gare d&#8217;Orchies.<\/p>\n\t\t\t\t    <\/div>\n\t\t\t\t<\/div>\n\t\t\t<\/div>\n\t\t\t[\/vc_column_inner][vc_column_inner width=&#8221;1\/2&#8243;]\n\t\t\t<div class=\"rs-services-style3  \">\n\t\t\t\t<div class=\"services-item rs-animation-hover\">\n\t\t\t\t    <div class=\"services-icon\">\n\t\t\t\t        <i  class=\"vc_icon_element-icon vc-material vc-material-directions_bus rs-animation-scale-up\"><\/i>\n\t\t\t\t    <\/div>\n\t\t\t\t    <div class=\"services-desc\">\n\t\t\t\t        <h4 class=\"services-title\"><a ><\/a><\/h4>\n\t\t\t\t        <p>Ligne de bus<br \/>\n\u00e0 5 min \u00e0 pied<\/p>\n\t\t\t\t    <\/div>\n\t\t\t\t<\/div>\n\t\t\t<\/div>\n\t\t\t[\/vc_column_inner][\/vc_row_inner][\/vc_column][\/vc_row][vc_row][vc_column][vc_single_image image=&#8221;68&#8243; img_size=&#8221;full&#8221; onclick=&#8221;custom_link&#8221; img_link_target=&#8221;_blank&#8221; link=&#8221;https:\/\/www.ecoledirecte.com\/login&#8221;][\/vc_column][\/vc_row][vc_row][vc_column][vc_empty_space height=&#8221;50&#8243;][\/vc_column][\/vc_row][vc_row][vc_column width=&#8221;1\/2&#8243;]\n        <div class=\"rs-heading style2   \">\n        \t<div class=\"title-inner\">\n\t            \n\t            <h2 >R\u00e9seau Arc-en-ciel<\/h2>\n\t        <\/div><div class=\"description\"><p >Pour voyager sur le r\u00e9seau Arc en Ciel 2, vous devez \u00eatre en possession d\u2019une carte Pass Pass. La carte Pass Pass est un support rechargeable.<br \/>\nArc en Ciel 2 vous propose 3 possibilit\u00e9s pour le rechargement de votre carte Pass Pass. Retrouvez toutes les informations n\u00e9cessaires en cliquant ci-dessous.<\/p>\n<p>\u25cf Par internet<br \/>\u25cf En point de vente<br \/>\u25cf Par courrier.<\/p><\/div><\/div>[vc_row_inner][vc_column_inner width=&#8221;1\/2&#8243;][vc_btn title=&#8221;Horaires de bus&#8221; style=&#8221;custom&#8221; custom_background=&#8221;#ef8f5f&#8221; custom_text=&#8221;#ffffff&#8221; i_icon_fontawesome=&#8221;far fa-clock&#8221; add_icon=&#8221;true&#8221; link=&#8221;url:https%3A%2F%2Fwww.ndpo.fr%2Fapp%2Fuploads%2Fsites%2F5%2F2020%2F12%2FColl%C3%A8ge-Notre-Dame-de-la-Providence-ORCHIES-2020-2021.xls||target:%20_blank|&#8221;][vc_btn title=&#8221;R\u00e8glement des transport&#8221; style=&#8221;custom&#8221; custom_background=&#8221;#ef8f5f&#8221; custom_text=&#8221;#ffffff&#8221; i_icon_fontawesome=&#8221;far fa-copy&#8221; add_icon=&#8221;true&#8221; link=&#8221;url:https%3A%2F%2Fwww.ndpo.fr%2Fapp%2Fuploads%2Fsites%2F5%2F2024%2F10%2FREGLEMENT-TRANSPORTS-SCOLAIRES-AU-13-MAI-2024.pdf||target:%20_blank|&#8221;][\/vc_column_inner][vc_column_inner width=&#8221;1\/2&#8243;][vc_btn title=&#8221;Acc\u00e8s au site&#8221; style=&#8221;custom&#8221; custom_background=&#8221;#ef8f5f&#8221; custom_text=&#8221;#ffffff&#8221; i_icon_fontawesome=&#8221;far fa-hand-pointer&#8221; add_icon=&#8221;true&#8221; link=&#8221;url:https%3A%2F%2Fwww.arc-en-ciel2.fr||target:%20_blank|&#8221;][\/vc_column_inner][\/vc_row_inner][\/vc_column][vc_column width=&#8221;1\/2&#8243;][vc_single_image image=&#8221;69&#8243; img_size=&#8221;full&#8221;][\/vc_column][\/vc_row]<\/p>\n","protected":false},"excerpt":{"rendered":"<p>[vc_row][vc_column width=&#8221;1\/2&#8243;][vc_gmaps link=&#8221;#E-8_JTNDaWZyYW1lJTIwc3JjJTNEJTIyaHR0cHMlM0ElMkYlMkZ3d3cuZ29vZ2xlLmNvbSUyRm1hcHMlMkZlbWJlZCUzRnBiJTNEJTIxMW0xOCUyMTFtMTIlMjExbTMlMjExZDE1OTk5LjQ4MzEyMTA4ODQxMyUyMTJkMy4yMjQ3MTA3MjgwMzY1NDEyJTIxM2Q1MC40ODI5NDYwNzQxMjM4MyUyMTJtMyUyMTFmMCUyMTJmMCUyMTNmMCUyMTNtMiUyMTFpMTAyNCUyMTJpNzY4JTIxNGYxMy4xJTIxM20zJTIxMW0yJTIxMXMweDQ3YzJkYjNhNjRiMTAzMWQlMjUzQTB4Y2Q5ZWViZDgzMzkzN2Y5YyUyMTJzQ29sbCUyNUMzJTI1QThnZSUyNTIwY2F0aG9saXF1ZSUyNTIwTm90cmUtRGFtZS1kZS1MYS1Qcm92aWRlbmNlJTIxNWUwJTIxM20yJTIxMXNmciUyMTJzZnIlMjE0djE1OTg5NDI0MTU0OTAlMjE1bTIlMjExc2ZyJTIxMnNmciUyMiUyMHdpZHRoJTNEJTIyNjAwJTIyJTIwaGVpZ2h0JTNEJTIyNDUwJTIyJTIwZnJhbWVib3JkZXIlM0QlMjIwJTIyJTIwc3R5bGUlM0QlMjJib3JkZXIlM0EwJTNCJTIyJTIwYWxsb3dmdWxsc2NyZWVuJTNEJTIyJTIyJTIwYXJpYS1oaWRkZW4lM0QlMjJmYWxzZSUyMiUyMHRhYmluZGV4JTNEJTIyMCUyMiUzRSUzQyUyRmlmcmFtZSUzRQ==&#8221;][\/vc_column][vc_column width=&#8221;1\/2&#8243;][vc_row_inner][vc_column_inner width=&#8221;1\/2&#8243;][\/vc_column_inner][vc_column_inner width=&#8221;1\/2&#8243;][\/vc_column_inner][\/vc_row_inner][\/vc_column][\/vc_row][vc_row][vc_column][vc_single_image image=&#8221;68&#8243; img_size=&#8221;full&#8221; onclick=&#8221;custom_link&#8221; img_link_target=&#8221;_blank&#8221; link=&#8221;https:\/\/www.ecoledirecte.com\/login&#8221;][\/vc_column][\/vc_row][vc_row][vc_column][vc_empty_space height=&#8221;50&#8243;][\/vc_column][\/vc_row][vc_row][vc_column width=&#8221;1\/2&#8243;][vc_row_inner][vc_column_inner width=&#8221;1\/2&#8243;][vc_btn title=&#8221;Horaires de bus&#8221; style=&#8221;custom&#8221; custom_background=&#8221;#ef8f5f&#8221; custom_text=&#8221;#ffffff&#8221; i_icon_fontawesome=&#8221;far fa-clock&#8221; add_icon=&#8221;true&#8221; link=&#8221;url:https%3A%2F%2Fwww.ndpo.fr%2Fapp%2Fuploads%2Fsites%2F5%2F2020%2F12%2FColl%C3%A8ge-Notre-Dame-de-la-Providence-ORCHIES-2020-2021.xls||target:%20_blank|&#8221;][vc_btn title=&#8221;R\u00e8glement des transport&#8221; style=&#8221;custom&#8221;&#8230;<\/p>\n","protected":false},"author":2,"featured_media":0,"parent":0,"menu_order":0,"comment_status":"closed","ping_status":"closed","template":"","meta":{"footnotes":""},"class_list":["post-16","page","type-page","status-publish","hentry"],"_links":{"self":[{"href":"https:\/\/www.ndpo.fr\/college\/wp-json\/wp\/v2\/pages\/16","targetHints":{"allow":["GET"]}}],"collection":[{"href":"https:\/\/www.ndpo.fr\/college\/wp-json\/wp\/v2\/pages"}],"about":[{"href":"https:\/\/www.ndpo.fr\/college\/wp-json\/wp\/v2\/types\/page"}],"author":[{"embeddable":true,"href":"https:\/\/www.ndpo.fr\/college\/wp-json\/wp\/v2\/users\/2"}],"replies":[{"embeddable":true,"href":"https:\/\/www.ndpo.fr\/college\/wp-json\/wp\/v2\/comments?post=16"}],"version-history":[{"count":10,"href":"https:\/\/www.ndpo.fr\/college\/wp-json\/wp\/v2\/pages\/16\/revisions"}],"predecessor-version":[{"id":1565,"href":"https:\/\/www.ndpo.fr\/college\/wp-json\/wp\/v2\/pages\/16\/revisions\/1565"}],"wp:attachment":[{"href":"https:\/\/www.ndpo.fr\/college\/wp-json\/wp\/v2\/media?parent=16"}],"curies":[{"name":"wp","href":"https:\/\/api.w.org\/{rel}","templated":true}]}}