{"id":180,"date":"2020-12-02T10:26:26","date_gmt":"2020-12-02T09:26:26","guid":{"rendered":"https:\/\/ndpo2020.keeo.com\/college\/?page_id=180"},"modified":"2024-04-04T10:00:47","modified_gmt":"2024-04-04T08:00:47","slug":"cinquieme","status":"publish","type":"page","link":"https:\/\/www.ndpo.fr\/college\/cinquieme\/","title":{"rendered":"Cinqui\u00e8me"},"content":{"rendered":"<p>[vc_row][vc_column]\n        <div class=\"rs-heading style2  vc_custom_1606901044447  center\">\n        \t<div class=\"title-inner\">\n\t            \n\t            <h2 >Cinqui\u00e8me<\/h2>\n\t        <\/div><\/div>[\/vc_column][\/vc_row][vc_row][vc_column width=&#8221;2\/3&#8243;][vc_single_image image=&#8221;73&#8243; img_size=&#8221;full&#8221;][\/vc_column][vc_column width=&#8221;1\/3&#8243;][vc_single_image image=&#8221;233&#8243; img_size=&#8221;full&#8221;][vc_btn title=&#8221;S&#8217;INSCRIRE&#8221; style=&#8221;custom&#8221; custom_background=&#8221;#ef8f5f&#8221; custom_text=&#8221;#ffffff&#8221; align=&#8221;center&#8221; i_icon_fontawesome=&#8221;far fa-paper-plane&#8221; button_block=&#8221;true&#8221; add_icon=&#8221;true&#8221; link=&#8221;url:https%3A%2F%2Fpreinscriptions.ecoledirecte.com%2F%3FRNE%3D0593040J%20||target:%20_blank|&#8221;][\/vc_column][\/vc_row][vc_row][vc_column][vc_tta_tabs][vc_tta_section title=&#8221;Description&#8221; tab_id=&#8221;1606900693437-672d495f-33ea&#8221;][vc_empty_space]\n        <div class=\"rs-heading style2   \">\n        \t<div class=\"title-inner\">\n\t            \n\t            <h2 >EN SAVOIR PLUS<\/h2>\n\t        <\/div><div class=\"description\"><p ><strong>Le cycle 4, cycle des approfondissements, comprend les classes de cinqui\u00e8me, de quatri\u00e8me et de troisi\u00e8me<\/strong>.<\/p>\n<p>Il permet aux \u00e9l\u00e8ves de d\u00e9velopper leurs connaissances et comp\u00e9tences dans diff\u00e9rents champs disciplinaires.<\/p>\n<p>Chaque \u00e9l\u00e8ve pr\u00e9pare progressivement, y compris dans le cadre des diff\u00e9rents parcours \u00e9ducatifs (Avenir, citoyen, \u00e9ducation artistique et culturelle, sant\u00e9), sa poursuite d\u2019\u00e9tude pour une int\u00e9gration \u00e0 venir dans le monde \u00e9conomique et professionnel.<\/p>\n<p>L\u2019ann\u00e9e de troisi\u00e8me est l\u2019occasion pour les \u00e9l\u00e8ves de participer \u00e0 une s\u00e9quence d\u2019observation du milieu professionnel.<\/p>\n<p>Des enseignements obligatoires sont dispens\u00e9s \u00e0 chaque \u00e9l\u00e8ve, ainsi que des enseignements compl\u00e9mentaires (options).<\/p>\n<p>La r\u00e9partition entre enseignements compl\u00e9mentaires est d\u00e9termin\u00e9e par l\u2019\u00e9tablissement et est la m\u00eame pour tous les \u00e9l\u00e8ves du m\u00eame niveau.<\/p><\/div><\/div>[\/vc_tta_section][vc_tta_section title=&#8221;Programme&#8221; tab_id=&#8221;1606900693464-85b91e35-b836&#8243;][vc_row_inner][vc_column_inner][vc_empty_space]\n        <div class=\"rs-heading style2   center\">\n        \t<div class=\"title-inner\">\n\t            \n\t            <h2 >EMPLOI DU TEMPS TYPE D'UN \u00c9L\u00c8VE DE CINQUI\u00c8ME<\/h2>\n\t        <\/div><\/div>[vc_single_image image=&#8221;1169&#8243; img_size=&#8221;full&#8221;][\/vc_column_inner][\/vc_row_inner][\/vc_tta_section][vc_tta_section title=&#8221;D\u00e9roulement&#8221; tab_id=&#8221;1606900779407-89e1bd6f-b68a&#8221;][vc_empty_space]\n        <div class=\"rs-heading style2   \">\n        \t<div class=\"title-inner\">\n\t            \n\t            <h2 >La classe de 5\u00e8me au coll\u00e8ge c'est :<\/h2>\n\t        <\/div><div class=\"description\"><p >Le choix d\u2019une 2<sup>\u00e8me<\/sup> langue vivante \u00e9trang\u00e8re (espagnol, allemand ou italien) \u00e0 raison de 2 heures 30 par semaine<br \/>\n<strong>D\u00e8s le mois de janvier :<\/strong><\/p>\n<p>Une circulaire est propos\u00e9e en janvier \u00e0 chaque \u00e9l\u00e8ve de 6<sup>\u00e8me<\/sup> pour\u00a0:<\/p>\n<ul>\n<li>Choisir sa LV2 (Espagnol, Allemand ou Italien)<\/li>\n<li>Choisir son option (latin)<\/li>\n<\/ul>\n<p>En 5\u00e8, tout \u00e9l\u00e8ve int\u00e9ress\u00e9 pour int\u00e9grer la section europ\u00e9enne anglaise peut passer un test \u00e9crit et oral.Cet enseignement compl\u00e9mentaire est r\u00e9parti dans l\u2019emploi du temps \u00e0 raison de 2 heures par semaine en 4\u00e8 et en 3\u00e8.<\/p><\/div><\/div>[\/vc_tta_section][vc_tta_section title=&#8221;Documents&#8221; tab_id=&#8221;1712217513379-afc18cbf-d046&#8243;][vc_btn title=&#8221;Documents Importants&#8221; style=&#8221;custom&#8221; custom_background=&#8221;#ef8f5f&#8221; custom_text=&#8221;#ffffff&#8221; align=&#8221;center&#8221; link=&#8221;url:https%3A%2F%2Fwww.ndpo.fr%2Fcollege%2Fdocuments-importants%2F||target:%20_blank|&#8221;][\/vc_tta_section][\/vc_tta_tabs][\/vc_column][\/vc_row]<\/p>\n","protected":false},"excerpt":{"rendered":"<p>[vc_row][vc_column][\/vc_column][\/vc_row][vc_row][vc_column width=&#8221;2\/3&#8243;][vc_single_image image=&#8221;73&#8243; img_size=&#8221;full&#8221;][\/vc_column][vc_column width=&#8221;1\/3&#8243;][vc_single_image image=&#8221;233&#8243; img_size=&#8221;full&#8221;][vc_btn title=&#8221;S&#8217;INSCRIRE&#8221; style=&#8221;custom&#8221; custom_background=&#8221;#ef8f5f&#8221; custom_text=&#8221;#ffffff&#8221; align=&#8221;center&#8221; i_icon_fontawesome=&#8221;far fa-paper-plane&#8221; button_block=&#8221;true&#8221; add_icon=&#8221;true&#8221; link=&#8221;url:https%3A%2F%2Fpreinscriptions.ecoledirecte.com%2F%3FRNE%3D0593040J%20||target:%20_blank|&#8221;][\/vc_column][\/vc_row][vc_row][vc_column][vc_tta_tabs][vc_tta_section title=&#8221;Description&#8221; tab_id=&#8221;1606900693437-672d495f-33ea&#8221;][vc_empty_space][\/vc_tta_section][vc_tta_section title=&#8221;Programme&#8221; tab_id=&#8221;1606900693464-85b91e35-b836&#8243;][vc_row_inner][vc_column_inner][vc_empty_space][vc_single_image image=&#8221;1169&#8243; img_size=&#8221;full&#8221;][\/vc_column_inner][\/vc_row_inner][\/vc_tta_section][vc_tta_section title=&#8221;D\u00e9roulement&#8221; tab_id=&#8221;1606900779407-89e1bd6f-b68a&#8221;][vc_empty_space][\/vc_tta_section][vc_tta_section title=&#8221;Documents&#8221; tab_id=&#8221;1712217513379-afc18cbf-d046&#8243;][vc_btn title=&#8221;Documents&#8230;<\/p>\n","protected":false},"author":2,"featured_media":0,"parent":0,"menu_order":0,"comment_status":"closed","ping_status":"closed","template":"","meta":{"footnotes":""},"class_list":["post-180","page","type-page","status-publish","hentry"],"_links":{"self":[{"href":"https:\/\/www.ndpo.fr\/college\/wp-json\/wp\/v2\/pages\/180","targetHints":{"allow":["GET"]}}],"collection":[{"href":"https:\/\/www.ndpo.fr\/college\/wp-json\/wp\/v2\/pages"}],"about":[{"href":"https:\/\/www.ndpo.fr\/college\/wp-json\/wp\/v2\/types\/page"}],"author":[{"embeddable":true,"href":"https:\/\/www.ndpo.fr\/college\/wp-json\/wp\/v2\/users\/2"}],"replies":[{"embeddable":true,"href":"https:\/\/www.ndpo.fr\/college\/wp-json\/wp\/v2\/comments?post=180"}],"version-history":[{"count":10,"href":"https:\/\/www.ndpo.fr\/college\/wp-json\/wp\/v2\/pages\/180\/revisions"}],"predecessor-version":[{"id":1465,"href":"https:\/\/www.ndpo.fr\/college\/wp-json\/wp\/v2\/pages\/180\/revisions\/1465"}],"wp:attachment":[{"href":"https:\/\/www.ndpo.fr\/college\/wp-json\/wp\/v2\/media?parent=180"}],"curies":[{"name":"wp","href":"https:\/\/api.w.org\/{rel}","templated":true}]}}