{"id":183,"date":"2020-12-02T10:29:47","date_gmt":"2020-12-02T09:29:47","guid":{"rendered":"https:\/\/ndpo2020.keeo.com\/college\/?page_id=183"},"modified":"2024-04-04T10:02:43","modified_gmt":"2024-04-04T08:02:43","slug":"quatrieme","status":"publish","type":"page","link":"https:\/\/www.ndpo.fr\/college\/quatrieme\/","title":{"rendered":"Quatri\u00e8me"},"content":{"rendered":"<p>[vc_row][vc_column]\n        <div class=\"rs-heading style2  vc_custom_1606901216681  center\">\n        \t<div class=\"title-inner\">\n\t            \n\t            <h2 >QUATRI\u00c8ME<\/h2>\n\t        <\/div><\/div>[\/vc_column][\/vc_row][vc_row][vc_column width=&#8221;2\/3&#8243;][vc_single_image image=&#8221;230&#8243; img_size=&#8221;full&#8221;][\/vc_column][vc_column width=&#8221;1\/3&#8243;][vc_single_image image=&#8221;233&#8243; img_size=&#8221;full&#8221;][vc_btn title=&#8221;S&#8217;INSCRIRE&#8221; style=&#8221;custom&#8221; custom_background=&#8221;#ef8f5f&#8221; custom_text=&#8221;#ffffff&#8221; align=&#8221;center&#8221; i_icon_fontawesome=&#8221;far fa-paper-plane&#8221; button_block=&#8221;true&#8221; add_icon=&#8221;true&#8221; link=&#8221;url:https%3A%2F%2Fpreinscriptions.ecoledirecte.com%2F%3FRNE%3D0593040J%20||target:%20_blank|&#8221;][\/vc_column][\/vc_row][vc_row][vc_column][vc_tta_tabs][vc_tta_section title=&#8221;Description&#8221; tab_id=&#8221;1606900693437-672d495f-33ea&#8221;][vc_empty_space]\n        <div class=\"rs-heading style2   \">\n        \t<div class=\"title-inner\">\n\t            \n\t            <h2 >EN SAVOIR PLUS<\/h2>\n\t        <\/div><div class=\"description\"><p >Des enseignements obligatoires sont dispens\u00e9s \u00e0 chaque \u00e9l\u00e8ve, ainsi que des enseignements compl\u00e9mentaires (options).<\/p>\n<p>La r\u00e9partition entre enseignements compl\u00e9mentaires est d\u00e9termin\u00e9e par l\u2019\u00e9tablissement et est la m\u00eame pour tous les \u00e9l\u00e8ves du m\u00eame niveau.<\/p><\/div><\/div>[\/vc_tta_section][vc_tta_section title=&#8221;Programme&#8221; tab_id=&#8221;1606900693464-85b91e35-b836&#8243;][vc_row_inner][vc_column_inner][vc_empty_space]\n        <div class=\"rs-heading style2   center\">\n        \t<div class=\"title-inner\">\n\t            \n\t            <h2 >EMPLOI DU TEMPS TYPE D'UN \u00c9L\u00c8VE DE QUATRI\u00c8ME<\/h2>\n\t        <\/div><\/div>[vc_single_image image=&#8221;1168&#8243; img_size=&#8221;full&#8221;][\/vc_column_inner][\/vc_row_inner][\/vc_tta_section][vc_tta_section title=&#8221;D\u00e9roulement&#8221; tab_id=&#8221;1606900779407-89e1bd6f-b68a&#8221;][vc_empty_space]\n        <div class=\"rs-heading style2   \">\n        \t<div class=\"title-inner\">\n\t            \n\t            <h2 >La classe de 4\u00e8me au coll\u00e8ge c'est :<\/h2>\n\t        <\/div><div class=\"description\"><p >La poursuite d\u2019une 2<sup>\u00e8me<\/sup> langue vivante \u00e9trang\u00e8re (espagnol, allemand ou italien) \u00e0 raison de 2 heures 30 par semaine et de l\u2019option Latin \u00e0 raison de 3 heures par semaine.<\/p>\n<p><strong>D\u00e8s le mois de janvier :<\/strong><br \/>\nUne circulaire est propos\u00e9e en janvier \u00e0 chaque \u00e9l\u00e8ve de 5<sup>\u00e8me<\/sup> pour\u00a0:<\/p>\n<ul>\n<li>Choisir l\u2019option section europ\u00e9enne anglaise<\/li>\n<li>Choisir la certification anglaise (KET)<\/li>\n<\/ul>\n<p>En 5<sup>\u00e8me<\/sup>, tout \u00e9l\u00e8ve int\u00e9ress\u00e9 pour int\u00e9grer la section europ\u00e9enne anglaise peut passer un test \u00e9crit et oral. Cet enseignement compl\u00e9mentaire est r\u00e9parti dans l\u2019emploi du temps \u00e0 raison de 2 heures par semaine en 4<sup>\u00e8me<\/sup> et en 3<sup>\u00e8me<\/sup>.<\/p><\/div><\/div>[\/vc_tta_section][vc_tta_section title=&#8221;Documents&#8221; tab_id=&#8221;1712217689540-f1f79858-1e8c&#8221;][vc_btn title=&#8221;Documents Importants&#8221; style=&#8221;custom&#8221; custom_background=&#8221;#ef8f5f&#8221; custom_text=&#8221;#ffffff&#8221; align=&#8221;center&#8221; link=&#8221;url:https%3A%2F%2Fwww.ndpo.fr%2Fcollege%2Fdocuments-importants%2F||target:%20_blank|&#8221;][\/vc_tta_section][\/vc_tta_tabs][\/vc_column][\/vc_row]<\/p>\n","protected":false},"excerpt":{"rendered":"<p>[vc_row][vc_column][\/vc_column][\/vc_row][vc_row][vc_column width=&#8221;2\/3&#8243;][vc_single_image image=&#8221;230&#8243; img_size=&#8221;full&#8221;][\/vc_column][vc_column width=&#8221;1\/3&#8243;][vc_single_image image=&#8221;233&#8243; img_size=&#8221;full&#8221;][vc_btn title=&#8221;S&#8217;INSCRIRE&#8221; style=&#8221;custom&#8221; custom_background=&#8221;#ef8f5f&#8221; custom_text=&#8221;#ffffff&#8221; align=&#8221;center&#8221; i_icon_fontawesome=&#8221;far fa-paper-plane&#8221; button_block=&#8221;true&#8221; add_icon=&#8221;true&#8221; link=&#8221;url:https%3A%2F%2Fpreinscriptions.ecoledirecte.com%2F%3FRNE%3D0593040J%20||target:%20_blank|&#8221;][\/vc_column][\/vc_row][vc_row][vc_column][vc_tta_tabs][vc_tta_section title=&#8221;Description&#8221; tab_id=&#8221;1606900693437-672d495f-33ea&#8221;][vc_empty_space][\/vc_tta_section][vc_tta_section title=&#8221;Programme&#8221; tab_id=&#8221;1606900693464-85b91e35-b836&#8243;][vc_row_inner][vc_column_inner][vc_empty_space][vc_single_image image=&#8221;1168&#8243; img_size=&#8221;full&#8221;][\/vc_column_inner][\/vc_row_inner][\/vc_tta_section][vc_tta_section title=&#8221;D\u00e9roulement&#8221; tab_id=&#8221;1606900779407-89e1bd6f-b68a&#8221;][vc_empty_space][\/vc_tta_section][vc_tta_section title=&#8221;Documents&#8221; tab_id=&#8221;1712217689540-f1f79858-1e8c&#8221;][vc_btn title=&#8221;Documents&#8230;<\/p>\n","protected":false},"author":2,"featured_media":0,"parent":0,"menu_order":0,"comment_status":"closed","ping_status":"closed","template":"","meta":{"footnotes":""},"class_list":["post-183","page","type-page","status-publish","hentry"],"_links":{"self":[{"href":"https:\/\/www.ndpo.fr\/college\/wp-json\/wp\/v2\/pages\/183","targetHints":{"allow":["GET"]}}],"collection":[{"href":"https:\/\/www.ndpo.fr\/college\/wp-json\/wp\/v2\/pages"}],"about":[{"href":"https:\/\/www.ndpo.fr\/college\/wp-json\/wp\/v2\/types\/page"}],"author":[{"embeddable":true,"href":"https:\/\/www.ndpo.fr\/college\/wp-json\/wp\/v2\/users\/2"}],"replies":[{"embeddable":true,"href":"https:\/\/www.ndpo.fr\/college\/wp-json\/wp\/v2\/comments?post=183"}],"version-history":[{"count":10,"href":"https:\/\/www.ndpo.fr\/college\/wp-json\/wp\/v2\/pages\/183\/revisions"}],"predecessor-version":[{"id":1466,"href":"https:\/\/www.ndpo.fr\/college\/wp-json\/wp\/v2\/pages\/183\/revisions\/1466"}],"wp:attachment":[{"href":"https:\/\/www.ndpo.fr\/college\/wp-json\/wp\/v2\/media?parent=183"}],"curies":[{"name":"wp","href":"https:\/\/api.w.org\/{rel}","templated":true}]}}