{"id":187,"date":"2020-12-02T10:36:34","date_gmt":"2020-12-02T09:36:34","guid":{"rendered":"https:\/\/ndpo2020.keeo.com\/college\/?page_id=187"},"modified":"2025-07-08T16:35:17","modified_gmt":"2025-07-08T14:35:17","slug":"troisieme","status":"publish","type":"page","link":"https:\/\/www.ndpo.fr\/college\/troisieme\/","title":{"rendered":"Troisi\u00e8me"},"content":{"rendered":"<p>[vc_row][vc_column]\n        <div class=\"rs-heading style2  vc_custom_1606901510752  center\">\n        \t<div class=\"title-inner\">\n\t            \n\t            <h2 >TROISI\u00c8ME<\/h2>\n\t        <\/div><\/div>[\/vc_column][\/vc_row][vc_row][vc_column width=&#8221;2\/3&#8243;][vc_single_image image=&#8221;71&#8243; img_size=&#8221;full&#8221;][\/vc_column][vc_column width=&#8221;1\/3&#8243;][vc_single_image image=&#8221;232&#8243; img_size=&#8221;full&#8221;][vc_btn title=&#8221;S&#8217;INSCRIRE&#8221; style=&#8221;custom&#8221; custom_background=&#8221;#ef8f5f&#8221; custom_text=&#8221;#ffffff&#8221; align=&#8221;center&#8221; i_icon_fontawesome=&#8221;far fa-paper-plane&#8221; button_block=&#8221;true&#8221; add_icon=&#8221;true&#8221; link=&#8221;url:https%3A%2F%2Fpreinscriptions.ecoledirecte.com%2F%3FRNE%3D0593040J%20||target:%20_blank|&#8221;][vc_btn title=&#8221;ORIENTATION&#8221; style=&#8221;custom&#8221; custom_background=&#8221;#ef8f5f&#8221; custom_text=&#8221;#ffffff&#8221; align=&#8221;center&#8221; button_block=&#8221;true&#8221; link=&#8221;url:https%3A%2F%2Fwww.ndpo.fr%2Fcollege%2Forientation%2F|title:Orientation|target:%20_blank|&#8221;]\n\t<div class=\"counter-top-area style-light \"  style=\"background: #ef8f5f\">\n    <div class=\"rs-counter-list\">\n\t\t\n        <div class=\"count-text\"><div class=\"count-number\" style=\"color: #ffffff\"><h3 class=\"rs-counter\" style=\"color: #ffffff\">100<\/h3><span>% de r\u00e9ussite au Brevet<\/span><\/div>         \n        <h4 style=\"color: #ffffff\">2024 - 2025<\/h4><\/div>\n    <\/div><\/div>[\/vc_column][\/vc_row][vc_row][vc_column][vc_tta_tabs][vc_tta_section title=&#8221;Description&#8221; tab_id=&#8221;1606900693437-672d495f-33ea&#8221;][vc_empty_space]\n        <div class=\"rs-heading style2   \">\n        \t<div class=\"title-inner\">\n\t            \n\t            <h2 >EN SAVOIR PLUS<\/h2>\n\t        <\/div><div class=\"description\"><p >Des enseignements obligatoires sont dispens\u00e9s \u00e0 chaque \u00e9l\u00e8ve, ainsi que des enseignements compl\u00e9mentaires (options).<\/p>\n<p>La r\u00e9partition entre enseignements compl\u00e9mentaires est d\u00e9termin\u00e9e par l\u2019\u00e9tablissement et est la m\u00eame pour tous les \u00e9l\u00e8ves du m\u00eame niveau.<\/p><\/div><\/div>[\/vc_tta_section][vc_tta_section title=&#8221;Programme&#8221; tab_id=&#8221;1606900693464-85b91e35-b836&#8243;][vc_row_inner][vc_column_inner][vc_empty_space]\n        <div class=\"rs-heading style2   center\">\n        \t<div class=\"title-inner\">\n\t            \n\t            <h2 >EMPLOI DU TEMPS TYPE D'UN \u00c9L\u00c8VE DE TROISI\u00c8ME<\/h2>\n\t        <\/div><\/div>[vc_single_image image=&#8221;1167&#8243; img_size=&#8221;full&#8221;][\/vc_column_inner][\/vc_row_inner][\/vc_tta_section][vc_tta_section title=&#8221;D\u00e9roulement&#8221; tab_id=&#8221;1606900779407-89e1bd6f-b68a&#8221;][vc_empty_space]\n        <div class=\"rs-heading style2   \">\n        \t<div class=\"title-inner\">\n\t            \n\t            <h2 >La classe de 3\u00e8me au coll\u00e8ge c'est :<\/h2>\n\t        <\/div><div class=\"description\"><p >La poursuite d\u2019une 2<sup>\u00e8me<\/sup> langue vivante \u00e9trang\u00e8re (espagnol, allemand ou italien) \u00e0 raison de 2 heures 30 par semaine et de l\u2019option Latin \u00e0 raison de 3 heures par semaine.<\/p>\n<p><span style=\"color: #ef8f5f;\"><strong>D\u00e8s le mois de janvier :<\/strong><\/span><br \/>\nUne circulaire est propos\u00e9e en janvier \u00e0 chaque \u00e9l\u00e8ve de 4<sup>\u00e8me<\/sup> pour\u00a0:<\/p>\n<ul>\n<li>Choisir l\u2019option Mini Entreprise<\/li>\n<li>Choisir la certification anglaise (PET)<\/li>\n<\/ul>\n<p>Tout \u00e9l\u00e8ve int\u00e9ress\u00e9 pour int\u00e9grer la section mini entreprise peut passer un entretien professionnel en 4\u00e8. Cet enseignement compl\u00e9mentaire est r\u00e9parti dans l\u2019emploi du temps \u00e0 raison de 2 heures par semaine dans le cadre du projet Entreprendre Pour Apprendre (EPA).<\/p><\/div><\/div>[\/vc_tta_section][vc_tta_section title=&#8221;Brevet des coll\u00e8ges&#8221; tab_id=&#8221;1606901654130-468c8c86-d50b&#8221;][vc_row_inner][vc_column_inner][vc_empty_space]\n        <div class=\"rs-heading style2   \">\n        \t<div class=\"title-inner\">\n\t            \n\t            <h2 >Le dipl\u00f4me national du brevet (DNB)<\/h2>\n\t        <\/div><div class=\"description\"><p >Durant l\u2019ann\u00e9e de 3\u00e8, les \u00e9l\u00e8ves passeront 2 brevets blancs pour la pr\u00e9paration au DNB.<\/p>\n<p>\u00c0 la fin de la classe de troisi\u00e8me, une <strong>\u00e9tape importante de la scolarit\u00e9 <\/strong>attend l&#8217;\u00e9l\u00e8ve\u00a0: le dipl\u00f4me national du brevet (DNB).<\/p>\n<p>Son obtention repose sur les points cumul\u00e9s \u00e0 l&#8217;\u00e9valuation du socle (contr\u00f4le continu) et aux \u00e9preuves de l&#8217;examen terminal.<\/p>\n<p>Le <strong>bilan de fin de cycle 4<\/strong>\u00a0indique le degr\u00e9 d\u2019acquisition des huit composantes du socle commun de connaissances, de comp\u00e9tences et de culture de votre enfant par un positionnement sur\u00a0 une \u00e9chelle \u00e0 quatre niveaux. Ces niveaux sont convertis en points dont la somme donne le r\u00e9sultat de votre enfant au <strong>contr\u00f4le continu.<\/strong><\/p>\n<p>Les \u00e9preuves d<strong>e l&#8217;examen terminal<\/strong> comportent\u00a0:<\/p>\n<p><strong>Quatre \u00e9preuves \u00e9crites\u00a0:<\/strong><\/p>\n<ul>\n<li>Le<strong> fran\u00e7ais<\/strong> (3h)\u00a0: \u00e0 partir d&#8217;un extrait de texte litt\u00e9raire et \u00e9ventuellement d&#8217;une image, \u00e9valuation des comp\u00e9tences linguistiques (grammaire &#8211; dont r\u00e9\u00e9criture-, lexique&#8230;) et des comp\u00e9tences de compr\u00e9hension et d&#8217;interpr\u00e9tation + dict\u00e9e + r\u00e9daction.<\/li>\n<li>Les<strong> math\u00e9matiques<\/strong> (2h)\u00a0: exercices, dont certains assortis de tableaux ou de sch\u00e9mas, et dont un exercice d&#8217;informatique.<\/li>\n<li>L&#8217;<strong>histoire et g\u00e9ographie<\/strong> (2h)\u00a0: analyse et compr\u00e9hension de documents + utilisation des rep\u00e8res historiques et g\u00e9ographiques + mobilisation des comp\u00e9tences de l&#8217;enseignement moral et civique.<\/li>\n<li>Les<strong> sciences<\/strong> (1h) (2\u00a0disciplines\u00a0sur les 3)\u00a0: physique-chimie, sciences de la vie et de la Terre, technologie.<\/li>\n<\/ul>\n<p><\/p><\/div><\/div>[\/vc_column_inner][\/vc_row_inner][\/vc_tta_section][vc_tta_section title=&#8221;Stage&#8221; tab_id=&#8221;1606901730216-2a58f345-933d&#8221;][vc_row_inner][vc_column_inner][vc_empty_space]\n        <div class=\"rs-heading style2   \">\n        \t<div class=\"title-inner\">\n\t            \n\t            <h2 >Le stage en classe de 3\u00e8me<\/h2>\n\t        <\/div><div class=\"description\"><p >Le stage de 3e est l\u2019occasion de <strong>d\u00e9couvrir le monde du travail, partager le quotidien de professionnels et b\u00e9n\u00e9ficier d\u2019une exp\u00e9rience concr\u00e8te<\/strong>. Il est aussi l\u2019occasion pour les \u00e9l\u00e8ves de gagner en autonomie, de prendre confiance dans un nouvel environnement et de permettre, \u00e9ventuellement, de confirmer un projet d\u2019orientation.<\/p>\n<p><strong>Les \u00e9l\u00e8ves et leurs familles doivent \u00eatre activement impliqu\u00e9s dans la recherche et le choix des lieux du stage<\/strong>. Les \u00e9quipes p\u00e9dagogiques sont \u00e0 leur \u00e9coute pour permettre aux \u00e9l\u00e8ves de donner de donner du sens \u00e0 ce moment d\u2019observation du monde professionnel.<\/p><\/div><\/div>[\/vc_column_inner][\/vc_row_inner][\/vc_tta_section][vc_tta_section title=&#8221;Documents&#8221; tab_id=&#8221;1712217883180-737745ab-ab44&#8243;][vc_btn title=&#8221;Documents Importants&#8221; style=&#8221;custom&#8221; custom_background=&#8221;#ef8f5f&#8221; custom_text=&#8221;#ffffff&#8221; align=&#8221;center&#8221; link=&#8221;url:https%3A%2F%2Fwww.ndpo.fr%2Fcollege%2Fdocuments-importants%2F||target:%20_blank|&#8221;][\/vc_tta_section][\/vc_tta_tabs][\/vc_column][\/vc_row]<\/p>\n","protected":false},"excerpt":{"rendered":"<p>[vc_row][vc_column][\/vc_column][\/vc_row][vc_row][vc_column width=&#8221;2\/3&#8243;][vc_single_image image=&#8221;71&#8243; img_size=&#8221;full&#8221;][\/vc_column][vc_column width=&#8221;1\/3&#8243;][vc_single_image image=&#8221;232&#8243; img_size=&#8221;full&#8221;][vc_btn title=&#8221;S&#8217;INSCRIRE&#8221; style=&#8221;custom&#8221; custom_background=&#8221;#ef8f5f&#8221; custom_text=&#8221;#ffffff&#8221; align=&#8221;center&#8221; i_icon_fontawesome=&#8221;far fa-paper-plane&#8221; button_block=&#8221;true&#8221; add_icon=&#8221;true&#8221; link=&#8221;url:https%3A%2F%2Fpreinscriptions.ecoledirecte.com%2F%3FRNE%3D0593040J%20||target:%20_blank|&#8221;][vc_btn title=&#8221;ORIENTATION&#8221; style=&#8221;custom&#8221; custom_background=&#8221;#ef8f5f&#8221; custom_text=&#8221;#ffffff&#8221; align=&#8221;center&#8221; button_block=&#8221;true&#8221; link=&#8221;url:https%3A%2F%2Fwww.ndpo.fr%2Fcollege%2Forientation%2F|title:Orientation|target:%20_blank|&#8221;][\/vc_column][\/vc_row][vc_row][vc_column][vc_tta_tabs][vc_tta_section title=&#8221;Description&#8221; tab_id=&#8221;1606900693437-672d495f-33ea&#8221;][vc_empty_space][\/vc_tta_section][vc_tta_section title=&#8221;Programme&#8221; tab_id=&#8221;1606900693464-85b91e35-b836&#8243;][vc_row_inner][vc_column_inner][vc_empty_space][vc_single_image&#8230;<\/p>\n","protected":false},"author":2,"featured_media":0,"parent":0,"menu_order":0,"comment_status":"closed","ping_status":"closed","template":"","meta":{"footnotes":""},"class_list":["post-187","page","type-page","status-publish","hentry"],"_links":{"self":[{"href":"https:\/\/www.ndpo.fr\/college\/wp-json\/wp\/v2\/pages\/187","targetHints":{"allow":["GET"]}}],"collection":[{"href":"https:\/\/www.ndpo.fr\/college\/wp-json\/wp\/v2\/pages"}],"about":[{"href":"https:\/\/www.ndpo.fr\/college\/wp-json\/wp\/v2\/types\/page"}],"author":[{"embeddable":true,"href":"https:\/\/www.ndpo.fr\/college\/wp-json\/wp\/v2\/users\/2"}],"replies":[{"embeddable":true,"href":"https:\/\/www.ndpo.fr\/college\/wp-json\/wp\/v2\/comments?post=187"}],"version-history":[{"count":13,"href":"https:\/\/www.ndpo.fr\/college\/wp-json\/wp\/v2\/pages\/187\/revisions"}],"predecessor-version":[{"id":1599,"href":"https:\/\/www.ndpo.fr\/college\/wp-json\/wp\/v2\/pages\/187\/revisions\/1599"}],"wp:attachment":[{"href":"https:\/\/www.ndpo.fr\/college\/wp-json\/wp\/v2\/media?parent=187"}],"curies":[{"name":"wp","href":"https:\/\/api.w.org\/{rel}","templated":true}]}}