{"id":22,"date":"2020-08-27T16:00:24","date_gmt":"2020-08-27T14:00:24","guid":{"rendered":"https:\/\/ndpo2020.keeo.com\/college\/?page_id=22"},"modified":"2024-04-04T09:50:57","modified_gmt":"2024-04-04T07:50:57","slug":"sixieme","status":"publish","type":"page","link":"https:\/\/www.ndpo.fr\/college\/sixieme\/","title":{"rendered":"Sixi\u00e8me"},"content":{"rendered":"<p>[vc_row][vc_column]\n        <div class=\"rs-heading style2  vc_custom_1606900600874  center\">\n        \t<div class=\"title-inner\">\n\t            \n\t            <h2 >SIXI\u00c8ME<\/h2>\n\t        <\/div><\/div>[\/vc_column][\/vc_row][vc_row][vc_column width=&#8221;2\/3&#8243;][vc_single_image image=&#8221;228&#8243; img_size=&#8221;full&#8221;][\/vc_column][vc_column width=&#8221;1\/3&#8243;][vc_single_image image=&#8221;234&#8243; img_size=&#8221;full&#8221;][vc_btn title=&#8221;S&#8217;INSCRIRE&#8221; style=&#8221;custom&#8221; custom_background=&#8221;#ef8f5f&#8221; custom_text=&#8221;#ffffff&#8221; align=&#8221;center&#8221; i_icon_fontawesome=&#8221;far fa-paper-plane&#8221; button_block=&#8221;true&#8221; add_icon=&#8221;true&#8221; link=&#8221;url:https%3A%2F%2Fpreinscriptions.ecoledirecte.com%2F%3FRNE%3D0593040J%20||target:%20_blank|&#8221;][\/vc_column][\/vc_row][vc_row][vc_column][vc_tta_tabs][vc_tta_section title=&#8221;Description&#8221; tab_id=&#8221;1606900693437-672d495f-33ea&#8221;][vc_empty_space]\n        <div class=\"rs-heading style2   \">\n        \t<div class=\"title-inner\">\n\t            \n\t            <h2 >EN SAVOIR PLUS<\/h2>\n\t        <\/div><div class=\"description\"><p >La scolarit\u00e9 au coll\u00e8ge d\u00e9bute par la derni\u00e8re ann\u00e9e de cycle 3, <strong>cycle de consolidation<\/strong>. Ce cycle est donc \u00e0 cheval sur l&#8217;\u00e9cole \u00e9l\u00e9mentaire et le coll\u00e8ge. Sa mise en \u0153uvre n\u00e9cessite une concertation renforc\u00e9e entre le coll\u00e8ge et les \u00e9coles de son secteur, dans le cadre du conseil \u00e9cole-coll\u00e8ge notamment. <\/p>\n<p><strong>L\u2019ann\u00e9e de sixi\u00e8me a pour objectif d&#8217;affermir les acquis fondamentaux de l&#8217;\u00e9cole \u00e9l\u00e9mentaire et d&#8217;initier les \u00e9l\u00e8ves aux disciplines et m\u00e9thodes propres \u00e0 l&#8217;enseignement secondaire.<\/strong><\/p>\n<p>Un livret scolaire, contenant notamment les bilans p\u00e9riodiques de cycle 3 et le bilan de fin de cycle 2, est transmis par les \u00e9coles aux \u00e9quipes du coll\u00e8ge afin de favoriser la mise en place d\u2019un accompagnement p\u00e9dagogique dans le cadre des enseignements dispens\u00e9s en sixi\u00e8me (enseignements communs et enseignements compl\u00e9mentaires). Il peut aider par exemple \u00e0 la constitution de groupes selon les besoins des \u00e9l\u00e8ves, ou encore lorsque cela s\u2019av\u00e8re n\u00e9cessaire, de programmes personnalis\u00e9s de r\u00e9ussite \u00e9ducative (PPRE).<\/p>\n<p>Le cycle 4, <strong>cycle des approfondissements<\/strong>, comprend les classes de 5e, de 4e et de 3e. Durant ce cycle, les \u00e9l\u00e8ves d\u00e9veloppent leurs connaissances et comp\u00e9tences dans les diff\u00e9rentes disciplines tout en pr\u00e9parant la poursuite de leur formation et leur future participation active \u00e0 la vie professionnelle.<\/p><\/div><\/div>[\/vc_tta_section][vc_tta_section title=&#8221;Programme&#8221; tab_id=&#8221;1606900693464-85b91e35-b836&#8243;][vc_row_inner][vc_column_inner][vc_empty_space]\n        <div class=\"rs-heading style2   center\">\n        \t<div class=\"title-inner\">\n\t            \n\t            <h2 >EMPLOI DU TEMPS TYPE D'UN \u00c9L\u00c8VE DE SIXI\u00c8ME<\/h2>\n\t        <\/div><\/div>[vc_single_image image=&#8221;1170&#8243; img_size=&#8221;full&#8221;][\/vc_column_inner][\/vc_row_inner][\/vc_tta_section][vc_tta_section title=&#8221;D\u00e9roulement&#8221; tab_id=&#8221;1606900779407-89e1bd6f-b68a&#8221;][vc_empty_space]\n        <div class=\"rs-heading style2   \">\n        \t<div class=\"title-inner\">\n\t            \n\t            <h2 >La classe de 6\u00e8me au coll\u00e8ge c'est :<\/h2>\n\t        <\/div><div class=\"description\"><p >La possibilit\u00e9 d\u2019int\u00e9grer une classe bilangue (espagnol ou allemand) \u00e0 raison de 2 heures par semaines. Ce choix se fait lors de l\u2019inscription en 6\u00e8. Cette langue choisie en 6<sup>\u00e8me<\/sup> sera donc la LV2 jusqu\u2019en Terminale.<\/p>\n<p>Les \u00e9l\u00e8ves de 6\u00e8 ont \u00e9galement la possibilit\u00e9 d\u2019int\u00e9grer 2 options sport au choix\u00a0:<\/p>\n<ul>\n<li>Option Basket (sur dossier et test)<\/li>\n<p><\/p>\n<li>Option Football ( sur dossier et test)<\/li>\n<\/ul>\n<p><span style=\"color: #ef8f5f;\"><strong>D\u00e8s septembre<\/strong><\/span><br \/>\nUn test num\u00e9rique de positionnement pour vous permettre aux \u00e9l\u00e8ves de CM2 de conna\u00eetre leurs acquis et leurs besoins en fran\u00e7ais et en math\u00e9matiques.<br \/>\nUn accompagnement personnalis\u00e9 en expression orale et \u00e9crite.<\/p>\n<p><span style=\"color: #ef8f5f;\"><strong>D\u00e8s le mois de janvier :<\/strong><\/span><br \/>\nUne circulaire est propos\u00e9e en janvier \u00e0 chaque \u00e9l\u00e8ve de 6<sup>\u00e8me<\/sup> pour\u00a0:<\/p>\n<ul>\n<li>Choisir sa LV2 (Espagnol, Allemand ou Italien)<\/li>\n<p><\/p>\n<li>Choisir son option (latin)<\/li>\n<\/ul>\n<p><\/p><\/div><\/div>[\/vc_tta_section][vc_tta_section title=&#8221;Documents&#8221; tab_id=&#8221;1712216745492-3122b62a-d70d&#8221;][vc_btn title=&#8221;Documents Importants&#8221; style=&#8221;custom&#8221; custom_background=&#8221;#ef8f5f&#8221; custom_text=&#8221;#ffffff&#8221; align=&#8221;center&#8221; link=&#8221;url:https%3A%2F%2Fwww.ndpo.fr%2Fcollege%2Fdocuments-importants%2F||target:%20_blank|&#8221;][\/vc_tta_section][\/vc_tta_tabs][\/vc_column][\/vc_row]<\/p>\n","protected":false},"excerpt":{"rendered":"<p>[vc_row][vc_column][\/vc_column][\/vc_row][vc_row][vc_column width=&#8221;2\/3&#8243;][vc_single_image image=&#8221;228&#8243; img_size=&#8221;full&#8221;][\/vc_column][vc_column width=&#8221;1\/3&#8243;][vc_single_image image=&#8221;234&#8243; img_size=&#8221;full&#8221;][vc_btn title=&#8221;S&#8217;INSCRIRE&#8221; style=&#8221;custom&#8221; custom_background=&#8221;#ef8f5f&#8221; custom_text=&#8221;#ffffff&#8221; align=&#8221;center&#8221; i_icon_fontawesome=&#8221;far fa-paper-plane&#8221; button_block=&#8221;true&#8221; add_icon=&#8221;true&#8221; link=&#8221;url:https%3A%2F%2Fpreinscriptions.ecoledirecte.com%2F%3FRNE%3D0593040J%20||target:%20_blank|&#8221;][\/vc_column][\/vc_row][vc_row][vc_column][vc_tta_tabs][vc_tta_section title=&#8221;Description&#8221; tab_id=&#8221;1606900693437-672d495f-33ea&#8221;][vc_empty_space][\/vc_tta_section][vc_tta_section title=&#8221;Programme&#8221; tab_id=&#8221;1606900693464-85b91e35-b836&#8243;][vc_row_inner][vc_column_inner][vc_empty_space][vc_single_image image=&#8221;1170&#8243; img_size=&#8221;full&#8221;][\/vc_column_inner][\/vc_row_inner][\/vc_tta_section][vc_tta_section title=&#8221;D\u00e9roulement&#8221; tab_id=&#8221;1606900779407-89e1bd6f-b68a&#8221;][vc_empty_space][\/vc_tta_section][vc_tta_section title=&#8221;Documents&#8221; tab_id=&#8221;1712216745492-3122b62a-d70d&#8221;][vc_btn title=&#8221;Documents&#8230;<\/p>\n","protected":false},"author":2,"featured_media":0,"parent":0,"menu_order":0,"comment_status":"closed","ping_status":"closed","template":"","meta":{"footnotes":""},"class_list":["post-22","page","type-page","status-publish","hentry"],"_links":{"self":[{"href":"https:\/\/www.ndpo.fr\/college\/wp-json\/wp\/v2\/pages\/22","targetHints":{"allow":["GET"]}}],"collection":[{"href":"https:\/\/www.ndpo.fr\/college\/wp-json\/wp\/v2\/pages"}],"about":[{"href":"https:\/\/www.ndpo.fr\/college\/wp-json\/wp\/v2\/types\/page"}],"author":[{"embeddable":true,"href":"https:\/\/www.ndpo.fr\/college\/wp-json\/wp\/v2\/users\/2"}],"replies":[{"embeddable":true,"href":"https:\/\/www.ndpo.fr\/college\/wp-json\/wp\/v2\/comments?post=22"}],"version-history":[{"count":13,"href":"https:\/\/www.ndpo.fr\/college\/wp-json\/wp\/v2\/pages\/22\/revisions"}],"predecessor-version":[{"id":1463,"href":"https:\/\/www.ndpo.fr\/college\/wp-json\/wp\/v2\/pages\/22\/revisions\/1463"}],"wp:attachment":[{"href":"https:\/\/www.ndpo.fr\/college\/wp-json\/wp\/v2\/media?parent=22"}],"curies":[{"name":"wp","href":"https:\/\/api.w.org\/{rel}","templated":true}]}}