{"id":24,"date":"2020-08-27T16:00:41","date_gmt":"2020-08-27T14:00:41","guid":{"rendered":"https:\/\/ndpo2020.keeo.com\/college\/?page_id=24"},"modified":"2024-04-09T15:31:02","modified_gmt":"2024-04-09T13:31:02","slug":"la-vie-au-college","status":"publish","type":"page","link":"https:\/\/www.ndpo.fr\/college\/la-vie-au-college\/","title":{"rendered":"La vie au coll\u00e8ge"},"content":{"rendered":"<p>[vc_row][vc_column width=&#8221;1\/2&#8243;][vc_single_image image=&#8221;191&#8243; img_size=&#8221;full&#8221;][\/vc_column][vc_column width=&#8221;1\/2&#8243;]\n        <div class=\"rs-heading style2   \">\n        \t<div class=\"title-inner\">\n\t            <span class=\"sub-text\">La Pastorale<\/span>\n\t            <h2 >Les temps forts<\/h2>\n\t        <\/div><div class=\"description\"><p >Nous appuyons notre proposition sur trois axes avec un projet pour les \u00e9l\u00e8ves :<br \/>\nRespecter chaque jeune, ce qu\u2019il est, sa religion, ses acheminements et sa libert\u00e9.<br \/>\nDonner des rep\u00e8res, des valeurs humaines pour que les \u00e9l\u00e8ves trouvent un sens \u00e0 leur vie et soient respectueux des diff\u00e9rences.<br \/>\nCe projet propose J\u00e9sus Christ et l\u2019Eglise.<\/p>\n<p>Les trois axes de la proposition :<br \/>\n&#8211; La fraternit\u00e9 v\u00e9cue<br \/>\n&#8211; La fraternit\u00e9 annonc\u00e9e<br \/>\n&#8211; La fraternit\u00e9 c\u00e9l\u00e9br\u00e9e<\/p><\/div><\/div>[vc_btn title=&#8221;D\u00e9couvrir&#8221; style=&#8221;custom&#8221; custom_background=&#8221;#ef8f5f&#8221; custom_text=&#8221;#ffffff&#8221; link=&#8221;url:https%3A%2F%2Fwww.ndpo.fr%2Fcollege%2Fpastorale%2F|title:Pastorale||&#8221;][\/vc_column][\/vc_row][vc_row][vc_column][vc_single_image image=&#8221;6&#8243; img_size=&#8221;full&#8221; onclick=&#8221;custom_link&#8221; link=&#8221;https:\/\/www.ndpo.fr\/college\/blog\/&#8221;][\/vc_column][\/vc_row][vc_row][vc_column][vc_empty_space height=&#8221;50&#8243;][\/vc_column][\/vc_row][vc_row][vc_column]\n        <div class=\"rs-heading style2   center\">\n        \t<div class=\"title-inner\">\n\t            \n\t            <h2 >La vie au coll\u00e8ge<\/h2>\n\t        <\/div><\/div>[vc_row_inner][vc_column_inner width=&#8221;1\/3&#8243;]\n\t\t\t<div class=\"rs-services-style3  \">\n\t\t\t\t<div class=\"services-item rs-animation-hover\">\n\t\t\t\t    <div class=\"services-icon\">\n\t\t\t\t        <i  class=\"vc_icon_element-icon vc-material vc-material-mouse rs-animation-scale-up\"><\/i>\n\t\t\t\t    <\/div>\n\t\t\t\t    <div class=\"services-desc\">\n\t\t\t\t        <h4 class=\"services-title\"><a href=\"https:\/\/www.ecoledirecte.com\/login\" title=\"\" target=\"_blank\">Ecole Directe<\/a><\/h4>\n\t\t\t\t        <p>Le site de r\u00e9f\u00e9rence qui fait le lien<br \/>\navec la scolarit\u00e9 de votre enfant.<\/p>\n\t\t\t\t    <\/div>\n\t\t\t\t<\/div>\n\t\t\t<\/div>\n\t\t\t[\/vc_column_inner][vc_column_inner width=&#8221;1\/3&#8243;]\n\t\t\t<div class=\"rs-services-style3  \">\n\t\t\t\t<div class=\"services-item rs-animation-hover\">\n\t\t\t\t    <div class=\"services-icon\">\n\t\t\t\t        <i  class=\"vc_icon_element-icon entypo-icon entypo-icon-paper-plane rs-animation-scale-up\"><\/i>\n\t\t\t\t    <\/div>\n\t\t\t\t    <div class=\"services-desc\">\n\t\t\t\t        <h4 class=\"services-title\"><a href=\"https:\/\/www.ndpo.fr\/college\/clubs\/\" title=\"Clubs\">Clubs<\/a><\/h4>\n\t\t\t\t        <p>D\u00e9couvrez les clubs et ateliers<br \/>\npropos\u00e9 aux \u00e9l\u00e8ves au coll\u00e8ge<\/p>\n\t\t\t\t    <\/div>\n\t\t\t\t<\/div>\n\t\t\t<\/div>\n\t\t\t[\/vc_column_inner][vc_column_inner width=&#8221;1\/3&#8243;]\n\t\t\t<div class=\"rs-services-style3  \">\n\t\t\t\t<div class=\"services-item rs-animation-hover\">\n\t\t\t\t    <div class=\"services-icon\">\n\t\t\t\t        <i  class=\"vc_icon_element-icon entypo-icon entypo-icon-trophy rs-animation-scale-up\"><\/i>\n\t\t\t\t    <\/div>\n\t\t\t\t    <div class=\"services-desc\">\n\t\t\t\t        <h4 class=\"services-title\"><a href=\"https:\/\/www.ndpo.fr\/college\/club-football\/\" title=\"\" target=\"_blank\">La vie sportive<\/a><\/h4>\n\t\t\t\t        <p>Nous aimons pr\u00e9parer nos jeunes<br \/>\ndans les activit\u00e9s sportives qui les passionnent.<\/p>\n\t\t\t\t    <\/div>\n\t\t\t\t<\/div>\n\t\t\t<\/div>\n\t\t\t[\/vc_column_inner][\/vc_row_inner][vc_row_inner][vc_column_inner width=&#8221;1\/3&#8243;][\/vc_column_inner][vc_column_inner width=&#8221;1\/3&#8243;]\n\t\t\t<div class=\"rs-services-style3  \">\n\t\t\t\t<div class=\"services-item rs-animation-hover\">\n\t\t\t\t    <div class=\"services-icon\">\n\t\t\t\t        <i  class=\"vc_icon_element-icon vc_li vc_li-megaphone rs-animation-scale-up\"><\/i>\n\t\t\t\t    <\/div>\n\t\t\t\t    <div class=\"services-desc\">\n\t\t\t\t        <h4 class=\"services-title\"><a href=\"https:\/\/www.ndpo.fr\/college\/evenements\/\" title=\"Ev\u00e8nements\" target=\"_blank\">\u00c9v\u00e8nements<\/a><\/h4>\n\t\t\t\t        <p>D\u00e9couvrez les diff\u00e9rents \u00e9v\u00e8nements qui se passent<br \/>\nau coll\u00e8ge et en ext\u00e9rieur<\/p>\n\t\t\t\t    <\/div>\n\t\t\t\t<\/div>\n\t\t\t<\/div>\n\t\t\t[\/vc_column_inner][vc_column_inner width=&#8221;1\/3&#8243;][\/vc_column_inner][\/vc_row_inner][\/vc_column][\/vc_row]<\/p>\n","protected":false},"excerpt":{"rendered":"<p>[vc_row][vc_column width=&#8221;1\/2&#8243;][vc_single_image image=&#8221;191&#8243; img_size=&#8221;full&#8221;][\/vc_column][vc_column width=&#8221;1\/2&#8243;][vc_btn title=&#8221;D\u00e9couvrir&#8221; style=&#8221;custom&#8221; custom_background=&#8221;#ef8f5f&#8221; custom_text=&#8221;#ffffff&#8221; link=&#8221;url:https%3A%2F%2Fwww.ndpo.fr%2Fcollege%2Fpastorale%2F|title:Pastorale||&#8221;][\/vc_column][\/vc_row][vc_row][vc_column][vc_single_image image=&#8221;6&#8243; img_size=&#8221;full&#8221; onclick=&#8221;custom_link&#8221; link=&#8221;https:\/\/www.ndpo.fr\/college\/blog\/&#8221;][\/vc_column][\/vc_row][vc_row][vc_column][vc_empty_space height=&#8221;50&#8243;][\/vc_column][\/vc_row][vc_row][vc_column][vc_row_inner][vc_column_inner width=&#8221;1\/3&#8243;][\/vc_column_inner][vc_column_inner width=&#8221;1\/3&#8243;][\/vc_column_inner][vc_column_inner width=&#8221;1\/3&#8243;][\/vc_column_inner][\/vc_row_inner][vc_row_inner][vc_column_inner width=&#8221;1\/3&#8243;][\/vc_column_inner][vc_column_inner width=&#8221;1\/3&#8243;][\/vc_column_inner][vc_column_inner width=&#8221;1\/3&#8243;][\/vc_column_inner][\/vc_row_inner][\/vc_column]&#8230;<\/p>\n","protected":false},"author":2,"featured_media":0,"parent":0,"menu_order":0,"comment_status":"closed","ping_status":"closed","template":"","meta":{"footnotes":""},"class_list":["post-24","page","type-page","status-publish","hentry"],"_links":{"self":[{"href":"https:\/\/www.ndpo.fr\/college\/wp-json\/wp\/v2\/pages\/24","targetHints":{"allow":["GET"]}}],"collection":[{"href":"https:\/\/www.ndpo.fr\/college\/wp-json\/wp\/v2\/pages"}],"about":[{"href":"https:\/\/www.ndpo.fr\/college\/wp-json\/wp\/v2\/types\/page"}],"author":[{"embeddable":true,"href":"https:\/\/www.ndpo.fr\/college\/wp-json\/wp\/v2\/users\/2"}],"replies":[{"embeddable":true,"href":"https:\/\/www.ndpo.fr\/college\/wp-json\/wp\/v2\/comments?post=24"}],"version-history":[{"count":10,"href":"https:\/\/www.ndpo.fr\/college\/wp-json\/wp\/v2\/pages\/24\/revisions"}],"predecessor-version":[{"id":1177,"href":"https:\/\/www.ndpo.fr\/college\/wp-json\/wp\/v2\/pages\/24\/revisions\/1177"}],"wp:attachment":[{"href":"https:\/\/www.ndpo.fr\/college\/wp-json\/wp\/v2\/media?parent=24"}],"curies":[{"name":"wp","href":"https:\/\/api.w.org\/{rel}","templated":true}]}}