{"id":26,"date":"2020-08-27T16:00:55","date_gmt":"2020-08-27T14:00:55","guid":{"rendered":"https:\/\/ndpo2020.keeo.com\/college\/?page_id=26"},"modified":"2024-04-15T11:40:02","modified_gmt":"2024-04-15T09:40:02","slug":"orientation","status":"publish","type":"page","link":"https:\/\/www.ndpo.fr\/college\/orientation\/","title":{"rendered":"Orientation"},"content":{"rendered":"<p>[vc_row][vc_column width=&#8221;1\/2&#8243;][vc_single_image image=&#8221;49&#8243; img_size=&#8221;full&#8221; css_animation=&#8221;fadeIn&#8221;][\/vc_column][vc_column width=&#8221;1\/2&#8243;]\n        <div class=\"rs-heading    \">\n        \t<div class=\"title-inner\">\n\t            <span class=\"sub-text\">D\u00e9couvrir<\/span>\n\t            <h2 >Forum des m\u00e9tiers<\/h2>\n\t        <\/div><div class=\"description\"><p >Un forum des m\u00e9tiers est organis\u00e9 chaque ann\u00e9e en novembre pour les 4\u00e8me et les 3\u00e8me afin de donner la possibilit\u00e9 aux jeunes de discuter avec des professionnels des diff\u00e9rents horizons qui les int\u00e9ressent, a priori.<\/p>\n<p>C\u2019est ainsi l\u2019occasion de parler du quotidien, des comp\u00e9tences n\u00e9cessaires et des id\u00e9es pr\u00e9 con\u00e7ues sur une cinquantaine de m\u00e9tiers.<\/p><\/div><\/div>[\/vc_column][\/vc_row][vc_row][vc_column][vc_single_image image=&#8221;6&#8243; img_size=&#8221;full&#8221; onclick=&#8221;custom_link&#8221; link=&#8221;https:\/\/www.ndpo.fr\/college\/blog\/&#8221;][\/vc_column][\/vc_row][vc_row][vc_column][vc_empty_space height=&#8221;50&#8243;][\/vc_column][\/vc_row][vc_row][vc_column width=&#8221;1\/2&#8243;][vc_empty_space height=&#8221;100&#8243;]\n        <div class=\"rs-heading style2  vc_custom_1598948041108  \">\n        \t<div class=\"title-inner\">\n\t            \n\t            <h2 >Poursuites d'\u00e9tudes<\/h2>\n\t        <\/div><div class=\"description\"><p >D\u00e9couvrez les diff\u00e9rentes formations propos\u00e9es au lyc\u00e9e g\u00e9n\u00e9rale, professionnel ou \u00e0 l\u2019unit\u00e9 de formation par apprentissage de La Providence :<\/p><\/div><\/div>[vc_empty_space][vc_row_inner][vc_column_inner width=&#8221;1\/3&#8243;][vc_btn title=&#8221;G\u00c9N\u00c9RAL&#8221; style=&#8221;custom&#8221; custom_background=&#8221;#494d80&#8243; custom_text=&#8221;#ffffff&#8221; align=&#8221;center&#8221; button_block=&#8221;true&#8221; link=&#8221;url:https%3A%2F%2Fwww.ndpo.fr%2Flycee-general%2F||target:%20_blank|&#8221;][\/vc_column_inner][vc_column_inner width=&#8221;1\/3&#8243;][vc_btn title=&#8221;PROFESSIONNEL&#8221; style=&#8221;custom&#8221; custom_background=&#8221;#145374&#8243; custom_text=&#8221;#ffffff&#8221; align=&#8221;center&#8221; button_block=&#8221;true&#8221; link=&#8221;url:https%3A%2F%2Fwww.ndpo.fr%2Flycee-professionnel%2F||target:%20_blank|&#8221;][\/vc_column_inner][vc_column_inner width=&#8221;1\/3&#8243;][vc_btn title=&#8221;APPRENTISSAGE&#8221; style=&#8221;custom&#8221; custom_background=&#8221;#3e5889&#8243; custom_text=&#8221;#ffffff&#8221; align=&#8221;center&#8221; button_block=&#8221;true&#8221; link=&#8221;url:https%3A%2F%2Fwww.ndpo.fr%2Fufa%2F||target:%20_blank|&#8221;][\/vc_column_inner][\/vc_row_inner][\/vc_column][vc_column width=&#8221;1\/2&#8243;][vc_single_image image=&#8221;486&#8243; img_size=&#8221;full&#8221; css_animation=&#8221;fadeIn&#8221;][\/vc_column][\/vc_row]<\/p>\n","protected":false},"excerpt":{"rendered":"<p>[vc_row][vc_column width=&#8221;1\/2&#8243;][vc_single_image image=&#8221;49&#8243; img_size=&#8221;full&#8221; css_animation=&#8221;fadeIn&#8221;][\/vc_column][vc_column width=&#8221;1\/2&#8243;][\/vc_column][\/vc_row][vc_row][vc_column][vc_single_image image=&#8221;6&#8243; img_size=&#8221;full&#8221; onclick=&#8221;custom_link&#8221; link=&#8221;https:\/\/www.ndpo.fr\/college\/blog\/&#8221;][\/vc_column][\/vc_row][vc_row][vc_column][vc_empty_space height=&#8221;50&#8243;][\/vc_column][\/vc_row][vc_row][vc_column width=&#8221;1\/2&#8243;][vc_empty_space height=&#8221;100&#8243;][vc_empty_space][vc_row_inner][vc_column_inner width=&#8221;1\/3&#8243;][vc_btn title=&#8221;G\u00c9N\u00c9RAL&#8221; style=&#8221;custom&#8221; custom_background=&#8221;#494d80&#8243; custom_text=&#8221;#ffffff&#8221; align=&#8221;center&#8221; button_block=&#8221;true&#8221; link=&#8221;url:https%3A%2F%2Fwww.ndpo.fr%2Flycee-general%2F||target:%20_blank|&#8221;][\/vc_column_inner][vc_column_inner width=&#8221;1\/3&#8243;][vc_btn title=&#8221;PROFESSIONNEL&#8221; style=&#8221;custom&#8221; custom_background=&#8221;#145374&#8243; custom_text=&#8221;#ffffff&#8221; align=&#8221;center&#8221; button_block=&#8221;true&#8221;&#8230;<\/p>\n","protected":false},"author":2,"featured_media":0,"parent":0,"menu_order":0,"comment_status":"closed","ping_status":"closed","template":"","meta":{"footnotes":""},"class_list":["post-26","page","type-page","status-publish","hentry"],"_links":{"self":[{"href":"https:\/\/www.ndpo.fr\/college\/wp-json\/wp\/v2\/pages\/26","targetHints":{"allow":["GET"]}}],"collection":[{"href":"https:\/\/www.ndpo.fr\/college\/wp-json\/wp\/v2\/pages"}],"about":[{"href":"https:\/\/www.ndpo.fr\/college\/wp-json\/wp\/v2\/types\/page"}],"author":[{"embeddable":true,"href":"https:\/\/www.ndpo.fr\/college\/wp-json\/wp\/v2\/users\/2"}],"replies":[{"embeddable":true,"href":"https:\/\/www.ndpo.fr\/college\/wp-json\/wp\/v2\/comments?post=26"}],"version-history":[{"count":11,"href":"https:\/\/www.ndpo.fr\/college\/wp-json\/wp\/v2\/pages\/26\/revisions"}],"predecessor-version":[{"id":1500,"href":"https:\/\/www.ndpo.fr\/college\/wp-json\/wp\/v2\/pages\/26\/revisions\/1500"}],"wp:attachment":[{"href":"https:\/\/www.ndpo.fr\/college\/wp-json\/wp\/v2\/media?parent=26"}],"curies":[{"name":"wp","href":"https:\/\/api.w.org\/{rel}","templated":true}]}}