{"id":28,"date":"2020-08-27T16:01:04","date_gmt":"2020-08-27T14:01:04","guid":{"rendered":"https:\/\/ndpo2020.keeo.com\/college\/?page_id=28"},"modified":"2024-04-10T08:26:16","modified_gmt":"2024-04-10T06:26:16","slug":"blog","status":"publish","type":"page","link":"https:\/\/www.ndpo.fr\/college\/blog\/","title":{"rendered":"Blog !"},"content":{"rendered":"<p>[vc_row][vc_column]<div class=\"rs-blog-grid rs-blog \">\n\t\t\t\t\t<div class=\"row\"><div class=\"col-md-12 col-sm-12 col-xs-12\">\n\t\t\t\t\t\t\t<div class=\"blog-item\">\n\t\t\t\t\t\t\t<div class=\"blog-img\"> \n\t\t\t\t\t\t\t\t<a href=\"https:\/\/www.ndpo.fr\/college\/?post_type=post&p=1433\">\n\t\t\t\t\t\t\t\t\t<img decoding=\"async\" src=\"https:\/\/www.ndpo.fr\/app\/uploads\/sites\/5\/2024\/01\/voeux-2024-scaled.jpg\" alt=\"Voeux 2024\" \/>\n\t\t\t\t\t\t\t\t<\/a>\n\t\t\t\t\t\t\t\t<a href=\"https:\/\/www.ndpo.fr\/college\/?post_type=post&p=1433\" class=\"blog-link\"><i class=\"fa fa-link\"><\/i><\/a>\n\t\t\t\t\t\t\t<\/div>\n\t\t\t\t\t\t\t<div class=\"full-blog-content\"> \n\t\t\t\t\t\t\t<div class=\"blog-meta\"><h3 class=\"blog-title\">\n\t\t\t\t\t\t\t\t\t<a href=\"https:\/\/www.ndpo.fr\/college\/?post_type=post&p=1433\"> Voeux 2024 <\/a>\n\t\t\t\t\t\t\t\t<\/h3><\/div>\t\t\t\t\t\t\n\t\t\t\t\t\t\t\t<div class=\"blog-desc\">\n\t\t\t\t\t\t\t\t\tVoici la guirlande de v\u0153ux de 2024 des 6F,Une bonne ann\u00e9e et de la r\u00e9ussite dans vos projets\n\t\t\t\t\t\t\t\t<\/div><div class=\"blog-button\"><a href=\"https:\/\/www.ndpo.fr\/college\/?post_type=post&p=1433\">Lire plus<\/a><\/div><\/div>\n\t\t\t\t\t\t\t<\/div>\n\n\n\t\t\t\t\t<\/div><div class=\"col-md-12 col-sm-12 col-xs-12\">\n\t\t\t\t\t\t\t<div class=\"blog-item\">\n\t\t\t\t\t\t\t<div class=\"blog-img\"> \n\t\t\t\t\t\t\t\t<a href=\"https:\/\/www.ndpo.fr\/college\/?post_type=post&p=1357\">\n\t\t\t\t\t\t\t\t\t<img decoding=\"async\" src=\"https:\/\/www.ndpo.fr\/app\/uploads\/sites\/5\/2023\/09\/6ecfed3b-d077-4200-ba7a-9b930f7bff64.jpeg\" alt=\"Val Joly 2023\" \/>\n\t\t\t\t\t\t\t\t<\/a>\n\t\t\t\t\t\t\t\t<a href=\"https:\/\/www.ndpo.fr\/college\/?post_type=post&p=1357\" class=\"blog-link\"><i class=\"fa fa-link\"><\/i><\/a>\n\t\t\t\t\t\t\t<\/div>\n\t\t\t\t\t\t\t<div class=\"full-blog-content\"> \n\t\t\t\t\t\t\t<div class=\"blog-meta\"><h3 class=\"blog-title\">\n\t\t\t\t\t\t\t\t\t<a href=\"https:\/\/www.ndpo.fr\/college\/?post_type=post&p=1357\"> Val Joly 2023 <\/a>\n\t\t\t\t\t\t\t\t<\/h3><\/div>\t\t\t\t\t\t\n\t\t\t\t\t\t\t\t<div class=\"blog-desc\">\n\t\t\t\t\t\t\t\t\tUn s\u00e9jour d&#8217;int\u00e9gration d&#8217;une semaine au Val-Joly pour nos 6\u00e8mes, l&#8217;occasion de se d\u00e9couvrir, de faire connaissances &amp; de lier des amiti\u00e9s.Une belle semaine de partage entre enseignants...\n\t\t\t\t\t\t\t\t<\/div><div class=\"blog-button\"><a href=\"https:\/\/www.ndpo.fr\/college\/?post_type=post&p=1357\">Lire plus<\/a><\/div><\/div>\n\t\t\t\t\t\t\t<\/div>\n\n\n\t\t\t\t\t<\/div><div class=\"col-md-12 col-sm-12 col-xs-12\">\n\t\t\t\t\t\t\t<div class=\"blog-item\">\n\t\t\t\t\t\t\t<div class=\"blog-img\"> \n\t\t\t\t\t\t\t\t<a href=\"https:\/\/www.ndpo.fr\/college\/?post_type=post&p=1348\">\n\t\t\t\t\t\t\t\t\t<img decoding=\"async\" src=\"\" alt=\"C&#8217;est reparti !\" \/>\n\t\t\t\t\t\t\t\t<\/a>\n\t\t\t\t\t\t\t\t<a href=\"https:\/\/www.ndpo.fr\/college\/?post_type=post&p=1348\" class=\"blog-link\"><i class=\"fa fa-link\"><\/i><\/a>\n\t\t\t\t\t\t\t<\/div>\n\t\t\t\t\t\t\t<div class=\"full-blog-content\"> \n\t\t\t\t\t\t\t<div class=\"blog-meta\"><h3 class=\"blog-title\">\n\t\t\t\t\t\t\t\t\t<a href=\"https:\/\/www.ndpo.fr\/college\/?post_type=post&p=1348\"> C&#8217;est reparti ! <\/a>\n\t\t\t\t\t\t\t\t<\/h3><\/div>\t\t\t\t\t\t\n\t\t\t\t\t\t\t\t<div class=\"blog-desc\">\n\t\t\t\t\t\t\t\t\tEn forme les coll\u00e9giens ! Grand chantier de d\u00e9sherbage&#8230;Protection \u00e9colo pour les\u00a0 \ud83c\udf53 et les\ud83c\udf37! \ud83d\udc4f\ud83d\udc4f les coll\u00e9giens ! Bravo! \ud83d\udcaa\n\t\t\t\t\t\t\t\t<\/div><div class=\"blog-button\"><a href=\"https:\/\/www.ndpo.fr\/college\/?post_type=post&p=1348\">Lire plus<\/a><\/div><\/div>\n\t\t\t\t\t\t\t<\/div>\n\n\n\t\t\t\t\t<\/div><div class=\"col-md-12 col-sm-12 col-xs-12\">\n\t\t\t\t\t\t\t<div class=\"blog-item\">\n\t\t\t\t\t\t\t<div class=\"blog-img\"> \n\t\t\t\t\t\t\t\t<a href=\"https:\/\/www.ndpo.fr\/college\/?post_type=post&p=1301\">\n\t\t\t\t\t\t\t\t\t<img decoding=\"async\" src=\"https:\/\/www.ndpo.fr\/app\/uploads\/sites\/5\/2023\/05\/20230525_161216-scaled.jpg\" alt=\"Montage de la serre !\" \/>\n\t\t\t\t\t\t\t\t<\/a>\n\t\t\t\t\t\t\t\t<a href=\"https:\/\/www.ndpo.fr\/college\/?post_type=post&p=1301\" class=\"blog-link\"><i class=\"fa fa-link\"><\/i><\/a>\n\t\t\t\t\t\t\t<\/div>\n\t\t\t\t\t\t\t<div class=\"full-blog-content\"> \n\t\t\t\t\t\t\t<div class=\"blog-meta\"><h3 class=\"blog-title\">\n\t\t\t\t\t\t\t\t\t<a href=\"https:\/\/www.ndpo.fr\/college\/?post_type=post&p=1301\"> Montage de la serre ! <\/a>\n\t\t\t\t\t\t\t\t<\/h3><\/div>\t\t\t\t\t\t\n\t\t\t\t\t\t\t\t<div class=\"blog-desc\">\n\t\t\t\t\t\t\t\t\t2 \u00e8me jour : Suite &#8220;Montage Serre&#8221;encore une \u00e9tape achev\u00e9e \ud83d\udcaaTop barres aluminium , vis et boulons en place.Demain serrage de l&#8217;ensemble.Bravo aux coll\u00e9giens et merci \u00e0 Amandine...\n\t\t\t\t\t\t\t\t<\/div><div class=\"blog-button\"><a href=\"https:\/\/www.ndpo.fr\/college\/?post_type=post&p=1301\">Lire plus<\/a><\/div><\/div>\n\t\t\t\t\t\t\t<\/div>\n\n\n\t\t\t\t\t<\/div><div class=\"col-md-12 col-sm-12 col-xs-12\">\n\t\t\t\t\t\t\t<div class=\"blog-item\">\n\t\t\t\t\t\t\t<div class=\"blog-img\"> \n\t\t\t\t\t\t\t\t<a href=\"https:\/\/www.ndpo.fr\/college\/?post_type=post&p=1289\">\n\t\t\t\t\t\t\t\t\t<img decoding=\"async\" src=\"https:\/\/www.ndpo.fr\/app\/uploads\/sites\/5\/2023\/05\/20230523_153557-scaled.jpg\" alt=\"Jardinage \/ Montage\" \/>\n\t\t\t\t\t\t\t\t<\/a>\n\t\t\t\t\t\t\t\t<a href=\"https:\/\/www.ndpo.fr\/college\/?post_type=post&p=1289\" class=\"blog-link\"><i class=\"fa fa-link\"><\/i><\/a>\n\t\t\t\t\t\t\t<\/div>\n\t\t\t\t\t\t\t<div class=\"full-blog-content\"> \n\t\t\t\t\t\t\t<div class=\"blog-meta\"><h3 class=\"blog-title\">\n\t\t\t\t\t\t\t\t\t<a href=\"https:\/\/www.ndpo.fr\/college\/?post_type=post&p=1289\"> Jardinage \/ Montage <\/a>\n\t\t\t\t\t\t\t\t<\/h3><\/div>\t\t\t\t\t\t\n\t\t\t\t\t\t\t\t<div class=\"blog-desc\">\n\t\t\t\t\t\t\t\t\tQu&#8217;est ce qui se monte au coll\u00e8ge\ud83d\udd27 ?\u00a0Une serre peut \u00eatre ?\ud83d\udee0Top d\u00e9part \ud83c\udfc1Merci les coll\u00e9giens cela prends forme!Bravo !\u00a0\n\t\t\t\t\t\t\t\t<\/div><div class=\"blog-button\"><a href=\"https:\/\/www.ndpo.fr\/college\/?post_type=post&p=1289\">Lire plus<\/a><\/div><\/div>\n\t\t\t\t\t\t\t<\/div>\n\n\n\t\t\t\t\t<\/div><div class=\"col-md-12 col-sm-12 col-xs-12\">\n\t\t\t\t\t\t\t<div class=\"blog-item\">\n\t\t\t\t\t\t\t<div class=\"blog-img\"> \n\t\t\t\t\t\t\t\t<a href=\"https:\/\/www.ndpo.fr\/college\/?post_type=post&p=1281\">\n\t\t\t\t\t\t\t\t\t<img decoding=\"async\" src=\"https:\/\/www.ndpo.fr\/app\/uploads\/sites\/5\/2023\/05\/347884554_779273337270375_1617969543080099407_n.jpg\" alt=\"Street Art\" \/>\n\t\t\t\t\t\t\t\t<\/a>\n\t\t\t\t\t\t\t\t<a href=\"https:\/\/www.ndpo.fr\/college\/?post_type=post&p=1281\" class=\"blog-link\"><i class=\"fa fa-link\"><\/i><\/a>\n\t\t\t\t\t\t\t<\/div>\n\t\t\t\t\t\t\t<div class=\"full-blog-content\"> \n\t\t\t\t\t\t\t<div class=\"blog-meta\"><h3 class=\"blog-title\">\n\t\t\t\t\t\t\t\t\t<a href=\"https:\/\/www.ndpo.fr\/college\/?post_type=post&p=1281\"> Street Art <\/a>\n\t\t\t\t\t\t\t\t<\/h3><\/div>\t\t\t\t\t\t\n\t\t\t\t\t\t\t\t<div class=\"blog-desc\">\n\t\t\t\t\t\t\t\t\tUne superbe r\u00e9alisation de Hiz Graff avec les \u00e9l\u00e8ves du club \u00ab Street Art \u00bb et leur professeure d\u2019art Mme Burlion\n\t\t\t\t\t\t\t\t<\/div><div class=\"blog-button\"><a href=\"https:\/\/www.ndpo.fr\/college\/?post_type=post&p=1281\">Lire plus<\/a><\/div><\/div>\n\t\t\t\t\t\t\t<\/div>\n\n\n\t\t\t\t\t<\/div><div class=\"col-md-12 col-sm-12 col-xs-12\">\n\t\t\t\t\t\t\t<div class=\"blog-item\">\n\t\t\t\t\t\t\t<div class=\"blog-img\"> \n\t\t\t\t\t\t\t\t<a href=\"https:\/\/www.ndpo.fr\/college\/?post_type=post&p=1268\">\n\t\t\t\t\t\t\t\t\t<img decoding=\"async\" src=\"https:\/\/www.ndpo.fr\/app\/uploads\/sites\/5\/2023\/04\/20230411_153616-scaled.jpg\" alt=\"Club Jardinage\" \/>\n\t\t\t\t\t\t\t\t<\/a>\n\t\t\t\t\t\t\t\t<a href=\"https:\/\/www.ndpo.fr\/college\/?post_type=post&p=1268\" class=\"blog-link\"><i class=\"fa fa-link\"><\/i><\/a>\n\t\t\t\t\t\t\t<\/div>\n\t\t\t\t\t\t\t<div class=\"full-blog-content\"> \n\t\t\t\t\t\t\t<div class=\"blog-meta\"><h3 class=\"blog-title\">\n\t\t\t\t\t\t\t\t\t<a href=\"https:\/\/www.ndpo.fr\/college\/?post_type=post&p=1268\"> Club Jardinage <\/a>\n\t\t\t\t\t\t\t\t<\/h3><\/div>\t\t\t\t\t\t\n\t\t\t\t\t\t\t\t<div class=\"blog-desc\">\n\t\t\t\t\t\t\t\t\tNos jardiniers ont fait des essais de repiquage des semis (buternuts et petit pois)Le reste des bulbes tulipes plant\u00e9s !Et Ramassage d\u00e9chets c\u00f4t\u00e9 foyer\/carr\u00e9s potager! \ud83d\udc4f\ud83d\udc4f\n\t\t\t\t\t\t\t\t<\/div><div class=\"blog-button\"><a href=\"https:\/\/www.ndpo.fr\/college\/?post_type=post&p=1268\">Lire plus<\/a><\/div><\/div>\n\t\t\t\t\t\t\t<\/div>\n\n\n\t\t\t\t\t<\/div><div class=\"col-md-12 col-sm-12 col-xs-12\">\n\t\t\t\t\t\t\t<div class=\"blog-item\">\n\t\t\t\t\t\t\t<div class=\"blog-img\"> \n\t\t\t\t\t\t\t\t<a href=\"https:\/\/www.ndpo.fr\/college\/?post_type=post&p=1240\">\n\t\t\t\t\t\t\t\t\t<img decoding=\"async\" src=\"\" alt=\"La Belle Histoire\" \/>\n\t\t\t\t\t\t\t\t<\/a>\n\t\t\t\t\t\t\t\t<a href=\"https:\/\/www.ndpo.fr\/college\/?post_type=post&p=1240\" class=\"blog-link\"><i class=\"fa fa-link\"><\/i><\/a>\n\t\t\t\t\t\t\t<\/div>\n\t\t\t\t\t\t\t<div class=\"full-blog-content\"> \n\t\t\t\t\t\t\t<div class=\"blog-meta\"><h3 class=\"blog-title\">\n\t\t\t\t\t\t\t\t\t<a href=\"https:\/\/www.ndpo.fr\/college\/?post_type=post&p=1240\"> La Belle Histoire <\/a>\n\t\t\t\t\t\t\t\t<\/h3><\/div>\t\t\t\t\t\t\n\t\t\t\t\t\t\t\t<div class=\"blog-desc\">\n\t\t\t\t\t\t\t\t\tAu coll\u00e8ge ce matin, la troupe de th\u00e9\u00e2tre de &#8220;La Belle Histoire&#8221; nous a fait le plaisir de nous interpr\u00e9ter &#8220;Les Mis\u00e9rables&#8221;. La pi\u00e8ce, \u00e9crite de toute pi\u00e8ce...\n\t\t\t\t\t\t\t\t<\/div><div class=\"blog-button\"><a href=\"https:\/\/www.ndpo.fr\/college\/?post_type=post&p=1240\">Lire plus<\/a><\/div><\/div>\n\t\t\t\t\t\t\t<\/div>\n\n\n\t\t\t\t\t<\/div><div class=\"col-md-12 col-sm-12 col-xs-12\">\n\t\t\t\t\t\t\t<div class=\"blog-item\">\n\t\t\t\t\t\t\t<div class=\"blog-img\"> \n\t\t\t\t\t\t\t\t<a href=\"https:\/\/www.ndpo.fr\/college\/?post_type=post&p=1223\">\n\t\t\t\t\t\t\t\t\t<img decoding=\"async\" src=\"\" alt=\"La Chevalerie\" \/>\n\t\t\t\t\t\t\t\t<\/a>\n\t\t\t\t\t\t\t\t<a href=\"https:\/\/www.ndpo.fr\/college\/?post_type=post&p=1223\" class=\"blog-link\"><i class=\"fa fa-link\"><\/i><\/a>\n\t\t\t\t\t\t\t<\/div>\n\t\t\t\t\t\t\t<div class=\"full-blog-content\"> \n\t\t\t\t\t\t\t<div class=\"blog-meta\"><h3 class=\"blog-title\">\n\t\t\t\t\t\t\t\t\t<a href=\"https:\/\/www.ndpo.fr\/college\/?post_type=post&p=1223\"> La Chevalerie <\/a>\n\t\t\t\t\t\t\t\t<\/h3><\/div>\t\t\t\t\t\t\n\t\t\t\t\t\t\t\t<div class=\"blog-desc\">\n\t\t\t\t\t\t\t\t\tLes 5 \u00e8me ont assist\u00e9 \u00e0 une journ\u00e9e chevalerie l\u2019occasion de se replonger dans la chevalerie du XIIIe si\u00e8cle !- Atelier blason &#8211; D\u00e9couverte du mode de vie...\n\t\t\t\t\t\t\t\t<\/div><div class=\"blog-button\"><a href=\"https:\/\/www.ndpo.fr\/college\/?post_type=post&p=1223\">Lire plus<\/a><\/div><\/div>\n\t\t\t\t\t\t\t<\/div>\n\n\n\t\t\t\t\t<\/div><div class=\"col-md-12 col-sm-12 col-xs-12\">\n\t\t\t\t\t\t\t<div class=\"blog-item\">\n\t\t\t\t\t\t\t<div class=\"blog-img\"> \n\t\t\t\t\t\t\t\t<a href=\"https:\/\/www.ndpo.fr\/college\/?post_type=post&p=1215\">\n\t\t\t\t\t\t\t\t\t<img decoding=\"async\" src=\"https:\/\/www.ndpo.fr\/app\/uploads\/sites\/5\/2023\/04\/IMG_2229.jpg\" alt=\"Neurosciences\" \/>\n\t\t\t\t\t\t\t\t<\/a>\n\t\t\t\t\t\t\t\t<a href=\"https:\/\/www.ndpo.fr\/college\/?post_type=post&p=1215\" class=\"blog-link\"><i class=\"fa fa-link\"><\/i><\/a>\n\t\t\t\t\t\t\t<\/div>\n\t\t\t\t\t\t\t<div class=\"full-blog-content\"> \n\t\t\t\t\t\t\t<div class=\"blog-meta\"><h3 class=\"blog-title\">\n\t\t\t\t\t\t\t\t\t<a href=\"https:\/\/www.ndpo.fr\/college\/?post_type=post&p=1215\"> Neurosciences <\/a>\n\t\t\t\t\t\t\t\t<\/h3><\/div>\t\t\t\t\t\t\n\t\t\t\t\t\t\t\t<div class=\"blog-desc\">\n\t\t\t\t\t\t\t\t\tComment fonctionne ton cerveau ? Apprendre \u00e0 apprendre ! Savoir se relaxer avant une \u00e9valuation\u2026 le module neurosciences pour nos \u00e9l\u00e8ves de 5\u00e8me est fait pour \u00e7a !\n\t\t\t\t\t\t\t\t<\/div><div class=\"blog-button\"><a href=\"https:\/\/www.ndpo.fr\/college\/?post_type=post&p=1215\">Lire plus<\/a><\/div><\/div>\n\t\t\t\t\t\t\t<\/div>\n\n\n\t\t\t\t\t<\/div><\/div>\n\t\t\t<\/div>[\/vc_column][\/vc_row]<\/p>\n","protected":false},"excerpt":{"rendered":"<p>[vc_row][vc_column][\/vc_column]&#8230;<\/p>\n","protected":false},"author":2,"featured_media":0,"parent":0,"menu_order":0,"comment_status":"closed","ping_status":"closed","template":"","meta":{"footnotes":""},"class_list":["post-28","page","type-page","status-publish","hentry"],"_links":{"self":[{"href":"https:\/\/www.ndpo.fr\/college\/wp-json\/wp\/v2\/pages\/28","targetHints":{"allow":["GET"]}}],"collection":[{"href":"https:\/\/www.ndpo.fr\/college\/wp-json\/wp\/v2\/pages"}],"about":[{"href":"https:\/\/www.ndpo.fr\/college\/wp-json\/wp\/v2\/types\/page"}],"author":[{"embeddable":true,"href":"https:\/\/www.ndpo.fr\/college\/wp-json\/wp\/v2\/users\/2"}],"replies":[{"embeddable":true,"href":"https:\/\/www.ndpo.fr\/college\/wp-json\/wp\/v2\/comments?post=28"}],"version-history":[{"count":4,"href":"https:\/\/www.ndpo.fr\/college\/wp-json\/wp\/v2\/pages\/28\/revisions"}],"predecessor-version":[{"id":426,"href":"https:\/\/www.ndpo.fr\/college\/wp-json\/wp\/v2\/pages\/28\/revisions\/426"}],"wp:attachment":[{"href":"https:\/\/www.ndpo.fr\/college\/wp-json\/wp\/v2\/media?parent=28"}],"curies":[{"name":"wp","href":"https:\/\/api.w.org\/{rel}","templated":true}]}}