{"id":382,"date":"2021-05-25T12:44:21","date_gmt":"2021-05-25T10:44:21","guid":{"rendered":"https:\/\/ndpo2020.keeo.com\/college\/?page_id=382"},"modified":"2022-07-04T16:58:57","modified_gmt":"2022-07-04T14:58:57","slug":"street_art","status":"publish","type":"page","link":"https:\/\/www.ndpo.fr\/college\/street_art\/","title":{"rendered":"Street Art"},"content":{"rendered":"<p>[vc_row][vc_column width=&#8221;1\/2&#8243;][vc_single_image image=&#8221;397&#8243; img_size=&#8221;full&#8221;][\/vc_column][vc_column width=&#8221;1\/2&#8243;]\n        <div class=\"rs-heading style2   \">\n        \t<div class=\"title-inner\">\n\t            \n\t            <h2 >Club Sreet Art<\/h2>\n\t        <\/div><div class=\"description\"><p >Ce club est propos\u00e9 par Mme Burlion, elle l&#8217;anime 1 fois par semaine avec des \u00e9l\u00e8ves volontaires.<\/p><\/div><\/div>[\/vc_column][\/vc_row][vc_row][vc_column][vc_empty_space height=&#8221;50&#8243;][\/vc_column][\/vc_row][vc_row][vc_column]\n        <div class=\"rs-heading style2   center\">\n        \t<div class=\"title-inner\">\n\t            \n\t            <h2 >Quelques images ...<\/h2>\n\t        <\/div><\/div>[vc_media_grid grid_id=&#8221;vc_gid:1656945623276-79c65f3b39827a6e1b7cfd0d134849b0-3&#8243; include=&#8221;391,384,385,393,386,387,390,388,392,389,552,551,550,549,548&#8243;][\/vc_column][\/vc_row][vc_row][vc_column][vc_column_text]<\/p>\n<div dir=\"auto\" style=\"text-align: center;\">L&#8217;atelier Street&#8217;Art expose sa 2\u00e8me toile collective sans les couloirs du coll\u00e8ge.<br \/>\nMerci aux \u00e9l\u00e8ves qui ont particip\u00e9 activement \u00e0 sa r\u00e9alisation.<br \/>\nC.Burlion<\/div>\n<p>[\/vc_column_text][\/vc_column][\/vc_row][vc_row][vc_column][vc_media_grid element_width=&#8221;3&#8243; grid_id=&#8221;vc_gid:1656946056937-5c31db9d-aebc-3&#8243; include=&#8221;1098,1101,1100,1099&#8243;][\/vc_column][\/vc_row]<\/p>\n","protected":false},"excerpt":{"rendered":"<p>[vc_row][vc_column width=&#8221;1\/2&#8243;][vc_single_image image=&#8221;397&#8243; img_size=&#8221;full&#8221;][\/vc_column][vc_column width=&#8221;1\/2&#8243;][\/vc_column][\/vc_row][vc_row][vc_column][vc_empty_space height=&#8221;50&#8243;][\/vc_column][\/vc_row][vc_row][vc_column][vc_media_grid grid_id=&#8221;vc_gid:1656945623276-79c65f3b39827a6e1b7cfd0d134849b0-3&#8243; include=&#8221;391,384,385,393,386,387,390,388,392,389,552,551,550,549,548&#8243;][\/vc_column][\/vc_row][vc_row][vc_column][vc_column_text] L&#8217;atelier Street&#8217;Art expose sa 2\u00e8me toile collective sans les couloirs du coll\u00e8ge. Merci aux \u00e9l\u00e8ves qui ont particip\u00e9 activement \u00e0&#8230;<\/p>\n","protected":false},"author":2,"featured_media":0,"parent":0,"menu_order":0,"comment_status":"closed","ping_status":"closed","template":"","meta":{"footnotes":""},"class_list":["post-382","page","type-page","status-publish","hentry"],"_links":{"self":[{"href":"https:\/\/www.ndpo.fr\/college\/wp-json\/wp\/v2\/pages\/382","targetHints":{"allow":["GET"]}}],"collection":[{"href":"https:\/\/www.ndpo.fr\/college\/wp-json\/wp\/v2\/pages"}],"about":[{"href":"https:\/\/www.ndpo.fr\/college\/wp-json\/wp\/v2\/types\/page"}],"author":[{"embeddable":true,"href":"https:\/\/www.ndpo.fr\/college\/wp-json\/wp\/v2\/users\/2"}],"replies":[{"embeddable":true,"href":"https:\/\/www.ndpo.fr\/college\/wp-json\/wp\/v2\/comments?post=382"}],"version-history":[{"count":6,"href":"https:\/\/www.ndpo.fr\/college\/wp-json\/wp\/v2\/pages\/382\/revisions"}],"predecessor-version":[{"id":1102,"href":"https:\/\/www.ndpo.fr\/college\/wp-json\/wp\/v2\/pages\/382\/revisions\/1102"}],"wp:attachment":[{"href":"https:\/\/www.ndpo.fr\/college\/wp-json\/wp\/v2\/media?parent=382"}],"curies":[{"name":"wp","href":"https:\/\/api.w.org\/{rel}","templated":true}]}}