{"id":433,"date":"2021-06-07T09:41:48","date_gmt":"2021-06-07T07:41:48","guid":{"rendered":"https:\/\/ndpo2020.keeo.com\/college\/?page_id=433"},"modified":"2023-10-09T16:12:55","modified_gmt":"2023-10-09T14:12:55","slug":"club-couture","status":"publish","type":"page","link":"https:\/\/www.ndpo.fr\/college\/club-couture\/","title":{"rendered":"Club Couture"},"content":{"rendered":"<p>[vc_row][vc_column width=&#8221;1\/2&#8243;][vc_raw_html]JTNDaWZyYW1lJTIwd2lkdGglM0QlMjI1NjAlMjIlMjBoZWlnaHQlM0QlMjIzMTUlMjIlMjBzcmMlM0QlMjJodHRwcyUzQSUyRiUyRnd3dy55b3V0dWJlLmNvbSUyRmVtYmVkJTJGQnZhM3dndnBNN00lMjIlMjB0aXRsZSUzRCUyMllvdVR1YmUlMjB2aWRlbyUyMHBsYXllciUyMiUyMGZyYW1lYm9yZGVyJTNEJTIyMCUyMiUyMGFsbG93JTNEJTIyYWNjZWxlcm9tZXRlciUzQiUyMGF1dG9wbGF5JTNCJTIwY2xpcGJvYXJkLXdyaXRlJTNCJTIwZW5jcnlwdGVkLW1lZGlhJTNCJTIwZ3lyb3Njb3BlJTNCJTIwcGljdHVyZS1pbi1waWN0dXJlJTIyJTIwYWxsb3dmdWxsc2NyZWVuJTNFJTNDJTJGaWZyYW1lJTNF[\/vc_raw_html][\/vc_column][vc_column width=&#8221;1\/2&#8243;]\n        <div class=\"rs-heading style2   \">\n        \t<div class=\"title-inner\">\n\t            \n\t            <h2 >Club couture<\/h2>\n\t        <\/div><div class=\"description\"><p >le club\u00a0de couture <\/p>\n<p>Le club est ouvert \u00e0 tous les \u00e9l\u00e8ves du coll\u00e8ge, gar\u00e7ons et filles, de la 6\u00e8me \u00e0 la 3\u00e8me.<br \/>\nLes s\u00e9ances hebdomadaires durent une demi-heure.<br \/>\nDans l&#8217;ann\u00e9e, un semestre est en g\u00e9n\u00e9ral consacr\u00e9 au tricot et l&#8217;autre \u00e0 la couture.<br \/>Ce club s&#8217;adresse avant tout \u00e0 des \u00e9l\u00e8ves d\u00e9butants mais nous\u00a0pouvons aussi accueillir des jeunes sachant d\u00e9j\u00e0 coudre ou tricoter.<br \/>Les \u00e9l\u00e8ves, encadr\u00e9s par deux enseignantes,\u00a0apprennent \u00e0 leur\u00a0rythme dans une ambiance d\u00e9tendue.<\/p>\n<p>Tous les mardis <br \/>de 12h05 \u00e0 12h35 pour les 4 \u00e8me et 3 \u00e8me<br \/>et de 12h35 \u00e0 13h05 pour les 6\u00e8me et 5\u00e8me.<br \/>Madame Favier et Madame Menin.<\/p><\/div><\/div>[\/vc_column][\/vc_row][vc_row][vc_column][vc_empty_space height=&#8221;50&#8243;][\/vc_column][\/vc_row][vc_row][vc_column]\n        <div class=\"rs-heading style2   center\">\n        \t<div class=\"title-inner\">\n\t            \n\t            <h2 >Quelques images ...<\/h2>\n\t        <\/div><\/div>[vc_single_image image=&#8221;678&#8243;][\/vc_column][\/vc_row][vc_row][vc_column][vc_media_grid grid_id=&#8221;vc_gid:1696860483753-c626ddcfb9cdf0e2591b6e68fb3fd50f-9&#8243;][\/vc_column][\/vc_row]<\/p>\n","protected":false},"excerpt":{"rendered":"<p>[vc_row][vc_column width=&#8221;1\/2&#8243;][vc_raw_html]JTNDaWZyYW1lJTIwd2lkdGglM0QlMjI1NjAlMjIlMjBoZWlnaHQlM0QlMjIzMTUlMjIlMjBzcmMlM0QlMjJodHRwcyUzQSUyRiUyRnd3dy55b3V0dWJlLmNvbSUyRmVtYmVkJTJGQnZhM3dndnBNN00lMjIlMjB0aXRsZSUzRCUyMllvdVR1YmUlMjB2aWRlbyUyMHBsYXllciUyMiUyMGZyYW1lYm9yZGVyJTNEJTIyMCUyMiUyMGFsbG93JTNEJTIyYWNjZWxlcm9tZXRlciUzQiUyMGF1dG9wbGF5JTNCJTIwY2xpcGJvYXJkLXdyaXRlJTNCJTIwZW5jcnlwdGVkLW1lZGlhJTNCJTIwZ3lyb3Njb3BlJTNCJTIwcGljdHVyZS1pbi1waWN0dXJlJTIyJTIwYWxsb3dmdWxsc2NyZWVuJTNFJTNDJTJGaWZyYW1lJTNF[\/vc_raw_html][\/vc_column][vc_column width=&#8221;1\/2&#8243;][\/vc_column][\/vc_row][vc_row][vc_column][vc_empty_space height=&#8221;50&#8243;][\/vc_column][\/vc_row][vc_row][vc_column][vc_single_image image=&#8221;678&#8243;][\/vc_column][\/vc_row][vc_row][vc_column][vc_media_grid grid_id=&#8221;vc_gid:1696860483753-c626ddcfb9cdf0e2591b6e68fb3fd50f-9&#8243;][\/vc_column]&#8230;<\/p>\n","protected":false},"author":2,"featured_media":0,"parent":0,"menu_order":0,"comment_status":"closed","ping_status":"closed","template":"","meta":{"footnotes":""},"class_list":["post-433","page","type-page","status-publish","hentry"],"_links":{"self":[{"href":"https:\/\/www.ndpo.fr\/college\/wp-json\/wp\/v2\/pages\/433","targetHints":{"allow":["GET"]}}],"collection":[{"href":"https:\/\/www.ndpo.fr\/college\/wp-json\/wp\/v2\/pages"}],"about":[{"href":"https:\/\/www.ndpo.fr\/college\/wp-json\/wp\/v2\/types\/page"}],"author":[{"embeddable":true,"href":"https:\/\/www.ndpo.fr\/college\/wp-json\/wp\/v2\/users\/2"}],"replies":[{"embeddable":true,"href":"https:\/\/www.ndpo.fr\/college\/wp-json\/wp\/v2\/comments?post=433"}],"version-history":[{"count":6,"href":"https:\/\/www.ndpo.fr\/college\/wp-json\/wp\/v2\/pages\/433\/revisions"}],"predecessor-version":[{"id":1428,"href":"https:\/\/www.ndpo.fr\/college\/wp-json\/wp\/v2\/pages\/433\/revisions\/1428"}],"wp:attachment":[{"href":"https:\/\/www.ndpo.fr\/college\/wp-json\/wp\/v2\/media?parent=433"}],"curies":[{"name":"wp","href":"https:\/\/api.w.org\/{rel}","templated":true}]}}