{"id":10,"date":"2020-09-01T15:35:19","date_gmt":"2020-09-01T13:35:19","guid":{"rendered":"https:\/\/ndpo2020.keeo.com\/elementaire\/?page_id=10"},"modified":"2026-04-15T14:39:18","modified_gmt":"2026-04-15T12:39:18","slug":"presentation","status":"publish","type":"page","link":"https:\/\/www.ndpo.fr\/elementaire\/presentation\/","title":{"rendered":"Pr\u00e9sentation"},"content":{"rendered":"<p>[vc_row][vc_column width=&#8221;1\/2&#8243;][vc_single_image image=&#8221;47&#8243; img_size=&#8221;full&#8221;][\/vc_column][vc_column width=&#8221;1\/2&#8243;]\n        <div class=\"rs-heading    \">\n        \t<div class=\"title-inner\">\n\t            <span class=\"sub-text\">Bienvenue \u00e0 La Providence<\/span>\n\t            <h2 >Mot de la cheffe d'\u00e9tablissement<\/h2>\n\t        <\/div><div class=\"description\"><p >L&#8217;\u00e9cole Notre Dame de la Providence se veut un \u00e9tablissement d&#8217;enseignement, de bienveillance et d&#8217;\u00e9coute entre tous les acteurs de la structure.<\/p>\n<p>L&#8217;accompagnement \u00e9ducatif et p\u00e9dagogique de l&#8217;enfant, de la maternelle jusqu&#8217;au CM2, donne toute son importance \u00e0 l&#8217;apprentissage de la pers\u00e9v\u00e9rance dans le travail, au respect du rythme de chacun et au bien vivre ensemble.<\/p>\n<p>Afin de garantir au mieux l&#8217;\u00e9panouissement intellectuel et social de l&#8217;\u00e9l\u00e8ve, l&#8217;ensemble de la communaut\u00e9 \u00e9ducative travaille de concert pour le mener au mieux vers le coll\u00e8ge et semer en lui les pr\u00e9mices des valeurs essentielles qui forment les adultes de demain.<\/p>\n<p>Sandrine BRUNELLE<\/p><\/div><\/div>[vc_btn title=&#8221;Nos \u00e9quipes&#8221; style=&#8221;custom&#8221; custom_background=&#8221;#f8b634&#8243; custom_text=&#8221;#ffffff&#8221; link=&#8221;url:https%3A%2F%2Fwww.ndpo.fr%2Felementaire%2Flequipe-educative%2F|title:L%E2%80%99%C3%A9quipe%20%C3%A9ducative||&#8221;][\/vc_column][\/vc_row][vc_row][vc_column][vc_empty_space height=&#8221;50&#8243;][\/vc_column][\/vc_row][vc_row][vc_column width=&#8221;1\/2&#8243;]\n        <div class=\"rs-heading style2   \">\n        \t<div class=\"title-inner\">\n\t            \n\t            <h2 >Nos valeurs<\/h2>\n\t        <\/div><div class=\"description\"><p >Inscrire son enfant \u00e0 l\u2019\u00e9cole Notre Dame de la Providence, c\u2019est adh\u00e9rer\u00a0 au projet Educatif, r\u00e9dig\u00e9 par la Communaut\u00e9 Educative* de l\u2019\u00e9tablissement. Le projet Educatif donne du sens \u00e0 ce qui est v\u00e9cu dans l\u2019\u00e9tablissement et r\u00e9pond \u00e0 la question\u00a0:<\/p>\n<p>&nbsp;<\/p>\n<p><strong><em>\u00ab\u00a0Quels futurs adultes souhaitons-nous former aujourd\u2019hui pour demain\u00a0?\u00a0\u00bb<\/em><\/strong><\/p><\/div><\/div>[vc_row_inner css=&#8221;.vc_custom_1607508681191{margin-top: -30px !important;}&#8221;][vc_column_inner width=&#8221;1\/2&#8243;][\/vc_column_inner][vc_column_inner width=&#8221;1\/2&#8243;][\/vc_column_inner][\/vc_row_inner][\/vc_column][vc_column width=&#8221;1\/2&#8243;][vc_single_image image=&#8221;43&#8243; img_size=&#8221;full&#8221;][\/vc_column][\/vc_row][vc_row][vc_column][vc_empty_space height=&#8221;50&#8243;][\/vc_column][\/vc_row][vc_row][vc_column]\n        <div class=\"rs-heading style2   center\">\n        \t<div class=\"title-inner\">\n\t            \n\t            <h2 >En savoir plus<\/h2>\n\t        <\/div><\/div>[vc_row_inner css=&#8221;.vc_custom_1607508715125{margin-top: -50px !important;}&#8221;][vc_column_inner width=&#8221;1\/3&#8243;]\n\t\t\t<div class=\"rs-services-style3  \">\n\t\t\t\t<div class=\"services-item rs-animation-hover\">\n\t\t\t\t    <div class=\"services-icon\">\n\t\t\t\t        <i  class=\"vc_icon_element-icon vc_li vc_li-search rs-animation-scale-up\"><\/i>\n\t\t\t\t    <\/div>\n\t\t\t\t    <div class=\"services-desc\">\n\t\t\t\t        <h4 class=\"services-title\"><a href=\"https:\/\/www.ndpo.fr\/app\/uploads\/sites\/6\/2023\/06\/INSTITUTION-NDPO-projet-educatif.pdf\" title=\"Consulter le PDF\" target=\"_blank\">Projet \u00e9ducatif<\/a><\/h4>\n\t\t\t\t        <p>D\u00e9couvrez le projet \u00e9ducatif<br \/>\nde l&#8217;\u00e9cole maternelle et \u00e9l\u00e9mentaire<\/p>\n\t\t\t\t    <\/div>\n\t\t\t\t<\/div>\n\t\t\t<\/div>\n\t\t\t[\/vc_column_inner][vc_column_inner width=&#8221;1\/3&#8243;]\n\t\t\t<div class=\"rs-services-style3  \">\n\t\t\t\t<div class=\"services-item rs-animation-hover\">\n\t\t\t\t    <div class=\"services-icon\">\n\t\t\t\t        <i  class=\"vc_icon_element-icon vc_li vc_li-food rs-animation-scale-up\"><\/i>\n\t\t\t\t    <\/div>\n\t\t\t\t    <div class=\"services-desc\">\n\t\t\t\t        <h4 class=\"services-title\"><a href=\"https:\/\/sites.google.com\/api-restauration.com\/menus-api-ndp-orchies\/soyons-complices-%C3%A0-table\" title=\"Consulter\" target=\"_blank\">Les menus de la cantine<\/a><\/h4>\n\t\t\t\t        <p>Consultez les menus du restaurant scolaire<br \/>\nde l&#8217;\u00e9cole maternelle et \u00e9l\u00e9mentaire<\/p>\n\t\t\t\t    <\/div>\n\t\t\t\t<\/div>\n\t\t\t<\/div>\n\t\t\t[\/vc_column_inner][vc_column_inner width=&#8221;1\/3&#8243;]\n\t\t\t<div class=\"rs-services-style3  \">\n\t\t\t\t<div class=\"services-item rs-animation-hover\">\n\t\t\t\t    <div class=\"services-icon\">\n\t\t\t\t        <i  class=\"vc_icon_element-icon vc_li vc_li-user rs-animation-scale-up\"><\/i>\n\t\t\t\t    <\/div>\n\t\t\t\t    <div class=\"services-desc\">\n\t\t\t\t        <h4 class=\"services-title\"><a href=\"https:\/\/www.ndpo.fr\/elementaire\/classes\/\" title=\"Consulter le PDF\">Les classes et professeurs<\/a><\/h4>\n\t\t\t\t        <p>Consultez les r\u00e9partitions de classes<br \/>\net les professeurs associ\u00e9s<\/p>\n\t\t\t\t    <\/div>\n\t\t\t\t<\/div>\n\t\t\t<\/div>\n\t\t\t[\/vc_column_inner][\/vc_row_inner][\/vc_column][\/vc_row][vc_row][vc_column][vc_empty_space height=&#8221;50&#8243;][\/vc_column][\/vc_row][vc_row full_width=&#8221;stretch_row&#8221; parallax=&#8221;content-moving&#8221; parallax_image=&#8221;115&#8243; css=&#8221;.vc_custom_1607517226407{padding-bottom: 30px !important;background-color: #f8b634 !important;}&#8221;][vc_column width=&#8221;1\/3&#8243;]\n\t<div class=\"counter-top-area style-light border-style\" >\n    <div class=\"rs-counter-list\">\n\t\t\n        <div class=\"count-text\"><div class=\"count-number\"><h3 class=\"rs-counter\">300<\/h3><\/div>         \n        <h4>\u00e9l\u00e8ves de la maternelleau CM2<\/h4><\/div>\n    <\/div><\/div>[\/vc_column][vc_column width=&#8221;1\/3&#8243;]\n\t<div class=\"counter-top-area style-light border-style\" >\n    <div class=\"rs-counter-list\">\n\t\t\n        <div class=\"count-text\"><div class=\"count-number\"><h3 class=\"rs-counter\">11<\/h3><\/div>         \n        <h4>classes<\/h4><\/div>\n    <\/div><\/div>[\/vc_column][vc_column width=&#8221;1\/3&#8243;]\n\t<div class=\"counter-top-area style-light border-style\" >\n    <div class=\"rs-counter-list\">\n\t\t\n        <div class=\"count-text\"><div class=\"count-number\"><h3 class=\"rs-counter\">15<\/h3><\/div>         \n        <h4>professeurs<\/h4><\/div>\n    <\/div><\/div>[\/vc_column][\/vc_row]<\/p>\n","protected":false},"excerpt":{"rendered":"<p>[vc_row][vc_column width=&#8221;1\/2&#8243;][vc_single_image image=&#8221;47&#8243; img_size=&#8221;full&#8221;][\/vc_column][vc_column width=&#8221;1\/2&#8243;][vc_btn title=&#8221;Nos \u00e9quipes&#8221; style=&#8221;custom&#8221; custom_background=&#8221;#f8b634&#8243; custom_text=&#8221;#ffffff&#8221; link=&#8221;url:https%3A%2F%2Fwww.ndpo.fr%2Felementaire%2Flequipe-educative%2F|title:L%E2%80%99%C3%A9quipe%20%C3%A9ducative||&#8221;][\/vc_column][\/vc_row][vc_row][vc_column][vc_empty_space height=&#8221;50&#8243;][\/vc_column][\/vc_row][vc_row][vc_column width=&#8221;1\/2&#8243;][vc_row_inner css=&#8221;.vc_custom_1607508681191{margin-top: -30px !important;}&#8221;][vc_column_inner width=&#8221;1\/2&#8243;][\/vc_column_inner][vc_column_inner width=&#8221;1\/2&#8243;][\/vc_column_inner][\/vc_row_inner][\/vc_column][vc_column width=&#8221;1\/2&#8243;][vc_single_image image=&#8221;43&#8243; img_size=&#8221;full&#8221;][\/vc_column][\/vc_row][vc_row][vc_column][vc_empty_space height=&#8221;50&#8243;][\/vc_column][\/vc_row][vc_row][vc_column][vc_row_inner css=&#8221;.vc_custom_1607508715125{margin-top: -50px !important;}&#8221;][vc_column_inner width=&#8221;1\/3&#8243;][\/vc_column_inner][vc_column_inner width=&#8221;1\/3&#8243;][\/vc_column_inner][vc_column_inner width=&#8221;1\/3&#8243;][\/vc_column_inner][\/vc_row_inner][\/vc_column][\/vc_row][vc_row][vc_column][vc_empty_space&#8230;<\/p>\n","protected":false},"author":2,"featured_media":0,"parent":0,"menu_order":0,"comment_status":"closed","ping_status":"closed","template":"","meta":{"footnotes":""},"class_list":["post-10","page","type-page","status-publish","hentry"],"_links":{"self":[{"href":"https:\/\/www.ndpo.fr\/elementaire\/wp-json\/wp\/v2\/pages\/10","targetHints":{"allow":["GET"]}}],"collection":[{"href":"https:\/\/www.ndpo.fr\/elementaire\/wp-json\/wp\/v2\/pages"}],"about":[{"href":"https:\/\/www.ndpo.fr\/elementaire\/wp-json\/wp\/v2\/types\/page"}],"author":[{"embeddable":true,"href":"https:\/\/www.ndpo.fr\/elementaire\/wp-json\/wp\/v2\/users\/2"}],"replies":[{"embeddable":true,"href":"https:\/\/www.ndpo.fr\/elementaire\/wp-json\/wp\/v2\/comments?post=10"}],"version-history":[{"count":19,"href":"https:\/\/www.ndpo.fr\/elementaire\/wp-json\/wp\/v2\/pages\/10\/revisions"}],"predecessor-version":[{"id":1083,"href":"https:\/\/www.ndpo.fr\/elementaire\/wp-json\/wp\/v2\/pages\/10\/revisions\/1083"}],"wp:attachment":[{"href":"https:\/\/www.ndpo.fr\/elementaire\/wp-json\/wp\/v2\/media?parent=10"}],"curies":[{"name":"wp","href":"https:\/\/api.w.org\/{rel}","templated":true}]}}