{"id":130,"date":"2020-12-16T09:28:13","date_gmt":"2020-12-16T08:28:13","guid":{"rendered":"https:\/\/ndpo2020.keeo.com\/elementaire\/?page_id=130"},"modified":"2024-08-23T15:33:03","modified_gmt":"2024-08-23T13:33:03","slug":"classes","status":"publish","type":"page","link":"https:\/\/www.ndpo.fr\/elementaire\/classes\/","title":{"rendered":"Classes"},"content":{"rendered":"<p>[vc_row][vc_column width=&#8221;1\/2&#8243;][vc_single_image image=&#8221;60&#8243; img_size=&#8221;full&#8221; css_animation=&#8221;fadeInDown&#8221;][\/vc_column][vc_column width=&#8221;1\/2&#8243;]\n        <div class=\"rs-heading style2   \">\n        \t<div class=\"title-inner\">\n\t            \n\t            <h2 >Classes maternelles<\/h2>\n\t        <\/div><div class=\"description\"><p ><strong>Tr\u00e8s Petite Section &#8211; Petite Section (TPS &#8211; PS)<\/strong><br \/>\nMme S\u00e9verine BERTHE<\/p>\n<p><strong>Moyenne Section (MS)<\/strong><br \/>\nMme Claire MARCOTTE<\/p>\n<p><strong>Petite et Moyenne Section (PS -MS)<\/strong><br \/>\nMme Marie-Claire MEURISSE<\/p>\n<p><strong>Grande Section (GS)<\/strong><br \/>\nMme Aur\u00e9lie MOLLET<\/p><\/div><\/div>[\/vc_column][vc_column][vc_empty_space][\/vc_column][\/vc_row][vc_row][vc_column width=&#8221;1\/2&#8243;]\n        <div class=\"rs-heading style2   \">\n        \t<div class=\"title-inner\">\n\t            \n\t            <h2 >Classes \u00e9l\u00e9mentaires<\/h2>\n\t        <\/div><div class=\"description\"><p ><strong>CP<\/strong><br \/>\nMme Fran\u00e7oise BENDLEWSKI<\/p>\n<p><strong>CE1\u00a0<\/strong><br \/>\nMme Isabelle GRAUX<\/p>\n<p><strong>CE2<\/strong><br \/>\nMme Sandrine BRUNELLE et Mme \u00c9milie POTIER<\/p>\n<p><strong>CE2 &#8211; CM1<\/strong><br \/>\nM. Simon PRIEM<\/p>\n<p><strong>CM1<\/strong><br \/>\nM. Mathieu NOULEZ<\/p>\n<p><strong>CM1 &#8211; CM2\u00a0<\/strong><br \/>\nMme Cryrielle LECHEVIN<\/p>\n<p><strong>CM2 <\/strong><br \/>\nMme Malorie OUTIRITE<\/p>\n<p><\/p><\/div><\/div>[\/vc_column][vc_column width=&#8221;1\/2&#8243;][vc_single_image image=&#8221;61&#8243; img_size=&#8221;full&#8221; css_animation=&#8221;fadeInDown&#8221;][\/vc_column][vc_column][vc_column_text]<\/p>\n<p style=\"text-align: center;\"><strong>Enseignante sp\u00e9cialis\u00e9e, dispositif \u00ab regroupement d\u2019adaptation \u00bb, (aides p\u00e9dagogiques pour les \u00e9l\u00e8ves qui ont des besoins sp\u00e9cifiques, surtout en GS, CP, CE1 et CE2)\u00a0<\/strong><\/p>\n<p style=\"text-align: center;\">Madame Rose DELANNOY.<\/p>\n<p>[\/vc_column_text][\/vc_column][\/vc_row]<\/p>\n","protected":false},"excerpt":{"rendered":"<p>[vc_row][vc_column width=&#8221;1\/2&#8243;][vc_single_image image=&#8221;60&#8243; img_size=&#8221;full&#8221; css_animation=&#8221;fadeInDown&#8221;][\/vc_column][vc_column width=&#8221;1\/2&#8243;][\/vc_column][vc_column][vc_empty_space][\/vc_column][\/vc_row][vc_row][vc_column width=&#8221;1\/2&#8243;][\/vc_column][vc_column width=&#8221;1\/2&#8243;][vc_single_image image=&#8221;61&#8243; img_size=&#8221;full&#8221; css_animation=&#8221;fadeInDown&#8221;][\/vc_column][vc_column][vc_column_text] Enseignante sp\u00e9cialis\u00e9e, dispositif \u00ab regroupement d\u2019adaptation \u00bb, (aides p\u00e9dagogiques pour les \u00e9l\u00e8ves qui ont des besoins sp\u00e9cifiques,&#8230;<\/p>\n","protected":false},"author":2,"featured_media":0,"parent":0,"menu_order":0,"comment_status":"closed","ping_status":"closed","template":"","meta":{"footnotes":""},"class_list":["post-130","page","type-page","status-publish","hentry"],"_links":{"self":[{"href":"https:\/\/www.ndpo.fr\/elementaire\/wp-json\/wp\/v2\/pages\/130","targetHints":{"allow":["GET"]}}],"collection":[{"href":"https:\/\/www.ndpo.fr\/elementaire\/wp-json\/wp\/v2\/pages"}],"about":[{"href":"https:\/\/www.ndpo.fr\/elementaire\/wp-json\/wp\/v2\/types\/page"}],"author":[{"embeddable":true,"href":"https:\/\/www.ndpo.fr\/elementaire\/wp-json\/wp\/v2\/users\/2"}],"replies":[{"embeddable":true,"href":"https:\/\/www.ndpo.fr\/elementaire\/wp-json\/wp\/v2\/comments?post=130"}],"version-history":[{"count":12,"href":"https:\/\/www.ndpo.fr\/elementaire\/wp-json\/wp\/v2\/pages\/130\/revisions"}],"predecessor-version":[{"id":871,"href":"https:\/\/www.ndpo.fr\/elementaire\/wp-json\/wp\/v2\/pages\/130\/revisions\/871"}],"wp:attachment":[{"href":"https:\/\/www.ndpo.fr\/elementaire\/wp-json\/wp\/v2\/media?parent=130"}],"curies":[{"name":"wp","href":"https:\/\/api.w.org\/{rel}","templated":true}]}}