{"id":16,"date":"2020-09-01T15:36:52","date_gmt":"2020-09-01T13:36:52","guid":{"rendered":"https:\/\/ndpo2020.keeo.com\/elementaire\/?page_id=16"},"modified":"2024-04-10T17:22:31","modified_gmt":"2024-04-10T15:22:31","slug":"la-vie-a-lecole","status":"publish","type":"page","link":"https:\/\/www.ndpo.fr\/elementaire\/la-vie-a-lecole\/","title":{"rendered":"La vie \u00e0 l&#8217;\u00e9cole"},"content":{"rendered":"<p>[vc_row][vc_column width=&#8221;1\/2&#8243;]\n        <div class=\"rs-heading style2   center\">\n        \t<div class=\"title-inner\">\n\t            <span class=\"sub-text\">D\u00e9couvrez<\/span>\n\t            <h2 >La vie \u00e0 l'\u00e9cole<\/h2>\n\t        <\/div><div class=\"description\"><p >\u00c0 l&#8217;\u00e9cole Notre Dame de la Providence, l&#8217;ann\u00e9e scolaire est ponctu\u00e9e de pr\u00e9sentation des projets de classe ou d&#8217;\u00e9cole et de rencontres avec les familles.<br \/>\nL&#8217;\u00e9tablissement se veut un lieu de vie actif et ouvert \u00e0 la vie du quartier, de la ville et \u00e0 une \u00e9chelle plus large, ouvert sur les divers pays afin de former au mieux les futurs citoyens du monde !<\/p><\/div><\/div>[vc_empty_space height=&#8221;50&#8243;][\/vc_column][vc_column width=&#8221;1\/2&#8243;][vc_raw_html]JTNDaWZyYW1lJTIwd2lkdGglM0QlMjI1NjAlMjIlMjBoZWlnaHQlM0QlMjIzMTUlMjIlMjBzcmMlM0QlMjJodHRwcyUzQSUyRiUyRnd3dy55b3V0dWJlLmNvbSUyRmVtYmVkJTJGYWFhSUdiMXpFT28lMjIlMjB0aXRsZSUzRCUyMllvdVR1YmUlMjB2aWRlbyUyMHBsYXllciUyMiUyMGZyYW1lYm9yZGVyJTNEJTIyMCUyMiUyMGFsbG93JTNEJTIyYWNjZWxlcm9tZXRlciUzQiUyMGF1dG9wbGF5JTNCJTIwY2xpcGJvYXJkLXdyaXRlJTNCJTIwZW5jcnlwdGVkLW1lZGlhJTNCJTIwZ3lyb3Njb3BlJTNCJTIwcGljdHVyZS1pbi1waWN0dXJlJTIyJTIwYWxsb3dmdWxsc2NyZWVuJTNFJTNDJTJGaWZyYW1lJTNF[\/vc_raw_html][\/vc_column][\/vc_row][vc_row][vc_column][vc_single_image image=&#8221;36&#8243; img_size=&#8221;full&#8221; onclick=&#8221;custom_link&#8221; link=&#8221;https:\/\/www.ndpo.fr\/elementaire\/blog\/&#8221;][\/vc_column][\/vc_row][vc_row][vc_column]\n        <div class=\"rs-heading style2   center\">\n        \t<div class=\"title-inner\">\n\t            \n\t            <h2 >Zoom sur<\/h2>\n\t        <\/div><\/div>[vc_row_inner][vc_column_inner width=&#8221;1\/2&#8243;]\n\t\t\t<div class=\"rs-services-style3  \">\n\t\t\t\t<div class=\"services-item rs-animation-hover\">\n\t\t\t\t    <div class=\"services-icon\">\n\t\t\t\t        <i  class=\"vc_icon_element-icon vc_li vc_li-megaphone rs-animation-scale-up\"><\/i>\n\t\t\t\t    <\/div>\n\t\t\t\t    <div class=\"services-desc\">\n\t\t\t\t        <h4 class=\"services-title\"><a href=\"https:\/\/www.ndpo.fr\/elementaire\/evenements\/\" title=\"\u00c9v\u00e8nements\">\u00c9V\u00c8NEMENTS<\/a><\/h4>\n\t\t\t\t        <p>D\u00e9couvrez les diff\u00e9rents \u00e9v\u00e8nements<br \/>\nqui se passent<br \/>\n\u00e0 l&#8217;\u00e9cole et en ext\u00e9rieur<\/p>\n\t\t\t\t    <\/div>\n\t\t\t\t<\/div>\n\t\t\t<\/div>\n\t\t\t[\/vc_column_inner][vc_column_inner width=&#8221;1\/2&#8243;]\n\t\t\t<div class=\"rs-services-style3  \">\n\t\t\t\t<div class=\"services-item rs-animation-hover\">\n\t\t\t\t    <div class=\"services-icon\">\n\t\t\t\t        <i  class=\"vc_icon_element-icon vc_li vc_li-megaphone rs-animation-scale-up\"><\/i>\n\t\t\t\t    <\/div>\n\t\t\t\t    <div class=\"services-desc\">\n\t\t\t\t        <h4 class=\"services-title\"><a href=\"https:\/\/ndpo2020.keeo.com\/elementaire\/evenements\/\" title=\"\u00c9v\u00e8nements\">Garderie et \u00e9tudes<\/a><\/h4>\n\t\t\t\t        <p>Horaires garderie : 7h15 \u00e0 8h30 et 16h30 \u00e0 18h30<br \/>\nHoraires \u00e9tudes : 16h45 \u00e0 17h45<\/p>\n\t\t\t\t    <\/div>\n\t\t\t\t<\/div>\n\t\t\t<\/div>\n\t\t\t[\/vc_column_inner][\/vc_row_inner][\/vc_column][\/vc_row]<\/p>\n","protected":false},"excerpt":{"rendered":"<p>[vc_row][vc_column width=&#8221;1\/2&#8243;][vc_empty_space height=&#8221;50&#8243;][\/vc_column][vc_column width=&#8221;1\/2&#8243;][vc_raw_html]JTNDaWZyYW1lJTIwd2lkdGglM0QlMjI1NjAlMjIlMjBoZWlnaHQlM0QlMjIzMTUlMjIlMjBzcmMlM0QlMjJodHRwcyUzQSUyRiUyRnd3dy55b3V0dWJlLmNvbSUyRmVtYmVkJTJGYWFhSUdiMXpFT28lMjIlMjB0aXRsZSUzRCUyMllvdVR1YmUlMjB2aWRlbyUyMHBsYXllciUyMiUyMGZyYW1lYm9yZGVyJTNEJTIyMCUyMiUyMGFsbG93JTNEJTIyYWNjZWxlcm9tZXRlciUzQiUyMGF1dG9wbGF5JTNCJTIwY2xpcGJvYXJkLXdyaXRlJTNCJTIwZW5jcnlwdGVkLW1lZGlhJTNCJTIwZ3lyb3Njb3BlJTNCJTIwcGljdHVyZS1pbi1waWN0dXJlJTIyJTIwYWxsb3dmdWxsc2NyZWVuJTNFJTNDJTJGaWZyYW1lJTNF[\/vc_raw_html][\/vc_column][\/vc_row][vc_row][vc_column][vc_single_image image=&#8221;36&#8243; img_size=&#8221;full&#8221; onclick=&#8221;custom_link&#8221; link=&#8221;https:\/\/www.ndpo.fr\/elementaire\/blog\/&#8221;][\/vc_column][\/vc_row][vc_row][vc_column][vc_row_inner][vc_column_inner width=&#8221;1\/2&#8243;][\/vc_column_inner][vc_column_inner width=&#8221;1\/2&#8243;][\/vc_column_inner][\/vc_row_inner][\/vc_column]&#8230;<\/p>\n","protected":false},"author":2,"featured_media":0,"parent":0,"menu_order":0,"comment_status":"closed","ping_status":"closed","template":"","meta":{"footnotes":""},"class_list":["post-16","page","type-page","status-publish","hentry"],"_links":{"self":[{"href":"https:\/\/www.ndpo.fr\/elementaire\/wp-json\/wp\/v2\/pages\/16","targetHints":{"allow":["GET"]}}],"collection":[{"href":"https:\/\/www.ndpo.fr\/elementaire\/wp-json\/wp\/v2\/pages"}],"about":[{"href":"https:\/\/www.ndpo.fr\/elementaire\/wp-json\/wp\/v2\/types\/page"}],"author":[{"embeddable":true,"href":"https:\/\/www.ndpo.fr\/elementaire\/wp-json\/wp\/v2\/users\/2"}],"replies":[{"embeddable":true,"href":"https:\/\/www.ndpo.fr\/elementaire\/wp-json\/wp\/v2\/comments?post=16"}],"version-history":[{"count":13,"href":"https:\/\/www.ndpo.fr\/elementaire\/wp-json\/wp\/v2\/pages\/16\/revisions"}],"predecessor-version":[{"id":741,"href":"https:\/\/www.ndpo.fr\/elementaire\/wp-json\/wp\/v2\/pages\/16\/revisions\/741"}],"wp:attachment":[{"href":"https:\/\/www.ndpo.fr\/elementaire\/wp-json\/wp\/v2\/media?parent=16"}],"curies":[{"name":"wp","href":"https:\/\/api.w.org\/{rel}","templated":true}]}}