{"id":18,"date":"2020-09-01T15:37:13","date_gmt":"2020-09-01T13:37:13","guid":{"rendered":"https:\/\/ndpo2020.keeo.com\/elementaire\/?page_id=18"},"modified":"2024-04-10T17:22:58","modified_gmt":"2024-04-10T15:22:58","slug":"blog","status":"publish","type":"page","link":"https:\/\/www.ndpo.fr\/elementaire\/blog\/","title":{"rendered":"Blog !"},"content":{"rendered":"<p>[vc_row][vc_column]<div class=\"rs-blog-grid rs-blog \">\n\t\t\t\t\t<div class=\"row\"><div class=\"col-md-12 col-sm-12 col-xs-12\">\n\t\t\t\t\t\t\t<div class=\"blog-item\">\n\t\t\t\t\t\t\t<div class=\"blog-img\"> \n\t\t\t\t\t\t\t\t<a href=\"https:\/\/www.ndpo.fr\/elementaire\/?post_type=post&p=845\">\n\t\t\t\t\t\t\t\t\t<img decoding=\"async\" src=\"https:\/\/www.ndpo.fr\/app\/uploads\/sites\/6\/2024\/07\/Travel-Photography-Collage-Framed-Art-Print.png\" alt=\"Sortie au mus\u00e9e de la vie rurale\" \/>\n\t\t\t\t\t\t\t\t<\/a>\n\t\t\t\t\t\t\t\t<a href=\"https:\/\/www.ndpo.fr\/elementaire\/?post_type=post&p=845\" class=\"blog-link\"><i class=\"fa fa-link\"><\/i><\/a>\n\t\t\t\t\t\t\t<\/div>\n\t\t\t\t\t\t\t<div class=\"full-blog-content\"> \n\t\t\t\t\t\t\t<div class=\"blog-meta\"><h3 class=\"blog-title\">\n\t\t\t\t\t\t\t\t\t<a href=\"https:\/\/www.ndpo.fr\/elementaire\/?post_type=post&p=845\"> Sortie au mus\u00e9e de la vie rurale <\/a>\n\t\t\t\t\t\t\t\t<\/h3><\/div>\t\t\t\t\t\t\n\t\t\t\t\t\t\t\t<div class=\"blog-desc\">\n\t\t\t\t\t\t\t\t\tSortie au Mus\u00e9e de la Vie Rurale \u00e0 Steenwerck pour les \u00e9l\u00e8ves de CE1-CE2 ! \ud83c\udf89 Ce matin, nos petits explorateurs ont voyag\u00e9 dans le temps jusqu&#8217;au d\u00e9but...\n\t\t\t\t\t\t\t\t<\/div><div class=\"blog-button\"><a href=\"https:\/\/www.ndpo.fr\/elementaire\/?post_type=post&p=845\">Lire plus<\/a><\/div><\/div>\n\t\t\t\t\t\t\t<\/div>\n\n\n\t\t\t\t\t<\/div><div class=\"col-md-12 col-sm-12 col-xs-12\">\n\t\t\t\t\t\t\t<div class=\"blog-item\">\n\t\t\t\t\t\t\t<div class=\"blog-img\"> \n\t\t\t\t\t\t\t\t<a href=\"https:\/\/www.ndpo.fr\/elementaire\/?post_type=post&p=817\">\n\t\t\t\t\t\t\t\t\t<img decoding=\"async\" src=\"https:\/\/www.ndpo.fr\/app\/uploads\/sites\/6\/2024\/06\/cross-ecole-24-18-scaled.jpeg\" alt=\"Cross \u00c9cole 2024\" \/>\n\t\t\t\t\t\t\t\t<\/a>\n\t\t\t\t\t\t\t\t<a href=\"https:\/\/www.ndpo.fr\/elementaire\/?post_type=post&p=817\" class=\"blog-link\"><i class=\"fa fa-link\"><\/i><\/a>\n\t\t\t\t\t\t\t<\/div>\n\t\t\t\t\t\t\t<div class=\"full-blog-content\"> \n\t\t\t\t\t\t\t<div class=\"blog-meta\"><h3 class=\"blog-title\">\n\t\t\t\t\t\t\t\t\t<a href=\"https:\/\/www.ndpo.fr\/elementaire\/?post_type=post&p=817\"> Cross \u00c9cole 2024 <\/a>\n\t\t\t\t\t\t\t\t<\/h3><\/div>\t\t\t\t\t\t\n\t\t\t\t\t\t\t\t<div class=\"blog-desc\">\n\t\t\t\t\t\t\t\t\tCe jeudi, nos \u00e9l\u00e8ves de l&#8217;\u00e9cole maternelle et \u00e9l\u00e9mentaire ont v\u00e9cu une journ\u00e9e exceptionnelle pour le CROSS de l\u2019\u00e9cole. Un super moment de partage et de sport, encourag\u00e9...\n\t\t\t\t\t\t\t\t<\/div><div class=\"blog-button\"><a href=\"https:\/\/www.ndpo.fr\/elementaire\/?post_type=post&p=817\">Lire plus<\/a><\/div><\/div>\n\t\t\t\t\t\t\t<\/div>\n\n\n\t\t\t\t\t<\/div><div class=\"col-md-12 col-sm-12 col-xs-12\">\n\t\t\t\t\t\t\t<div class=\"blog-item\">\n\t\t\t\t\t\t\t<div class=\"blog-img\"> \n\t\t\t\t\t\t\t\t<a href=\"https:\/\/www.ndpo.fr\/elementaire\/?post_type=post&p=804\">\n\t\t\t\t\t\t\t\t\t<img decoding=\"async\" src=\"https:\/\/www.ndpo.fr\/app\/uploads\/sites\/6\/2024\/04\/IMG_6049-scaled.jpg\" alt=\"1\u02b3\u1d49 Communion\" \/>\n\t\t\t\t\t\t\t\t<\/a>\n\t\t\t\t\t\t\t\t<a href=\"https:\/\/www.ndpo.fr\/elementaire\/?post_type=post&p=804\" class=\"blog-link\"><i class=\"fa fa-link\"><\/i><\/a>\n\t\t\t\t\t\t\t<\/div>\n\t\t\t\t\t\t\t<div class=\"full-blog-content\"> \n\t\t\t\t\t\t\t<div class=\"blog-meta\"><h3 class=\"blog-title\">\n\t\t\t\t\t\t\t\t\t<a href=\"https:\/\/www.ndpo.fr\/elementaire\/?post_type=post&p=804\"> 1\u02b3\u1d49 Communion <\/a>\n\t\t\t\t\t\t\t\t<\/h3><\/div>\t\t\t\t\t\t\n\t\t\t\t\t\t\t\t<div class=\"blog-desc\">\n\t\t\t\t\t\t\t\t\tSamedi 13 avril, \u00e0 l&#8217;\u00e9glise d&#8217;Orchies, une belle c\u00e9r\u00e9monie des premi\u00e8res communions des \u00e9l\u00e8ves de CM2 de l&#8217;\u00e9cole a \u00e9t\u00e9 organis\u00e9e. Deux \u00e9l\u00e8ves ont \u00e9t\u00e9 baptis\u00e9es \u00e9galement devant...\n\t\t\t\t\t\t\t\t<\/div><div class=\"blog-button\"><a href=\"https:\/\/www.ndpo.fr\/elementaire\/?post_type=post&p=804\">Lire plus<\/a><\/div><\/div>\n\t\t\t\t\t\t\t<\/div>\n\n\n\t\t\t\t\t<\/div><div class=\"col-md-12 col-sm-12 col-xs-12\">\n\t\t\t\t\t\t\t<div class=\"blog-item\">\n\t\t\t\t\t\t\t<div class=\"blog-img\"> \n\t\t\t\t\t\t\t\t<a href=\"https:\/\/www.ndpo.fr\/elementaire\/?post_type=post&p=798\">\n\t\t\t\t\t\t\t\t\t<img decoding=\"async\" src=\"\" alt=\"Brunor et le prince endormi\" \/>\n\t\t\t\t\t\t\t\t<\/a>\n\t\t\t\t\t\t\t\t<a href=\"https:\/\/www.ndpo.fr\/elementaire\/?post_type=post&p=798\" class=\"blog-link\"><i class=\"fa fa-link\"><\/i><\/a>\n\t\t\t\t\t\t\t<\/div>\n\t\t\t\t\t\t\t<div class=\"full-blog-content\"> \n\t\t\t\t\t\t\t<div class=\"blog-meta\"><h3 class=\"blog-title\">\n\t\t\t\t\t\t\t\t\t<a href=\"https:\/\/www.ndpo.fr\/elementaire\/?post_type=post&p=798\"> Brunor et le prince endormi <\/a>\n\t\t\t\t\t\t\t\t<\/h3><\/div>\t\t\t\t\t\t\n\t\t\t\t\t\t\t\t<div class=\"blog-desc\">\n\t\t\t\t\t\t\t\t\tAujourd&#8217;hui, nos explorateurs de CP\/CE1\/CE2 ont embarqu\u00e9 pour un voyage \u00e0 travers le temps avec &#8220;Brunor et le prince endormi&#8221; .Ce conte envo\u00fbtant nous a transport\u00e9s dans le...\n\t\t\t\t\t\t\t\t<\/div><div class=\"blog-button\"><a href=\"https:\/\/www.ndpo.fr\/elementaire\/?post_type=post&p=798\">Lire plus<\/a><\/div><\/div>\n\t\t\t\t\t\t\t<\/div>\n\n\n\t\t\t\t\t<\/div><div class=\"col-md-12 col-sm-12 col-xs-12\">\n\t\t\t\t\t\t\t<div class=\"blog-item\">\n\t\t\t\t\t\t\t<div class=\"blog-img\"> \n\t\t\t\t\t\t\t\t<a href=\"https:\/\/www.ndpo.fr\/elementaire\/?post_type=post&p=787\">\n\t\t\t\t\t\t\t\t\t<img decoding=\"async\" src=\"\" alt=\"Liaison \u00e9cole\/coll\u00e8ge\" \/>\n\t\t\t\t\t\t\t\t<\/a>\n\t\t\t\t\t\t\t\t<a href=\"https:\/\/www.ndpo.fr\/elementaire\/?post_type=post&p=787\" class=\"blog-link\"><i class=\"fa fa-link\"><\/i><\/a>\n\t\t\t\t\t\t\t<\/div>\n\t\t\t\t\t\t\t<div class=\"full-blog-content\"> \n\t\t\t\t\t\t\t<div class=\"blog-meta\"><h3 class=\"blog-title\">\n\t\t\t\t\t\t\t\t\t<a href=\"https:\/\/www.ndpo.fr\/elementaire\/?post_type=post&p=787\"> Liaison \u00e9cole\/coll\u00e8ge <\/a>\n\t\t\t\t\t\t\t\t<\/h3><\/div>\t\t\t\t\t\t\n\t\t\t\t\t\t\t\t<div class=\"blog-desc\">\n\t\t\t\t\t\t\t\t\tLiaison \u00c9cole\/Coll\u00e8ge en action !Aujourd&#8217;hui, nos \u00e9l\u00e8ves de CM1 ont franchi les portes du coll\u00e8ge pour une journ\u00e9e riche en d\u00e9couvertes et en partage. Au programme: jeu de...\n\t\t\t\t\t\t\t\t<\/div><div class=\"blog-button\"><a href=\"https:\/\/www.ndpo.fr\/elementaire\/?post_type=post&p=787\">Lire plus<\/a><\/div><\/div>\n\t\t\t\t\t\t\t<\/div>\n\n\n\t\t\t\t\t<\/div><div class=\"col-md-12 col-sm-12 col-xs-12\">\n\t\t\t\t\t\t\t<div class=\"blog-item\">\n\t\t\t\t\t\t\t<div class=\"blog-img\"> \n\t\t\t\t\t\t\t\t<a href=\"https:\/\/www.ndpo.fr\/elementaire\/?post_type=post&p=780\">\n\t\t\t\t\t\t\t\t\t<img decoding=\"async\" src=\"\" alt=\"Abbaye de Saint-Maur de Glanfeuil\" \/>\n\t\t\t\t\t\t\t\t<\/a>\n\t\t\t\t\t\t\t\t<a href=\"https:\/\/www.ndpo.fr\/elementaire\/?post_type=post&p=780\" class=\"blog-link\"><i class=\"fa fa-link\"><\/i><\/a>\n\t\t\t\t\t\t\t<\/div>\n\t\t\t\t\t\t\t<div class=\"full-blog-content\"> \n\t\t\t\t\t\t\t<div class=\"blog-meta\"><h3 class=\"blog-title\">\n\t\t\t\t\t\t\t\t\t<a href=\"https:\/\/www.ndpo.fr\/elementaire\/?post_type=post&p=780\"> Abbaye de Saint-Maur de Glanfeuil <\/a>\n\t\t\t\t\t\t\t\t<\/h3><\/div>\t\t\t\t\t\t\n\t\t\t\t\t\t\t\t<div class=\"blog-desc\">\n\t\t\t\t\t\t\t\t\tExcursion des \u00e9l\u00e8ves de CM1\/CM2 \u00e0 l&#8217;abbaye de Saint-Maur de Glanfeuil ! Plongez dans l&#8217;histoire avec nous alors que nous partons explorer l\u2019abbaye ! Un voyage \u00e9ducatif passionnant...\n\t\t\t\t\t\t\t\t<\/div><div class=\"blog-button\"><a href=\"https:\/\/www.ndpo.fr\/elementaire\/?post_type=post&p=780\">Lire plus<\/a><\/div><\/div>\n\t\t\t\t\t\t\t<\/div>\n\n\n\t\t\t\t\t<\/div><div class=\"col-md-12 col-sm-12 col-xs-12\">\n\t\t\t\t\t\t\t<div class=\"blog-item\">\n\t\t\t\t\t\t\t<div class=\"blog-img\"> \n\t\t\t\t\t\t\t\t<a href=\"https:\/\/www.ndpo.fr\/elementaire\/?post_type=post&p=773\">\n\t\t\t\t\t\t\t\t\t<img decoding=\"async\" src=\"\" alt=\"Rameaux et messe de P\u00e2ques\" \/>\n\t\t\t\t\t\t\t\t<\/a>\n\t\t\t\t\t\t\t\t<a href=\"https:\/\/www.ndpo.fr\/elementaire\/?post_type=post&p=773\" class=\"blog-link\"><i class=\"fa fa-link\"><\/i><\/a>\n\t\t\t\t\t\t\t<\/div>\n\t\t\t\t\t\t\t<div class=\"full-blog-content\"> \n\t\t\t\t\t\t\t<div class=\"blog-meta\"><h3 class=\"blog-title\">\n\t\t\t\t\t\t\t\t\t<a href=\"https:\/\/www.ndpo.fr\/elementaire\/?post_type=post&p=773\"> Rameaux et messe de P\u00e2ques <\/a>\n\t\t\t\t\t\t\t\t<\/h3><\/div>\t\t\t\t\t\t\n\t\t\t\t\t\t\t\t<div class=\"blog-desc\">\n\t\t\t\t\t\t\t\t\tNos \u00e9l\u00e8ves de l&#8217;\u00e9cole maternelle et \u00e9l\u00e9mentaire se sont rendus \u00e0 l&#8217;\u00e9glise d&#8217;Orchies pour c\u00e9l\u00e9brer la messe de P\u00e2ques. C&#8217;\u00e9tait un moment empli de foi, de joie et...\n\t\t\t\t\t\t\t\t<\/div><div class=\"blog-button\"><a href=\"https:\/\/www.ndpo.fr\/elementaire\/?post_type=post&p=773\">Lire plus<\/a><\/div><\/div>\n\t\t\t\t\t\t\t<\/div>\n\n\n\t\t\t\t\t<\/div><div class=\"col-md-12 col-sm-12 col-xs-12\">\n\t\t\t\t\t\t\t<div class=\"blog-item\">\n\t\t\t\t\t\t\t<div class=\"blog-img\"> \n\t\t\t\t\t\t\t\t<a href=\"https:\/\/www.ndpo.fr\/elementaire\/?post_type=post&p=768\">\n\t\t\t\t\t\t\t\t\t<img decoding=\"async\" src=\"\" alt=\"March\u00e9 de No\u00ebl\" \/>\n\t\t\t\t\t\t\t\t<\/a>\n\t\t\t\t\t\t\t\t<a href=\"https:\/\/www.ndpo.fr\/elementaire\/?post_type=post&p=768\" class=\"blog-link\"><i class=\"fa fa-link\"><\/i><\/a>\n\t\t\t\t\t\t\t<\/div>\n\t\t\t\t\t\t\t<div class=\"full-blog-content\"> \n\t\t\t\t\t\t\t<div class=\"blog-meta\"><h3 class=\"blog-title\">\n\t\t\t\t\t\t\t\t\t<a href=\"https:\/\/www.ndpo.fr\/elementaire\/?post_type=post&p=768\"> March\u00e9 de No\u00ebl <\/a>\n\t\t\t\t\t\t\t\t<\/h3><\/div>\t\t\t\t\t\t\n\t\t\t\t\t\t\t\t<div class=\"blog-desc\">\n\t\t\t\t\t\t\t\t\tl&#8217;APEL \u00e0 organis\u00e9 un march\u00e9 de No\u00ebl \ud83d\ude42\n\t\t\t\t\t\t\t\t<\/div><div class=\"blog-button\"><a href=\"https:\/\/www.ndpo.fr\/elementaire\/?post_type=post&p=768\">Lire plus<\/a><\/div><\/div>\n\t\t\t\t\t\t\t<\/div>\n\n\n\t\t\t\t\t<\/div><div class=\"col-md-12 col-sm-12 col-xs-12\">\n\t\t\t\t\t\t\t<div class=\"blog-item\">\n\t\t\t\t\t\t\t<div class=\"blog-img\"> \n\t\t\t\t\t\t\t\t<a href=\"https:\/\/www.ndpo.fr\/elementaire\/?post_type=post&p=760\">\n\t\t\t\t\t\t\t\t\t<img decoding=\"async\" src=\"\" alt=\"Cross Ela\" \/>\n\t\t\t\t\t\t\t\t<\/a>\n\t\t\t\t\t\t\t\t<a href=\"https:\/\/www.ndpo.fr\/elementaire\/?post_type=post&p=760\" class=\"blog-link\"><i class=\"fa fa-link\"><\/i><\/a>\n\t\t\t\t\t\t\t<\/div>\n\t\t\t\t\t\t\t<div class=\"full-blog-content\"> \n\t\t\t\t\t\t\t<div class=\"blog-meta\"><h3 class=\"blog-title\">\n\t\t\t\t\t\t\t\t\t<a href=\"https:\/\/www.ndpo.fr\/elementaire\/?post_type=post&p=760\"> Cross Ela <\/a>\n\t\t\t\t\t\t\t\t<\/h3><\/div>\t\t\t\t\t\t\n\t\t\t\t\t\t\t\t<div class=\"blog-desc\">\n\t\t\t\t\t\t\t\t\tNos CM2 ont paricip\u00e9 au Cross Ela avec les \u00e9l\u00e8ves du coll\u00e8ge et du lyc\u00e9e \ud83d\ude42\n\t\t\t\t\t\t\t\t<\/div><div class=\"blog-button\"><a href=\"https:\/\/www.ndpo.fr\/elementaire\/?post_type=post&p=760\">Lire plus<\/a><\/div><\/div>\n\t\t\t\t\t\t\t<\/div>\n\n\n\t\t\t\t\t<\/div><div class=\"col-md-12 col-sm-12 col-xs-12\">\n\t\t\t\t\t\t\t<div class=\"blog-item\">\n\t\t\t\t\t\t\t<div class=\"blog-img\"> \n\t\t\t\t\t\t\t\t<a href=\"https:\/\/www.ndpo.fr\/elementaire\/?post_type=post&p=757\">\n\t\t\t\t\t\t\t\t\t<img decoding=\"async\" src=\"\" alt=\"Octobre Rose\" \/>\n\t\t\t\t\t\t\t\t<\/a>\n\t\t\t\t\t\t\t\t<a href=\"https:\/\/www.ndpo.fr\/elementaire\/?post_type=post&p=757\" class=\"blog-link\"><i class=\"fa fa-link\"><\/i><\/a>\n\t\t\t\t\t\t\t<\/div>\n\t\t\t\t\t\t\t<div class=\"full-blog-content\"> \n\t\t\t\t\t\t\t<div class=\"blog-meta\"><h3 class=\"blog-title\">\n\t\t\t\t\t\t\t\t\t<a href=\"https:\/\/www.ndpo.fr\/elementaire\/?post_type=post&p=757\"> Octobre Rose <\/a>\n\t\t\t\t\t\t\t\t<\/h3><\/div>\t\t\t\t\t\t\n\t\t\t\t\t\t\t\t<div class=\"blog-desc\">\n\t\t\t\t\t\t\t\t\tUn peu de rose pour montrer notre soutien dans la lutte contre le cancer du sein ! L&#8217;Institution s&#8217;est mobilis\u00e9e &#8230; \u00e9l\u00e8ves, professeurs et personnels de l\u2019Institution Notre...\n\t\t\t\t\t\t\t\t<\/div><div class=\"blog-button\"><a href=\"https:\/\/www.ndpo.fr\/elementaire\/?post_type=post&p=757\">Lire plus<\/a><\/div><\/div>\n\t\t\t\t\t\t\t<\/div>\n\n\n\t\t\t\t\t<\/div><\/div>\n\t\t\t<\/div>[\/vc_column][\/vc_row]<\/p>\n","protected":false},"excerpt":{"rendered":"<p>[vc_row][vc_column][\/vc_column]&#8230;<\/p>\n","protected":false},"author":2,"featured_media":0,"parent":0,"menu_order":0,"comment_status":"closed","ping_status":"closed","template":"","meta":{"footnotes":""},"class_list":["post-18","page","type-page","status-publish","hentry"],"_links":{"self":[{"href":"https:\/\/www.ndpo.fr\/elementaire\/wp-json\/wp\/v2\/pages\/18","targetHints":{"allow":["GET"]}}],"collection":[{"href":"https:\/\/www.ndpo.fr\/elementaire\/wp-json\/wp\/v2\/pages"}],"about":[{"href":"https:\/\/www.ndpo.fr\/elementaire\/wp-json\/wp\/v2\/types\/page"}],"author":[{"embeddable":true,"href":"https:\/\/www.ndpo.fr\/elementaire\/wp-json\/wp\/v2\/users\/2"}],"replies":[{"embeddable":true,"href":"https:\/\/www.ndpo.fr\/elementaire\/wp-json\/wp\/v2\/comments?post=18"}],"version-history":[{"count":5,"href":"https:\/\/www.ndpo.fr\/elementaire\/wp-json\/wp\/v2\/pages\/18\/revisions"}],"predecessor-version":[{"id":742,"href":"https:\/\/www.ndpo.fr\/elementaire\/wp-json\/wp\/v2\/pages\/18\/revisions\/742"}],"wp:attachment":[{"href":"https:\/\/www.ndpo.fr\/elementaire\/wp-json\/wp\/v2\/media?parent=18"}],"curies":[{"name":"wp","href":"https:\/\/api.w.org\/{rel}","templated":true}]}}