{"id":1131,"date":"2024-04-08T14:22:56","date_gmt":"2024-04-08T12:22:56","guid":{"rendered":"https:\/\/www.ndpo.fr\/international\/?page_id=1131"},"modified":"2024-04-08T15:29:20","modified_gmt":"2024-04-08T13:29:20","slug":"wep-france-espagnol","status":"publish","type":"page","link":"https:\/\/www.ndpo.fr\/international\/wep-france-espagnol\/","title":{"rendered":"WEP FRANCE"},"content":{"rendered":"<p>[vc_row][vc_column css=&#8221;.vc_custom_1708443672494{margin-top: 0px !important;margin-right: 100px !important;border-top-width: 0px !important;border-right-width: 100px !important;padding-top: 0px !important;padding-right: 100px !important;}&#8221;]\n        <div class=\"rs-heading style2  vc_custom_1712299400790  \">\n        \t<div class=\"title-inner\">\n\t            \n\t            <h2 >WEP FRANCE<\/h2>\n\t        <\/div><\/div>[vc_column_text css=&#8221;.vc_custom_1712578506368{margin-top: 0px !important;margin-right: 0px !important;margin-bottom: 0px !important;margin-left: 0px !important;border-top-width: 0px !important;border-right-width: 0px !important;border-bottom-width: 0px !important;border-left-width: 0px !important;padding-top: 0px !important;padding-right: 0px !important;padding-bottom: 0px !important;padding-left: 0px !important;}&#8221;]<br \/>\n\u00bfTe gustar\u00eda salir de tu zona de confort y embarcarte en un programa en el extranjero? WEP ha estado trabajando con pasi\u00f3n y profesionalismo durante m\u00e1s de 30 a\u00f1os para ayudarte a alcanzar tus sue\u00f1os.<\/p>\n<p>WEP es la organizaci\u00f3n m\u00e1s activa en el campo de los proyectos interculturales y ling\u00fc\u00edsticos. Cada a\u00f1o, cerca de 10.000 j\u00f3venes entre 15 y 35 a\u00f1os viajan al extranjero con sus programas a m\u00e1s de 50 pa\u00edses.<br \/>\n[\/vc_column_text][\/vc_column][\/vc_row][vc_row][vc_column][vc_empty_space height=&#8221;60&#8243;][\/vc_column][\/vc_row][vc_row][vc_column width=&#8221;1\/2&#8243;][vc_empty_space height=&#8221;100px&#8221;]\n        <div class=\"rs-heading style2  vc_custom_1712578540483  \">\n        \t<div class=\"title-inner\">\n\t            \n\t            <h2 >\u00bf QUI\u00c9N ES WEP ?<\/h2>\n\t        <\/div><\/div>[vc_column_text]WEP es una organizaci\u00f3n internacional que re\u00fane a un equipo con una pasi\u00f3n com\u00fan: el descubrimiento del mundo.<br \/>\nCreen profundamente en lo que hacen, y por eso trabajan entusiastamente todos los d\u00edas para ofrecer lo mejor a los participantes[\/vc_column_text][vc_empty_space height=&#8221;100px&#8221;][vc_gallery interval=&#8221;0&#8243; images=&#8221;1087&#8243; img_size=&#8221;full&#8221; onclick=&#8221;&#8221; css_animation=&#8221;zoomInLeft&#8221;][vc_empty_space][vc_column_text]De hecho, es esencial en el mundo de hoy reforzar los valores de apertura, respeto hacia los dem\u00e1s y aceptaci\u00f3n de las diferencias.<\/p>\n<p>Es esta forma de educaci\u00f3n responsable la que ha inspirado a WEP desde sus inicios y contin\u00faa motiv\u00e1ndoles hoy.<\/p>\n<p>\u00bf Quieres participar a esta aventura ?<\/p>\n<p>Cont\u00e1ctanos : bi@ndpo.fr[\/vc_column_text][\/vc_column][vc_column width=&#8221;1\/2&#8243;][vc_gallery interval=&#8221;0&#8243; images=&#8221;1086&#8243; img_size=&#8221;full&#8221; onclick=&#8221;&#8221; css_animation=&#8221;zoomInRight&#8221;][vc_column_text]Durante m\u00e1s de 30 a\u00f1os, a trav\u00e9s de sus proyectos educativos y culturales en el extranjero, han proporcionado a los j\u00f3venes herramientas que les permiten crecer y cambiar enfrent\u00e1ndose a las diferencias y descubriendo nuevas formas de pensar.<\/p>\n<p>Creen que aprender habilidades profesionales es importante, pero, las habilidades de comportamiento y las relaciones humanas, las famosas &#8220;soft-skills&#8221;, son igual de importancia.[\/vc_column_text][vc_empty_space][vc_gallery interval=&#8221;0&#8243; images=&#8221;1088&#8243; img_size=&#8221;full&#8221; onclick=&#8221;&#8221; css_animation=&#8221;zoomInRight&#8221;][\/vc_column][\/vc_row]<\/p>\n","protected":false},"excerpt":{"rendered":"<p>[vc_row][vc_column css=&#8221;.vc_custom_1708443672494{margin-top: 0px !important;margin-right: 100px !important;border-top-width: 0px !important;border-right-width: 100px !important;padding-top: 0px !important;padding-right: 100px !important;}&#8221;][vc_column_text css=&#8221;.vc_custom_1712578506368{margin-top: 0px !important;margin-right: 0px !important;margin-bottom: 0px !important;margin-left: 0px !important;border-top-width: 0px !important;border-right-width: 0px !important;border-bottom-width: 0px&#8230;<\/p>\n","protected":false},"author":4,"featured_media":0,"parent":0,"menu_order":0,"comment_status":"closed","ping_status":"closed","template":"","meta":{"footnotes":""},"class_list":["post-1131","page","type-page","status-publish","hentry"],"_links":{"self":[{"href":"https:\/\/www.ndpo.fr\/international\/wp-json\/wp\/v2\/pages\/1131","targetHints":{"allow":["GET"]}}],"collection":[{"href":"https:\/\/www.ndpo.fr\/international\/wp-json\/wp\/v2\/pages"}],"about":[{"href":"https:\/\/www.ndpo.fr\/international\/wp-json\/wp\/v2\/types\/page"}],"author":[{"embeddable":true,"href":"https:\/\/www.ndpo.fr\/international\/wp-json\/wp\/v2\/users\/4"}],"replies":[{"embeddable":true,"href":"https:\/\/www.ndpo.fr\/international\/wp-json\/wp\/v2\/comments?post=1131"}],"version-history":[{"count":1,"href":"https:\/\/www.ndpo.fr\/international\/wp-json\/wp\/v2\/pages\/1131\/revisions"}],"predecessor-version":[{"id":1132,"href":"https:\/\/www.ndpo.fr\/international\/wp-json\/wp\/v2\/pages\/1131\/revisions\/1132"}],"wp:attachment":[{"href":"https:\/\/www.ndpo.fr\/international\/wp-json\/wp\/v2\/media?parent=1131"}],"curies":[{"name":"wp","href":"https:\/\/api.w.org\/{rel}","templated":true}]}}