{"id":1135,"date":"2024-04-08T14:44:27","date_gmt":"2024-04-08T12:44:27","guid":{"rendered":"https:\/\/www.ndpo.fr\/international\/?page_id=1135"},"modified":"2026-02-17T14:26:42","modified_gmt":"2026-02-17T13:26:42","slug":"english-outdoors-espanol","status":"publish","type":"page","link":"https:\/\/www.ndpo.fr\/international\/english-outdoors-espanol\/","title":{"rendered":"ENGLISH OUTDOORS"},"content":{"rendered":"<p>[vc_row][vc_column css=&#8221;.vc_custom_1708443672494{margin-top: 0px !important;margin-right: 100px !important;border-top-width: 0px !important;border-right-width: 100px !important;padding-top: 0px !important;padding-right: 100px !important;}&#8221;]\n        <div class=\"rs-heading style2  vc_custom_1771334219013  center\">\n        \t<div class=\"title-inner\">\n\t            \n\t            <h2 >ENGLISH OUTDOORS<\/h2>\n\t        <\/div><\/div>[vc_column_text css=&#8221;.vc_custom_1771334308168{margin-top: 0px !important;margin-right: 0px !important;margin-bottom: 0px !important;margin-left: 0px !important;border-top-width: 0px !important;border-right-width: 0px !important;border-bottom-width: 0px !important;border-left-width: 0px !important;padding-top: 0px !important;padding-right: 0px !important;padding-bottom: 0px !important;padding-left: 0px !important;}&#8221;]<\/p>\n<p style=\"text-align: center;\"><span class=\"hover:entity-accent entity-underline inline cursor-pointer align-baseline\"><span class=\"whitespace-normal\">English Outdoors<\/span><\/span> ofrece un m\u00e9todo original para aprender ingl\u00e9s a trav\u00e9s de experiencias inmersivas en entornos urbanos.<br data-start=\"141\" data-end=\"144\" \/>Las clases se llevan a cabo en espacios p\u00fablicos tanto exteriores como interiores, combinando el aprendizaje del idioma con el descubrimiento cultural.<\/p>\n<p>[\/vc_column_text][\/vc_column][\/vc_row][vc_row][vc_column][vc_empty_space height=&#8221;60&#8243;][\/vc_column][\/vc_row][vc_row][vc_column width=&#8221;1\/2&#8243;]\n        <div class=\"rs-heading style2  vc_custom_1712580252339  \">\n        \t<div class=\"title-inner\">\n\t            \n\t            <h2 >COOPERACI\u00d3N<\/h2>\n\t        <\/div><\/div>[vc_column_text]<\/p>\n<div class=\"flex flex-col text-sm pb-25\">\n<article class=\"text-token-text-primary w-full focus:outline-none [--shadow-height:45px] has-data-writing-block:pointer-events-none has-data-writing-block:-mt-(--shadow-height) has-data-writing-block:pt-(--shadow-height) [&amp;:has([data-writing-block])&gt;*]:pointer-events-auto scroll-mt-[calc(var(--header-height)+min(200px,max(70px,20svh)))]\" dir=\"auto\" tabindex=\"-1\" data-turn-id=\"request-WEB:fafd82b2-e3eb-4889-ac32-0e7fe9194e2c-8\" data-testid=\"conversation-turn-18\" data-scroll-anchor=\"true\" data-turn=\"assistant\">\n<div class=\"text-base my-auto mx-auto pb-10 [--thread-content-margin:--spacing(4)] @w-sm\/main:[--thread-content-margin:--spacing(6)] @w-lg\/main:[--thread-content-margin:--spacing(16)] px-(--thread-content-margin)\">\n<div class=\"[--thread-content-max-width:40rem] @w-lg\/main:[--thread-content-max-width:48rem] mx-auto max-w-(--thread-content-max-width) flex-1 group\/turn-messages focus-visible:outline-hidden relative flex w-full min-w-0 flex-col agent-turn\" tabindex=\"-1\">\n<div class=\"flex max-w-full flex-col grow\">\n<div class=\"min-h-8 text-message relative flex w-full flex-col items-end gap-2 text-start break-words whitespace-normal [.text-message+&amp;]:mt-1\" dir=\"auto\" data-message-author-role=\"assistant\" data-message-id=\"91eb8a90-ccd6-4c0a-ba4f-62f59d5d53bb\" data-message-model-slug=\"gpt-5-mini\">\n<div class=\"flex w-full flex-col gap-1 empty:hidden first:pt-[1px]\">\n<div class=\"markdown prose dark:prose-invert w-full wrap-break-word dark markdown-new-styling\">\n<p data-start=\"0\" data-end=\"72\">\u00a1Una experiencia adaptada a los alumnos de \u00faltimo curso de secundaria!<\/p>\n<p data-start=\"74\" data-end=\"241\">Para nuestros estudiantes de Terminale, <span class=\"hover:entity-accent entity-underline inline cursor-pointer align-baseline\"><span class=\"whitespace-normal\">English Outdoors<\/span><\/span> ofrece estancias que cumplen plenamente con los objetivos pedag\u00f3gicos del bachillerato:<\/p>\n<ul data-start=\"243\" data-end=\"423\" data-is-last-node=\"\" data-is-only-node=\"\">\n<li data-start=\"243\" data-end=\"313\">\n<p data-start=\"245\" data-end=\"313\">Refuerzo de las competencias en lengua extranjera (inmersi\u00f3n real)<\/p>\n<\/li>\n<li data-start=\"314\" data-end=\"373\">\n<p data-start=\"316\" data-end=\"373\">Apertura cultural y comprensi\u00f3n del mundo contempor\u00e1neo<\/p>\n<\/li>\n<li data-start=\"374\" data-end=\"423\" data-is-last-node=\"\">\n<p data-start=\"376\" data-end=\"423\" data-is-last-node=\"\">Desarrollo de la autonom\u00eda y la responsabilidad<\/p>\n<\/li>\n<\/ul>\n<\/div>\n<\/div>\n<\/div>\n<\/div>\n<\/div>\n<\/div>\n<\/article>\n<\/div>\n<p>[\/vc_column_text][\/vc_column][vc_column width=&#8221;1\/2&#8243;][vc_empty_space height=&#8221;64px&#8221;][vc_gallery interval=&#8221;0&#8243; images=&#8221;1619&#8243; img_size=&#8221;full&#8221; onclick=&#8221;&#8221; css_animation=&#8221;zoomInRight&#8221;][vc_empty_space][\/vc_column][\/vc_row][vc_row][vc_column][vc_row_inner][vc_column_inner][vc_column_text]<\/p>\n<p style=\"text-align: center;\" data-start=\"0\" data-end=\"293\">Durante los viajes ling\u00fc\u00edsticos, los estudiantes participan en clases de ingl\u00e9s al aire libre (parques, centros comerciales, mercados cubiertos, etc.) con profesores nativos por las ma\u00f1anas. Las tardes se dedican a visitas culturales y tur\u00edsticas relacionadas con las lecciones de la ma\u00f1ana.<\/p>\n<p style=\"text-align: center;\" data-start=\"295\" data-end=\"409\" data-is-last-node=\"\" data-is-only-node=\"\">Los estudiantes se alojan en familias anfitrionas, \u00a1lo que les permite una inmersi\u00f3n total en la cultura del pa\u00eds!<\/p>\n<p>[\/vc_column_text][vc_btn title=&#8221;PRESENTACION&#8221; style=&#8221;custom&#8221; custom_background=&#8221;#058240&#8243; custom_text=&#8221;#ffffff&#8221; align=&#8221;center&#8221; link=&#8221;url:https%3A%2F%2Fwww.ndpo.fr%2Fapp%2Fuploads%2Fsites%2F12%2F2026%2F02%2FProvidence_Presentation-1.pdf||target:%20_blank|&#8221;][\/vc_column_inner][\/vc_row_inner][\/vc_column][\/vc_row][vc_row][vc_column][vc_empty_space][\/vc_column][\/vc_row][vc_row][vc_column width=&#8221;1\/2&#8243;]\n        <div class=\"rs-heading style2  vc_custom_1771334687547  center\">\n        \t<div class=\"title-inner\">\n\t            \n\t            <h2 >NUEVA YORK - 2024<\/h2>\n\t        <\/div><\/div>[vc_gallery interval=&#8221;0&#8243; images=&#8221;1621&#8243; img_size=&#8221;full&#8221; onclick=&#8221;&#8221; css_animation=&#8221;zoomInLeft&#8221;][\/vc_column][vc_column width=&#8221;1\/2&#8243;]\n        <div class=\"rs-heading style2  vc_custom_1771334712060  center\">\n        \t<div class=\"title-inner\">\n\t            \n\t            <h2 >TORONTO - 2025<\/h2>\n\t        <\/div><\/div>[vc_gallery interval=&#8221;0&#8243; images=&#8221;1620&#8243; img_size=&#8221;full&#8221; onclick=&#8221;&#8221; css_animation=&#8221;zoomInLeft&#8221;][\/vc_column][\/vc_row]<\/p>\n","protected":false},"excerpt":{"rendered":"<p>[vc_row][vc_column css=&#8221;.vc_custom_1708443672494{margin-top: 0px !important;margin-right: 100px !important;border-top-width: 0px !important;border-right-width: 100px !important;padding-top: 0px !important;padding-right: 100px !important;}&#8221;][vc_column_text css=&#8221;.vc_custom_1771334308168{margin-top: 0px !important;margin-right: 0px !important;margin-bottom: 0px !important;margin-left: 0px !important;border-top-width: 0px !important;border-right-width: 0px !important;border-bottom-width: 0px&#8230;<\/p>\n","protected":false},"author":4,"featured_media":0,"parent":0,"menu_order":0,"comment_status":"closed","ping_status":"closed","template":"","meta":{"footnotes":""},"class_list":["post-1135","page","type-page","status-publish","hentry"],"_links":{"self":[{"href":"https:\/\/www.ndpo.fr\/international\/wp-json\/wp\/v2\/pages\/1135","targetHints":{"allow":["GET"]}}],"collection":[{"href":"https:\/\/www.ndpo.fr\/international\/wp-json\/wp\/v2\/pages"}],"about":[{"href":"https:\/\/www.ndpo.fr\/international\/wp-json\/wp\/v2\/types\/page"}],"author":[{"embeddable":true,"href":"https:\/\/www.ndpo.fr\/international\/wp-json\/wp\/v2\/users\/4"}],"replies":[{"embeddable":true,"href":"https:\/\/www.ndpo.fr\/international\/wp-json\/wp\/v2\/comments?post=1135"}],"version-history":[{"count":7,"href":"https:\/\/www.ndpo.fr\/international\/wp-json\/wp\/v2\/pages\/1135\/revisions"}],"predecessor-version":[{"id":1618,"href":"https:\/\/www.ndpo.fr\/international\/wp-json\/wp\/v2\/pages\/1135\/revisions\/1618"}],"wp:attachment":[{"href":"https:\/\/www.ndpo.fr\/international\/wp-json\/wp\/v2\/media?parent=1135"}],"curies":[{"name":"wp","href":"https:\/\/api.w.org\/{rel}","templated":true}]}}