{"id":1142,"date":"2024-04-08T15:03:20","date_gmt":"2024-04-08T13:03:20","guid":{"rendered":"https:\/\/www.ndpo.fr\/international\/?page_id=1142"},"modified":"2024-04-08T15:35:34","modified_gmt":"2024-04-08T13:35:34","slug":"ies-lope-de-vega-espagnol","status":"publish","type":"page","link":"https:\/\/www.ndpo.fr\/international\/ies-lope-de-vega-espagnol\/","title":{"rendered":"IES LOPE DE VEGA"},"content":{"rendered":"<p>[vc_row][vc_column css=&#8221;.vc_custom_1708443672494{margin-top: 0px !important;margin-right: 100px !important;border-top-width: 0px !important;border-right-width: 100px !important;padding-top: 0px !important;padding-right: 100px !important;}&#8221;]\n        <div class=\"rs-heading style2  vc_custom_1712302896936  \">\n        \t<div class=\"title-inner\">\n\t            \n\t            <h2 >IES Lope De Vega Santa Maria De Cayon<\/h2>\n\t        <\/div><\/div>[vc_column_text css=&#8221;.vc_custom_1712581252978{margin-top: 0px !important;margin-right: 0px !important;margin-bottom: 0px !important;margin-left: 0px !important;border-top-width: 0px !important;border-right-width: 0px !important;border-bottom-width: 0px !important;border-left-width: 0px !important;padding-top: 0px !important;padding-right: 0px !important;padding-bottom: 0px !important;padding-left: 0px !important;}&#8221;]La correspondencia establecida entre nuestra Instituci\u00f3n y el el colegio \/ instituto &#8220;IES Lope de Vega&#8221; en Cantabria, Espa\u00f1a, abre una puerta a un mundo de emocionantes descubrimientos y intercambios culturales.<\/p>\n<p>A trav\u00e9s de cartas, correos electr\u00f3nicos y proyectos colaborativos, nuestros estudiantes ampl\u00edan sus horizontes, descubren nuevas perspectivas y fortalecen sus habilidades en el idioma espa\u00f1ol.[\/vc_column_text][\/vc_column][\/vc_row][vc_row][vc_column][vc_empty_space height=&#8221;60&#8243;][\/vc_column][\/vc_row][vc_row][vc_column width=&#8221;1\/2&#8243;][vc_empty_space height=&#8221;100px&#8221;]\n        <div class=\"rs-heading style2  vc_custom_1712581326416  \">\n        \t<div class=\"title-inner\">\n\t            \n\t            <h2 >NUESTROS INTERCAMBIOS<\/h2>\n\t        <\/div><\/div>[vc_column_text]Esta correspondencia va mucho m\u00e1s all\u00e1 de la mera comunicaci\u00f3n escrita; crea lazos duraderos entre nuestras dos instituciones educativas.<\/p>\n<p>Los estudiantes tienen la oportunidad de compartir sus tradiciones, historia y vida cotidiana, enriqueciendo su entendimiento mutuo y fomentando el respeto por las diversidades culturales.<\/p>\n<p>[\/vc_column_text][vc_empty_space height=&#8221;100px&#8221;][vc_gallery interval=&#8221;0&#8243; images=&#8221;1101&#8243; img_size=&#8221;full&#8221; onclick=&#8221;&#8221; css_animation=&#8221;zoomInLeft&#8221;][vc_empty_space][\/vc_column][vc_column width=&#8221;1\/2&#8243;][vc_gallery interval=&#8221;0&#8243; images=&#8221;1100&#8243; img_size=&#8221;full&#8221; onclick=&#8221;&#8221; css_animation=&#8221;zoomInRight&#8221;][vc_column_text]A trav\u00e9s de esta correspondencia, nuestros estudiantes tambi\u00e9n desarrollan habilidades interculturales esenciales para navegar en un mundo cada vez m\u00e1s globalizado.<\/p>\n<p>Al establecer conexiones con sus compa\u00f1eros en Espa\u00f1a, adquieren mentalidad abierta, tolerancia y curiosidad, prepar\u00e1ndolos para convertirse en ciudadanos globales responsables y comprometidos.[\/vc_column_text][vc_btn title=&#8221;P\u00c1GINA WEB IES LOPE DE VEGA&#8221; style=&#8221;custom&#8221; custom_background=&#8221;#058240&#8243; custom_text=&#8221;#ffffff&#8221; align=&#8221;center&#8221; link=&#8221;url:https%3A%2F%2Fwww.educantabria.es%2Ffr%2Fweb%2Fies-lope-de-vega||target:%20_blank|&#8221;][vc_empty_space][\/vc_column][\/vc_row]<\/p>\n","protected":false},"excerpt":{"rendered":"<p>[vc_row][vc_column css=&#8221;.vc_custom_1708443672494{margin-top: 0px !important;margin-right: 100px !important;border-top-width: 0px !important;border-right-width: 100px !important;padding-top: 0px !important;padding-right: 100px !important;}&#8221;][vc_column_text css=&#8221;.vc_custom_1712581252978{margin-top: 0px !important;margin-right: 0px !important;margin-bottom: 0px !important;margin-left: 0px !important;border-top-width: 0px !important;border-right-width: 0px !important;border-bottom-width: 0px&#8230;<\/p>\n","protected":false},"author":4,"featured_media":0,"parent":0,"menu_order":0,"comment_status":"closed","ping_status":"closed","template":"","meta":{"footnotes":""},"class_list":["post-1142","page","type-page","status-publish","hentry"],"_links":{"self":[{"href":"https:\/\/www.ndpo.fr\/international\/wp-json\/wp\/v2\/pages\/1142","targetHints":{"allow":["GET"]}}],"collection":[{"href":"https:\/\/www.ndpo.fr\/international\/wp-json\/wp\/v2\/pages"}],"about":[{"href":"https:\/\/www.ndpo.fr\/international\/wp-json\/wp\/v2\/types\/page"}],"author":[{"embeddable":true,"href":"https:\/\/www.ndpo.fr\/international\/wp-json\/wp\/v2\/users\/4"}],"replies":[{"embeddable":true,"href":"https:\/\/www.ndpo.fr\/international\/wp-json\/wp\/v2\/comments?post=1142"}],"version-history":[{"count":2,"href":"https:\/\/www.ndpo.fr\/international\/wp-json\/wp\/v2\/pages\/1142\/revisions"}],"predecessor-version":[{"id":1144,"href":"https:\/\/www.ndpo.fr\/international\/wp-json\/wp\/v2\/pages\/1142\/revisions\/1144"}],"wp:attachment":[{"href":"https:\/\/www.ndpo.fr\/international\/wp-json\/wp\/v2\/media?parent=1142"}],"curies":[{"name":"wp","href":"https:\/\/api.w.org\/{rel}","templated":true}]}}