{"id":1344,"date":"2025-01-28T15:59:17","date_gmt":"2025-01-28T14:59:17","guid":{"rendered":"https:\/\/www.ndpo.fr\/international\/?page_id=1344"},"modified":"2026-02-17T11:12:04","modified_gmt":"2026-02-17T10:12:04","slug":"concours","status":"publish","type":"page","link":"https:\/\/www.ndpo.fr\/international\/concours\/","title":{"rendered":"Concours"},"content":{"rendered":"<p>[vc_row][vc_column width=&#8221;1\/2&#8243;][vc_column_text css=&#8221;.vc_custom_1765203757088{margin-top: 100px !important;}&#8221;]<\/p>\n<article class=\"text-token-text-primary w-full focus:outline-none [--shadow-height:45px] has-data-writing-block:pointer-events-none has-data-writing-block:-mt-(--shadow-height) has-data-writing-block:pt-(--shadow-height) [&amp;:has([data-writing-block])&gt;*]:pointer-events-auto scroll-mt-[calc(var(--header-height)+min(200px,max(70px,20svh)))]\" dir=\"auto\" tabindex=\"-1\" data-turn-id=\"request-WEB:98cd170a-f14d-405f-b454-ae0f48d1cfcf-1\" data-testid=\"conversation-turn-4\" data-scroll-anchor=\"true\" data-turn=\"assistant\">\n<div class=\"text-base my-auto mx-auto pb-10 [--thread-content-margin:--spacing(4)] @w-sm\/main:[--thread-content-margin:--spacing(6)] @w-lg\/main:[--thread-content-margin:--spacing(16)] px-(--thread-content-margin)\">\n<div class=\"[--thread-content-max-width:40rem] @w-lg\/main:[--thread-content-max-width:48rem] mx-auto max-w-(--thread-content-max-width) flex-1 group\/turn-messages focus-visible:outline-hidden relative flex w-full min-w-0 flex-col agent-turn\" tabindex=\"-1\">\n<div class=\"flex max-w-full flex-col grow\">\n<div class=\"min-h-8 text-message relative flex w-full flex-col items-end gap-2 text-start break-words whitespace-normal [.text-message+&amp;]:mt-1\" dir=\"auto\" data-message-author-role=\"assistant\" data-message-id=\"1527f074-00b4-4502-8ce4-1099ae9de9f8\" data-message-model-slug=\"gpt-5-1\">\n<div class=\"flex w-full flex-col gap-1 empty:hidden first:pt-[1px]\">\n<div class=\"markdown prose dark:prose-invert w-full break-words dark markdown-new-styling\">\n<p data-start=\"57\" data-end=\"287\"><strong data-start=\"57\" data-end=\"99\">Concours annuel de l\u2019AEHT \u2013 Su\u00e8de 2025<\/strong><br data-start=\"99\" data-end=\"102\" \/>Nos \u00e9l\u00e8ves reviennent avec de tr\u00e8s belles distinctions !<br data-start=\"158\" data-end=\"161\" data-is-only-node=\"\" \/><em data-start=\"164\" data-end=\"183\">-M\u00e9daille d\u2019argent<\/em> pour <strong data-start=\"189\" data-end=\"198\">Manon<\/strong> en <em data-start=\"202\" data-end=\"216\">Front Office<\/em><br data-start=\"216\" data-end=\"219\" \/><em data-start=\"222\" data-end=\"242\">-M\u00e9daille de bronze<\/em> pour <strong data-start=\"248\" data-end=\"257\">Louis<\/strong> dans l\u2019\u00e9preuve du <em data-start=\"276\" data-end=\"287\">D\u00e9cathlon<\/em><\/p>\n<p data-start=\"289\" data-end=\"480\" data-is-last-node=\"\" data-is-only-node=\"\">Un immense bravo \u00e0 eux deux pour leurs performances remarquables !<br data-start=\"355\" data-end=\"358\" \/>F\u00e9licitations \u00e9galement \u00e0 l\u2019ensemble de nos \u00e9l\u00e8ves ayant repr\u00e9sent\u00e9 notre \u00e9tablissement lors de ce concours international.<\/p>\n<\/div>\n<\/div>\n<\/div>\n<\/div>\n<div class=\"z-0 flex min-h-[46px] justify-start\"><\/div>\n<div class=\"mt-3 w-full empty:hidden\">\n<div class=\"text-center\"><\/div>\n<\/div>\n<\/div>\n<\/div>\n<\/article>\n<div class=\"pointer-events-none h-px w-px\" aria-hidden=\"true\" data-edge=\"true\"><\/div>\n<p>[\/vc_column_text][\/vc_column][vc_column width=&#8221;1\/2&#8243;][vc_gallery interval=&#8221;3&#8243; images=&#8221;1564,1565,1566,1584,1585,1586&#8243; img_size=&#8221;500&#215;500&#8243; onclick=&#8221;&#8221; css_animation=&#8221;appear&#8221; title=&#8221;VASTERAS (SU\u00c8DE) &#8211; 2025&#8243; css=&#8221;.vc_custom_1771323117960{margin-top: 0px !important;margin-right: 0px !important;margin-bottom: 0px !important;margin-left: 0px !important;border-top-width: 0px !important;border-right-width: 0px !important;border-bottom-width: 0px !important;border-left-width: 0px !important;padding-top: 0px !important;padding-right: 0px !important;padding-bottom: 0px !important;padding-left: 0px !important;}&#8221;][\/vc_column][\/vc_row][vc_row][vc_column width=&#8221;1\/2&#8243;][vc_single_image image=&#8221;1353&#8243; img_size=&#8221;full&#8221; css_animation=&#8221;slideInUp&#8221; title=&#8221;CONCOURS AEHT&#8221;][\/vc_column][vc_column width=&#8221;1\/2&#8243;][vc_column_text css=&#8221;.vc_custom_1738147427955{margin-top: 100px !important;}&#8221;]<br \/>\nNotre \u00e9tablissement est membre de l&#8217;AEHT (Association des Ecoles d&#8217;H\u00f4tellerie et de Tourisme), une association qui organise chaque ann\u00e9e sa conf\u00e9rence dans l&#8217;un de ses pays membres.<\/p>\n<p>Cet \u00e9v\u00e9nement r\u00e9unit des \u00e9tudiants europ\u00e9ens qui participent \u00e0 13 \u00e9preuves vari\u00e9es : barista, cocktails, art culinaire, d\u00e9cathlon, front office, gestion h\u00f4teli\u00e8re, p\u00e2tisserie, r\u00e9flexion strat\u00e9gique, destination touristique, sommellerie, restauration, art culinaire v\u00e9g\u00e9tarien et sculpture sur l\u00e9gumes.[\/vc_column_text][\/vc_column][\/vc_row][vc_row][vc_column width=&#8221;1\/2&#8243;][vc_column_text css=&#8221;.vc_custom_1738147494611{margin-top: 100px !important;}&#8221;]Le concours annuel de l&#8217;AEHT : nos \u00e9tudiants brillent \u00e0 Riga.<br \/>\nRiga a accueilli la 37\u1d49 \u00e9dition du prestigieux concours de l&#8217;AEHT (Association Europ\u00e9enne des \u00c9coles d&#8217;H\u00f4tellerie et de Tourisme). Nos \u00e9l\u00e8ves Nesma, Mathias et Fabien ont relev\u00e9 les d\u00e9fis aux c\u00f4t\u00e9s de leurs bin\u00f4mes europ\u00e9ens, repoussant leurs limites dans des \u00e9preuves exigeantes.<br \/>\nF\u00e9licitations sp\u00e9ciales \u00e0 Fabien Leroy, \u00e9tudiant en BTS MHR, et \u00e0 sa partenaire n\u00e9erlandaise pour leur remarquable 3\u1d49 place dans l\u2019\u00e9preuve \u00ab Front Office \u00bb !<br \/>\nCe concours a \u00e9t\u00e9 une opportunit\u00e9 unique pour nos \u00e9tudiants de se surpasser, d\u2019apprendre \u00e0 collaborer au-del\u00e0 des fronti\u00e8res linguistiques, et de partager des moments m\u00e9morables avec des participants venus de toute l\u2019Europe.<br \/>\nAvant la c\u00e9r\u00e9monie de cl\u00f4ture, nos \u00e9l\u00e8ves ont d\u00e9couvert les tr\u00e9sors de Riga, une capitale fascinante. Une exp\u00e9rience enrichissante et inoubliable qui marque un temps fort de leur formation.<\/p>\n<p>Rendez-vous l\u2019ann\u00e9e prochaine en Su\u00e8de pour une nouvelle aventure internationale !<br \/>\nBravo \u00e0 toute la team pour leur engagement et leur r\u00e9ussite. Nous sommes fiers de vous !<br \/>\n[\/vc_column_text][\/vc_column][vc_column width=&#8221;1\/2&#8243;][vc_gallery interval=&#8221;3&#8243; images=&#8221;1348,1346,1372,1347,1352,1373,1349,1351,1353,1374&#8243; img_size=&#8221;500&#215;500&#8243; onclick=&#8221;&#8221; css_animation=&#8221;appear&#8221; title=&#8221;RIGA (LETTONIE) &#8211; 2024&#8243; css=&#8221;.vc_custom_1738148467595{margin-top: 0px !important;margin-right: 0px !important;margin-bottom: 0px !important;margin-left: 0px !important;border-top-width: 0px !important;border-right-width: 0px !important;border-bottom-width: 0px !important;border-left-width: 0px !important;padding-top: 0px !important;padding-right: 0px !important;padding-bottom: 0px !important;padding-left: 0px !important;}&#8221;][\/vc_column][\/vc_row][vc_row][vc_column width=&#8221;1\/2&#8243;][vc_gallery interval=&#8221;3&#8243; images=&#8221;1403,1400,1401,1404,1405,1406,1407,1408,1402&#8243; img_size=&#8221;500&#215;500&#8243; onclick=&#8221;&#8221; css_animation=&#8221;appear&#8221; title=&#8221;Troph\u00e9e Baron Romeyer &#8211; 2024 (BELGIQUE)&#8221; css=&#8221;.vc_custom_1738571780352{margin-top: 0px !important;margin-right: 0px !important;margin-bottom: 0px !important;margin-left: 0px !important;border-top-width: 0px !important;border-right-width: 0px !important;border-bottom-width: 0px !important;border-left-width: 0px !important;padding-top: 0px !important;padding-right: 0px !important;padding-bottom: 0px !important;padding-left: 0px !important;}&#8221;][\/vc_column][vc_column width=&#8221;1\/2&#8243;][vc_column_text css=&#8221;.vc_custom_1738571712848{margin-top: 100px !important;}&#8221;]Nos \u00e9l\u00e8ves de terminale professionnelle en h\u00f4tellerie-restauration ont brillamment particip\u00e9 au prestigieux Troph\u00e9e Baron Romeyer \u00e0 Wavre, en Belgique ! Face \u00e0 une concurrence internationale, ils ont su se d\u00e9marquer et remporter la victoire.<\/p>\n<p>Depuis sa cr\u00e9ation, ce concours a r\u00e9uni pr\u00e8s de 96 \u00e9quipes, 96 coachs et 288 \u00e9l\u00e8ves lors de 15 finales organis\u00e9es \u00e0 l\u2019IPES de Wavre. Un v\u00e9ritable tremplin pour les jeunes talents du secteur !<\/p>\n<p>La prochaine \u00e9dition se tiendra en avril 2025 \u00e0 l\u2019\u00c9cole H\u00f4teli\u00e8re Provinciale de Namur. Nous avons h\u00e2te de relever de nouveaux d\u00e9fis ! [\/vc_column_text][\/vc_column][\/vc_row]<\/p>\n","protected":false},"excerpt":{"rendered":"<p>[vc_row][vc_column width=&#8221;1\/2&#8243;][vc_column_text css=&#8221;.vc_custom_1765203757088{margin-top: 100px !important;}&#8221;] Concours annuel de l\u2019AEHT \u2013 Su\u00e8de 2025Nos \u00e9l\u00e8ves reviennent avec de tr\u00e8s belles distinctions !-M\u00e9daille d\u2019argent pour Manon en Front Office-M\u00e9daille de bronze&#8230;<\/p>\n","protected":false},"author":4,"featured_media":0,"parent":0,"menu_order":0,"comment_status":"closed","ping_status":"closed","template":"","meta":{"footnotes":""},"class_list":["post-1344","page","type-page","status-publish","hentry"],"_links":{"self":[{"href":"https:\/\/www.ndpo.fr\/international\/wp-json\/wp\/v2\/pages\/1344","targetHints":{"allow":["GET"]}}],"collection":[{"href":"https:\/\/www.ndpo.fr\/international\/wp-json\/wp\/v2\/pages"}],"about":[{"href":"https:\/\/www.ndpo.fr\/international\/wp-json\/wp\/v2\/types\/page"}],"author":[{"embeddable":true,"href":"https:\/\/www.ndpo.fr\/international\/wp-json\/wp\/v2\/users\/4"}],"replies":[{"embeddable":true,"href":"https:\/\/www.ndpo.fr\/international\/wp-json\/wp\/v2\/comments?post=1344"}],"version-history":[{"count":11,"href":"https:\/\/www.ndpo.fr\/international\/wp-json\/wp\/v2\/pages\/1344\/revisions"}],"predecessor-version":[{"id":1587,"href":"https:\/\/www.ndpo.fr\/international\/wp-json\/wp\/v2\/pages\/1344\/revisions\/1587"}],"wp:attachment":[{"href":"https:\/\/www.ndpo.fr\/international\/wp-json\/wp\/v2\/media?parent=1344"}],"curies":[{"name":"wp","href":"https:\/\/api.w.org\/{rel}","templated":true}]}}