{"id":1359,"date":"2025-01-28T15:59:17","date_gmt":"2025-01-28T14:59:17","guid":{"rendered":"https:\/\/www.ndpo.fr\/international\/?page_id=1359"},"modified":"2026-02-17T11:11:22","modified_gmt":"2026-02-17T10:11:22","slug":"concurso","status":"publish","type":"page","link":"https:\/\/www.ndpo.fr\/international\/concurso\/","title":{"rendered":"Concurso"},"content":{"rendered":"<p>[vc_row][vc_column width=&#8221;1\/2&#8243;][vc_column_text css=&#8221;.vc_custom_1771322673703{margin-top: 100px !important;}&#8221;]<\/p>\n<p data-start=\"0\" data-end=\"45\"><strong data-start=\"0\" data-end=\"43\">Concurso anual de la AEHT \u2013 Suecia 2025<\/strong><\/p>\n<p data-start=\"47\" data-end=\"104\">\u00a1Nuestros alumnos regresan con magn\u00edficas distinciones!<\/p>\n<ul data-start=\"106\" data-end=\"217\">\n<li data-start=\"106\" data-end=\"156\">\n<p data-start=\"108\" data-end=\"156\">\ud83e\udd48 Medalla de plata para Manon en Front Office<\/p>\n<\/li>\n<li data-start=\"157\" data-end=\"217\">\n<p data-start=\"159\" data-end=\"217\">\ud83e\udd49 Medalla de bronce para Louis en la prueba de Decatl\u00f3n<\/p>\n<\/li>\n<\/ul>\n<p data-start=\"219\" data-end=\"396\" data-is-last-node=\"\" data-is-only-node=\"\">\u00a1Un enorme bravo a ambos por sus actuaciones sobresalientes!<br data-start=\"279\" data-end=\"282\" \/>Felicitaciones tambi\u00e9n a todos nuestros alumnos que representaron a nuestro centro en este concurso internacional.<\/p>\n<p>[\/vc_column_text][\/vc_column][vc_column width=&#8221;1\/2&#8243;][vc_gallery interval=&#8221;3&#8243; images=&#8221;1577,1578,1579,1580,1581,1582&#8243; img_size=&#8221;500&#215;500&#8243; onclick=&#8221;&#8221; css_animation=&#8221;appear&#8221; title=&#8221;VASTERAS (SUECIA) &#8211; 2025&#8243; css=&#8221;.vc_custom_1771323078912{margin-top: 0px !important;margin-right: 0px !important;margin-bottom: 0px !important;margin-left: 0px !important;border-top-width: 0px !important;border-right-width: 0px !important;border-bottom-width: 0px !important;border-left-width: 0px !important;padding-top: 0px !important;padding-right: 0px !important;padding-bottom: 0px !important;padding-left: 0px !important;}&#8221;][\/vc_column][\/vc_row][vc_row][vc_column width=&#8221;1\/2&#8243;][vc_single_image image=&#8221;1392&#8243; img_size=&#8221;full&#8221; title=&#8221;CONCURSO AEHT&#8221;][\/vc_column][vc_column width=&#8221;1\/2&#8243;][vc_column_text css=&#8221;.vc_custom_1738145718454{margin-top: 100px !important;}&#8221;]<br \/>\nNuestro establecimiento es miembro de la AEHT (Asociaci\u00f3n de Escuelas de Hosteler\u00eda y Turismo), una asociaci\u00f3n que organiza cada a\u00f1o su conferencia en uno de sus pa\u00edses miembros.<\/p>\n<p>Este evento re\u00fane a estudiantes europeos que participan en 13 competiciones variadas: barista, c\u00f3cteles, arte culinario, decatl\u00f3n, recepci\u00f3n, gesti\u00f3n hotelera, pasteler\u00eda, reflexi\u00f3n estrat\u00e9gica, destinos tur\u00edsticos, sumiller\u00eda, restauraci\u00f3n, arte culinario vegetariano y escultura en verduras.[\/vc_column_text][\/vc_column][\/vc_row][vc_row][vc_column width=&#8221;1\/2&#8243;][vc_column_text css=&#8221;.vc_custom_1738148779229{margin-top: 100px !important;}&#8221;]El Concurso Anual de la AEHT: Nuestros Estudiantes Brillan en Riga.<br \/>\nRiga acogi\u00f3 la 37\u00aa edici\u00f3n del prestigioso concurso de la AEHT (Asociaci\u00f3n Europea de Escuelas de Hosteler\u00eda y Turismo). Nuestros estudiantes Nesma, Mathias y Fabien aceptaron los desaf\u00edos junto a sus compa\u00f1eros europeos, superando sus l\u00edmites en pruebas exigentes.<br \/>\n\u00a1Felicitaciones especiales a Fabien Leroy, estudiante en el programa de T\u00e9cnico superior (BTS) en hosteler\u00eda y gesti\u00f3n, y a su compa\u00f1era neerlandesa por su notable 3er lugar en la prueba de &#8220;Recepci\u00f3n&#8221;!<br \/>\nEste concurso fue una oportunidad \u00fanica para que nuestros estudiantes se superaran, aprendieran a colaborar m\u00e1s all\u00e1 de las barreras ling\u00fc\u00edsticas y compartieran momentos memorables con participantes de toda Europa.<br \/>\nAntes de la ceremonia de clausura, nuestros estudiantes descubrieron los tesoros de Riga, una fascinante capital. Una experiencia enriquecedora e inolvidable que marca un momento clave en su formaci\u00f3n.<\/p>\n<p>\u00a1Nos vemos el pr\u00f3ximo a\u00f1o en Suecia para una nueva aventura internacional!<br \/>\n\u00a1Felicidades a todo el equipo por su compromiso y \u00e9xito! \u00a1Estamos muy orgullosos de ustedes!<br \/>\n[\/vc_column_text][\/vc_column][vc_column width=&#8221;1\/2&#8243;][vc_gallery interval=&#8221;3&#8243; images=&#8221;1346,1394,1347,1348,1349,1393,1351,1352,1395&#8243; img_size=&#8221;500&#215;500&#8243; onclick=&#8221;&#8221; css_animation=&#8221;appear&#8221; title=&#8221;RIGA (LETONIA) &#8211; 2024&#8243; css=&#8221;.vc_custom_1738148741988{margin-top: 0px !important;margin-right: 0px !important;margin-bottom: 0px !important;margin-left: 0px !important;border-top-width: 0px !important;border-right-width: 0px !important;border-bottom-width: 0px !important;border-left-width: 0px !important;padding-top: 0px !important;padding-right: 0px !important;padding-bottom: 0px !important;padding-left: 0px !important;}&#8221;][\/vc_column][\/vc_row][vc_row][vc_column width=&#8221;1\/2&#8243;][vc_gallery interval=&#8221;3&#8243; images=&#8221;1411,1412,1413,1414,1415,1416,1417,1418&#8243; img_size=&#8221;500&#215;500&#8243; onclick=&#8221;&#8221; css_animation=&#8221;appear&#8221; title=&#8221;Trofeo Baron Romeyer &#8211; 2024 (BELGICA)&#8221; css=&#8221;.vc_custom_1738572034603{margin-top: 0px !important;margin-right: 0px !important;margin-bottom: 0px !important;margin-left: 0px !important;border-top-width: 0px !important;border-right-width: 0px !important;border-bottom-width: 0px !important;border-left-width: 0px !important;padding-top: 0px !important;padding-right: 0px !important;padding-bottom: 0px !important;padding-left: 0px !important;}&#8221;][\/vc_column][vc_column width=&#8221;1\/2&#8243;][vc_column_text css=&#8221;.vc_custom_1738572214338{margin-top: 100px !important;}&#8221;]<\/p>\n<p>\u00a1Nuestros estudiantes profesionales de \u00faltimo a\u00f1o en hoteler\u00eda y restauraci\u00f3n participaron brillantemente en el prestigioso Trofeo Bar\u00f3n Romeyer en Wavre, B\u00e9lgica! Frente a la competencia internacional, supieron destacarse y ganar.<\/p>\n<p>Desde su creaci\u00f3n, esta competici\u00f3n ha reunido a cerca de 96 equipos, 96 entrenadores y 288 estudiantes durante 15 finales organizadas en el IPES de Wavre. \u00a1Un aut\u00e9ntico trampol\u00edn para los j\u00f3venes talentos del sector!<\/p>\n<p>La pr\u00f3xima edici\u00f3n se celebrar\u00e1 en abril de 2025 en la Escuela de hoteler\u00eda Provincial de Namur.<\/p>\n<p>\u00a1Esperamos asumir nuevos desaf\u00edos![\/vc_column_text][\/vc_column][\/vc_row]<\/p>\n","protected":false},"excerpt":{"rendered":"<p>[vc_row][vc_column width=&#8221;1\/2&#8243;][vc_column_text css=&#8221;.vc_custom_1771322673703{margin-top: 100px !important;}&#8221;] Concurso anual de la AEHT \u2013 Suecia 2025 \u00a1Nuestros alumnos regresan con magn\u00edficas distinciones! \ud83e\udd48 Medalla de plata para Manon en Front Office&#8230;<\/p>\n","protected":false},"author":4,"featured_media":0,"parent":0,"menu_order":0,"comment_status":"closed","ping_status":"closed","template":"","meta":{"footnotes":""},"class_list":["post-1359","page","type-page","status-publish","hentry"],"_links":{"self":[{"href":"https:\/\/www.ndpo.fr\/international\/wp-json\/wp\/v2\/pages\/1359","targetHints":{"allow":["GET"]}}],"collection":[{"href":"https:\/\/www.ndpo.fr\/international\/wp-json\/wp\/v2\/pages"}],"about":[{"href":"https:\/\/www.ndpo.fr\/international\/wp-json\/wp\/v2\/types\/page"}],"author":[{"embeddable":true,"href":"https:\/\/www.ndpo.fr\/international\/wp-json\/wp\/v2\/users\/4"}],"replies":[{"embeddable":true,"href":"https:\/\/www.ndpo.fr\/international\/wp-json\/wp\/v2\/comments?post=1359"}],"version-history":[{"count":6,"href":"https:\/\/www.ndpo.fr\/international\/wp-json\/wp\/v2\/pages\/1359\/revisions"}],"predecessor-version":[{"id":1583,"href":"https:\/\/www.ndpo.fr\/international\/wp-json\/wp\/v2\/pages\/1359\/revisions\/1583"}],"wp:attachment":[{"href":"https:\/\/www.ndpo.fr\/international\/wp-json\/wp\/v2\/media?parent=1359"}],"curies":[{"name":"wp","href":"https:\/\/api.w.org\/{rel}","templated":true}]}}