{"id":1362,"date":"2025-01-28T16:02:26","date_gmt":"2025-01-28T15:02:26","guid":{"rendered":"https:\/\/www.ndpo.fr\/international\/?page_id=1362"},"modified":"2025-02-03T15:33:29","modified_gmt":"2025-02-03T14:33:29","slug":"cegep-quebec","status":"publish","type":"page","link":"https:\/\/www.ndpo.fr\/international\/accueil\/cegep-quebec\/","title":{"rendered":"CEGEP QUEBEC"},"content":{"rendered":"<p>[vc_row][vc_column width=&#8221;1\/2&#8243; css=&#8221;.vc_custom_1708443672494{margin-top: 0px !important;margin-right: 100px !important;border-top-width: 0px !important;border-right-width: 100px !important;padding-top: 0px !important;padding-right: 100px !important;}&#8221;]\n        <div class=\"rs-heading style2  vc_custom_1738076526906  \">\n        \t<div class=\"title-inner\">\n\t            \n\t            <h2 >CEGEP QUEBEC<\/h2>\n\t        <\/div><\/div>[vc_column_text css=&#8221;.vc_custom_1738576270291{margin-top: 0px !important;margin-right: 0px !important;margin-bottom: 0px !important;margin-left: 0px !important;border-top-width: 0px !important;border-right-width: 0px !important;border-bottom-width: 0px !important;border-left-width: 0px !important;padding-top: 0px !important;padding-right: 0px !important;padding-bottom: 0px !important;padding-left: 0px !important;}&#8221;]DES \u00c9TUDES AU QU\u00c9BEC POURQUOI PAS ?<\/p>\n<p>\u2022 Soci\u00e9t\u00e9 unique en Am\u00e9rique<br \/>\n\u2022 Province multiculturelle<br \/>\n\u2022 Qualit\u00e9 de vie exceptionnelle dans un milieu s\u00e9curitaire<br \/>\n\u2022 Qualit\u00e9 de l\u2019enseignement<br \/>\n\u2022 Gratuit\u00e9 scolaire (Entente Qu\u00e9bec-France)<br \/>\n\u2022 Valeur ajout\u00e9e \u00e0 son curriculum vitae<br \/>\n[\/vc_column_text][vc_empty_space][vc_empty_space][vc_btn title=&#8221;Pr\u00e9sentation du CEGEP&#8221; style=&#8221;custom&#8221; custom_background=&#8221;#058240&#8243; custom_text=&#8221;#ffffff&#8221; align=&#8221;center&#8221; link=&#8221;url:https%3A%2F%2Fwww.ndpo.fr%2Fapp%2Fuploads%2Fsites%2F12%2F2025%2F02%2FPresentation-Cegep-de-St-Felicien.pdf||target:%20_blank|&#8221;][\/vc_column][vc_column width=&#8221;1\/2&#8243;][vc_gallery interval=&#8221;0&#8243; images=&#8221;1447&#8243; img_size=&#8221;large&#8221; onclick=&#8221;&#8221; css_animation=&#8221;zoomInRight&#8221;][\/vc_column][\/vc_row][vc_row][vc_column width=&#8221;1\/2&#8243;]\n        <div class=\"rs-heading style2  vc_custom_1738576379590  \">\n        \t<div class=\"title-inner\">\n\t            \n\t            <h2 >QU'EST CE QUE LE CEGEP ?<\/h2>\n\t        <\/div><div class=\"description\"><p >Le C\u00e9gep de St-F\u00e9licien est situ\u00e9 dans la r\u00e9gion du Saguenay\u2212Lac-Saint-Jean, plus pr\u00e9cis\u00e9ment au Lac-Saint-Jean, dans un environnement offrant une qualit\u00e9 de vie exceptionnelle. Sa mission, accueillir, former, soutenir, est le reflet d\u2019une institution de proximit\u00e9 et d\u2019ouverture sur le monde.<br \/>\nLe C\u00e9gep est reconnu pour son approche personnalis\u00e9e, sa formation de qualit\u00e9 et son implication dans le milieu.<br \/>\nIl offre quatre programmes pr\u00e9universitaires, trois cheminements Double DEC et sept programmes techniques, entre autres le programme Techniques du milieu naturel, une formation unique au Qu\u00e9bec.<\/p><\/div><\/div>[vc_column_text]Le C\u00e9gep de St-F\u00e9licien est situ\u00e9 dans la r\u00e9gion du Saguenay\u2212Lac-Saint-Jean, plus pr\u00e9cis\u00e9ment au Lac-Saint-Jean, dans un environnement offrant une qualit\u00e9 de vie exceptionnelle. Sa mission, accueillir, former, soutenir, est le reflet d\u2019une institution de proximit\u00e9 et d\u2019ouverture sur le monde.<br \/>\nLe C\u00e9gep est reconnu pour son approche personnalis\u00e9e, sa formation de qualit\u00e9 et son implication dans le milieu.<br \/>\nIl offre quatre programmes pr\u00e9universitaires, trois cheminements Double DEC et sept programmes techniques, entre autres le programme Techniques du milieu naturel, une formation unique au Qu\u00e9bec.[\/vc_column_text][vc_empty_space][\/vc_column][vc_column width=&#8221;1\/2&#8243;][vc_empty_space][vc_empty_space][vc_gallery interval=&#8221;0&#8243; images=&#8221;1432&#8243; img_size=&#8221;full&#8221; onclick=&#8221;&#8221; css_animation=&#8221;zoomInRight&#8221;][vc_btn title=&#8221;Pr\u00e9parez votre arriv\u00e9e !&#8221; style=&#8221;custom&#8221; custom_background=&#8221;#058240&#8243; custom_text=&#8221;#ffffff&#8221; align=&#8221;center&#8221; link=&#8221;url:https%3A%2F%2Fwww.ndpo.fr%2Fapp%2Fuploads%2Fsites%2F12%2F2025%2F02%2FDEMARCHES-POUR-ENTREPRENDRE-DES-ETUDES.pdf||target:%20_blank|&#8221;][vc_empty_space height=&#8221;100px&#8221;][\/vc_column][\/vc_row][vc_row][vc_column width=&#8221;1\/2&#8243;][vc_gallery interval=&#8221;0&#8243; images=&#8221;1434&#8243; img_size=&#8221;full&#8221; onclick=&#8221;&#8221; css_animation=&#8221;zoomInLeft&#8221;][\/vc_column][vc_column width=&#8221;1\/2&#8243;][vc_column_text]Le milieu de vie du C\u00e9gep de St-F\u00e9licien est enrichi par la pr\u00e9sence de pr\u00e8s de 1000 \u00e9tudiantes et \u00e9tudiants de tous horizons, dont tout pr\u00e8s de 300 proviennent de l\u2019international.<br \/>\nLe C\u00e9gep privil\u00e9gie l\u2019apprentissage dans les laboratoires naturels tels que sa for\u00eat d\u2019enseignement et de recherche.<br \/>\nPar l\u2019entremise de sa fondation, il offre un programme de bourses pour aider certains \u00e9tudiants \u00e0 poursuivre leurs \u00e9tudes coll\u00e9giales, notamment une aide financi\u00e8re au logement dans ses appartements \u00e9tudiants.[\/vc_column_text][vc_btn title=&#8221;Fiche \u00c9tude Tourisme&#8221; style=&#8221;custom&#8221; custom_background=&#8221;#058240&#8243; custom_text=&#8221;#ffffff&#8221; align=&#8221;center&#8221; link=&#8221;url:https%3A%2F%2Fwww.ndpo.fr%2Fapp%2Fuploads%2Fsites%2F12%2F2025%2F02%2FFiche-tourisme.pdf||target:%20_blank|&#8221;][\/vc_column][\/vc_row]<\/p>\n","protected":false},"excerpt":{"rendered":"<p>[vc_row][vc_column width=&#8221;1\/2&#8243; css=&#8221;.vc_custom_1708443672494{margin-top: 0px !important;margin-right: 100px !important;border-top-width: 0px !important;border-right-width: 100px !important;padding-top: 0px !important;padding-right: 100px !important;}&#8221;][vc_column_text css=&#8221;.vc_custom_1738576270291{margin-top: 0px !important;margin-right: 0px !important;margin-bottom: 0px !important;margin-left: 0px !important;border-top-width: 0px !important;border-right-width: 0px !important;border-bottom-width:&#8230;<\/p>\n","protected":false},"author":4,"featured_media":0,"parent":15,"menu_order":0,"comment_status":"closed","ping_status":"closed","template":"","meta":{"footnotes":""},"class_list":["post-1362","page","type-page","status-publish","hentry"],"_links":{"self":[{"href":"https:\/\/www.ndpo.fr\/international\/wp-json\/wp\/v2\/pages\/1362","targetHints":{"allow":["GET"]}}],"collection":[{"href":"https:\/\/www.ndpo.fr\/international\/wp-json\/wp\/v2\/pages"}],"about":[{"href":"https:\/\/www.ndpo.fr\/international\/wp-json\/wp\/v2\/types\/page"}],"author":[{"embeddable":true,"href":"https:\/\/www.ndpo.fr\/international\/wp-json\/wp\/v2\/users\/4"}],"replies":[{"embeddable":true,"href":"https:\/\/www.ndpo.fr\/international\/wp-json\/wp\/v2\/comments?post=1362"}],"version-history":[{"count":21,"href":"https:\/\/www.ndpo.fr\/international\/wp-json\/wp\/v2\/pages\/1362\/revisions"}],"predecessor-version":[{"id":1364,"href":"https:\/\/www.ndpo.fr\/international\/wp-json\/wp\/v2\/pages\/1362\/revisions\/1364"}],"up":[{"embeddable":true,"href":"https:\/\/www.ndpo.fr\/international\/wp-json\/wp\/v2\/pages\/15"}],"wp:attachment":[{"href":"https:\/\/www.ndpo.fr\/international\/wp-json\/wp\/v2\/media?parent=1362"}],"curies":[{"name":"wp","href":"https:\/\/api.w.org\/{rel}","templated":true}]}}