{"id":15,"date":"2024-02-27T08:04:13","date_gmt":"2024-02-27T07:04:13","guid":{"rendered":"https:\/\/ndpo2020.keeo.com\/post-bac\/?page_id=15"},"modified":"2026-02-17T16:03:27","modified_gmt":"2026-02-17T15:03:27","slug":"accueil","status":"publish","type":"page","link":"https:\/\/www.ndpo.fr\/international\/accueil\/","title":{"rendered":"Accueil"},"content":{"rendered":"<p>[vc_row][vc_column][vc_message message_box_color=&#8221;white&#8221; icon_fontawesome=&#8221;fas fa-plane&#8221; css_animation=&#8221;fadeInDown&#8221; css=&#8221;.vc_custom_1771340543100{background-color: #058240 !important;}&#8221;]<\/p>\n<h3 style=\"text-align: center;\"><strong><br \/>\nLyc\u00e9e d&#8217;enseignement G\u00e9n\u00e9ral et Technologique &#8211; Lyc\u00e9e Professionnel<\/strong><\/h3>\n<p>[\/vc_message][\/vc_column][\/vc_row][vc_row][vc_column width=&#8221;1\/2&#8243;][vc_single_image image=&#8221;452&#8243; img_size=&#8221;full&#8221;][\/vc_column][vc_column width=&#8221;1\/2&#8243;][vc_empty_space]\n        <div class=\"rs-heading style2   \">\n        \t<div class=\"title-inner\">\n\t            \n\t            <h2 >L'INSTITUTION \u00c0 L'INTERNATIONAL<\/h2>\n\t        <\/div><div class=\"description\"><p >Pour accompagner au mieux la mobilit\u00e9 des jeunes, nous avons mis en place un bureau international compos\u00e9 de membres de l\u2019administration et de professeurs.<\/p>\n<p>Les coordonn\u00e9es du bureau international sont les suivantes :<br \/>\nMail : bi@ndpo.fr<br \/>\nNum\u00e9ro de t\u00e9l\u00e9phone : 03.20.71.71.09<\/p>\n<p>Notre entit\u00e9 est une porte d&#8217;entr\u00e9e \u00e0 l\u2019international afin d\u2019offrir \u00e0 tous ses \u00e9l\u00e8ves une exp\u00e9rience \u00e9ducative unique et immersive.<\/p><\/div><\/div>[\/vc_column][\/vc_row][vc_row][vc_column][vc_empty_space height=&#8221;50&#8243;][\/vc_column][\/vc_row][vc_row][vc_column]\n        <div class=\"rs-heading style2   center\">\n        \t<div class=\"title-inner\">\n\t            \n\t            <h2 >Les membres du bureau international<\/h2>\n\t        <\/div><\/div><div class=\"rs-team-style2\">\n\t\t<div class=\"team-carousel owl-carousel owl-navigation-yes\" data-carousel-options=\"{&quot;nav&quot;:true,&quot;navText&quot;:[&quot;&lt;i class=&#039;fa fa-angle-left&#039;&gt;&lt;\\\/i&gt;&quot;,&quot;&lt;i class=&#039;fa fa-angle-right&#039;&gt;&lt;\\\/i&gt;&quot;],&quot;dots&quot;:false,&quot;autoplay&quot;:true,&quot;autoplayTimeout&quot;:&quot;5000&quot;,&quot;autoplaySpeed&quot;:&quot;200&quot;,&quot;autoplayHoverPause&quot;:true,&quot;loop&quot;:true,&quot;margin&quot;:20,&quot;responsive&quot;:{&quot;0&quot;:{&quot;items&quot;:&quot;1&quot;},&quot;480&quot;:{&quot;items&quot;:&quot;2&quot;},&quot;768&quot;:{&quot;items&quot;:&quot;3&quot;},&quot;992&quot;:{&quot;items&quot;:&quot;3&quot;},&quot;1200&quot;:{&quot;items&quot;:&quot;3&quot;}}}\"><div class=\"team-item\">\n\t\t\t\t    <div class=\"team-img\">\n\t\t\t\t        <img decoding=\"async\" src=\"https:\/\/www.ndpo.fr\/app\/uploads\/sites\/12\/2024\/02\/aurore-demarquette@3x.png\" alt=\"Aurore DEMARQUETTE\" \/>\n\t\t\t\t        <div class=\"team-social\">\t\t\t  \n\t\t                  \t  \n\t\t                \t  \n\t\t                \t  \n\t\t                \t  \t\n\t\t\t            <\/div>\n\t\t\t\t    <\/div>\n\t\t\t\t    <div class=\"team-content\">\n\t                <h3 class=\"team-name\"><a href=\"https:\/\/www.ndpo.fr\/international\/teams\/aurore-demarquette\/\">Aurore DEMARQUETTE<\/a><\/h3>\n\t                <span class=\"team-title\">Coordinatrice du bureau international; charg\u00e9e du d\u00e9veloppement \u00e0 l'international; r\u00e9f\u00e9rente Anglais<\/span>\n\t\t\t    <\/div>\n\t\t\t\t<\/div><div class=\"team-item\">\n\t\t\t\t    <div class=\"team-img\">\n\t\t\t\t        <img decoding=\"async\" src=\"https:\/\/www.ndpo.fr\/app\/uploads\/sites\/12\/2024\/03\/ndpo_besin-p-1.jpg\" alt=\"Philippe BESIN\" \/>\n\t\t\t\t        <div class=\"team-social\">\t\t\t  \n\t\t                  \t  \n\t\t                \t  \n\t\t                \t  \n\t\t                \t  \t\n\t\t\t            <\/div>\n\t\t\t\t    <\/div>\n\t\t\t\t    <div class=\"team-content\">\n\t                <h3 class=\"team-name\"><a href=\"https:\/\/www.ndpo.fr\/international\/teams\/philippe-besin\/\">Philippe BESIN<\/a><\/h3>\n\t                <span class=\"team-title\">Chef d'\u00e9tablissement<\/span>\n\t\t\t    <\/div>\n\t\t\t\t<\/div><div class=\"team-item\">\n\t\t\t\t    <div class=\"team-img\">\n\t\t\t\t        <img decoding=\"async\" src=\"https:\/\/www.ndpo.fr\/app\/uploads\/sites\/12\/2024\/02\/Doroth\u00e9e-REMY@3x.png\" alt=\"Doroth\u00e9e R\u00c9MY\" \/>\n\t\t\t\t        <div class=\"team-social\">\t\t\t  \n\t\t                  \t  \n\t\t                \t  \n\t\t                \t  \n\t\t                \t  \t\n\t\t\t            <\/div>\n\t\t\t\t    <\/div>\n\t\t\t\t    <div class=\"team-content\">\n\t                <h3 class=\"team-name\"><a href=\"https:\/\/www.ndpo.fr\/international\/teams\/dorothee-remy\/\">Doroth\u00e9e R\u00c9MY<\/a><\/h3>\n\t                <span class=\"team-title\">R\u00e9f\u00e9rente entreprises<\/span>\n\t\t\t    <\/div>\n\t\t\t\t<\/div><div class=\"team-item\">\n\t\t\t\t    <div class=\"team-img\">\n\t\t\t\t        <img decoding=\"async\" src=\"https:\/\/www.ndpo.fr\/app\/uploads\/sites\/12\/2024\/02\/Antoine-DETAVERNIER@3x.png\" alt=\"Antoine DETAVERNIER\" \/>\n\t\t\t\t        <div class=\"team-social\">\t\t\t  \n\t\t                  \t  \n\t\t                \t  \n\t\t                \t  \n\t\t                \t  \t\n\t\t\t            <\/div>\n\t\t\t\t    <\/div>\n\t\t\t\t    <div class=\"team-content\">\n\t                <h3 class=\"team-name\"><a href=\"https:\/\/www.ndpo.fr\/international\/teams\/antoine-detavernier\/\">Antoine DETAVERNIER<\/a><\/h3>\n\t                <span class=\"team-title\">Charg\u00e9 de communication<\/span>\n\t\t\t    <\/div>\n\t\t\t\t<\/div><div class=\"team-item\">\n\t\t\t\t    <div class=\"team-img\">\n\t\t\t\t        <img decoding=\"async\" src=\"https:\/\/www.ndpo.fr\/app\/uploads\/sites\/12\/2024\/02\/Claudine-DEFRANCE.png\" alt=\"Claudine DEFRANCE\" \/>\n\t\t\t\t        <div class=\"team-social\">\t\t\t  \n\t\t                  \t  \n\t\t                \t  \n\t\t                \t  \n\t\t                \t  \t\n\t\t\t            <\/div>\n\t\t\t\t    <\/div>\n\t\t\t\t    <div class=\"team-content\">\n\t                <h3 class=\"team-name\"><a href=\"https:\/\/www.ndpo.fr\/international\/teams\/claudine-defrance\/\">Claudine DEFRANCE<\/a><\/h3>\n\t                <span class=\"team-title\">Comptable<\/span>\n\t\t\t    <\/div>\n\t\t\t\t<\/div><\/div>\n\t   <div>\n\t <\/div>\n\t<\/div>[vc_row_inner][vc_column_inner][\/vc_column_inner][\/vc_row_inner][\/vc_column][\/vc_row][vc_row][vc_column]<div class=\"rs-team-style2\">\n\t\t<div class=\"team-carousel owl-carousel owl-navigation-yes\" data-carousel-options=\"{&quot;nav&quot;:true,&quot;navText&quot;:[&quot;&lt;i class=&#039;fa fa-angle-left&#039;&gt;&lt;\\\/i&gt;&quot;,&quot;&lt;i class=&#039;fa fa-angle-right&#039;&gt;&lt;\\\/i&gt;&quot;],&quot;dots&quot;:false,&quot;autoplay&quot;:true,&quot;autoplayTimeout&quot;:&quot;5000&quot;,&quot;autoplaySpeed&quot;:&quot;200&quot;,&quot;autoplayHoverPause&quot;:true,&quot;loop&quot;:true,&quot;margin&quot;:20,&quot;responsive&quot;:{&quot;0&quot;:{&quot;items&quot;:&quot;1&quot;},&quot;480&quot;:{&quot;items&quot;:&quot;2&quot;},&quot;768&quot;:{&quot;items&quot;:&quot;3&quot;},&quot;992&quot;:{&quot;items&quot;:&quot;3&quot;},&quot;1200&quot;:{&quot;items&quot;:&quot;3&quot;}}}\"><div class=\"team-item\">\n\t\t\t\t    <div class=\"team-img\">\n\t\t\t\t        <img decoding=\"async\" src=\"https:\/\/www.ndpo.fr\/app\/uploads\/sites\/12\/2024\/04\/Eric-maillard@3x.png\" alt=\"Eric MAILLARD\" \/>\n\t\t\t\t        <div class=\"team-social\">\t\t\t  \n\t\t                  \t  \n\t\t                \t  \n\t\t                \t  \n\t\t                \t  \t\n\t\t\t            <\/div>\n\t\t\t\t    <\/div>\n\t\t\t\t    <div class=\"team-content\">\n\t                <h3 class=\"team-name\"><a href=\"https:\/\/www.ndpo.fr\/international\/teams\/eric-maillard\/\">Eric MAILLARD<\/a><\/h3>\n\t                <span class=\"team-title\">Coordinateur administratif et gestion financi\u00e8re<\/span>\n\t\t\t    <\/div>\n\t\t\t\t<\/div><div class=\"team-item\">\n\t\t\t\t    <div class=\"team-img\">\n\t\t\t\t        <img decoding=\"async\" src=\"https:\/\/www.ndpo.fr\/app\/uploads\/sites\/12\/2024\/04\/severine-rose@3x.png\" alt=\"S\u00e9verine ROSE\" \/>\n\t\t\t\t        <div class=\"team-social\">\t\t\t  \n\t\t                  \t  \n\t\t                \t  \n\t\t                \t  \n\t\t                \t  \t\n\t\t\t            <\/div>\n\t\t\t\t    <\/div>\n\t\t\t\t    <div class=\"team-content\">\n\t                <h3 class=\"team-name\"><a href=\"https:\/\/www.ndpo.fr\/international\/teams\/severine-rose-fr\/\">S\u00e9verine ROSE<\/a><\/h3>\n\t                <span class=\"team-title\">Secr\u00e9taire; coach motivationnel pour la pr\u00e9paration aux voyages<\/span>\n\t\t\t    <\/div>\n\t\t\t\t<\/div><div class=\"team-item\">\n\t\t\t\t    <div class=\"team-img\">\n\t\t\t\t        <img decoding=\"async\" src=\"https:\/\/www.ndpo.fr\/app\/uploads\/sites\/12\/2024\/04\/Aurelien-Barbry@3x.png\" alt=\"Aur\u00e9lien BARBRY\" \/>\n\t\t\t\t        <div class=\"team-social\">\t\t\t  \n\t\t                  \t  \n\t\t                \t  \n\t\t                \t  \n\t\t                \t  \t\n\t\t\t            <\/div>\n\t\t\t\t    <\/div>\n\t\t\t\t    <div class=\"team-content\">\n\t                <h3 class=\"team-name\"><a href=\"https:\/\/www.ndpo.fr\/international\/teams\/aurelien-barbry\/\">Aur\u00e9lien BARBRY<\/a><\/h3>\n\t                <span class=\"team-title\">R\u00e9f\u00e9rent relations avec les organismes, responsable \u00e9v\u00e8nementiel<\/span>\n\t\t\t    <\/div>\n\t\t\t\t<\/div><div class=\"team-item\">\n\t\t\t\t    <div class=\"team-img\">\n\t\t\t\t        <img decoding=\"async\" src=\"https:\/\/www.ndpo.fr\/app\/uploads\/sites\/12\/2024\/02\/lise@3x.png\" alt=\"Lise BRACQUART\" \/>\n\t\t\t\t        <div class=\"team-social\">\t\t\t  \n\t\t                  \t  \n\t\t                \t  \n\t\t                \t  \n\t\t                \t  \t\n\t\t\t            <\/div>\n\t\t\t\t    <\/div>\n\t\t\t\t    <div class=\"team-content\">\n\t                <h3 class=\"team-name\"><a href=\"https:\/\/www.ndpo.fr\/international\/teams\/lise-bracquart\/\">Lise BRACQUART<\/a><\/h3>\n\t                <span class=\"team-title\">R\u00e9f\u00e9rente r\u00e9seau de partenaires h\u00f4teliers<\/span>\n\t\t\t    <\/div>\n\t\t\t\t<\/div><div class=\"team-item\">\n\t\t\t\t    <div class=\"team-img\">\n\t\t\t\t        <img decoding=\"async\" src=\"https:\/\/www.ndpo.fr\/app\/uploads\/sites\/12\/2024\/02\/Elsy@3x.png\" alt=\"Elsy FABUR\u00c9\" \/>\n\t\t\t\t        <div class=\"team-social\">\t\t\t  \n\t\t                  \t  \n\t\t                \t  \n\t\t                \t  \n\t\t                \t  \t\n\t\t\t            <\/div>\n\t\t\t\t    <\/div>\n\t\t\t\t    <div class=\"team-content\">\n\t                <h3 class=\"team-name\"><a href=\"https:\/\/www.ndpo.fr\/international\/teams\/elsy-fabure\/\">Elsy FABUR\u00c9<\/a><\/h3>\n\t                <span class=\"team-title\">Secr\u00e9taire adjointe; r\u00e9f\u00e9rente pr\u00e9paration aux s\u00e9jours<\/span>\n\t\t\t    <\/div>\n\t\t\t\t<\/div><div class=\"team-item\">\n\t\t\t\t    <div class=\"team-img\">\n\t\t\t\t        <img decoding=\"async\" src=\"https:\/\/www.ndpo.fr\/app\/uploads\/sites\/12\/2024\/04\/Melanie-Ternon@3x.png\" alt=\"M\u00e9lanie TERNON\" \/>\n\t\t\t\t        <div class=\"team-social\">\t\t\t  \n\t\t                  \t  \n\t\t                \t  \n\t\t                \t  \n\t\t                \t  \t\n\t\t\t            <\/div>\n\t\t\t\t    <\/div>\n\t\t\t\t    <div class=\"team-content\">\n\t                <h3 class=\"team-name\"><a href=\"https:\/\/www.ndpo.fr\/international\/teams\/melanie-ternon\/\">M\u00e9lanie TERNON<\/a><\/h3>\n\t                <span class=\"team-title\">R\u00e9f\u00e9rente Espagnol, accueil d'\u00e9l\u00e8ves internationaux, coordinatrice de la fili\u00e8re g\u00e9n\u00e9rale<\/span>\n\t\t\t    <\/div>\n\t\t\t\t<\/div><div class=\"team-item\">\n\t\t\t\t    <div class=\"team-img\">\n\t\t\t\t        <img decoding=\"async\" src=\"https:\/\/www.ndpo.fr\/app\/uploads\/sites\/12\/2024\/02\/Benjamin-dulary_1@3x.png\" alt=\"Benjamin DULARY\" \/>\n\t\t\t\t        <div class=\"team-social\">\t\t\t  \n\t\t                  \t  \n\t\t                \t  \n\t\t                \t  \n\t\t                \t  \t\n\t\t\t            <\/div>\n\t\t\t\t    <\/div>\n\t\t\t\t    <div class=\"team-content\">\n\t                <h3 class=\"team-name\"><a href=\"https:\/\/www.ndpo.fr\/international\/teams\/benjamin-dulary\/\">Benjamin DULARY<\/a><\/h3>\n\t                <span class=\"team-title\">R\u00e9f\u00e9rent r\u00e9seau de partenaires boulangerie \/ p\u00e2tisserie<\/span>\n\t\t\t    <\/div>\n\t\t\t\t<\/div><\/div>\n\t   <div>\n\t <\/div>\n\t<\/div>[\/vc_column][\/vc_row]<\/p>\n","protected":false},"excerpt":{"rendered":"<p>[vc_row][vc_column][vc_message message_box_color=&#8221;white&#8221; icon_fontawesome=&#8221;fas fa-plane&#8221; css_animation=&#8221;fadeInDown&#8221; css=&#8221;.vc_custom_1771340543100{background-color: #058240 !important;}&#8221;] Lyc\u00e9e d&#8217;enseignement G\u00e9n\u00e9ral et Technologique &#8211; Lyc\u00e9e Professionnel [\/vc_message][\/vc_column][\/vc_row][vc_row][vc_column width=&#8221;1\/2&#8243;][vc_single_image image=&#8221;452&#8243; img_size=&#8221;full&#8221;][\/vc_column][vc_column width=&#8221;1\/2&#8243;][vc_empty_space][\/vc_column][\/vc_row][vc_row][vc_column][vc_empty_space height=&#8221;50&#8243;][\/vc_column][\/vc_row][vc_row][vc_column][vc_row_inner][vc_column_inner][\/vc_column_inner][\/vc_row_inner][\/vc_column][\/vc_row][vc_row][vc_column][\/vc_column]&#8230;<\/p>\n","protected":false},"author":12,"featured_media":0,"parent":0,"menu_order":0,"comment_status":"closed","ping_status":"closed","template":"","meta":{"footnotes":""},"class_list":["post-15","page","type-page","status-publish","hentry"],"_links":{"self":[{"href":"https:\/\/www.ndpo.fr\/international\/wp-json\/wp\/v2\/pages\/15","targetHints":{"allow":["GET"]}}],"collection":[{"href":"https:\/\/www.ndpo.fr\/international\/wp-json\/wp\/v2\/pages"}],"about":[{"href":"https:\/\/www.ndpo.fr\/international\/wp-json\/wp\/v2\/types\/page"}],"author":[{"embeddable":true,"href":"https:\/\/www.ndpo.fr\/international\/wp-json\/wp\/v2\/users\/12"}],"replies":[{"embeddable":true,"href":"https:\/\/www.ndpo.fr\/international\/wp-json\/wp\/v2\/comments?post=15"}],"version-history":[{"count":30,"href":"https:\/\/www.ndpo.fr\/international\/wp-json\/wp\/v2\/pages\/15\/revisions"}],"predecessor-version":[{"id":1632,"href":"https:\/\/www.ndpo.fr\/international\/wp-json\/wp\/v2\/pages\/15\/revisions\/1632"}],"wp:attachment":[{"href":"https:\/\/www.ndpo.fr\/international\/wp-json\/wp\/v2\/media?parent=15"}],"curies":[{"name":"wp","href":"https:\/\/api.w.org\/{rel}","templated":true}]}}