{"id":423,"date":"2024-02-28T12:47:58","date_gmt":"2024-02-28T11:47:58","guid":{"rendered":"https:\/\/www.ndpo.fr\/international\/?page_id=423"},"modified":"2024-06-20T12:31:10","modified_gmt":"2024-06-20T10:31:10","slug":"section-euro","status":"publish","type":"page","link":"https:\/\/www.ndpo.fr\/international\/accueil\/section-euro\/","title":{"rendered":"Section Euro"},"content":{"rendered":"<p>[vc_row][vc_column width=&#8221;1\/2&#8243;][vc_gallery interval=&#8221;0&#8243; images=&#8221;723&#8243; img_size=&#8221;full&#8221; onclick=&#8221;&#8221; css_animation=&#8221;zoomIn&#8221;][\/vc_column][vc_column width=&#8221;1\/2&#8243;][vc_empty_space]\n        <div class=\"rs-heading style2  vc_custom_1709047061251  \">\n        \t<div class=\"title-inner\">\n\t            \n\t            <h2 >SECTION ESPAGNOLE<\/h2>\n\t        <\/div><\/div>[vc_column_text css=&#8221;.vc_custom_1709047156753{margin-top: 0px !important;margin-right: 0px !important;margin-bottom: 0px !important;margin-left: 0px !important;border-top-width: 0px !important;border-right-width: 0px !important;border-bottom-width: 0px !important;border-left-width: 0px !important;padding-top: 0px !important;padding-right: 0px !important;padding-bottom: 0px !important;padding-left: 0px !important;}&#8221;]La section europ\u00e9enne espagnole au lyc\u00e9e g\u00e9n\u00e9ral offre aux \u00e9l\u00e8ves la possibilit\u00e9 d&#8217;approfondir leur connaissance de la langue et de la culture espagnole.<\/p>\n<p>Gr\u00e2ce \u00e0 des cours sp\u00e9cifiques et des activit\u00e9s compl\u00e9mentaires, les \u00e9l\u00e8ves d\u00e9veloppent leurs comp\u00e9tences linguistiques et leur compr\u00e9hension de la soci\u00e9t\u00e9 hispanophone.<\/p>\n<p>Cette section permet \u00e9galement d&#8217;aborder des th\u00e9matiques europ\u00e9ennes en lien avec l&#8217;Espagne, favorisant ainsi une ouverture sur le monde et la diversit\u00e9 culturelle.<\/p>\n<p>La section europ\u00e9enne espagnole constitue un v\u00e9ritable atout pour les \u00e9tudes sup\u00e9rieures et les futures carri\u00e8res internationales.<\/p>\n<p>Elle encourage l&#8217;ouverture d&#8217;esprit, la curiosit\u00e9 intellectuelle et la ma\u00eetrise d&#8217;une langue de plus en plus importante dans le contexte mondial actuel.<\/p>\n<p>\u00a1Bienvenidos a todos![\/vc_column_text][\/vc_column][\/vc_row][vc_row][vc_column width=&#8221;1\/2&#8243;]\n        <div class=\"rs-heading style2  vc_custom_1709048533773  \">\n        \t<div class=\"title-inner\">\n\t            \n\t            <h2 >SECTION ANGLAISE<\/h2>\n\t        <\/div><\/div>[vc_column_text]La section europ\u00e9enne en anglais offre une immersion profonde dans la langue et la culture anglaise.<\/p>\n<p>\u00c0 travers des cours sp\u00e9cifiques et des activit\u00e9s enrichissantes, les \u00e9l\u00e8ves d\u00e9veloppent une comp\u00e9tence linguistique avanc\u00e9e tout en explorant les nuances de la civilisation anglophone.<\/p>\n<p>Cette immersion va au-del\u00e0 de la simple acquisition linguistique, elle encourage \u00e9galement la compr\u00e9hension interculturelle.<\/p>\n<p>Les \u00e9l\u00e8ves b\u00e9n\u00e9ficient d&#8217;un environnement d&#8217;apprentissage stimulant, o\u00f9 la langue anglaise est v\u00e9ritablement au c\u0153ur de leur exp\u00e9rience \u00e9ducative.<\/p>\n<p>La section europ\u00e9enne anglais ouvre des portes vers de nouvelles opportunit\u00e9s acad\u00e9miques et professionnelles, tout en cultivant une compr\u00e9hension profonde et nuanc\u00e9e du monde anglophone et europ\u00e9en.<\/p>\n<p>Welcome to everybody ![\/vc_column_text][\/vc_column][vc_column width=&#8221;1\/2&#8243;][vc_gallery interval=&#8221;0&#8243; images=&#8221;725&#8243; img_size=&#8221;full&#8221; onclick=&#8221;&#8221; css_animation=&#8221;zoomIn&#8221;][\/vc_column][\/vc_row][vc_row][vc_column width=&#8221;1\/2&#8243;][vc_gallery interval=&#8221;0&#8243; images=&#8221;728&#8243; img_size=&#8221;full&#8221; onclick=&#8221;&#8221; css_animation=&#8221;zoomIn&#8221;][\/vc_column][vc_column width=&#8221;1\/2&#8243;]\n        <div class=\"rs-heading style2  vc_custom_1709047342416  \">\n        \t<div class=\"title-inner\">\n\t            \n\t            <h2 >BILANGUE<\/h2>\n\t        <\/div><\/div>[vc_column_text]La section bilangue au coll\u00e8ge offre une porte ouverte vers la richesse culturelle et linguistique.<\/p>\n<p>Que ce soit en espagnol ou en allemand, les \u00e9l\u00e8ves explorent de nouveaux horizons, \u00e9largissant leurs perspectives.<\/p>\n<p>La section bilangue encourage \u00e9galement la curiosit\u00e9 et l&#8217;ouverture d&#8217;esprit.<\/p>\n<p>C&#8217;est une opportunit\u00e9 pr\u00e9cieuse pour s&#8217;immerger dans une nouvelle langue d\u00e8s le plus jeune \u00e2ge, jetant les bases d&#8217;une comp\u00e9tence linguistique solide et d&#8217;une sensibilit\u00e9 interculturelle.[\/vc_column_text][\/vc_column][\/vc_row][vc_row][vc_column][vc_empty_space][\/vc_column][\/vc_row][vc_row][vc_column]\n        <div class=\"rs-heading style2  vc_custom_1718260930595  center\">\n        \t<div class=\"title-inner\">\n\t            \n\t            <h2 >BILANGUE ALLEMAND<\/h2>\n\t        <\/div><\/div>[\/vc_column][\/vc_row][vc_row][vc_column]<div class=\"rs-video-2  center\" ><img decoding=\"async\" src=\"https:\/\/www.ndpo.fr\/app\/uploads\/sites\/12\/2024\/06\/facade-college-e1718260871228.jpg\" alt=\"\"><div class=\"video-content\"><a class=\"popup-videos pulse animated\" href=\"https:\/\/www.youtube.com\/watch?v=TzOQmBsmhDk\" title=\"\">\n\t\t\t\t\t    <span><\/span>\n\t\t\t\t\t\t\t<i class=\"fa fa-play\"><\/i>\n\t\t\t\t\t\t<\/a>\n\n\t\t\t\t\t\t<\/div>\n\t\t\t\t\t    <div class=\"overly-border\"><\/div>\n\t\t\t\t\t<\/div>[\/vc_column][\/vc_row]<\/p>\n","protected":false},"excerpt":{"rendered":"<p>[vc_row][vc_column width=&#8221;1\/2&#8243;][vc_gallery interval=&#8221;0&#8243; images=&#8221;723&#8243; img_size=&#8221;full&#8221; onclick=&#8221;&#8221; css_animation=&#8221;zoomIn&#8221;][\/vc_column][vc_column width=&#8221;1\/2&#8243;][vc_empty_space][vc_column_text css=&#8221;.vc_custom_1709047156753{margin-top: 0px !important;margin-right: 0px !important;margin-bottom: 0px !important;margin-left: 0px !important;border-top-width: 0px !important;border-right-width: 0px !important;border-bottom-width: 0px !important;border-left-width: 0px !important;padding-top: 0px !important;padding-right: 0px&#8230;<\/p>\n","protected":false},"author":12,"featured_media":0,"parent":15,"menu_order":0,"comment_status":"closed","ping_status":"closed","template":"","meta":{"footnotes":""},"class_list":["post-423","page","type-page","status-publish","hentry"],"_links":{"self":[{"href":"https:\/\/www.ndpo.fr\/international\/wp-json\/wp\/v2\/pages\/423","targetHints":{"allow":["GET"]}}],"collection":[{"href":"https:\/\/www.ndpo.fr\/international\/wp-json\/wp\/v2\/pages"}],"about":[{"href":"https:\/\/www.ndpo.fr\/international\/wp-json\/wp\/v2\/types\/page"}],"author":[{"embeddable":true,"href":"https:\/\/www.ndpo.fr\/international\/wp-json\/wp\/v2\/users\/12"}],"replies":[{"embeddable":true,"href":"https:\/\/www.ndpo.fr\/international\/wp-json\/wp\/v2\/comments?post=423"}],"version-history":[{"count":44,"href":"https:\/\/www.ndpo.fr\/international\/wp-json\/wp\/v2\/pages\/423\/revisions"}],"predecessor-version":[{"id":1207,"href":"https:\/\/www.ndpo.fr\/international\/wp-json\/wp\/v2\/pages\/423\/revisions\/1207"}],"up":[{"embeddable":true,"href":"https:\/\/www.ndpo.fr\/international\/wp-json\/wp\/v2\/pages\/15"}],"wp:attachment":[{"href":"https:\/\/www.ndpo.fr\/international\/wp-json\/wp\/v2\/media?parent=423"}],"curies":[{"name":"wp","href":"https:\/\/api.w.org\/{rel}","templated":true}]}}