{"id":427,"date":"2024-04-05T08:46:39","date_gmt":"2024-04-05T06:46:39","guid":{"rendered":"https:\/\/www.ndpo.fr\/international\/?page_id=427"},"modified":"2024-04-08T15:19:18","modified_gmt":"2024-04-08T13:19:18","slug":"partenaires","status":"publish","type":"page","link":"https:\/\/www.ndpo.fr\/international\/accueil\/partenaires\/","title":{"rendered":"Partenaires"},"content":{"rendered":"<p>[vc_row][vc_column css=&#8221;.vc_custom_1708443672494{margin-top: 0px !important;margin-right: 100px !important;border-top-width: 0px !important;border-right-width: 100px !important;padding-top: 0px !important;padding-right: 100px !important;}&#8221;]\n        <div class=\"rs-heading style2  vc_custom_1709044674293  \">\n        \t<div class=\"title-inner\">\n\t            \n\t            <h2 >NOS PARTENAIRES<\/h2>\n\t        <\/div><\/div>[vc_column_text css=&#8221;.vc_custom_1709115715525{margin-top: 0px !important;margin-right: 0px !important;margin-bottom: 0px !important;margin-left: 0px !important;border-top-width: 0px !important;border-right-width: 0px !important;border-bottom-width: 0px !important;border-left-width: 0px !important;padding-top: 0px !important;padding-right: 0px !important;padding-bottom: 0px !important;padding-left: 0px !important;}&#8221;]Notre lyc\u00e9e h\u00f4telier a \u00e9tabli des partenariats avec des \u00e9tablissements h\u00f4teliers \u00e0 travers le monde, offrant ainsi \u00e0 nos stagiaires une opportunit\u00e9 unique de vivre une exp\u00e9rience professionnelle internationale enrichissante.<\/p>\n<p>Gr\u00e2ce \u00e0 ces partenariats, nos \u00e9l\u00e8ves ont la possibilit\u00e9 de r\u00e9aliser des stages dans des h\u00f4tels renomm\u00e9s, o\u00f9 ils peuvent mettre en pratique leurs comp\u00e9tences acquises en classe et obtenir de nouvelles connaissances dans un environnement r\u00e9el de travail.<br \/>\nTravailler dans des h\u00f4tels partenaires \u00e0 l&#8217;\u00e9tranger permet \u00e0 nos stagiaires de d\u00e9couvrir de nouvelles cultures, de perfectionner leur ma\u00eetrise des langues \u00e9trang\u00e8res et d&#8217;acqu\u00e9rir une ouverture d&#8217;esprit essentielle dans le secteur de l&#8217;h\u00f4tellerie.<br \/>\nDe plus, ces exp\u00e9riences professionnelles internationales constituent un atout majeur sur un CV, offrant aux stagiaires des perspectives de carri\u00e8re plus vastes et des opportunit\u00e9s de r\u00e9seautage \u00e0 l&#8217;\u00e9chelle mondiale.<\/p>\n<p>Nos partenariats h\u00f4teliers dans le monde entier offrent \u00e0 nos stagiaires un tremplin vers une carri\u00e8re internationale prometteuse et stimulante dans le domaine de l&#8217;h\u00f4tellerie.[\/vc_column_text]<div class=\"rs-video-2  vc_custom_1708444148300 \" ><img decoding=\"async\" src=\"https:\/\/www.ndpo.fr\/app\/uploads\/sites\/12\/2024\/02\/partenaire.png\" alt=\"NOS PARTENAIRES\"><div class=\"video-content\"><h4 style=\"color:\">NOS PARTENAIRES<\/h4><a class=\"popup-videos pulse animated\" href=\"https:\/\/www.youtube.com\/watch?v=QL-69Dbk8Fg\" title=\"NOS PARTENAIRES\">\n\t\t\t\t\t    <span><\/span>\n\t\t\t\t\t\t\t<i class=\"fa fa-play\"><\/i>\n\t\t\t\t\t\t<\/a>\n\n\t\t\t\t\t\t<\/div>\n\t\t\t\t\t    <div class=\"overly-border\"><\/div>\n\t\t\t\t\t<\/div>[\/vc_column][\/vc_row][vc_row][vc_column][vc_empty_space height=&#8221;60&#8243;][\/vc_column][\/vc_row][vc_row][vc_column width=&#8221;1\/2&#8243;][vc_empty_space height=&#8221;100px&#8221;]\n        <div class=\"rs-heading style2  vc_custom_1708023442508  \">\n        \t<div class=\"title-inner\">\n\t            \n\t            <h2 >LA BOURSE MERMOZ<\/h2>\n\t        <\/div><\/div>[vc_column_text]Vous \u00eates \u00e9tudiant ou apprenti du sup\u00e9rieur et vous pr\u00e9voyez d&#8217;effectuer un stage, un s\u00e9jour d&#8217;\u00e9tudes ou de recherche en Europe ou \u00e0 l&#8217;international ?<\/p>\n<p>Pensez \u00e0 la bourse Mermoz ! Cette bourse vise \u00e0 favoriser les exp\u00e9riences d&#8217;immersion dans un environnement professionnel international.[\/vc_column_text][vc_empty_space height=&#8221;100px&#8221;][vc_gallery interval=&#8221;0&#8243; images=&#8221;805&#8243; img_size=&#8221;full&#8221; onclick=&#8221;&#8221; css_animation=&#8221;zoomInLeft&#8221;][vc_empty_space][vc_column_text]Stages, \u00e9tudes ou recherche : en fonction des situations, les s\u00e9jours peuvent durer entre 2 et 26 semaines. Le montant de la bourse varie en fonction du quotient familial et peut s&#8217;\u00e9lever jusqu&#8217;\u00e0 400 euros par mois.[\/vc_column_text][\/vc_column][vc_column width=&#8221;1\/2&#8243;][vc_gallery interval=&#8221;0&#8243; images=&#8221;806&#8243; img_size=&#8221;full&#8221; onclick=&#8221;&#8221; css_animation=&#8221;zoomInRight&#8221;][vc_column_text]Objectifs : am\u00e9liorer aussi bien la professionnalisation que les capacit\u00e9s linguistiques et culturelles des \u00e9tudiants et ainsi renforcer l&#8217;employabilit\u00e9 des jeunes des Hauts-de-France.<\/p>\n<p>La bourse Mermoz s&#8217;adresse aux \u00e9tudiants en BTS, aux \u00e9tudiants de l\u2019enseignement sup\u00e9rieur ou des formations sanitaires et sociales et aux apprentis du sup\u00e9rieur ayant valid\u00e9 une premi\u00e8re ann\u00e9e d\u2019\u00e9tudes et effectuant une mobilit\u00e9 \u00e0 l\u2019\u00e9tranger au cours de l\u2019ann\u00e9e universitaire.[\/vc_column_text][vc_empty_space][vc_gallery interval=&#8221;0&#8243; images=&#8221;804&#8243; img_size=&#8221;full&#8221; onclick=&#8221;&#8221; css_animation=&#8221;zoomInRight&#8221;][\/vc_column][\/vc_row]<\/p>\n","protected":false},"excerpt":{"rendered":"<p>[vc_row][vc_column css=&#8221;.vc_custom_1708443672494{margin-top: 0px !important;margin-right: 100px !important;border-top-width: 0px !important;border-right-width: 100px !important;padding-top: 0px !important;padding-right: 100px !important;}&#8221;][vc_column_text css=&#8221;.vc_custom_1709115715525{margin-top: 0px !important;margin-right: 0px !important;margin-bottom: 0px !important;margin-left: 0px !important;border-top-width: 0px !important;border-right-width: 0px !important;border-bottom-width: 0px&#8230;<\/p>\n","protected":false},"author":12,"featured_media":0,"parent":15,"menu_order":0,"comment_status":"closed","ping_status":"closed","template":"","meta":{"footnotes":""},"class_list":["post-427","page","type-page","status-publish","hentry"],"_links":{"self":[{"href":"https:\/\/www.ndpo.fr\/international\/wp-json\/wp\/v2\/pages\/427","targetHints":{"allow":["GET"]}}],"collection":[{"href":"https:\/\/www.ndpo.fr\/international\/wp-json\/wp\/v2\/pages"}],"about":[{"href":"https:\/\/www.ndpo.fr\/international\/wp-json\/wp\/v2\/types\/page"}],"author":[{"embeddable":true,"href":"https:\/\/www.ndpo.fr\/international\/wp-json\/wp\/v2\/users\/12"}],"replies":[{"embeddable":true,"href":"https:\/\/www.ndpo.fr\/international\/wp-json\/wp\/v2\/comments?post=427"}],"version-history":[{"count":20,"href":"https:\/\/www.ndpo.fr\/international\/wp-json\/wp\/v2\/pages\/427\/revisions"}],"predecessor-version":[{"id":1148,"href":"https:\/\/www.ndpo.fr\/international\/wp-json\/wp\/v2\/pages\/427\/revisions\/1148"}],"up":[{"embeddable":true,"href":"https:\/\/www.ndpo.fr\/international\/wp-json\/wp\/v2\/pages\/15"}],"wp:attachment":[{"href":"https:\/\/www.ndpo.fr\/international\/wp-json\/wp\/v2\/media?parent=427"}],"curies":[{"name":"wp","href":"https:\/\/api.w.org\/{rel}","templated":true}]}}