{"id":428,"date":"2025-01-28T15:53:21","date_gmt":"2025-01-28T14:53:21","guid":{"rendered":"https:\/\/www.ndpo.fr\/international\/?page_id=428"},"modified":"2025-12-08T15:12:41","modified_gmt":"2025-12-08T14:12:41","slug":"voyages","status":"publish","type":"page","link":"https:\/\/www.ndpo.fr\/international\/accueil\/voyages\/","title":{"rendered":"Nos voyages"},"content":{"rendered":"<p>[vc_row][vc_column width=&#8221;1\/2&#8243;][vc_column_text css=&#8221;.vc_custom_1765203048528{margin-top: 100px !important;}&#8221;]<strong data-start=\"66\" data-end=\"149\">Nos \u00e9l\u00e8ves de Terminale ont v\u00e9cu un s\u00e9jour linguistique exceptionnel \u00e0 Toronto.<\/strong><\/p>\n<p><br data-start=\"149\" data-end=\"152\" \/>Chaque matin, ils ont b\u00e9n\u00e9fici\u00e9 de cours d\u2019anglais dispens\u00e9s dans des lieux embl\u00e9matiques de la ville, puis ont explor\u00e9 ses monuments et attractions incontournables.<\/p>\n<p><br data-start=\"317\" data-end=\"320\" \/>Un voyage enrichissant, marqu\u00e9 par de nombreuses d\u00e9couvertes et de belles rencontres, tant pour les \u00e9l\u00e8ves que pour leurs accompagnateurs.[\/vc_column_text][\/vc_column][vc_column width=&#8221;1\/2&#8243;][vc_gallery interval=&#8221;3&#8243; images=&#8221;1552,1553,1554,1555,1556,1557,1558,1559,1560,1561&#8243; img_size=&#8221;700&#215;500&#8243; onclick=&#8221;&#8221; css_animation=&#8221;appear&#8221; title=&#8221;TORONTO&#8221; css=&#8221;.vc_custom_1765203036470{margin-top: 0px !important;margin-right: 0px !important;margin-bottom: 0px !important;margin-left: 0px !important;border-top-width: 0px !important;border-right-width: 0px !important;border-bottom-width: 0px !important;border-left-width: 0px !important;padding-top: 0px !important;padding-right: 0px !important;padding-bottom: 0px !important;padding-left: 0px !important;}&#8221;][\/vc_column][\/vc_row][vc_row][vc_column width=&#8221;1\/2&#8243;][vc_gallery interval=&#8221;3&#8243; images=&#8221;1527,1528,1529,1530,1531,1532,1533,1534&#8243; img_size=&#8221;700&#215;500&#8243; onclick=&#8221;&#8221; css_animation=&#8221;appear&#8221; title=&#8221;LONDRES&#8221; css=&#8221;.vc_custom_1750951017068{margin-top: 0px !important;margin-right: 0px !important;margin-bottom: 0px !important;margin-left: 0px !important;border-top-width: 0px !important;border-right-width: 0px !important;border-bottom-width: 0px !important;border-left-width: 0px !important;padding-top: 0px !important;padding-right: 0px !important;padding-bottom: 0px !important;padding-left: 0px !important;}&#8221;][\/vc_column][vc_column width=&#8221;1\/2&#8243;][vc_column_text css=&#8221;.vc_custom_1750950833333{margin-top: 100px !important;}&#8221;]Une semaine inoubliable \u00e0 Londres avec 45 \u00e9l\u00e8ves de Seconde G\u00e9n\u00e9rale, Boulangerie\/P\u00e2tisserie et H\u00f4tellerie\/Restauration.<\/p>\n<p>Entre m\u00e9t\u00e9o estivale, visites enrichissantes et un groupe d\u2019\u00e9l\u00e8ves curieux, enthousiastes et attachants\u2026 que du bonheur !<\/p>\n<p>Un s\u00e9jour G\u00c9NIAL ![\/vc_column_text][\/vc_column][\/vc_row][vc_row][vc_column width=&#8221;1\/2&#8243;][vc_column_text css=&#8221;.vc_custom_1743693358371{margin-top: 100px !important;}&#8221;]Nos \u00e9l\u00e8ves de troisi\u00e8me ont eu la chance de vivre une exp\u00e9rience enrichissante au Pays basque espagnol, rythm\u00e9e par des d\u00e9couvertes culturelles, des activit\u00e9s sportives et des moments de convivialit\u00e9.<\/p>\n<p>Visite du Mus\u00e9e de la Paix \u00e0 Guernica, randonn\u00e9e jusqu&#8217;\u00e0 la chapelle de San Juan de Gaztelugatxe, d\u00e9couverte du stade San Mam\u00e9s de l&#8217;Athletic Bilbao&#8230; autant d\u2019exp\u00e9riences marquantes qui ont jalonn\u00e9 leur s\u00e9jour.<br \/>\nCe voyage \u00e0 Bilbao restera une aventure m\u00e9morable, alliant culture, sport et gastronomie. Un grand merci \u00e0 tous ceux qui ont contribu\u00e9 \u00e0 en faire un moment inoubliable pour nos \u00e9l\u00e8ves !<br \/>\n[\/vc_column_text][\/vc_column][vc_column width=&#8221;1\/2&#8243;][vc_gallery interval=&#8221;3&#8243; images=&#8221;1479,1480,1481,1482,1483,1484,1485,1486,1487,1488&#8243; img_size=&#8221;700&#215;500&#8243; onclick=&#8221;&#8221; css_animation=&#8221;appear&#8221; title=&#8221;BILBAO&#8221; css=&#8221;.vc_custom_1743693446436{margin-top: 0px !important;margin-right: 0px !important;margin-bottom: 0px !important;margin-left: 0px !important;border-top-width: 0px !important;border-right-width: 0px !important;border-bottom-width: 0px !important;border-left-width: 0px !important;padding-top: 0px !important;padding-right: 0px !important;padding-bottom: 0px !important;padding-left: 0px !important;}&#8221;][\/vc_column][\/vc_row][vc_row][vc_column width=&#8221;1\/2&#8243;][vc_gallery interval=&#8221;3&#8243; images=&#8221;1232,1226,1233,1220,1221,1223,1224,1225,1227,1228,1229,1230,1231,1234&#8243; img_size=&#8221;700&#215;500&#8243; onclick=&#8221;&#8221; css_animation=&#8221;appear&#8221; title=&#8221;NEW-YORK&#8221; css=&#8221;.vc_custom_1736842111017{margin-top: 0px !important;margin-right: 0px !important;margin-bottom: 0px !important;margin-left: 0px !important;border-top-width: 0px !important;border-right-width: 0px !important;border-bottom-width: 0px !important;border-left-width: 0px !important;padding-top: 0px !important;padding-right: 0px !important;padding-bottom: 0px !important;padding-left: 0px !important;}&#8221;][\/vc_column][vc_column width=&#8221;1\/2&#8243;][vc_column_text css=&#8221;.vc_custom_1736841350190{margin-top: 100px !important;}&#8221;]Les \u00e9l\u00e8ves de terminale ont eu la chance de vivre une aventure inoubliable \u00e0 New York cet automne.<br \/>\nLog\u00e9s en famille d\u2019accueil, ils ont pleinement plong\u00e9 dans la vie new-yorkaise, d\u00e9couvrant la culture locale au quotidien. Le programme \u00e9tait bien rempli : chaque matin, des cours d\u2019anglais \u00e9taient dispens\u00e9s dans des lieux vari\u00e9s et inspirants, offrant une immersion linguistique unique.<br \/>\nLes apr\u00e8s-midis \u00e9taient d\u00e9di\u00e9s \u00e0 l\u2019exploration des sites embl\u00e9matiques de la ville : Times Square, la Statue de la Libert\u00e9, Central Park, et bien d\u2019autres tr\u00e9sors incontournables de la Grosse Pomme.<br \/>\nUn s\u00e9jour riche en d\u00e9couvertes, en apprentissages et en souvenirs m\u00e9morables\u202f![\/vc_column_text][\/vc_column][\/vc_row][vc_row][vc_column width=&#8221;1\/2&#8243; css=&#8221;.vc_custom_1713354782039{margin-top: 20px !important;margin-bottom: 20px !important;border-top-width: 20px !important;border-bottom-width: 20px !important;padding-top: 20px !important;padding-bottom: 20px !important;}&#8221;][vc_column_text css=&#8221;.vc_custom_1713354810212{margin-top: 100px !important;}&#8221;]Les voyages linguistiques organis\u00e9s au sein de l&#8217;Institution offrent une opportunit\u00e9 unique aux \u00e9l\u00e8ves d&#8217;explorer une nouvelle culture tout en perfectionnant leurs comp\u00e9tences linguistiques.[\/vc_column_text][\/vc_column][vc_column width=&#8221;1\/2&#8243;][vc_gallery interval=&#8221;3&#8243; images=&#8221;1162,1161,1163,1164,1160,1165,1166&#8243; img_size=&#8221;700&#215;500&#8243; onclick=&#8221;&#8221; css_animation=&#8221;appear&#8221; title=&#8221;ITALIE&#8221; css=&#8221;.vc_custom_1713354687064{margin-top: 0px !important;margin-right: 0px !important;margin-bottom: 0px !important;margin-left: 0px !important;border-top-width: 0px !important;border-right-width: 0px !important;border-bottom-width: 0px !important;border-left-width: 0px !important;padding-top: 0px !important;padding-right: 0px !important;padding-bottom: 0px !important;padding-left: 0px !important;}&#8221;][\/vc_column][\/vc_row][vc_row equal_height=&#8221;yes&#8221;][vc_column width=&#8221;1\/2&#8243;][vc_gallery interval=&#8221;3&#8243; images=&#8221;288,289,285,286,287&#8243; img_size=&#8221;700&#215;500&#8243; onclick=&#8221;&#8221; css_animation=&#8221;appear&#8221; title=&#8221;IRLANDE&#8221; css=&#8221;.vc_custom_1709057456447{margin-top: 0px !important;margin-right: 0px !important;margin-bottom: 0px !important;margin-left: 0px !important;border-top-width: 0px !important;border-right-width: 0px !important;border-bottom-width: 0px !important;border-left-width: 0px !important;padding-top: 0px !important;padding-right: 0px !important;padding-bottom: 0px !important;padding-left: 0px !important;}&#8221;][\/vc_column][vc_column width=&#8221;1\/2&#8243;][vc_empty_space height=&#8221;200px&#8221;][vc_column_text]Ces s\u00e9jours permettent aux \u00e9tudiants de mettre en pratique ce qu&#8217;ils ont appris en classe, en s&#8217;immergeant dans un environnement o\u00f9 la langue \u00e9trang\u00e8re est parl\u00e9e quotidiennement.[\/vc_column_text][\/vc_column][\/vc_row][vc_row][vc_column width=&#8221;1\/2&#8243;][vc_empty_space height=&#8221;200px&#8221;][vc_column_text]En plus des cours de langue, les participants ont souvent l&#8217;occasion de d\u00e9couvrir des sites historiques, des mus\u00e9es, et de participer \u00e0 des activit\u00e9s culturelles locales.<\/p>\n<p>Ces voyages favorisent non seulement l&#8217;apprentissage de la langue, mais aussi l&#8217;ouverture d&#8217;esprit et la d\u00e9couverte de nouvelles perspectives.[\/vc_column_text][\/vc_column][vc_column width=&#8221;1\/2&#8243;][vc_gallery interval=&#8221;3&#8243; images=&#8221;301,302,303,304,306&#8243; img_size=&#8221;700&#215;500&#8243; onclick=&#8221;&#8221; css_animation=&#8221;appear&#8221; title=&#8221;ANDALOUSIE&#8221;][\/vc_column][\/vc_row][vc_row equal_height=&#8221;yes&#8221;][vc_column width=&#8221;1\/2&#8243;][vc_gallery interval=&#8221;3&#8243; images=&#8221;319,318,317,316,308,307,305,309&#8243; img_size=&#8221;700&#215;500&#8243; onclick=&#8221;&#8221; css_animation=&#8221;appear&#8221; title=&#8221;INDE&#8221;][\/vc_column][vc_column width=&#8221;1\/2&#8243;][vc_empty_space height=&#8221;225px&#8221;][vc_column_text]Ils renforcent \u00e9galement les liens entre les \u00e9l\u00e8ves et les enseignants, favorisant ainsi un climat scolaire positif.[\/vc_column_text][\/vc_column][\/vc_row][vc_row][vc_column width=&#8221;1\/2&#8243;][vc_empty_space height=&#8221;225px&#8221;][vc_column_text]Les voyages linguistiques au lyc\u00e9e sont une exp\u00e9rience enrichissante qui restera grav\u00e9e dans la m\u00e9moire des participants.[\/vc_column_text][\/vc_column][vc_column width=&#8221;1\/2&#8243;][vc_gallery interval=&#8221;3&#8243; images=&#8221;292,291,290,283&#8243; img_size=&#8221;700&#215;500&#8243; onclick=&#8221;&#8221; css_animation=&#8221;appear&#8221; title=&#8221;ACTIVITE THEMATIQUE&#8221;][\/vc_column][\/vc_row]<\/p>\n","protected":false},"excerpt":{"rendered":"<p>[vc_row][vc_column width=&#8221;1\/2&#8243;][vc_column_text css=&#8221;.vc_custom_1765203048528{margin-top: 100px !important;}&#8221;]Nos \u00e9l\u00e8ves de Terminale ont v\u00e9cu un s\u00e9jour linguistique exceptionnel \u00e0 Toronto. Chaque matin, ils ont b\u00e9n\u00e9fici\u00e9 de cours d\u2019anglais dispens\u00e9s dans des lieux&#8230;<\/p>\n","protected":false},"author":12,"featured_media":0,"parent":15,"menu_order":0,"comment_status":"closed","ping_status":"closed","template":"","meta":{"footnotes":""},"class_list":["post-428","page","type-page","status-publish","hentry"],"_links":{"self":[{"href":"https:\/\/www.ndpo.fr\/international\/wp-json\/wp\/v2\/pages\/428","targetHints":{"allow":["GET"]}}],"collection":[{"href":"https:\/\/www.ndpo.fr\/international\/wp-json\/wp\/v2\/pages"}],"about":[{"href":"https:\/\/www.ndpo.fr\/international\/wp-json\/wp\/v2\/types\/page"}],"author":[{"embeddable":true,"href":"https:\/\/www.ndpo.fr\/international\/wp-json\/wp\/v2\/users\/12"}],"replies":[{"embeddable":true,"href":"https:\/\/www.ndpo.fr\/international\/wp-json\/wp\/v2\/comments?post=428"}],"version-history":[{"count":26,"href":"https:\/\/www.ndpo.fr\/international\/wp-json\/wp\/v2\/pages\/428\/revisions"}],"predecessor-version":[{"id":1563,"href":"https:\/\/www.ndpo.fr\/international\/wp-json\/wp\/v2\/pages\/428\/revisions\/1563"}],"up":[{"embeddable":true,"href":"https:\/\/www.ndpo.fr\/international\/wp-json\/wp\/v2\/pages\/15"}],"wp:attachment":[{"href":"https:\/\/www.ndpo.fr\/international\/wp-json\/wp\/v2\/media?parent=428"}],"curies":[{"name":"wp","href":"https:\/\/api.w.org\/{rel}","templated":true}]}}