{"id":871,"date":"2025-01-28T15:39:19","date_gmt":"2025-01-28T14:39:19","guid":{"rendered":"https:\/\/www.ndpo.fr\/international\/?page_id=871"},"modified":"2025-01-26T14:38:42","modified_gmt":"2025-01-26T13:38:42","slug":"certificaciones","status":"publish","type":"page","link":"https:\/\/www.ndpo.fr\/international\/inicio\/certificaciones\/","title":{"rendered":"Certificaciones"},"content":{"rendered":"<p>[vc_row][vc_column width=&#8221;1\/2&#8243;][vc_single_image image=&#8221;650&#8243; img_size=&#8221;full&#8221; css_animation=&#8221;fadeInDown&#8221;][\/vc_column][vc_column width=&#8221;1\/2&#8243;]\n        <div class=\"rs-heading style2   \">\n        \t<div class=\"title-inner\">\n\t            <span class=\"sub-text\">Al colegio<\/span>\n\t            <h2 >Cambridge PET \/ KET<\/h2>\n\t        <\/div><div class=\"description\"><p >El colegio propone la formaci\u00f3n para ex\u00e1menes:<\/p>\n<p>\u2013 PET (Preliminary English Test)<br \/>\nEste es un examen de nivel intermedio. Corresponde al nivel B1 del MCER e indica que eres capaz de utilizar tus habilidades en ingl\u00e9s en un entorno profesional o acad\u00e9mico.<\/p>\n<p>\u2013 A2 KEY : The Cambridge English Key para escuelas.<br \/>\nEs un examen de ingl\u00e9s para principiantes de nivel A2 en la escala MCER que indica que un estudiante es capaz de utilizar un ingl\u00e9s hablado y escrito sencillo todos los d\u00edas.<\/p><\/div><\/div>[\/vc_column][\/vc_row][vc_row][vc_column][vc_single_image image=&#8221;502&#8243; img_size=&#8221;full&#8221; alignment=&#8221;center&#8221;][\/vc_column][\/vc_row][vc_row][vc_column width=&#8221;1\/2&#8243;]\n        <div class=\"rs-heading style2   \">\n        \t<div class=\"title-inner\">\n\t            <span class=\"sub-text\">Au lyc\u00e9e<\/span>\n\t            <h2 >TOEIC<\/h2>\n\t        <\/div><div class=\"description\"><p >El <strong>TOEIC<\/strong> (Test Of English for International Communication)<\/p>\n<p>es un <strong>examen de ingl\u00e9s<\/strong> estandarizado internacionalmente ampliamente reconocido .<\/p>\n<p>El examen TOEIC se utiliza para evaluar la capacidad de las personas, para quienes el ingl\u00e9s no es su lengua materna, para <strong>comunicarse en un entorno profesional de habla inglesa .<\/strong><\/p><\/div><\/div>[\/vc_column][vc_column width=&#8221;1\/2&#8243;][vc_gallery interval=&#8221;0&#8243; images=&#8221;812&#8243; img_size=&#8221;full&#8221; onclick=&#8221;&#8221; css_animation=&#8221;fadeInDown&#8221; css=&#8221;.vc_custom_1709142327358{margin-top: 0px !important;margin-right: 0px !important;margin-bottom: 0px !important;margin-left: 0px !important;border-top-width: 0px !important;border-right-width: 0px !important;border-bottom-width: 0px !important;border-left-width: 0px !important;padding-top: 0px !important;padding-right: 0px !important;padding-bottom: 0px !important;padding-left: 0px !important;}&#8221;][\/vc_column][\/vc_row][vc_row][vc_column][vc_empty_space height=&#8221;50&#8243;][\/vc_column][\/vc_row][vc_row][vc_column width=&#8221;1\/2&#8243;][vc_gallery interval=&#8221;0&#8243; images=&#8221;808&#8243; img_size=&#8221;full&#8221; onclick=&#8221;&#8221; css_animation=&#8221;fadeInDown&#8221;][\/vc_column][vc_column width=&#8221;1\/2&#8243;]\n        <div class=\"rs-heading style2   \">\n        \t<div class=\"title-inner\">\n\t            <span class=\"sub-text\">En la preparatoria<\/span>\n\t            <h2 >ELYTE<\/h2>\n\t        <\/div><div class=\"description\"><p >El test <strong>ELYTE<\/strong> (Evaluaci\u00f3n Ling\u00fc\u00edstica y de T\u00e9cnicas Empresariales)<\/p>\n<p>Est\u00e1 certificado por la C\u00e1mara de Comercio de Espa\u00f1a en Francia, bajo el control de un equipo docente que desarrolla las pruebas. Con esta prueba certificamos el nivel de dominio del idioma espa\u00f1ol a trav\u00e9s de cuatro \u00e1reas de competencias, incluidas en el Marco Europeo de Referencia para las Lenguas (<a href=\"https:\/\/www.empleofrancia.com\/fr\/\" target=\"_blank\" rel=\"noopener noreferrer\">MCERL<\/a>).<\/p>\n<p>Los resultados se analizan de forma global y por competencias. Los candidatos obtienen un certificado que indica los resultados por categor\u00eda as\u00ed como el nivel general obtenido.<\/p><\/div><\/div>[\/vc_column][\/vc_row][vc_row][vc_column]\n        <div class=\"rs-heading style2   center\">\n        \t<div class=\"title-inner\">\n\t            <span class=\"sub-text\">Academia de Washington<\/span>\n\t            <h2 >Doble diploma<\/h2>\n\t        <\/div><div class=\"description\"><p ><\/p>\n<p style=\"text-align: left;\">El Diploma Dual ofrece a los estudiantes una experiencia de aprendizaje \u00fanica.<\/p>\n<p>&nbsp;<\/p>\n<p style=\"text-align: left;\">Tienen la oportunidad de participar en intercambios culturales y ling\u00fc\u00edsticos, interactuar con estudiantes internacionales y sumergirse en diferentes entornos educativos.<\/p>\n<p style=\"text-align: left;\">Esta experiencia promueve su apertura de mente, su adaptabilidad y su capacidad para trabajar en un contexto internacional.<\/p>\n<p style=\"text-align: left;\">Al obtener el bachillerato franc\u00e9s y americano, a los estudiantes se les ofrecen numerosas oportunidades profesionales.<\/p>\n<p style=\"text-align: left;\">Pueden continuar sus estudios en universidades francesas o americanas, trabajar en empresas internacionales o incluso emprender carreras diplom\u00e1ticas.<\/p>\n<p>&nbsp;<\/p>\n<p style=\"text-align: left;\">Esta doble titulaci\u00f3n constituye un activo real en el mercado laboral, ofreciendo a los estudiantes reconocimiento internacional y una mayor competitividad.<\/p>\n<p><\/p><\/div><\/div>[\/vc_column][\/vc_row][vc_row][vc_column][vc_btn title=&#8221;DUAL DIPLOMA&#8221; style=&#8221;custom&#8221; custom_background=&#8221;#145374&#8243; custom_text=&#8221;#ffffff&#8221; align=&#8221;center&#8221; link=&#8221;url:https%3A%2F%2Fwww.ndpo.fr%2Finternational%2Faccueil%2Fdual-diploma%2F|title:Dual%20Diploma||&#8221;][\/vc_column][\/vc_row][vc_row][vc_column width=&#8221;1\/2&#8243;][vc_single_image image=&#8221;669&#8243; img_size=&#8221;full&#8221; css_animation=&#8221;fadeInDown&#8221;][\/vc_column][vc_column width=&#8221;1\/2&#8243;][vc_single_image image=&#8221;670&#8243; img_size=&#8221;full&#8221; css_animation=&#8221;fadeInDown&#8221;][\/vc_column][\/vc_row]<\/p>\n","protected":false},"excerpt":{"rendered":"<p>[vc_row][vc_column width=&#8221;1\/2&#8243;][vc_single_image image=&#8221;650&#8243; img_size=&#8221;full&#8221; css_animation=&#8221;fadeInDown&#8221;][\/vc_column][vc_column width=&#8221;1\/2&#8243;][\/vc_column][\/vc_row][vc_row][vc_column][vc_single_image image=&#8221;502&#8243; img_size=&#8221;full&#8221; alignment=&#8221;center&#8221;][\/vc_column][\/vc_row][vc_row][vc_column width=&#8221;1\/2&#8243;][\/vc_column][vc_column width=&#8221;1\/2&#8243;][vc_gallery interval=&#8221;0&#8243; images=&#8221;812&#8243; img_size=&#8221;full&#8221; onclick=&#8221;&#8221; css_animation=&#8221;fadeInDown&#8221; css=&#8221;.vc_custom_1709142327358{margin-top: 0px !important;margin-right: 0px !important;margin-bottom: 0px !important;margin-left: 0px !important;border-top-width: 0px !important;border-right-width: 0px&#8230;<\/p>\n","protected":false},"author":12,"featured_media":0,"parent":781,"menu_order":0,"comment_status":"closed","ping_status":"closed","template":"","meta":{"footnotes":""},"class_list":["post-871","page","type-page","status-publish","hentry"],"_links":{"self":[{"href":"https:\/\/www.ndpo.fr\/international\/wp-json\/wp\/v2\/pages\/871","targetHints":{"allow":["GET"]}}],"collection":[{"href":"https:\/\/www.ndpo.fr\/international\/wp-json\/wp\/v2\/pages"}],"about":[{"href":"https:\/\/www.ndpo.fr\/international\/wp-json\/wp\/v2\/types\/page"}],"author":[{"embeddable":true,"href":"https:\/\/www.ndpo.fr\/international\/wp-json\/wp\/v2\/users\/12"}],"replies":[{"embeddable":true,"href":"https:\/\/www.ndpo.fr\/international\/wp-json\/wp\/v2\/comments?post=871"}],"version-history":[{"count":13,"href":"https:\/\/www.ndpo.fr\/international\/wp-json\/wp\/v2\/pages\/871\/revisions"}],"predecessor-version":[{"id":1263,"href":"https:\/\/www.ndpo.fr\/international\/wp-json\/wp\/v2\/pages\/871\/revisions\/1263"}],"up":[{"embeddable":true,"href":"https:\/\/www.ndpo.fr\/international\/wp-json\/wp\/v2\/pages\/781"}],"wp:attachment":[{"href":"https:\/\/www.ndpo.fr\/international\/wp-json\/wp\/v2\/media?parent=871"}],"curies":[{"name":"wp","href":"https:\/\/api.w.org\/{rel}","templated":true}]}}