{"id":873,"date":"2024-03-27T15:13:59","date_gmt":"2024-03-27T14:13:59","guid":{"rendered":"https:\/\/www.ndpo.fr\/international\/?page_id=873"},"modified":"2025-09-08T10:48:42","modified_gmt":"2025-09-08T08:48:42","slug":"doble-diploma","status":"publish","type":"page","link":"https:\/\/www.ndpo.fr\/international\/inicio\/doble-diploma\/","title":{"rendered":"Doble Diploma"},"content":{"rendered":"<p>[vc_row][vc_column][vc_column_text][\/vc_column_text][\/vc_column][\/vc_row][vc_row full_width=&#8221;stretch_row&#8221; full_height=&#8221;yes&#8221; equal_height=&#8221;yes&#8221; content_placement=&#8221;middle&#8221; css=&#8221;.vc_custom_1708933833736{margin-top: 0px !important;border-top-width: 0px !important;padding-top: 0px !important;}&#8221;][vc_column][vc_images_carousel images=&#8221;979,978,977,976,975&#8243; img_size=&#8221;full&#8221; onclick=&#8221;link_no&#8221; speed=&#8221;20000&#8243; autoplay=&#8221;yes&#8221; hide_pagination_control=&#8221;yes&#8221; wrap=&#8221;yes&#8221; css_animation=&#8221;rotateInUpLeft&#8221; css=&#8221;.vc_custom_1709134061919{margin-top: 0px !important;border-top-width: 0px !important;padding-top: 0px !important;}&#8221;][\/vc_column][\/vc_row][vc_row][vc_column css=&#8221;.vc_custom_1708441873669{margin-right: 100px !important;}&#8221;][vc_empty_space]<div class=\"rs-video-2  vc_custom_1709134231811 center\" ><img decoding=\"async\" src=\"https:\/\/www.ndpo.fr\/app\/uploads\/sites\/12\/2024\/02\/Dual-Diploma-8-1.png\" alt=\"LA CEREMONIA\"><div class=\"video-content\"><h4 style=\"color:#ffffff\">LA CEREMONIA<\/h4><a class=\"popup-videos pulse animated\" href=\"https:\/\/www.youtube.com\/watch?v=sPVYA98GydU\" title=\"LA CEREMONIA\">\n\t\t\t\t\t    <span><\/span>\n\t\t\t\t\t\t\t<i class=\"fa fa-play\"><\/i>\n\t\t\t\t\t\t<\/a>\n\n\t\t\t\t\t\t<\/div>\n\t\t\t\t\t    <div class=\"overly-border\"><\/div>\n\t\t\t\t\t<\/div>[\/vc_column][vc_column][vc_empty_space height=&#8221;10px&#8221;][vc_row_inner][vc_column_inner]\n        <div class=\"rs-heading style2  vc_custom_1708934674084  center\">\n        \t<div class=\"title-inner\">\n\t            \n\t            <h2 >EL DIPLOMA AMERICANO<\/h2>\n\t        <\/div><\/div>[vc_column_text css=&#8221;.vc_custom_1709045430381{margin-top: 0px !important;border-top-width: 0px !important;padding-top: 0px !important;}&#8221;]El Diploma Dual, que combina el bachillerato franc\u00e9s y americano, ofrece a los estudiantes una oportunidad excepcional de obtener reconocimiento acad\u00e9mico internacional.<\/p>\r\n<p>Este programa permite a los estudiantes seguir un plan de estudios acad\u00e9mico que cumple con los requisitos de ambos sistemas educativos, franc\u00e9s y americano.<\/p>\r\n<p>A trav\u00e9s de esta doble titulaci\u00f3n, los estudiantes obtienen una s\u00f3lida formaci\u00f3n acad\u00e9mica en una variedad de materias, al mismo tiempo que desarrollan un conocimiento profundo de las culturas y lenguas de ambos pa\u00edses.[\/vc_column_text][\/vc_column_inner][\/vc_row_inner][vc_single_image image=&#8221;479&#8243; img_size=&#8221;full&#8221; alignment=&#8221;center&#8221; css_animation=&#8221;rotateInUpRight&#8221; css=&#8221;.vc_custom_1709049179581{margin-bottom: 0px !important;border-bottom-width: 0px !important;padding-bottom: 0px !important;}&#8221;][\/vc_column][\/vc_row][vc_row][vc_column][vc_column_text][\/vc_column_text][\/vc_column][\/vc_row]<\/p>","protected":false},"excerpt":{"rendered":"<p>[vc_row][vc_column][vc_column_text][\/vc_column_text][\/vc_column][\/vc_row][vc_row full_width=&#8221;stretch_row&#8221; full_height=&#8221;yes&#8221; equal_height=&#8221;yes&#8221; content_placement=&#8221;middle&#8221; css=&#8221;.vc_custom_1708933833736{margin-top: 0px !important;border-top-width: 0px !important;padding-top: 0px !important;}&#8221;][vc_column][vc_images_carousel images=&#8221;979,978,977,976,975&#8243; img_size=&#8221;full&#8221; onclick=&#8221;link_no&#8221; speed=&#8221;20000&#8243; autoplay=&#8221;yes&#8221; hide_pagination_control=&#8221;yes&#8221; wrap=&#8221;yes&#8221; css_animation=&#8221;rotateInUpLeft&#8221; css=&#8221;.vc_custom_1709134061919{margin-top: 0px !important;border-top-width: 0px !important;padding-top: 0px !important;}&#8221;][\/vc_column][\/vc_row][vc_row][vc_column css=&#8221;.vc_custom_1708441873669{margin-right:&#8230;<\/p>\n","protected":false},"author":12,"featured_media":0,"parent":781,"menu_order":0,"comment_status":"closed","ping_status":"closed","template":"","meta":{"footnotes":""},"class_list":["post-873","page","type-page","status-publish","hentry"],"_links":{"self":[{"href":"https:\/\/www.ndpo.fr\/international\/wp-json\/wp\/v2\/pages\/873","targetHints":{"allow":["GET"]}}],"collection":[{"href":"https:\/\/www.ndpo.fr\/international\/wp-json\/wp\/v2\/pages"}],"about":[{"href":"https:\/\/www.ndpo.fr\/international\/wp-json\/wp\/v2\/types\/page"}],"author":[{"embeddable":true,"href":"https:\/\/www.ndpo.fr\/international\/wp-json\/wp\/v2\/users\/12"}],"replies":[{"embeddable":true,"href":"https:\/\/www.ndpo.fr\/international\/wp-json\/wp\/v2\/comments?post=873"}],"version-history":[{"count":4,"href":"https:\/\/www.ndpo.fr\/international\/wp-json\/wp\/v2\/pages\/873\/revisions"}],"predecessor-version":[{"id":980,"href":"https:\/\/www.ndpo.fr\/international\/wp-json\/wp\/v2\/pages\/873\/revisions\/980"}],"up":[{"embeddable":true,"href":"https:\/\/www.ndpo.fr\/international\/wp-json\/wp\/v2\/pages\/781"}],"wp:attachment":[{"href":"https:\/\/www.ndpo.fr\/international\/wp-json\/wp\/v2\/media?parent=873"}],"curies":[{"name":"wp","href":"https:\/\/api.w.org\/{rel}","templated":true}]}}