{"id":877,"date":"2024-02-28T12:47:58","date_gmt":"2024-02-28T11:47:58","guid":{"rendered":"https:\/\/www.ndpo.fr\/international\/?page_id=877"},"modified":"2025-09-08T10:47:44","modified_gmt":"2025-09-08T08:47:44","slug":"seccion-europea","status":"publish","type":"page","link":"https:\/\/www.ndpo.fr\/international\/inicio\/seccion-europea\/","title":{"rendered":"Secci\u00f3n Europea"},"content":{"rendered":"<p>[vc_row][vc_column][vc_column_text]<p>[\/vc_column_text][\/vc_column][\/vc_row][vc_row][vc_column width=&#8221;1\/2&#8243;][vc_gallery interval=&#8221;0&#8243; images=&#8221;722&#8243; img_size=&#8221;full&#8221; onclick=&#8221;&#8221; css_animation=&#8221;zoomIn&#8221;][\/vc_column][vc_column width=&#8221;1\/2&#8243;][vc_empty_space]\n        <div class=\"rs-heading style2  vc_custom_1709047061251  \">\n        \t<div class=\"title-inner\">\n\t            \n\t            <h2 >SECCI\u00d3N ESPA\u00d1OLA<\/h2>\n\t        <\/div><\/div>[vc_column_text css=&#8221;.vc_custom_1709047156753{margin-top: 0px !important;margin-right: 0px !important;margin-bottom: 0px !important;margin-left: 0px !important;border-top-width: 0px !important;border-right-width: 0px !important;border-bottom-width: 0px !important;border-left-width: 0px !important;padding-top: 0px !important;padding-right: 0px !important;padding-bottom: 0px !important;padding-left: 0px !important;}&#8221;]La secci\u00f3n de espa\u00f1ol europeo en la escuela secundaria general ofrece a los estudiantes la oportunidad de profundizar su conocimiento de la lengua y la cultura espa\u00f1ola.<\/p>\n<p>A trav\u00e9s de lecciones espec\u00edficas y actividades complementarias, los estudiantes desarrollan sus habilidades ling\u00fc\u00edsticas y su comprensi\u00f3n de la sociedad hispanohablante.<\/p>\n<p>Esta secci\u00f3n tambi\u00e9n permite abordar temas europeos vinculados a Espa\u00f1a, fomentando as\u00ed la apertura al mundo y la diversidad cultural.<\/p>\n<p>La secci\u00f3n de espa\u00f1ol europeo es un activo real para la educaci\u00f3n superior y futuras carreras internacionales.<\/p>\n<p>Fomenta la mentalidad abierta, la curiosidad intelectual y el dominio de un idioma que es cada vez m\u00e1s importante en el contexto global actual.<\/p>\n<p>\u00a1Bienvenida a todos![\/vc_column_text][\/vc_column][\/vc_row][vc_row][vc_column width=&#8221;1\/2&#8243;]\n        <div class=\"rs-heading style2  vc_custom_1709048533773  \">\n        \t<div class=\"title-inner\">\n\t            \n\t            <h2 >SECCI\u00d3N INGL\u00c9S<\/h2>\n\t        <\/div><\/div>[vc_column_text]La secci\u00f3n europea en ingl\u00e9s ofrece una profunda inmersi\u00f3n en el idioma y la cultura inglesa.<\/p>\n<p>A trav\u00e9s de lecciones espec\u00edficas y actividades enriquecedoras, los estudiantes desarrollan habilidades ling\u00fc\u00edsticas avanzadas mientras exploran los matices de la civilizaci\u00f3n de habla inglesa.<\/p>\n<p>Esta inmersi\u00f3n va m\u00e1s all\u00e1 de la simple adquisici\u00f3n ling\u00fc\u00edstica: tambi\u00e9n fomenta la comprensi\u00f3n intercultural y la conciencia de las cuestiones europeas.<\/p>\n<p>Los estudiantes se benefician de un ambiente de aprendizaje estimulante, donde el idioma ingl\u00e9s es verdaderamente el centro de su experiencia educativa.<\/p>\n<p>La secci\u00f3n de ingl\u00e9s europeo abre puertas a nuevas oportunidades acad\u00e9micas y profesionales, al mismo tiempo que cultiva una comprensi\u00f3n profunda y matizada del mundo europeo y de habla inglesa.<\/p>\n<p>Welcome to everybody ![\/vc_column_text][\/vc_column][vc_column width=&#8221;1\/2&#8243;][vc_gallery interval=&#8221;0&#8243; images=&#8221;727&#8243; img_size=&#8221;full&#8221; onclick=&#8221;&#8221; css_animation=&#8221;zoomIn&#8221;][\/vc_column][\/vc_row][vc_row][vc_column width=&#8221;1\/2&#8243;][vc_gallery interval=&#8221;0&#8243; images=&#8221;730&#8243; img_size=&#8221;full&#8221; onclick=&#8221;&#8221; css_animation=&#8221;zoomIn&#8221;][\/vc_column][vc_column width=&#8221;1\/2&#8243;]\n        <div class=\"rs-heading style2  vc_custom_1709047342416  \">\n        \t<div class=\"title-inner\">\n\t            \n\t            <h2 >BILANGU\u00c9<\/h2>\n\t        <\/div><\/div>[vc_column_text]La secci\u00f3n de evaluaci\u00f3n de la universidad ofrece una puerta abierta a la riqueza cultural y ling\u00fc\u00edstica.<\/p>\n<p>Ya sea en espa\u00f1ol o alem\u00e1n, los estudiantes exploran nuevos horizontes, ampliando sus perspectivas.<\/p>\n<p>La secci\u00f3n de rese\u00f1as tambi\u00e9n fomenta la curiosidad y la apertura de mente.<\/p>\n<p>Es una valiosa oportunidad para sumergirse en un nuevo idioma desde una edad temprana, sentando las bases para un s\u00f3lido dominio del idioma y una sensibilidad intercultural.[\/vc_column_text][\/vc_column][\/vc_row]<\/p>\n","protected":false},"excerpt":{"rendered":"<p>[vc_row][vc_column]&#8230;<\/p>\n","protected":false},"author":12,"featured_media":0,"parent":781,"menu_order":0,"comment_status":"closed","ping_status":"closed","template":"","meta":{"footnotes":""},"class_list":["post-877","page","type-page","status-publish","hentry"],"_links":{"self":[{"href":"https:\/\/www.ndpo.fr\/international\/wp-json\/wp\/v2\/pages\/877","targetHints":{"allow":["GET"]}}],"collection":[{"href":"https:\/\/www.ndpo.fr\/international\/wp-json\/wp\/v2\/pages"}],"about":[{"href":"https:\/\/www.ndpo.fr\/international\/wp-json\/wp\/v2\/types\/page"}],"author":[{"embeddable":true,"href":"https:\/\/www.ndpo.fr\/international\/wp-json\/wp\/v2\/users\/12"}],"replies":[{"embeddable":true,"href":"https:\/\/www.ndpo.fr\/international\/wp-json\/wp\/v2\/comments?post=877"}],"version-history":[{"count":4,"href":"https:\/\/www.ndpo.fr\/international\/wp-json\/wp\/v2\/pages\/877\/revisions"}],"predecessor-version":[{"id":945,"href":"https:\/\/www.ndpo.fr\/international\/wp-json\/wp\/v2\/pages\/877\/revisions\/945"}],"up":[{"embeddable":true,"href":"https:\/\/www.ndpo.fr\/international\/wp-json\/wp\/v2\/pages\/781"}],"wp:attachment":[{"href":"https:\/\/www.ndpo.fr\/international\/wp-json\/wp\/v2\/media?parent=877"}],"curies":[{"name":"wp","href":"https:\/\/api.w.org\/{rel}","templated":true}]}}