{"id":879,"date":"2024-04-08T15:01:13","date_gmt":"2024-04-08T13:01:13","guid":{"rendered":"https:\/\/www.ndpo.fr\/international\/?page_id=879"},"modified":"2025-01-26T14:37:11","modified_gmt":"2025-01-26T13:37:11","slug":"socios","status":"publish","type":"page","link":"https:\/\/www.ndpo.fr\/international\/socios\/","title":{"rendered":"Socios"},"content":{"rendered":"<p>[vc_row][vc_column css=&#8221;.vc_custom_1708443672494{margin-top: 0px !important;margin-right: 100px !important;border-top-width: 0px !important;border-right-width: 100px !important;padding-top: 0px !important;padding-right: 100px !important;}&#8221;]\n        <div class=\"rs-heading style2  vc_custom_1709125107237  \">\n        \t<div class=\"title-inner\">\n\t            \n\t            <h2 >NUESTROS COMPA\u00d1EROS<\/h2>\n\t        <\/div><\/div>[vc_column_text css=&#8221;.vc_custom_1710923433955{margin-top: 0px !important;margin-right: 0px !important;margin-bottom: 0px !important;margin-left: 0px !important;border-top-width: 0px !important;border-right-width: 0px !important;border-bottom-width: 0px !important;border-left-width: 0px !important;padding-top: 0px !important;padding-right: 0px !important;padding-bottom: 0px !important;padding-left: 0px !important;}&#8221;]<\/p>\n<div class=\"wpb_text_column wpb_content_element vc_custom_1709115715525\">\n<div class=\"wpb_wrapper\">\n<p><span class=\"\">Nuestra escuela de hoteler\u00eda ha establecido colaboraciones con establecimientos hoteleros de todo el mundo, ofreciendo a nuestros alumnos una oportunidad \u00fanica de disfrutar de una enriquecedora experiencia profesional internacional.<\/span><\/p>\n<p>A trav\u00e9s de estas alianzas, nuestros estudiantes tienen la oportunidad de realizar pr\u00e1cticas en hoteles de renombre, donde pueden poner en pr\u00e1ctica las habilidades aprendidas en clase y obtener nuevos conocimientos en un entorno laboral real.<br \/>\nTrabajar en hoteles asociados en el extranjero permite a nuestros estudiantes en pr\u00e1cticas descubrir nuevas culturas, mejorar su dominio de idiomas y adquirir la mentalidad abierta esencial en el sector hotelero.<br \/>\nAdem\u00e1s, estas experiencias laborales internacionales son una gran ventaja en un CV, ya que permite a los estudiantes en pr\u00e1cticas perspectivas profesionales m\u00e1s amplias y oportunidades de establecer contactos globales.<\/p>\n<p>Nuestras asociaciones hoteleras en todo el mundo permiten a nuestros estudiantes en pr\u00e1cticas un trampol\u00edn hacia una carrera internacional prometedora y desafiante en hoteler\u00eda.<\/p>\n<\/div>\n<\/div>\n<p>[\/vc_column_text]<div class=\"rs-video-2  vc_custom_1708444148300 \" ><img decoding=\"async\" src=\"https:\/\/www.ndpo.fr\/app\/uploads\/sites\/12\/2024\/02\/partenaire.png\" alt=\"NOS PARTENAIRES\"><div class=\"video-content\"><h4 style=\"color:\">NOS PARTENAIRES<\/h4><a class=\"popup-videos pulse animated\" href=\"https:\/\/www.youtube.com\/watch?v=QL-69Dbk8Fg\" title=\"NOS PARTENAIRES\">\n\t\t\t\t\t    <span><\/span>\n\t\t\t\t\t\t\t<i class=\"fa fa-play\"><\/i>\n\t\t\t\t\t\t<\/a>\n\n\t\t\t\t\t\t<\/div>\n\t\t\t\t\t    <div class=\"overly-border\"><\/div>\n\t\t\t\t\t<\/div>[\/vc_column][\/vc_row][vc_row][vc_column width=&#8221;1\/2&#8243;][vc_empty_space height=&#8221;100px&#8221;]\n        <div class=\"rs-heading style2  vc_custom_1709125148857  \">\n        \t<div class=\"title-inner\">\n\t            \n\t            <h2 >LA BOLSA DE MERMOZ<\/h2>\n\t        <\/div><\/div>[vc_column_text]<\/p>\n<div class=\"wpb_text_column wpb_content_element \">\n<div class=\"wpb_wrapper\">\n<p><span class=\"\">\u00bfEs usted estudiante o aprendiz de educaci\u00f3n superior y planea realizar una pasant\u00eda, un viaje de estudio o de investigaci\u00f3n en Europa o internacionalmente durante el a\u00f1o escolar 2023-2024?<\/span><\/p>\n<p>\u00a1Piensa en la beca Mermoz! Esta beca tiene como objetivo promover experiencias de inmersi\u00f3n en un entorno profesional internacional.<\/p>\n<\/div>\n<\/div>\n<p>[\/vc_column_text][vc_empty_space height=&#8221;100px&#8221;][vc_gallery interval=&#8221;0&#8243; images=&#8221;987&#8243; img_size=&#8221;full&#8221; onclick=&#8221;&#8221; css_animation=&#8221;zoomInLeft&#8221;][vc_empty_space][vc_column_text]<\/p>\n<div class=\"wpb_text_column wpb_content_element \">\n<div class=\"wpb_wrapper\">\n<p><span class=\"\">Pr\u00e1cticas, estudios o investigaci\u00f3n: dependiendo de la situaci\u00f3n, las estancias pueden durar entre 2 y 26 semanas. <\/span>La cuant\u00eda de la subvenci\u00f3n var\u00eda en funci\u00f3n del cociente familiar y puede ascender hasta los 400 euros mensuales.<\/p>\n<\/div>\n<\/div>\n<p>[\/vc_column_text][\/vc_column][vc_column width=&#8221;1\/2&#8243;][vc_gallery interval=&#8221;0&#8243; images=&#8221;986&#8243; img_size=&#8221;full&#8221; onclick=&#8221;&#8221; css_animation=&#8221;zoomInRight&#8221;][vc_column_text]<\/p>\n<div class=\"wpb_text_column wpb_content_element \">\n<div class=\"wpb_wrapper\">\n<p>Objetivos: mejorar tanto la profesionalizaci\u00f3n como las capacidades ling\u00fc\u00edsticas y culturales de los estudiantes y reforzar as\u00ed la empleabilidad de los j\u00f3venes en Hauts-de-France.<\/p>\n<p>La beca Mermoz est\u00e1 dirigida a estudiantes de BTS, estudiantes de educaci\u00f3n superior o de formaciones en salud y servicios sociales, y aprendices de educaci\u00f3n superior que hayan validado su primer a\u00f1o de estudios y est\u00e9n realizando una movilidad en el extranjero durante el a\u00f1o universitario.<\/p>\n<\/div>\n<\/div>\n<p>[\/vc_column_text][vc_empty_space][vc_gallery interval=&#8221;0&#8243; images=&#8221;988&#8243; img_size=&#8221;full&#8221; onclick=&#8221;&#8221; css_animation=&#8221;zoomInRight&#8221;][\/vc_column][\/vc_row]<\/p>\n","protected":false},"excerpt":{"rendered":"<p>[vc_row][vc_column css=&#8221;.vc_custom_1708443672494{margin-top: 0px !important;margin-right: 100px !important;border-top-width: 0px !important;border-right-width: 100px !important;padding-top: 0px !important;padding-right: 100px !important;}&#8221;][vc_column_text css=&#8221;.vc_custom_1710923433955{margin-top: 0px !important;margin-right: 0px !important;margin-bottom: 0px !important;margin-left: 0px !important;border-top-width: 0px !important;border-right-width: 0px !important;border-bottom-width: 0px&#8230;<\/p>\n","protected":false},"author":12,"featured_media":0,"parent":0,"menu_order":0,"comment_status":"closed","ping_status":"closed","template":"","meta":{"footnotes":""},"class_list":["post-879","page","type-page","status-publish","hentry"],"_links":{"self":[{"href":"https:\/\/www.ndpo.fr\/international\/wp-json\/wp\/v2\/pages\/879","targetHints":{"allow":["GET"]}}],"collection":[{"href":"https:\/\/www.ndpo.fr\/international\/wp-json\/wp\/v2\/pages"}],"about":[{"href":"https:\/\/www.ndpo.fr\/international\/wp-json\/wp\/v2\/types\/page"}],"author":[{"embeddable":true,"href":"https:\/\/www.ndpo.fr\/international\/wp-json\/wp\/v2\/users\/12"}],"replies":[{"embeddable":true,"href":"https:\/\/www.ndpo.fr\/international\/wp-json\/wp\/v2\/comments?post=879"}],"version-history":[{"count":6,"href":"https:\/\/www.ndpo.fr\/international\/wp-json\/wp\/v2\/pages\/879\/revisions"}],"predecessor-version":[{"id":1153,"href":"https:\/\/www.ndpo.fr\/international\/wp-json\/wp\/v2\/pages\/879\/revisions\/1153"}],"wp:attachment":[{"href":"https:\/\/www.ndpo.fr\/international\/wp-json\/wp\/v2\/media?parent=879"}],"curies":[{"name":"wp","href":"https:\/\/api.w.org\/{rel}","templated":true}]}}