{"id":881,"date":"2025-01-28T15:58:50","date_gmt":"2025-01-28T14:58:50","guid":{"rendered":"https:\/\/www.ndpo.fr\/international\/?page_id=881"},"modified":"2025-04-03T17:49:07","modified_gmt":"2025-04-03T15:49:07","slug":"nuestros-viajes","status":"publish","type":"page","link":"https:\/\/www.ndpo.fr\/international\/nuestros-viajes\/","title":{"rendered":"Nuestros Viajes"},"content":{"rendered":"<p>[vc_row][vc_column width=&#8221;1\/2&#8243;][vc_gallery interval=&#8221;3&#8243; images=&#8221;1501,1502,1503,1504,1505,1506,1507,1508,1509,1510&#8243; img_size=&#8221;700&#215;500&#8243; onclick=&#8221;&#8221; css_animation=&#8221;appear&#8221; title=&#8221;BILBAO&#8221; css=&#8221;.vc_custom_1743695152603{margin-top: 0px !important;margin-right: 0px !important;margin-bottom: 0px !important;margin-left: 0px !important;border-top-width: 0px !important;border-right-width: 0px !important;border-bottom-width: 0px !important;border-left-width: 0px !important;padding-top: 0px !important;padding-right: 0px !important;padding-bottom: 0px !important;padding-left: 0px !important;}&#8221;][\/vc_column][vc_column width=&#8221;1\/2&#8243;][vc_row_inner][vc_column_inner][\/vc_column_inner][\/vc_row_inner][vc_column_text]<\/p>\n<p>Nuestros alumnos de tercero de secundaria tuvieron la oportunidad de vivir una experiencia enriquecedora en el Pa\u00eds Vasco espa\u00f1ol, llena de descubrimientos culturales, actividades deportivas y momentos de convivencia.<\/p>\n<p>Visita al Museo de la Paz en Guernica, senderismo hasta la capilla de San Juan de Gaztelugatxe, descubrimiento del estadio San Mam\u00e9s del Athletic de Bilbao\u2026 tantas experiencias inolvidables que marcaron su viaje.<\/p>\n<p>Este viaje a Bilbao seguir\u00e1 siendo una aventura memorable, combinando cultura, deporte y gastronom\u00eda. \u00a1Un gran agradecimiento a todos los que contribuyeron a hacer de esta experiencia un momento inolvidable para nuestros alumnos![\/vc_column_text][\/vc_column][\/vc_row][vc_row][vc_column width=&#8221;1\/2&#8243;][vc_column_text]<\/p>\n<p>Los estudiantes de \u00faltimo a\u00f1o tuvieron la oportunidad de vivir una aventura inolvidable en Nueva York este oto\u00f1o.<br \/>\nAlojados con una familia anfitriona, se sumergieron por completo en la vida de Nueva York y descubrieron la cultura local a diario. El programa estuvo completo: cada ma\u00f1ana se impartieron clases de ingl\u00e9s en lugares variados e inspiradores, ofreciendo una inmersi\u00f3n ling\u00fc\u00edstica \u00fanica.<br \/>\nLas tardes las dedicamos a explorar los sitios emblem\u00e1ticos de la ciudad: Times Square, la Estatua de la Libertad, Central Park y muchos otros tesoros imperdibles de la Gran Manzana.<br \/>\n\u00a1Una estancia rica en descubrimientos, aprendizajes y recuerdos memorables![\/vc_column_text][\/vc_column][vc_column width=&#8221;1\/2&#8243;][vc_gallery interval=&#8221;3&#8243; images=&#8221;1319,1320,1321,1322,1323,1324,1325,1326,1327,1328,1329,1330&#8243; img_size=&#8221;700&#215;500&#8243; onclick=&#8221;&#8221; css_animation=&#8221;appear&#8221; title=&#8221;NEW-YORK&#8221; css=&#8221;.vc_custom_1737971346447{margin-top: 0px !important;margin-right: 0px !important;margin-bottom: 0px !important;margin-left: 0px !important;border-top-width: 0px !important;border-right-width: 0px !important;border-bottom-width: 0px !important;border-left-width: 0px !important;padding-top: 0px !important;padding-right: 0px !important;padding-bottom: 0px !important;padding-left: 0px !important;}&#8221;][\/vc_column][\/vc_row][vc_row equal_height=&#8221;yes&#8221;][vc_column width=&#8221;1\/2&#8243;][vc_gallery interval=&#8221;3&#8243; images=&#8221;288,289,285,286,287&#8243; img_size=&#8221;700&#215;500&#8243; onclick=&#8221;&#8221; css_animation=&#8221;appear&#8221; title=&#8221;IRLANDA&#8221; css=&#8221;.vc_custom_1709125747380{margin-top: 0px !important;margin-right: 0px !important;margin-bottom: 0px !important;margin-left: 0px !important;border-top-width: 0px !important;border-right-width: 0px !important;border-bottom-width: 0px !important;border-left-width: 0px !important;padding-top: 0px !important;padding-right: 0px !important;padding-bottom: 0px !important;padding-left: 0px !important;}&#8221;][\/vc_column][vc_column width=&#8221;1\/2&#8243;][vc_empty_space height=&#8221;200px&#8221;][vc_column_text]<\/p>\n<div class=\"wpb_text_column wpb_content_element \">\n<div class=\"wpb_wrapper\">\n<p>Los viajes de idiomas de la escuela secundaria ofrecen una oportunidad \u00fanica para que los estudiantes exploren una nueva cultura mientras perfeccionan sus habilidades ling\u00fc\u00edsticas.<\/p>\n<p><span class=\"\">Estas estancias permiten a los estudiantes poner en pr\u00e1ctica lo aprendido en clase, sumergi\u00e9ndose en un entorno donde se habla la lengua extranjera a diario.<\/span><\/p>\n<\/div>\n<\/div>\n<p>[\/vc_column_text][\/vc_column][\/vc_row][vc_row][vc_column width=&#8221;1\/2&#8243;][vc_empty_space height=&#8221;200px&#8221;][vc_column_text]<\/p>\n<div class=\"wpb_text_column wpb_content_element \">\n<div class=\"wpb_wrapper\">\n<p>Adem\u00e1s de las clases de idiomas, los participantes suelen tener la oportunidad de descubrir sitios hist\u00f3ricos, museos y participar en actividades culturales locales.<\/p>\n<p>Estos viajes no s\u00f3lo promueven el aprendizaje de idiomas, sino tambi\u00e9n la apertura de mente y el descubrimiento de nuevas perspectivas.<\/p>\n<\/div>\n<\/div>\n<p>[\/vc_column_text][\/vc_column][vc_column width=&#8221;1\/2&#8243;][vc_gallery interval=&#8221;3&#8243; images=&#8221;301,302,303,304,306&#8243; img_size=&#8221;700&#215;500&#8243; onclick=&#8221;&#8221; css_animation=&#8221;appear&#8221; title=&#8221;ANDALUC\u00cdA&#8221;][\/vc_column][\/vc_row][vc_row equal_height=&#8221;yes&#8221;][vc_column width=&#8221;1\/2&#8243;][vc_gallery interval=&#8221;3&#8243; images=&#8221;319,318,317,316,308,307,305,309&#8243; img_size=&#8221;700&#215;500&#8243; onclick=&#8221;&#8221; css_animation=&#8221;appear&#8221; title=&#8221;INDIA&#8221;][\/vc_column][vc_column width=&#8221;1\/2&#8243;][vc_empty_space height=&#8221;225px&#8221;][vc_column_text]<span class=\"\">Tambi\u00e9n fortalecen los v\u00ednculos entre estudiantes y profesores, promoviendo as\u00ed un clima escolar positivo.<\/span>[\/vc_column_text][\/vc_column][\/vc_row][vc_row][vc_column width=&#8221;1\/2&#8243;][vc_empty_space height=&#8221;225px&#8221;][vc_column_text]Los viajes de idiomas en la escuela secundaria son una experiencia enriquecedora que permanecer\u00e1 con los participantes durante mucho tiempo.[\/vc_column_text][\/vc_column][vc_column width=&#8221;1\/2&#8243;][vc_gallery interval=&#8221;3&#8243; images=&#8221;292,291,290,283&#8243; img_size=&#8221;700&#215;500&#8243; onclick=&#8221;&#8221; css_animation=&#8221;appear&#8221; title=&#8221;ACTIVIDAD TEM\u00c1TICA&#8221;][\/vc_column][\/vc_row]<\/p>\n","protected":false},"excerpt":{"rendered":"<p>[vc_row][vc_column width=&#8221;1\/2&#8243;][vc_gallery interval=&#8221;3&#8243; images=&#8221;1501,1502,1503,1504,1505,1506,1507,1508,1509,1510&#8243; img_size=&#8221;700&#215;500&#8243; onclick=&#8221;&#8221; css_animation=&#8221;appear&#8221; title=&#8221;BILBAO&#8221; css=&#8221;.vc_custom_1743695152603{margin-top: 0px !important;margin-right: 0px !important;margin-bottom: 0px !important;margin-left: 0px !important;border-top-width: 0px !important;border-right-width: 0px !important;border-bottom-width: 0px !important;border-left-width: 0px !important;padding-top: 0px !important;padding-right: 0px&#8230;<\/p>\n","protected":false},"author":12,"featured_media":0,"parent":0,"menu_order":0,"comment_status":"closed","ping_status":"closed","template":"","meta":{"footnotes":""},"class_list":["post-881","page","type-page","status-publish","hentry"],"_links":{"self":[{"href":"https:\/\/www.ndpo.fr\/international\/wp-json\/wp\/v2\/pages\/881","targetHints":{"allow":["GET"]}}],"collection":[{"href":"https:\/\/www.ndpo.fr\/international\/wp-json\/wp\/v2\/pages"}],"about":[{"href":"https:\/\/www.ndpo.fr\/international\/wp-json\/wp\/v2\/types\/page"}],"author":[{"embeddable":true,"href":"https:\/\/www.ndpo.fr\/international\/wp-json\/wp\/v2\/users\/12"}],"replies":[{"embeddable":true,"href":"https:\/\/www.ndpo.fr\/international\/wp-json\/wp\/v2\/comments?post=881"}],"version-history":[{"count":10,"href":"https:\/\/www.ndpo.fr\/international\/wp-json\/wp\/v2\/pages\/881\/revisions"}],"predecessor-version":[{"id":1512,"href":"https:\/\/www.ndpo.fr\/international\/wp-json\/wp\/v2\/pages\/881\/revisions\/1512"}],"wp:attachment":[{"href":"https:\/\/www.ndpo.fr\/international\/wp-json\/wp\/v2\/media?parent=881"}],"curies":[{"name":"wp","href":"https:\/\/api.w.org\/{rel}","templated":true}]}}