{"id":102,"date":"2020-05-28T07:15:19","date_gmt":"2020-05-28T07:15:19","guid":{"rendered":"https:\/\/ndpo2020.keeo.com\/?page_id=102"},"modified":"2021-06-10T05:20:05","modified_gmt":"2021-06-10T05:20:05","slug":"nos-locaux","status":"publish","type":"page","link":"https:\/\/www.ndpo.fr\/lycee-general\/nos-locaux\/","title":{"rendered":"Nos locaux"},"content":{"rendered":"<p>[vc_row][vc_column width=&#8221;1\/2&#8243;][vc_raw_html]JTNDaWZyYW1lJTIwd2lkdGglM0QlMjI1NjAlMjIlMjBoZWlnaHQlM0QlMjIzMTUlMjIlMjBzcmMlM0QlMjJodHRwcyUzQSUyRiUyRnd3dy55b3V0dWJlLmNvbSUyRmVtYmVkJTJGMmJwcl9UUGc1YVUlMjIlMjBmcmFtZWJvcmRlciUzRCUyMjAlMjIlMjBhbGxvdyUzRCUyMmFjY2VsZXJvbWV0ZXIlM0IlMjBhdXRvcGxheSUzQiUyMGVuY3J5cHRlZC1tZWRpYSUzQiUyMGd5cm9zY29wZSUzQiUyMHBpY3R1cmUtaW4tcGljdHVyZSUyMiUyMGFsbG93ZnVsbHNjcmVlbiUzRSUzQyUyRmlmcmFtZSUzRQ==[\/vc_raw_html][\/vc_column][vc_column width=&#8221;1\/2&#8243;][vc_empty_space]\n        <div class=\"rs-heading style2   \">\n        \t<div class=\"title-inner\">\n\t            <span class=\"sub-text\">Lyc\u00e9e g\u00e9n\u00e9ral et technologique<\/span>\n\t            <h2 >Visite virtuelle<\/h2>\n\t        <\/div><div class=\"description\"><p >D\u00e9couvrez le lyc\u00e9e g\u00e9n\u00e9ral et technologique La Providence et son environnement.<\/p><\/div><\/div>[\/vc_column][\/vc_row][vc_row][vc_column][vc_empty_space height=&#8221;100&#8243;]\n        <div class=\"rs-heading style2   center\">\n        \t<div class=\"title-inner\">\n\t            \n\t            <h2 >Quelques clich\u00e9s ...<\/h2>\n\t        <\/div><\/div>[vc_media_grid gap=&#8221;30&#8243; initial_loading_animation=&#8221;pulse&#8221; grid_id=&#8221;vc_gid:1622721814476-eaab56f92086790d9ae81b7ec8249c45-3&#8243; include=&#8221;699,758,504,506,507,508,759,509,512,772,510,701,702,754,753,749,750,746,762,766,765,705,706,774&#8243;][\/vc_column][\/vc_row]<\/p>\n","protected":false},"excerpt":{"rendered":"<p>[vc_row][vc_column width=&#8221;1\/2&#8243;][vc_raw_html]JTNDaWZyYW1lJTIwd2lkdGglM0QlMjI1NjAlMjIlMjBoZWlnaHQlM0QlMjIzMTUlMjIlMjBzcmMlM0QlMjJodHRwcyUzQSUyRiUyRnd3dy55b3V0dWJlLmNvbSUyRmVtYmVkJTJGMmJwcl9UUGc1YVUlMjIlMjBmcmFtZWJvcmRlciUzRCUyMjAlMjIlMjBhbGxvdyUzRCUyMmFjY2VsZXJvbWV0ZXIlM0IlMjBhdXRvcGxheSUzQiUyMGVuY3J5cHRlZC1tZWRpYSUzQiUyMGd5cm9zY29wZSUzQiUyMHBpY3R1cmUtaW4tcGljdHVyZSUyMiUyMGFsbG93ZnVsbHNjcmVlbiUzRSUzQyUyRmlmcmFtZSUzRQ==[\/vc_raw_html][\/vc_column][vc_column width=&#8221;1\/2&#8243;][vc_empty_space][\/vc_column][\/vc_row][vc_row][vc_column][vc_empty_space height=&#8221;100&#8243;][vc_media_grid gap=&#8221;30&#8243; initial_loading_animation=&#8221;pulse&#8221; grid_id=&#8221;vc_gid:1622721814476-eaab56f92086790d9ae81b7ec8249c45-3&#8243; include=&#8221;699,758,504,506,507,508,759,509,512,772,510,701,702,754,753,749,750,746,762,766,765,705,706,774&#8243;][\/vc_column]&#8230;<\/p>\n","protected":false},"author":2,"featured_media":0,"parent":0,"menu_order":0,"comment_status":"closed","ping_status":"closed","template":"","meta":{"footnotes":""},"class_list":["post-102","page","type-page","status-publish","hentry"],"_links":{"self":[{"href":"https:\/\/www.ndpo.fr\/lycee-general\/wp-json\/wp\/v2\/pages\/102","targetHints":{"allow":["GET"]}}],"collection":[{"href":"https:\/\/www.ndpo.fr\/lycee-general\/wp-json\/wp\/v2\/pages"}],"about":[{"href":"https:\/\/www.ndpo.fr\/lycee-general\/wp-json\/wp\/v2\/types\/page"}],"author":[{"embeddable":true,"href":"https:\/\/www.ndpo.fr\/lycee-general\/wp-json\/wp\/v2\/users\/2"}],"replies":[{"embeddable":true,"href":"https:\/\/www.ndpo.fr\/lycee-general\/wp-json\/wp\/v2\/comments?post=102"}],"version-history":[{"count":17,"href":"https:\/\/www.ndpo.fr\/lycee-general\/wp-json\/wp\/v2\/pages\/102\/revisions"}],"predecessor-version":[{"id":775,"href":"https:\/\/www.ndpo.fr\/lycee-general\/wp-json\/wp\/v2\/pages\/102\/revisions\/775"}],"wp:attachment":[{"href":"https:\/\/www.ndpo.fr\/lycee-general\/wp-json\/wp\/v2\/media?parent=102"}],"curies":[{"name":"wp","href":"https:\/\/api.w.org\/{rel}","templated":true}]}}