{"id":106,"date":"2020-05-28T07:15:56","date_gmt":"2020-05-28T07:15:56","guid":{"rendered":"https:\/\/ndpo2020.keeo.com\/?page_id=106"},"modified":"2024-04-10T15:38:40","modified_gmt":"2024-04-10T15:38:40","slug":"blog","status":"publish","type":"page","link":"https:\/\/www.ndpo.fr\/lycee-general\/blog\/","title":{"rendered":"Blog !"},"content":{"rendered":"<p>[vc_row][vc_column]<div class=\"rs-blog-grid rs-blog \">\n\t\t\t\t\t<div class=\"row\"><div class=\"col-md-12 col-sm-12 col-xs-12\">\n\t\t\t\t\t\t\t<div class=\"blog-item\">\n\t\t\t\t\t\t\t<div class=\"blog-img\"> \n\t\t\t\t\t\t\t\t<a href=\"https:\/\/www.ndpo.fr\/lycee-general\/?post_type=post&p=1100\">\n\t\t\t\t\t\t\t\t\t<img decoding=\"async\" src=\"https:\/\/www.ndpo.fr\/app\/uploads\/sites\/1\/2022\/06\/Bombannes1-2-1.jpg\" alt=\"BOMBANNES\" \/>\n\t\t\t\t\t\t\t\t<\/a>\n\t\t\t\t\t\t\t\t<a href=\"https:\/\/www.ndpo.fr\/lycee-general\/?post_type=post&p=1100\" class=\"blog-link\"><i class=\"fa fa-link\"><\/i><\/a>\n\t\t\t\t\t\t\t<\/div>\n\t\t\t\t\t\t\t<div class=\"full-blog-content\"> \n\t\t\t\t\t\t\t<div class=\"blog-meta\"><h3 class=\"blog-title\">\n\t\t\t\t\t\t\t\t\t<a href=\"https:\/\/www.ndpo.fr\/lycee-general\/?post_type=post&p=1100\"> BOMBANNES <\/a>\n\t\t\t\t\t\t\t\t<\/h3><\/div>\t\t\t\t\t\t\n\t\t\t\t\t\t\t\t<div class=\"blog-desc\">\n\t\t\t\t\t\t\t\t\tPour les 2GT le s\u00e9jour sportif continu, un programme bien charg\u00e9 avec des activit\u00e9s diverses : Kayak, Surf, v\u00e9lo, volley &#8230;. ?\u200d\u2642\ufe0f?\u200d\u2642\ufe0fAmbiance au top ?\n\t\t\t\t\t\t\t\t<\/div><div class=\"blog-button\"><a href=\"https:\/\/www.ndpo.fr\/lycee-general\/?post_type=post&p=1100\">Lire plus<\/a><\/div><\/div>\n\t\t\t\t\t\t\t<\/div>\n\n\n\t\t\t\t\t<\/div><div class=\"col-md-12 col-sm-12 col-xs-12\">\n\t\t\t\t\t\t\t<div class=\"blog-item\">\n\t\t\t\t\t\t\t<div class=\"blog-img\"> \n\t\t\t\t\t\t\t\t<a href=\"https:\/\/www.ndpo.fr\/lycee-general\/?post_type=post&p=1080\">\n\t\t\t\t\t\t\t\t\t<img decoding=\"async\" src=\"https:\/\/www.ndpo.fr\/app\/uploads\/sites\/1\/2022\/05\/tennis4.jpg\" alt=\"Championnat Tennis de table\" \/>\n\t\t\t\t\t\t\t\t<\/a>\n\t\t\t\t\t\t\t\t<a href=\"https:\/\/www.ndpo.fr\/lycee-general\/?post_type=post&p=1080\" class=\"blog-link\"><i class=\"fa fa-link\"><\/i><\/a>\n\t\t\t\t\t\t\t<\/div>\n\t\t\t\t\t\t\t<div class=\"full-blog-content\"> \n\t\t\t\t\t\t\t<div class=\"blog-meta\"><h3 class=\"blog-title\">\n\t\t\t\t\t\t\t\t\t<a href=\"https:\/\/www.ndpo.fr\/lycee-general\/?post_type=post&p=1080\"> Championnat Tennis de table <\/a>\n\t\t\t\t\t\t\t\t<\/h3><\/div>\t\t\t\t\t\t\n\t\t\t\t\t\t\t\t<div class=\"blog-desc\">\n\t\t\t\t\t\t\t\t\tCe week-end Hugo Lan\u00e7on a disput\u00e9 les championnats de France UGSEL de tennis de table \u00e0 Wattrelos. A l\u2019issue d\u2019un tr\u00e8s beau tournoi il a obtenu la place...\n\t\t\t\t\t\t\t\t<\/div><div class=\"blog-button\"><a href=\"https:\/\/www.ndpo.fr\/lycee-general\/?post_type=post&p=1080\">Lire plus<\/a><\/div><\/div>\n\t\t\t\t\t\t\t<\/div>\n\n\n\t\t\t\t\t<\/div><div class=\"col-md-12 col-sm-12 col-xs-12\">\n\t\t\t\t\t\t\t<div class=\"blog-item\">\n\t\t\t\t\t\t\t<div class=\"blog-img\"> \n\t\t\t\t\t\t\t\t<a href=\"https:\/\/www.ndpo.fr\/lycee-general\/?post_type=post&p=1072\">\n\t\t\t\t\t\t\t\t\t<img decoding=\"async\" src=\"https:\/\/www.ndpo.fr\/app\/uploads\/sites\/1\/2022\/05\/soir\u00e9e-internatcouv.jpg\" alt=\"Soir\u00e9e des internes\" \/>\n\t\t\t\t\t\t\t\t<\/a>\n\t\t\t\t\t\t\t\t<a href=\"https:\/\/www.ndpo.fr\/lycee-general\/?post_type=post&p=1072\" class=\"blog-link\"><i class=\"fa fa-link\"><\/i><\/a>\n\t\t\t\t\t\t\t<\/div>\n\t\t\t\t\t\t\t<div class=\"full-blog-content\"> \n\t\t\t\t\t\t\t<div class=\"blog-meta\"><h3 class=\"blog-title\">\n\t\t\t\t\t\t\t\t\t<a href=\"https:\/\/www.ndpo.fr\/lycee-general\/?post_type=post&p=1072\"> Soir\u00e9e des internes <\/a>\n\t\t\t\t\t\t\t\t<\/h3><\/div>\t\t\t\t\t\t\n\t\t\t\t\t\t\t\t<div class=\"blog-desc\">\n\t\t\t\t\t\t\t\t\tPour la fin d&#8217;ann\u00e9e les internes ont eu le droit \u00e0 une soir\u00e9e avec DJ&#8217;\n\t\t\t\t\t\t\t\t<\/div><div class=\"blog-button\"><a href=\"https:\/\/www.ndpo.fr\/lycee-general\/?post_type=post&p=1072\">Lire plus<\/a><\/div><\/div>\n\t\t\t\t\t\t\t<\/div>\n\n\n\t\t\t\t\t<\/div><div class=\"col-md-12 col-sm-12 col-xs-12\">\n\t\t\t\t\t\t\t<div class=\"blog-item\">\n\t\t\t\t\t\t\t<div class=\"blog-img\"> \n\t\t\t\t\t\t\t\t<a href=\"https:\/\/www.ndpo.fr\/lycee-general\/?post_type=post&p=1065\">\n\t\t\t\t\t\t\t\t\t<img decoding=\"async\" src=\"https:\/\/www.ndpo.fr\/app\/uploads\/sites\/1\/2022\/05\/20220506_162248-scaled.jpg\" alt=\"Intervention ST2S\" \/>\n\t\t\t\t\t\t\t\t<\/a>\n\t\t\t\t\t\t\t\t<a href=\"https:\/\/www.ndpo.fr\/lycee-general\/?post_type=post&p=1065\" class=\"blog-link\"><i class=\"fa fa-link\"><\/i><\/a>\n\t\t\t\t\t\t\t<\/div>\n\t\t\t\t\t\t\t<div class=\"full-blog-content\"> \n\t\t\t\t\t\t\t<div class=\"blog-meta\"><h3 class=\"blog-title\">\n\t\t\t\t\t\t\t\t\t<a href=\"https:\/\/www.ndpo.fr\/lycee-general\/?post_type=post&p=1065\"> Intervention ST2S <\/a>\n\t\t\t\t\t\t\t\t<\/h3><\/div>\t\t\t\t\t\t\n\t\t\t\t\t\t\t\t<div class=\"blog-desc\">\n\t\t\t\t\t\t\t\t\tVendredi 6 mai,\u00a0 intervention d&#8217;une Psychologue sp\u00e9cialis\u00e9e dans la prise en charge des patients autistes.\u00a0 Elle se nomme Sabrina Alvarez.\u00a0 Elle est venue accompagn\u00e9e d&#8217;une aide soignante :...\n\t\t\t\t\t\t\t\t<\/div><div class=\"blog-button\"><a href=\"https:\/\/www.ndpo.fr\/lycee-general\/?post_type=post&p=1065\">Lire plus<\/a><\/div><\/div>\n\t\t\t\t\t\t\t<\/div>\n\n\n\t\t\t\t\t<\/div><div class=\"col-md-12 col-sm-12 col-xs-12\">\n\t\t\t\t\t\t\t<div class=\"blog-item\">\n\t\t\t\t\t\t\t<div class=\"blog-img\"> \n\t\t\t\t\t\t\t\t<a href=\"https:\/\/www.ndpo.fr\/lycee-general\/?post_type=post&p=1049\">\n\t\t\t\t\t\t\t\t\t<img decoding=\"async\" src=\"https:\/\/www.ndpo.fr\/app\/uploads\/sites\/1\/2022\/05\/1648896226085.jpeg\" alt=\"Tournoi des \u00e9coles\" \/>\n\t\t\t\t\t\t\t\t<\/a>\n\t\t\t\t\t\t\t\t<a href=\"https:\/\/www.ndpo.fr\/lycee-general\/?post_type=post&p=1049\" class=\"blog-link\"><i class=\"fa fa-link\"><\/i><\/a>\n\t\t\t\t\t\t\t<\/div>\n\t\t\t\t\t\t\t<div class=\"full-blog-content\"> \n\t\t\t\t\t\t\t<div class=\"blog-meta\"><h3 class=\"blog-title\">\n\t\t\t\t\t\t\t\t\t<a href=\"https:\/\/www.ndpo.fr\/lycee-general\/?post_type=post&p=1049\"> Tournoi des \u00e9coles <\/a>\n\t\t\t\t\t\t\t\t<\/h3><\/div>\t\t\t\t\t\t\n\t\t\t\t\t\t\t\t<div class=\"blog-desc\">\n\t\t\t\t\t\t\t\t\tCe samedi 09 avril 2022, les \u00e9l\u00e8ves du lyc\u00e9e ont \u00e9t\u00e9 convi\u00e9s \u00e0 participer au 1er tournoi des \u00e9coles organis\u00e9 par Sodexo Live\u00a0!Ce tournoi a eu lieu dans...\n\t\t\t\t\t\t\t\t<\/div><div class=\"blog-button\"><a href=\"https:\/\/www.ndpo.fr\/lycee-general\/?post_type=post&p=1049\">Lire plus<\/a><\/div><\/div>\n\t\t\t\t\t\t\t<\/div>\n\n\n\t\t\t\t\t<\/div><div class=\"col-md-12 col-sm-12 col-xs-12\">\n\t\t\t\t\t\t\t<div class=\"blog-item\">\n\t\t\t\t\t\t\t<div class=\"blog-img\"> \n\t\t\t\t\t\t\t\t<a href=\"https:\/\/www.ndpo.fr\/lycee-general\/?post_type=post&p=1045\">\n\t\t\t\t\t\t\t\t\t<img decoding=\"async\" src=\"https:\/\/www.ndpo.fr\/app\/uploads\/sites\/1\/2022\/05\/foyerlyc1.jpg\" alt=\"Foyer lyc\u00e9e\" \/>\n\t\t\t\t\t\t\t\t<\/a>\n\t\t\t\t\t\t\t\t<a href=\"https:\/\/www.ndpo.fr\/lycee-general\/?post_type=post&p=1045\" class=\"blog-link\"><i class=\"fa fa-link\"><\/i><\/a>\n\t\t\t\t\t\t\t<\/div>\n\t\t\t\t\t\t\t<div class=\"full-blog-content\"> \n\t\t\t\t\t\t\t<div class=\"blog-meta\"><h3 class=\"blog-title\">\n\t\t\t\t\t\t\t\t\t<a href=\"https:\/\/www.ndpo.fr\/lycee-general\/?post_type=post&p=1045\"> Foyer lyc\u00e9e <\/a>\n\t\t\t\t\t\t\t\t<\/h3><\/div>\t\t\t\t\t\t\n\t\t\t\t\t\t\t\t<div class=\"blog-desc\">\n\t\t\t\t\t\t\t\t\tPlace \u00e0 la d\u00e9tente pour le foyer des lyc\u00e9ens \ud83d\ude42 Des nouvelles chaises ont \u00e9taient install\u00e9 ce jour.\n\t\t\t\t\t\t\t\t<\/div><div class=\"blog-button\"><a href=\"https:\/\/www.ndpo.fr\/lycee-general\/?post_type=post&p=1045\">Lire plus<\/a><\/div><\/div>\n\t\t\t\t\t\t\t<\/div>\n\n\n\t\t\t\t\t<\/div><div class=\"col-md-12 col-sm-12 col-xs-12\">\n\t\t\t\t\t\t\t<div class=\"blog-item\">\n\t\t\t\t\t\t\t<div class=\"blog-img\"> \n\t\t\t\t\t\t\t\t<a href=\"https:\/\/www.ndpo.fr\/lycee-general\/?post_type=post&p=1042\">\n\t\t\t\t\t\t\t\t\t<img decoding=\"async\" src=\"https:\/\/www.ndpo.fr\/app\/uploads\/sites\/1\/2022\/04\/bafa2022.jpg\" alt=\"BAFA 2022\" \/>\n\t\t\t\t\t\t\t\t<\/a>\n\t\t\t\t\t\t\t\t<a href=\"https:\/\/www.ndpo.fr\/lycee-general\/?post_type=post&p=1042\" class=\"blog-link\"><i class=\"fa fa-link\"><\/i><\/a>\n\t\t\t\t\t\t\t<\/div>\n\t\t\t\t\t\t\t<div class=\"full-blog-content\"> \n\t\t\t\t\t\t\t<div class=\"blog-meta\"><h3 class=\"blog-title\">\n\t\t\t\t\t\t\t\t\t<a href=\"https:\/\/www.ndpo.fr\/lycee-general\/?post_type=post&p=1042\"> BAFA 2022 <\/a>\n\t\t\t\t\t\t\t\t<\/h3><\/div>\t\t\t\t\t\t\n\t\t\t\t\t\t\t\t<div class=\"blog-desc\">\n\t\t\t\t\t\t\t\t\tComme chaque ann\u00e9e, l&#8217;Institution a organis\u00e9 son stage BAFA en partenariat avec L&#8217;AFOCAL.beaucoup de joie, de rires, et grands jeux ont raisonn\u00e9s durant les 8 jours de formation...\n\t\t\t\t\t\t\t\t<\/div><div class=\"blog-button\"><a href=\"https:\/\/www.ndpo.fr\/lycee-general\/?post_type=post&p=1042\">Lire plus<\/a><\/div><\/div>\n\t\t\t\t\t\t\t<\/div>\n\n\n\t\t\t\t\t<\/div><div class=\"col-md-12 col-sm-12 col-xs-12\">\n\t\t\t\t\t\t\t<div class=\"blog-item\">\n\t\t\t\t\t\t\t<div class=\"blog-img\"> \n\t\t\t\t\t\t\t\t<a href=\"https:\/\/www.ndpo.fr\/lycee-general\/?post_type=post&p=1031\">\n\t\t\t\t\t\t\t\t\t<img decoding=\"async\" src=\"https:\/\/www.ndpo.fr\/app\/uploads\/sites\/1\/2022\/04\/futuroscope-.jpg\" alt=\"Futuroscope\" \/>\n\t\t\t\t\t\t\t\t<\/a>\n\t\t\t\t\t\t\t\t<a href=\"https:\/\/www.ndpo.fr\/lycee-general\/?post_type=post&p=1031\" class=\"blog-link\"><i class=\"fa fa-link\"><\/i><\/a>\n\t\t\t\t\t\t\t<\/div>\n\t\t\t\t\t\t\t<div class=\"full-blog-content\"> \n\t\t\t\t\t\t\t<div class=\"blog-meta\"><h3 class=\"blog-title\">\n\t\t\t\t\t\t\t\t\t<a href=\"https:\/\/www.ndpo.fr\/lycee-general\/?post_type=post&p=1031\"> Futuroscope <\/a>\n\t\t\t\t\t\t\t\t<\/h3><\/div>\t\t\t\t\t\t\n\t\t\t\t\t\t\t\t<div class=\"blog-desc\">\n\t\t\t\t\t\t\t\t\tApr\u00e8s le clos Luc\u00e9, passage par le Futuroscope pour les \u00e9l\u00e8ves de 3Pr\u00e9pa-M\u00e9tiers, de 1G, TG, 1\u00e8re et T ST2S\u00a0\n\t\t\t\t\t\t\t\t<\/div><div class=\"blog-button\"><a href=\"https:\/\/www.ndpo.fr\/lycee-general\/?post_type=post&p=1031\">Lire plus<\/a><\/div><\/div>\n\t\t\t\t\t\t\t<\/div>\n\n\n\t\t\t\t\t<\/div><div class=\"col-md-12 col-sm-12 col-xs-12\">\n\t\t\t\t\t\t\t<div class=\"blog-item\">\n\t\t\t\t\t\t\t<div class=\"blog-img\"> \n\t\t\t\t\t\t\t\t<a href=\"https:\/\/www.ndpo.fr\/lycee-general\/?post_type=post&p=1008\">\n\t\t\t\t\t\t\t\t\t<img decoding=\"async\" src=\"https:\/\/www.ndpo.fr\/app\/uploads\/sites\/1\/2022\/04\/chateau-clos-luc\u00e9-12.jpg\" alt=\"Ch\u00e2teau du clos Luc\u00e9\" \/>\n\t\t\t\t\t\t\t\t<\/a>\n\t\t\t\t\t\t\t\t<a href=\"https:\/\/www.ndpo.fr\/lycee-general\/?post_type=post&p=1008\" class=\"blog-link\"><i class=\"fa fa-link\"><\/i><\/a>\n\t\t\t\t\t\t\t<\/div>\n\t\t\t\t\t\t\t<div class=\"full-blog-content\"> \n\t\t\t\t\t\t\t<div class=\"blog-meta\"><h3 class=\"blog-title\">\n\t\t\t\t\t\t\t\t\t<a href=\"https:\/\/www.ndpo.fr\/lycee-general\/?post_type=post&p=1008\"> Ch\u00e2teau du clos Luc\u00e9 <\/a>\n\t\t\t\t\t\t\t\t<\/h3><\/div>\t\t\t\t\t\t\n\t\t\t\t\t\t\t\t<div class=\"blog-desc\">\n\t\t\t\t\t\t\t\t\tCe mardi les \u00e9l\u00e8ves de 3Pr\u00e9pa-M\u00e9tiers, de 1G, TG, 1\u00e8re et T ST2S sont partis pour un s\u00e9jour qui passe par le Ch\u00e2teau du Clos Luc\u00e9, une belle...\n\t\t\t\t\t\t\t\t<\/div><div class=\"blog-button\"><a href=\"https:\/\/www.ndpo.fr\/lycee-general\/?post_type=post&p=1008\">Lire plus<\/a><\/div><\/div>\n\t\t\t\t\t\t\t<\/div>\n\n\n\t\t\t\t\t<\/div><div class=\"col-md-12 col-sm-12 col-xs-12\">\n\t\t\t\t\t\t\t<div class=\"blog-item\">\n\t\t\t\t\t\t\t<div class=\"blog-img\"> \n\t\t\t\t\t\t\t\t<a href=\"https:\/\/www.ndpo.fr\/lycee-general\/?post_type=post&p=998\">\n\t\t\t\t\t\t\t\t\t<img decoding=\"async\" src=\"https:\/\/www.ndpo.fr\/app\/uploads\/sites\/1\/2022\/04\/5.jpg\" alt=\"Voyage Andalousie\" \/>\n\t\t\t\t\t\t\t\t<\/a>\n\t\t\t\t\t\t\t\t<a href=\"https:\/\/www.ndpo.fr\/lycee-general\/?post_type=post&p=998\" class=\"blog-link\"><i class=\"fa fa-link\"><\/i><\/a>\n\t\t\t\t\t\t\t<\/div>\n\t\t\t\t\t\t\t<div class=\"full-blog-content\"> \n\t\t\t\t\t\t\t<div class=\"blog-meta\"><h3 class=\"blog-title\">\n\t\t\t\t\t\t\t\t\t<a href=\"https:\/\/www.ndpo.fr\/lycee-general\/?post_type=post&p=998\"> Voyage Andalousie <\/a>\n\t\t\t\t\t\t\t\t<\/h3><\/div>\t\t\t\t\t\t\n\t\t\t\t\t\t\t\t<div class=\"blog-desc\">\n\t\t\t\t\t\t\t\t\tAtelier culinaire, d\u00e9monstration, explications et d\u00e9gustation de pa\u00eblla\n\t\t\t\t\t\t\t\t<\/div><div class=\"blog-button\"><a href=\"https:\/\/www.ndpo.fr\/lycee-general\/?post_type=post&p=998\">Lire plus<\/a><\/div><\/div>\n\t\t\t\t\t\t\t<\/div>\n\n\n\t\t\t\t\t<\/div><\/div>\n\t\t\t<\/div>[\/vc_column][\/vc_row]<\/p>\n","protected":false},"excerpt":{"rendered":"<p>[vc_row][vc_column][\/vc_column]&#8230;<\/p>\n","protected":false},"author":2,"featured_media":0,"parent":0,"menu_order":0,"comment_status":"closed","ping_status":"closed","template":"","meta":{"footnotes":""},"class_list":["post-106","page","type-page","status-publish","hentry"],"_links":{"self":[{"href":"https:\/\/www.ndpo.fr\/lycee-general\/wp-json\/wp\/v2\/pages\/106","targetHints":{"allow":["GET"]}}],"collection":[{"href":"https:\/\/www.ndpo.fr\/lycee-general\/wp-json\/wp\/v2\/pages"}],"about":[{"href":"https:\/\/www.ndpo.fr\/lycee-general\/wp-json\/wp\/v2\/types\/page"}],"author":[{"embeddable":true,"href":"https:\/\/www.ndpo.fr\/lycee-general\/wp-json\/wp\/v2\/users\/2"}],"replies":[{"embeddable":true,"href":"https:\/\/www.ndpo.fr\/lycee-general\/wp-json\/wp\/v2\/comments?post=106"}],"version-history":[{"count":11,"href":"https:\/\/www.ndpo.fr\/lycee-general\/wp-json\/wp\/v2\/pages\/106\/revisions"}],"predecessor-version":[{"id":1465,"href":"https:\/\/www.ndpo.fr\/lycee-general\/wp-json\/wp\/v2\/pages\/106\/revisions\/1465"}],"wp:attachment":[{"href":"https:\/\/www.ndpo.fr\/lycee-general\/wp-json\/wp\/v2\/media?parent=106"}],"curies":[{"name":"wp","href":"https:\/\/api.w.org\/{rel}","templated":true}]}}