{"id":167,"date":"2020-05-29T17:58:14","date_gmt":"2020-05-29T17:58:14","guid":{"rendered":"https:\/\/ndpo2020.keeo.com\/?page_id=167"},"modified":"2025-07-10T13:17:37","modified_gmt":"2025-07-10T13:17:37","slug":"premiere-generale","status":"publish","type":"page","link":"https:\/\/www.ndpo.fr\/lycee-general\/premiere-generale\/","title":{"rendered":"Premi\u00e8re G\u00e9n\u00e9rale"},"content":{"rendered":"<p>[vc_row css=&#8221;.vc_custom_1599566821211{margin-top: -80px !important;}&#8221;][vc_column]\n        <div class=\"rs-heading style2  vc_custom_1599566837430  center\">\n        \t<div class=\"title-inner\">\n\t            \n\t            <h2 >Premi\u00e8re g\u00e9n\u00e9rale<\/h2>\n\t        <\/div><\/div>[\/vc_column][\/vc_row][vc_row][vc_column width=&#8221;2\/3&#8243;][vc_single_image image=&#8221;193&#8243; img_size=&#8221;full&#8221;][\/vc_column][vc_column width=&#8221;1\/3&#8243;][vc_single_image image=&#8221;1615&#8243; img_size=&#8221;full&#8221; onclick=&#8221;link_image&#8221;][vc_btn title=&#8221;S&#8217;INSCRIRE&#8221; style=&#8221;custom&#8221; custom_background=&#8221;#494d80&#8243; custom_text=&#8221;#ffffff&#8221; size=&#8221;lg&#8221; align=&#8221;center&#8221; i_type=&#8221;linecons&#8221; i_icon_linecons=&#8221;vc_li vc_li-paperplane&#8221; button_block=&#8221;true&#8221; add_icon=&#8221;true&#8221; link=&#8221;url:https%3A%2F%2Fpreinscriptions.ecoledirecte.com%2F%3FRNE%3D0593040J%20||target:%20_blank|&#8221;][\/vc_column][\/vc_row][vc_row][vc_column][vc_tta_tabs][vc_tta_section title=&#8221;Description&#8221; tab_id=&#8221;1590774994251-ffb4137c-7e8b&#8221;][vc_empty_space]\n        <div class=\"rs-heading style2   \">\n        \t<div class=\"title-inner\">\n\t            \n\t            <h2 >Des enseignements communs \u00e0 tous les \u00e9l\u00e8ves pour renforcer la culture commune<\/h2>\n\t        <\/div><div class=\"description\"><p >Il n&#8217;y a plus de s\u00e9ries dans la voie g\u00e9n\u00e9rale.<br \/>\nUn tronc commun cons\u00e9quent est suivi par tous les \u00e9l\u00e8ves qui b\u00e9n\u00e9ficient notamment d&#8217;un enseignement scientifique de deux heures hebdomadaires en premi\u00e8re et en terminale.<br \/>\nFont partie \u00e9galement de ce tronc commun, le fran\u00e7ais (en classe de premi\u00e8re), la philosophie (en classe de terminale), l&#8217;histoire-g\u00e9ographie, les langues vivantes A et B, l&#8217;EMC et l&#8217;EPS. Au total, les enseignements de tronc commun repr\u00e9sentent pr\u00e8s de 60% du total des enseignements en premi\u00e8re et 55% en terminale.<\/p><\/div><\/div>[vc_empty_space]\n        <div class=\"rs-heading style2   \">\n        \t<div class=\"title-inner\">\n\t            \n\t            <h2 >Une progressivit\u00e9 des parcours : le choix des enseignements de sp\u00e9cialit\u00e9<\/h2>\n\t        <\/div><div class=\"description\"><p >Dans le cycle terminal de la voie g\u00e9n\u00e9rale, en plus des enseignements communs, les \u00e9l\u00e8ves suivent des enseignements de sp\u00e9cialit\u00e9 obligatoires au choix\u00a0:<br \/>\n&#8211; 3 en classe de premi\u00e8re<br \/>\n&#8211; 2 en classe de terminale<\/p>\n<p>Ces enseignements permettent aux \u00e9l\u00e8ves d&#8217;acqu\u00e9rir graduellement des comp\u00e9tences et des connaissances adapt\u00e9es \u00e0 leurs choix futurs de poursuites d&#8217;\u00e9tudes sup\u00e9rieures.<\/p>\n<p>En classe de premi\u00e8re, les \u00e9l\u00e8ves doivent choisir leurs 3 enseignements de sp\u00e9cialit\u00e9 (en fin de classe de seconde g\u00e9n\u00e9rale et technologique) dans une liste de 12 sp\u00e9cialit\u00e9s possibles.<\/p>\n<p>En classe de terminale, les \u00e9l\u00e8ves choisissent de conserver 2 enseignements de sp\u00e9cialit\u00e9 sur les 3 de premi\u00e8re, en fonction de leurs centres d&#8217;int\u00e9r\u00eat et de leurs projets d&#8217;\u00e9tudes sup\u00e9rieures.<\/p><\/div><\/div>[\/vc_tta_section][vc_tta_section title=&#8221;Programme&#8221; tab_id=&#8221;1590774994271-5d8a8e10-2511&#8243;][vc_empty_space]\n        <div class=\"rs-heading style2   center\">\n        \t<div class=\"title-inner\">\n\t            <span class=\"sub-text\">D\u00e9couvrez<\/span>\n\t            <h2 >Un emploi du temps type d'un \u00e9l\u00e8ve de premi\u00e8re<\/h2>\n\t        <\/div><\/div>[vc_single_image image=&#8221;1224&#8243; img_size=&#8221;full&#8221; alignment=&#8221;center&#8221;][\/vc_tta_section][\/vc_tta_tabs][\/vc_column][\/vc_row]<\/p>\n","protected":false},"excerpt":{"rendered":"<p>[vc_row css=&#8221;.vc_custom_1599566821211{margin-top: -80px !important;}&#8221;][vc_column][\/vc_column][\/vc_row][vc_row][vc_column width=&#8221;2\/3&#8243;][vc_single_image image=&#8221;193&#8243; img_size=&#8221;full&#8221;][\/vc_column][vc_column width=&#8221;1\/3&#8243;][vc_single_image image=&#8221;1615&#8243; img_size=&#8221;full&#8221; onclick=&#8221;link_image&#8221;][vc_btn title=&#8221;S&#8217;INSCRIRE&#8221; style=&#8221;custom&#8221; custom_background=&#8221;#494d80&#8243; custom_text=&#8221;#ffffff&#8221; size=&#8221;lg&#8221; align=&#8221;center&#8221; i_type=&#8221;linecons&#8221; i_icon_linecons=&#8221;vc_li vc_li-paperplane&#8221; button_block=&#8221;true&#8221; add_icon=&#8221;true&#8221; link=&#8221;url:https%3A%2F%2Fpreinscriptions.ecoledirecte.com%2F%3FRNE%3D0593040J%20||target:%20_blank|&#8221;][\/vc_column][\/vc_row][vc_row][vc_column][vc_tta_tabs][vc_tta_section title=&#8221;Description&#8221; tab_id=&#8221;1590774994251-ffb4137c-7e8b&#8221;][vc_empty_space][vc_empty_space][\/vc_tta_section][vc_tta_section title=&#8221;Programme&#8221; tab_id=&#8221;1590774994271-5d8a8e10-2511&#8243;][vc_empty_space][vc_single_image image=&#8221;1224&#8243;&#8230;<\/p>\n","protected":false},"author":2,"featured_media":0,"parent":0,"menu_order":0,"comment_status":"closed","ping_status":"closed","template":"","meta":{"footnotes":""},"class_list":["post-167","page","type-page","status-publish","hentry"],"_links":{"self":[{"href":"https:\/\/www.ndpo.fr\/lycee-general\/wp-json\/wp\/v2\/pages\/167","targetHints":{"allow":["GET"]}}],"collection":[{"href":"https:\/\/www.ndpo.fr\/lycee-general\/wp-json\/wp\/v2\/pages"}],"about":[{"href":"https:\/\/www.ndpo.fr\/lycee-general\/wp-json\/wp\/v2\/types\/page"}],"author":[{"embeddable":true,"href":"https:\/\/www.ndpo.fr\/lycee-general\/wp-json\/wp\/v2\/users\/2"}],"replies":[{"embeddable":true,"href":"https:\/\/www.ndpo.fr\/lycee-general\/wp-json\/wp\/v2\/comments?post=167"}],"version-history":[{"count":21,"href":"https:\/\/www.ndpo.fr\/lycee-general\/wp-json\/wp\/v2\/pages\/167\/revisions"}],"predecessor-version":[{"id":1616,"href":"https:\/\/www.ndpo.fr\/lycee-general\/wp-json\/wp\/v2\/pages\/167\/revisions\/1616"}],"wp:attachment":[{"href":"https:\/\/www.ndpo.fr\/lycee-general\/wp-json\/wp\/v2\/media?parent=167"}],"curies":[{"name":"wp","href":"https:\/\/api.w.org\/{rel}","templated":true}]}}