{"id":197,"date":"2020-06-03T12:45:22","date_gmt":"2020-06-03T12:45:22","guid":{"rendered":"https:\/\/ndpo2020.keeo.com\/?page_id=197"},"modified":"2025-07-10T13:18:28","modified_gmt":"2025-07-10T13:18:28","slug":"terminale-generale","status":"publish","type":"page","link":"https:\/\/www.ndpo.fr\/lycee-general\/terminale-generale\/","title":{"rendered":"Terminale G\u00e9n\u00e9rale"},"content":{"rendered":"<p>[vc_row][vc_column]\n        <div class=\"rs-heading style2  vc_custom_1600088148351  center\">\n        \t<div class=\"title-inner\">\n\t            \n\t            <h2 >Terminale g\u00e9n\u00e9rale<\/h2>\n\t        <\/div><\/div>[\/vc_column][\/vc_row][vc_row][vc_column width=&#8221;2\/3&#8243;][vc_single_image image=&#8221;194&#8243; img_size=&#8221;full&#8221;][\/vc_column][vc_column width=&#8221;1\/3&#8243;][vc_single_image image=&#8221;1617&#8243; img_size=&#8221;full&#8221; onclick=&#8221;link_image&#8221;][vc_btn title=&#8221;S&#8217;INSCRIRE&#8221; style=&#8221;custom&#8221; custom_background=&#8221;#494d80&#8243; custom_text=&#8221;#ffffff&#8221; size=&#8221;lg&#8221; align=&#8221;center&#8221; i_icon_fontawesome=&#8221;far fa-paper-plane&#8221; button_block=&#8221;true&#8221; add_icon=&#8221;true&#8221; link=&#8221;url:https%3A%2F%2Fpreinscriptions.ecoledirecte.com%2F%3FRNE%3D0593040J%20||target:%20_blank|&#8221;]\n\t<div class=\"counter-top-area style-light \"  style=\"background: #494d80\">\n    <div class=\"rs-counter-list\">\n\t\t\n        <div class=\"count-text\"><div class=\"count-number\" style=\"color: #ffffff\"><h3 class=\"rs-counter\" style=\"color: #ffffff\">100<\/h3><span>% de r\u00e9ussite au BAC<\/span><\/div>         \n        <h4 style=\"color: #ffffff\">2024 - 2025<\/h4><\/div>\n    <\/div><\/div>[\/vc_column][\/vc_row][vc_row][vc_column][vc_empty_space height=&#8221;50&#8243;][\/vc_column][\/vc_row][vc_row][vc_column][vc_tta_tabs][vc_tta_section title=&#8221;Description&#8221; tab_id=&#8221;1591188237156-a8b83b0d-ca6b&#8221;][vc_empty_space]\n        <div class=\"rs-heading style2   \">\n        \t<div class=\"title-inner\">\n\t            \n\t            <h2 >Des enseignements communs \u00e0 tous les \u00e9l\u00e8ves pour renforcer la culture commune<\/h2>\n\t        <\/div><div class=\"description\"><p >Il n&#8217;y a plus de s\u00e9ries dans la voie g\u00e9n\u00e9rale.<br \/>\nUn tronc commun cons\u00e9quent est suivi par tous les \u00e9l\u00e8ves qui b\u00e9n\u00e9ficient notamment d&#8217;un enseignement scientifique de deux heures hebdomadaires en premi\u00e8re et en terminale.<br \/>\nFont partie \u00e9galement de ce tronc commun, le fran\u00e7ais (en classe de premi\u00e8re), la philosophie (en classe de terminale), l&#8217;histoire-g\u00e9ographie, les langues vivantes A et B, l&#8217;EMC et l&#8217;EPS. Au total, les enseignements de tronc commun repr\u00e9sentent pr\u00e8s de 60% du total des enseignements en premi\u00e8re et 55% en terminale.<\/p><\/div><\/div>\n        <div class=\"rs-heading style2   \">\n        \t<div class=\"title-inner\">\n\t            \n\t            <h2 style=\"color: #000000\" >Une progressivit\u00e9 des parcours : le choix des enseignements de sp\u00e9cialit\u00e9<\/h2>\n\t        <\/div><div class=\"description\"><p >Dans le cycle terminal de la voie g\u00e9n\u00e9rale, en plus des enseignements communs, les \u00e9l\u00e8ves suivent des enseignements de sp\u00e9cialit\u00e9 obligatoires au choix :<br \/>\n&#8211; 3 en classe de premi\u00e8re<br \/>\n&#8211; 2 en classe de terminale.<br \/>\nCes enseignements permettent aux \u00e9l\u00e8ves d&#8217;acqu\u00e9rir graduellement des comp\u00e9tences et des connaissances adapt\u00e9es \u00e0 leurs choix futurs de poursuites d&#8217;\u00e9tudes sup\u00e9rieures.<\/p>\n<p>En classe de premi\u00e8re, les \u00e9l\u00e8ves doivent choisir leurs 3 enseignements de sp\u00e9cialit\u00e9 (en fin de classe de seconde g\u00e9n\u00e9rale et technologique) dans une liste de 12 sp\u00e9cialit\u00e9s possibles.<\/p>\n<p>En classe de terminale, les \u00e9l\u00e8ves choisissent de conserver 2 enseignements de sp\u00e9cialit\u00e9 sur les 3 de premi\u00e8re, en fonction de leurs centres d&#8217;int\u00e9r\u00eat et de leurs projets d&#8217;\u00e9tudes sup\u00e9rieures.<\/p><\/div><\/div>[\/vc_tta_section][vc_tta_section title=&#8221;Programme&#8221; tab_id=&#8221;1591188237157-efeb5dbd-2ca7&#8243;][vc_empty_space]\n        <div class=\"rs-heading style2   center\">\n        \t<div class=\"title-inner\">\n\t            <span class=\"sub-text\">D\u00e9couvrez<\/span>\n\t            <h2 >Un emploi du temps type d'un \u00e9l\u00e8ve de terminale<\/h2>\n\t        <\/div><\/div>[vc_single_image image=&#8221;1228&#8243; img_size=&#8221;full&#8221; alignment=&#8221;center&#8221;][\/vc_tta_section][\/vc_tta_tabs][\/vc_column][\/vc_row]<\/p>\n","protected":false},"excerpt":{"rendered":"<p>[vc_row][vc_column][\/vc_column][\/vc_row][vc_row][vc_column width=&#8221;2\/3&#8243;][vc_single_image image=&#8221;194&#8243; img_size=&#8221;full&#8221;][\/vc_column][vc_column width=&#8221;1\/3&#8243;][vc_single_image image=&#8221;1617&#8243; img_size=&#8221;full&#8221; onclick=&#8221;link_image&#8221;][vc_btn title=&#8221;S&#8217;INSCRIRE&#8221; style=&#8221;custom&#8221; custom_background=&#8221;#494d80&#8243; custom_text=&#8221;#ffffff&#8221; size=&#8221;lg&#8221; align=&#8221;center&#8221; i_icon_fontawesome=&#8221;far fa-paper-plane&#8221; button_block=&#8221;true&#8221; add_icon=&#8221;true&#8221; link=&#8221;url:https%3A%2F%2Fpreinscriptions.ecoledirecte.com%2F%3FRNE%3D0593040J%20||target:%20_blank|&#8221;][\/vc_column][\/vc_row][vc_row][vc_column][vc_empty_space height=&#8221;50&#8243;][\/vc_column][\/vc_row][vc_row][vc_column][vc_tta_tabs][vc_tta_section title=&#8221;Description&#8221; tab_id=&#8221;1591188237156-a8b83b0d-ca6b&#8221;][vc_empty_space][\/vc_tta_section][vc_tta_section title=&#8221;Programme&#8221; tab_id=&#8221;1591188237157-efeb5dbd-2ca7&#8243;][vc_empty_space][vc_single_image image=&#8221;1228&#8243; img_size=&#8221;full&#8221; alignment=&#8221;center&#8221;][\/vc_tta_section][\/vc_tta_tabs][\/vc_column]&#8230;<\/p>\n","protected":false},"author":2,"featured_media":0,"parent":0,"menu_order":0,"comment_status":"closed","ping_status":"closed","template":"","meta":{"footnotes":""},"class_list":["post-197","page","type-page","status-publish","hentry"],"_links":{"self":[{"href":"https:\/\/www.ndpo.fr\/lycee-general\/wp-json\/wp\/v2\/pages\/197","targetHints":{"allow":["GET"]}}],"collection":[{"href":"https:\/\/www.ndpo.fr\/lycee-general\/wp-json\/wp\/v2\/pages"}],"about":[{"href":"https:\/\/www.ndpo.fr\/lycee-general\/wp-json\/wp\/v2\/types\/page"}],"author":[{"embeddable":true,"href":"https:\/\/www.ndpo.fr\/lycee-general\/wp-json\/wp\/v2\/users\/2"}],"replies":[{"embeddable":true,"href":"https:\/\/www.ndpo.fr\/lycee-general\/wp-json\/wp\/v2\/comments?post=197"}],"version-history":[{"count":24,"href":"https:\/\/www.ndpo.fr\/lycee-general\/wp-json\/wp\/v2\/pages\/197\/revisions"}],"predecessor-version":[{"id":1618,"href":"https:\/\/www.ndpo.fr\/lycee-general\/wp-json\/wp\/v2\/pages\/197\/revisions\/1618"}],"wp:attachment":[{"href":"https:\/\/www.ndpo.fr\/lycee-general\/wp-json\/wp\/v2\/media?parent=197"}],"curies":[{"name":"wp","href":"https:\/\/api.w.org\/{rel}","templated":true}]}}