{"id":88,"date":"2020-05-28T07:12:56","date_gmt":"2020-05-28T07:12:56","guid":{"rendered":"https:\/\/ndpo2020.keeo.com\/?page_id=88"},"modified":"2023-10-03T11:30:41","modified_gmt":"2023-10-03T11:30:41","slug":"presentation","status":"publish","type":"page","link":"https:\/\/www.ndpo.fr\/lycee-general\/presentation\/","title":{"rendered":"Pr\u00e9sentation"},"content":{"rendered":"<p>[vc_row][vc_column width=&#8221;1\/2&#8243;][vc_single_image image=&#8221;1326&#8243; img_size=&#8221;large&#8221;][\/vc_column][vc_column width=&#8221;1\/2&#8243;]\n        <div class=\"rs-heading style2  text-justify \">\n        \t<div class=\"title-inner\">\n\t            <span class=\"sub-text\">Bienvenue au Lyc\u00e9e G\u00e9n\u00e9ral<\/span>\n\t            <h2 >Mot du directeur adjoint<\/h2>\n\t        <\/div><div class=\"description\"><p >Chers \u00e9l\u00e8ves, chers parents,<\/p>\n<p>Je vous souhaite la bienvenue au lyc\u00e9e Notre Dame de la Providence. L\u2019ensemble de l\u2019\u00e9quipe \u00e9ducative est heureuse de vous accueillir au sein d\u2019une structure qui vous permettra de vous \u00e9panouir et de trouver votre voie.<\/p>\n<p>Qu\u2019il s\u2019agisse du lyc\u00e9e g\u00e9n\u00e9ral et technologique ou du lyc\u00e9e h\u00f4telier, tout est r\u00e9uni pour travailler dans d\u2019excellentes conditions d\u2019apprentissage au sein d\u2019un cadre agr\u00e9able et con\u00e7u pour que la r\u00e9ussite de chacun soit permise.<\/p>\n<p>L\u2019accueil, l\u2019excellence et la passion sont les valeurs qui nous animent au travers de notre projet \u00e9ducatif comme une main tendue vers l\u2019\u00e9panouissement, l\u2019accompagnement et la transmission de savoirs et de valeurs chr\u00e9tiennes.<\/p>\n<p>Au plaisir de vous retrouver.<\/p>\n<p>J\u00e9r\u00e9mie CH\u00c9RON<\/p>\n<p><span style=\"color: #494d80;\">Bienvenue au lyc\u00e9e Notre Dame de la Providence, la passion de l\u2019excellence<\/span><\/p><\/div><\/div>[vc_btn title=&#8221;Nos \u00e9quipes&#8221; style=&#8221;custom&#8221; custom_background=&#8221;#494d80&#8243; custom_text=&#8221;#ffffff&#8221; link=&#8221;url:https%3A%2F%2Fwww.ndpo.fr%2Flycee-general%2Fequipe-educative%2F|title:Equipe%20Educative||&#8221;][\/vc_column][\/vc_row][vc_row][vc_column][vc_empty_space height=&#8221;50&#8243;][\/vc_column][\/vc_row][vc_row full_width=&#8221;stretch_row&#8221; css=&#8221;.vc_custom_1600074274692{background-color: rgba(73,77,128,0.2) !important;*background-color: rgb(73,77,128) !important;}&#8221;][vc_column width=&#8221;1\/2&#8243;]\n        <div class=\"rs-heading style2   \">\n        \t<div class=\"title-inner\">\n\t            \n\t            <h2 >Nos Valeurs<\/h2>\n\t        <\/div><div class=\"description\"><p >Le lyc\u00e9e Notre-Dame de la Providence est un lieu de travail, mais aussi un lieu de vie ! Il permettra \u00e0 chacun de donner le meilleur de lui-m\u00eame afin d&#8217;acqu\u00e9rir un savoir, un savoir-\u00eatre et un savoir vivre ensemble.<br \/>\nC&#8217;est pourquoi, l&#8217;\u00e9quipe \u00e9ducative donnera toute son expertise afin d&#8217;accompagner votre enfant \u00e0 devenir un adulte autonome et responsable.<\/p>\n<p>&#8220;Vous ne m&#8217;avez pas d\u00e9\u00e7u et je continue de croire en vous.&#8221; &#8211; Jean-Paul II<\/p><\/div><\/div>[vc_btn title=&#8221;Nos locaux&#8221; style=&#8221;custom&#8221; custom_background=&#8221;#494d80&#8243; custom_text=&#8221;#ffffff&#8221; link=&#8221;url:https%3A%2F%2Fwww.ndpo.fr%2Flycee-general%2Fnos-locaux%2F|title:Nos%20locaux||&#8221;][\/vc_column][vc_column width=&#8221;1\/2&#8243;][vc_single_image image=&#8221;133&#8243; img_size=&#8221;full&#8221;][\/vc_column][\/vc_row][vc_row][vc_column][vc_empty_space height=&#8221;50&#8243;][\/vc_column][\/vc_row][vc_row][vc_column]\n        <div class=\"rs-heading style1   center\">\n        \t<div class=\"title-inner\">\n\t            \n\t            <h2 >Pourquoi nous choisir ?<\/h2>\n\t        <\/div><\/div>[vc_row_inner][vc_column_inner width=&#8221;1\/3&#8243;]\n\t\t\t<div class=\"rs-services-style3  vc_custom_1590757657655 \">\n\t\t\t\t<div class=\"services-item rs-animation-hover\">\n\t\t\t\t    <div class=\"services-icon\">\n\t\t\t\t        <i  class=\"vc_icon_element-icon fa fa-users rs-animation-scale-up\"><\/i>\n\t\t\t\t    <\/div>\n\t\t\t\t    <div class=\"services-desc\">\n\t\t\t\t        <h4 class=\"services-title\"><a >UNE FAMILLE<\/a><\/h4>\n\t\t\t\t        <p>Int\u00e9grer La Providence, c&#8217;est rentrer dans une famille qui reconna\u00eet le travail, la discipline, la vie spirituelle et fraternelle comme des \u00e9l\u00e9ments essentiels \u00e0 la construction de chacun.<\/p>\n\t\t\t\t    <\/div>\n\t\t\t\t<\/div>\n\t\t\t<\/div>\n\t\t\t[\/vc_column_inner][vc_column_inner width=&#8221;1\/3&#8243;]\n\t\t\t<div class=\"rs-services-style3  vc_custom_1590757686479 \">\n\t\t\t\t<div class=\"services-item rs-animation-hover\">\n\t\t\t\t    <div class=\"services-icon\">\n\t\t\t\t        <i  class=\"vc_icon_element-icon vc_li vc_li-clip rs-animation-scale-up\"><\/i>\n\t\t\t\t    <\/div>\n\t\t\t\t    <div class=\"services-desc\">\n\t\t\t\t        <h4 class=\"services-title\"><a >ACCOMPAGNEMENTS<\/a><\/h4>\n\t\t\t\t        <p>En classe de seconde, un accompagnement personnalis\u00e9 orient\u00e9 vers le fran\u00e7ais, les math\u00e9matiques et l&#8217;anglais, avec une heure de plus que pr\u00e9vu au programme officiel.<\/p>\n\t\t\t\t    <\/div>\n\t\t\t\t<\/div>\n\t\t\t<\/div>\n\t\t\t[\/vc_column_inner][vc_column_inner width=&#8221;1\/3&#8243;]\n\t\t\t<div class=\"rs-services-style3  vc_custom_1686577663405 \">\n\t\t\t\t<div class=\"services-item rs-animation-hover\">\n\t\t\t\t    <div class=\"services-icon\">\n\t\t\t\t        <i  class=\"vc_icon_element-icon fa fa-users rs-animation-scale-up\"><\/i>\n\t\t\t\t    <\/div>\n\t\t\t\t    <div class=\"services-desc\">\n\t\t\t\t        <h4 class=\"services-title\"><a >CERTIFICATIONS<\/a><\/h4>\n\t\t\t\t        <p>Nous avons choisi \u00e0 La Providence de proposer \u00e0 nos \u00e9l\u00e8ves, le choix, entre deux certifications :<br \/>\n&#8211; TOEIC pour la langue Anglaise<br \/>\n&#8211; ELITE pour la langue espagnole<\/p>\n\t\t\t\t    <\/div>\n\t\t\t\t<\/div>\n\t\t\t<\/div>\n\t\t\t[\/vc_column_inner][\/vc_row_inner][vc_empty_space][\/vc_column][\/vc_row][vc_row][vc_column][vc_empty_space height=&#8221;50&#8243;][\/vc_column][\/vc_row][vc_row full_width=&#8221;stretch_row&#8221; parallax=&#8221;content-moving&#8221; parallax_image=&#8221;474&#8243; css=&#8221;.vc_custom_1600704138647{background-color: #494d80 !important;}&#8221;][vc_column width=&#8221;1\/3&#8243;]\n\t<div class=\"counter-top-area image-style border-style\" >\n    <div class=\"rs-counter-list\">\n\t\t\n        <div class=\"count-text\"><div class=\"count-number\" style=\"color: #ffffff\"><h3 class=\"rs-counter\" style=\"color: #ffffff\">100<\/h3><span>%<\/span><\/div>         \n        <h4 style=\"color: #ffffff\">de r\u00e9ussite au BAC en 2023<\/h4><\/div>\n    <\/div><\/div>[\/vc_column][vc_column width=&#8221;1\/3&#8243;]\n\t<div class=\"counter-top-area image-style border-style\" >\n    <div class=\"rs-counter-list\">\n\t\t\n        <div class=\"count-text\"><div class=\"count-number\" style=\"color: #ffffff\"><h3 class=\"rs-counter\" style=\"color: #ffffff\">600<\/h3><\/div>         \n        <h4 style=\"color: #ffffff\">\u00e9l\u00e8ves<br \/>\nau lyc\u00e9e<\/h4><\/div>\n    <\/div><\/div>[\/vc_column][vc_column width=&#8221;1\/3&#8243;]\n\t<div class=\"counter-top-area image-style border-style\" >\n    <div class=\"rs-counter-list\">\n\t\t\n        <div class=\"count-text\"><div class=\"count-number\" style=\"color: #ffffff\"><h3 class=\"rs-counter\" style=\"color: #ffffff\">35000<\/h3><span>m2<\/span><\/div>         \n        <h4 style=\"color: #ffffff\">D\u00e9di\u00e9s aux lyc\u00e9ens<\/h4><\/div>\n    <\/div><\/div>[\/vc_column][\/vc_row]<\/p>\n","protected":false},"excerpt":{"rendered":"<p>[vc_row][vc_column width=&#8221;1\/2&#8243;][vc_single_image image=&#8221;1326&#8243; img_size=&#8221;large&#8221;][\/vc_column][vc_column width=&#8221;1\/2&#8243;][vc_btn title=&#8221;Nos \u00e9quipes&#8221; style=&#8221;custom&#8221; custom_background=&#8221;#494d80&#8243; custom_text=&#8221;#ffffff&#8221; link=&#8221;url:https%3A%2F%2Fwww.ndpo.fr%2Flycee-general%2Fequipe-educative%2F|title:Equipe%20Educative||&#8221;][\/vc_column][\/vc_row][vc_row][vc_column][vc_empty_space height=&#8221;50&#8243;][\/vc_column][\/vc_row][vc_row full_width=&#8221;stretch_row&#8221; css=&#8221;.vc_custom_1600074274692{background-color: rgba(73,77,128,0.2) !important;*background-color: rgb(73,77,128) !important;}&#8221;][vc_column width=&#8221;1\/2&#8243;][vc_btn title=&#8221;Nos locaux&#8221; style=&#8221;custom&#8221; custom_background=&#8221;#494d80&#8243; custom_text=&#8221;#ffffff&#8221; link=&#8221;url:https%3A%2F%2Fwww.ndpo.fr%2Flycee-general%2Fnos-locaux%2F|title:Nos%20locaux||&#8221;][\/vc_column][vc_column width=&#8221;1\/2&#8243;][vc_single_image image=&#8221;133&#8243; img_size=&#8221;full&#8221;][\/vc_column][\/vc_row][vc_row][vc_column][vc_empty_space&#8230;<\/p>\n","protected":false},"author":2,"featured_media":0,"parent":0,"menu_order":0,"comment_status":"closed","ping_status":"closed","template":"","meta":{"footnotes":""},"class_list":["post-88","page","type-page","status-publish","hentry"],"_links":{"self":[{"href":"https:\/\/www.ndpo.fr\/lycee-general\/wp-json\/wp\/v2\/pages\/88","targetHints":{"allow":["GET"]}}],"collection":[{"href":"https:\/\/www.ndpo.fr\/lycee-general\/wp-json\/wp\/v2\/pages"}],"about":[{"href":"https:\/\/www.ndpo.fr\/lycee-general\/wp-json\/wp\/v2\/types\/page"}],"author":[{"embeddable":true,"href":"https:\/\/www.ndpo.fr\/lycee-general\/wp-json\/wp\/v2\/users\/2"}],"replies":[{"embeddable":true,"href":"https:\/\/www.ndpo.fr\/lycee-general\/wp-json\/wp\/v2\/comments?post=88"}],"version-history":[{"count":23,"href":"https:\/\/www.ndpo.fr\/lycee-general\/wp-json\/wp\/v2\/pages\/88\/revisions"}],"predecessor-version":[{"id":1353,"href":"https:\/\/www.ndpo.fr\/lycee-general\/wp-json\/wp\/v2\/pages\/88\/revisions\/1353"}],"wp:attachment":[{"href":"https:\/\/www.ndpo.fr\/lycee-general\/wp-json\/wp\/v2\/media?parent=88"}],"curies":[{"name":"wp","href":"https:\/\/api.w.org\/{rel}","templated":true}]}}