{"id":92,"date":"2020-05-28T07:13:45","date_gmt":"2020-05-28T07:13:45","guid":{"rendered":"https:\/\/ndpo2020.keeo.com\/?page_id=92"},"modified":"2024-03-20T10:28:21","modified_gmt":"2024-03-20T10:28:21","slug":"formations","status":"publish","type":"page","link":"https:\/\/www.ndpo.fr\/lycee-general\/formations\/","title":{"rendered":"Formations"},"content":{"rendered":"<p>[vc_row][vc_column]\n        <div class=\"rs-heading style2  vc_custom_1710930354556  center\">\n        \t<div class=\"title-inner\">\n\t            \n\t            <h2 >Notre lyc\u00e9e g\u00e9n\u00e9ral et technologique<\/h2>\n\t        <\/div><div class=\"description\"><p >Notre lyc\u00e9e g\u00e9n\u00e9ral propose un large choix de sp\u00e9cialit\u00e9s qu&#8217;il est possible de combiner \u00e0 souhait !<\/p>\n<p>Nos nombreuses options, nos pr\u00e9pas (Concours PASS\/LAS&#8230;) et notre ouverture \u00e0 l&#8217;international vous offrent de nombreuses opportunit\u00e9s de r\u00e9ussite et d&#8217;\u00e9panouissement dans la voie sup\u00e9rieure.<\/p>\n<p>Concernant la voie Technologique, nous pouvons vous permettons de pr\u00e9parer un Baccalaur\u00e9at autour de l&#8217;H\u00f4tellerie\/Restauration (STHR) ou de la Sant\u00e9\/Social (ST2S).<\/p><\/div><\/div>[vc_empty_space height=&#8221;50&#8243;][\/vc_column][\/vc_row][vc_row][vc_column width=&#8221;1\/3&#8243;]<div class=\"rs-services\"><div class=\"service-inner services-style_5 left  vc_custom_1710930466703 \">\n\t\t\t\t\t<div class=\"services-wrap\"> \n\t\t\t\t        <div class=\"services-item\">\n\t\t\t\t            <a href=\"https:\/\/www.ndpo.fr\/lycee-general\/seconde-generale\/\" title=\"Seconde G\u00e9n\u00e9rale\"><div class=\"services-icon\"><img decoding=\"async\" src=\"https:\/\/www.ndpo.fr\/app\/uploads\/sites\/1\/2020\/05\/shutterstock_704245198.png\" alt=\"Rs-service\" \/><\/div><\/a>\n\t\t\t\t\t\t\t<div class=\"services-desc\">\t\n\t\t\t\t\t\t\t\t<h4 class=\"services-title\"><a href=\"https:\/\/www.ndpo.fr\/lycee-general\/seconde-generale\/\" title=\"Seconde G\u00e9n\u00e9rale\">2nde g\u00e9n\u00e9rale et technologique<\/a><\/h4>\t\t\n\t\t\t\t\t\t\t\tChoisir la Providence pour entrer en 2nde GT, c\u2019est la garantie d\u2019un suivi individualis\u00e9 et d\u2019un accueil \u00e0 taille humaine avec un panel d\u2019options qui conviendra au plus grand nombre \n\t\t\t\t\t\t\t<\/div>\t\t\n\t\t\t\t\t\t<\/div>\t\n\t\t\t\t\t<\/div>\n\t\t\t\t<\/div>\n\t\t\t<\/div>[vc_empty_space]<div class=\"rs-services\"><div class=\"service-inner services-style_5 center  vc_custom_1710749803137 text-justify\">\n\t\t\t\t\t<div class=\"services-wrap\"> \n\t\t\t\t        <div class=\"services-item\">\n\t\t\t\t            <a href=\"https:\/\/www.ndpo.fr\/lycee-general\/sthr\/\" title=\"STHR\"><div class=\"services-icon\"><img decoding=\"async\" src=\"https:\/\/www.ndpo.fr\/app\/uploads\/sites\/1\/2020\/09\/sthr-2-e1600086222445.png\" alt=\"Rs-service\" \/><\/div><\/a>\n\t\t\t\t\t\t\t<div class=\"services-desc\">\t\n\t\t\t\t\t\t\t\t<h4 class=\"services-title\"><a href=\"https:\/\/www.ndpo.fr\/lycee-general\/sthr\/\" title=\"STHR\">STHR<\/a><\/h4>\t\t\n\t\t\t\t\t\t\t\tEnvie de travailler dans l\u2019h\u00f4tellerie restauration ou dans le domaine de l\u2019h\u00e9bergement avec l\u2019ambition d\u2019encadrer des \u00e9quipes, ce baccalaur\u00e9at est fait pour vous et vous ouvrira les portes d\u2019\u00e9tudes post-bac en management, entrepreneuriat ou gestion d\u2019\u00e9quipes et de structures. \n\t\t\t\t\t\t\t<\/div>\t\t\n\t\t\t\t\t\t<\/div>\t\n\t\t\t\t\t<\/div>\n\t\t\t\t<\/div>\n\t\t\t<\/div>[\/vc_column][vc_column width=&#8221;1\/3&#8243;]<div class=\"rs-services\"><div class=\"service-inner services-style_5 center  vc_custom_1710749752376 text-justify\">\n\t\t\t\t\t<div class=\"services-wrap\"> \n\t\t\t\t        <div class=\"services-item\">\n\t\t\t\t            <a href=\"https:\/\/www.ndpo.fr\/lycee-general\/premiere-generale\/\" title=\"Premi\u00e8re G\u00e9n\u00e9rale\"><div class=\"services-icon\"><img decoding=\"async\" src=\"https:\/\/www.ndpo.fr\/app\/uploads\/sites\/1\/2020\/05\/shutterstock_733661044.png\" alt=\"Rs-service\" \/><\/div><\/a>\n\t\t\t\t\t\t\t<div class=\"services-desc\">\t\n\t\t\t\t\t\t\t\t<h4 class=\"services-title\"><a href=\"https:\/\/www.ndpo.fr\/lycee-general\/premiere-generale\/\" title=\"Premi\u00e8re G\u00e9n\u00e9rale\">Premi\u00e8re g\u00e9n\u00e9rale<\/a><\/h4>\t\t\n\t\t\t\t\t\t\t\tNous proposons 8 enseignements de sp\u00e9cialit\u00e9s diff\u00e9rents et n\u2019imposons aucun combinaison ce qui permet de construire votre propre parcours. Une vari\u00e9t\u00e9 d\u2019options permet de compl\u00e9ter et d\u2019enrichir votre cursus \n\t\t\t\t\t\t\t<\/div>\t\t\n\t\t\t\t\t\t<\/div>\t\n\t\t\t\t\t<\/div>\n\t\t\t\t<\/div>\n\t\t\t<\/div>[vc_empty_space]<div class=\"rs-services\"><div class=\"service-inner services-style_5 center  vc_custom_1710749829746 text-justify\">\n\t\t\t\t\t<div class=\"services-wrap\"> \n\t\t\t\t        <div class=\"services-item\">\n\t\t\t\t            <a href=\"https:\/\/www.ndpo.fr\/lycee-general\/st2s\/\" title=\"ST2S\"><div class=\"services-icon\"><img decoding=\"async\" src=\"https:\/\/www.ndpo.fr\/app\/uploads\/sites\/1\/2020\/09\/ndpo_st2s.jpg\" alt=\"Rs-service\" \/><\/div><\/a>\n\t\t\t\t\t\t\t<div class=\"services-desc\">\t\n\t\t\t\t\t\t\t\t<h4 class=\"services-title\"><a href=\"https:\/\/www.ndpo.fr\/lycee-general\/st2s\/\" title=\"ST2S\">ST2S<\/a><\/h4>\t\t\n\t\t\t\t\t\t\t\tLa voie id\u00e9ale pour se pr\u00e9parer \u00e0 aborder des \u00e9tudes sup\u00e9rieures dans le param\u00e9dical ou le social. La biologie, la physiologie et l\u2019\u00e9tude du syst\u00e8me de sant\u00e9 occupent une place importante dans ces deux ann\u00e9es de pr\u00e9paration au baccalaur\u00e9at \n\t\t\t\t\t\t\t<\/div>\t\t\n\t\t\t\t\t\t<\/div>\t\n\t\t\t\t\t<\/div>\n\t\t\t\t<\/div>\n\t\t\t<\/div>[\/vc_column][vc_column width=&#8221;1\/3&#8243;]<div class=\"rs-services\"><div class=\"service-inner services-style_5 center  vc_custom_1710749769208 text-justify\">\n\t\t\t\t\t<div class=\"services-wrap\"> \n\t\t\t\t        <div class=\"services-item\">\n\t\t\t\t            <a href=\"https:\/\/www.ndpo.fr\/lycee-general\/terminale-generale\/\" title=\"Terminale G\u00e9n\u00e9rale\"><div class=\"services-icon\"><img decoding=\"async\" src=\"https:\/\/www.ndpo.fr\/app\/uploads\/sites\/1\/2020\/05\/shutterstock_733671838.png\" alt=\"Rs-service\" \/><\/div><\/a>\n\t\t\t\t\t\t\t<div class=\"services-desc\">\t\n\t\t\t\t\t\t\t\t<h4 class=\"services-title\"><a href=\"https:\/\/www.ndpo.fr\/lycee-general\/terminale-generale\/\" title=\"Terminale G\u00e9n\u00e9rale\">Terminale g\u00e9n\u00e9rale<\/a><\/h4>\t\t\n\t\t\t\t\t\t\t\tFaire sa terminale \u00e0 la Providence, c\u2019est l\u2019assurance d\u2019avoir toutes les conditions de r\u00e9unies pour r\u00e9ussir son baccalaur\u00e9at. Suivi personnalis\u00e9, options vari\u00e9es, stages de vacances et modules de pr\u00e9paration \u00e0 l\u2019enseignement sup\u00e9rieur, n\u2019h\u00e9sitez plus ! \n\t\t\t\t\t\t\t<\/div>\t\t\n\t\t\t\t\t\t<\/div>\t\n\t\t\t\t\t<\/div>\n\t\t\t\t<\/div>\n\t\t\t<\/div>[\/vc_column][\/vc_row]<\/p>\n","protected":false},"excerpt":{"rendered":"<p>[vc_row][vc_column][vc_empty_space height=&#8221;50&#8243;][\/vc_column][\/vc_row][vc_row][vc_column width=&#8221;1\/3&#8243;][vc_empty_space][\/vc_column][vc_column width=&#8221;1\/3&#8243;][vc_empty_space][\/vc_column][vc_column width=&#8221;1\/3&#8243;][\/vc_column]&#8230;<\/p>\n","protected":false},"author":2,"featured_media":0,"parent":0,"menu_order":0,"comment_status":"closed","ping_status":"closed","template":"","meta":{"footnotes":""},"class_list":["post-92","page","type-page","status-publish","hentry"],"_links":{"self":[{"href":"https:\/\/www.ndpo.fr\/lycee-general\/wp-json\/wp\/v2\/pages\/92","targetHints":{"allow":["GET"]}}],"collection":[{"href":"https:\/\/www.ndpo.fr\/lycee-general\/wp-json\/wp\/v2\/pages"}],"about":[{"href":"https:\/\/www.ndpo.fr\/lycee-general\/wp-json\/wp\/v2\/types\/page"}],"author":[{"embeddable":true,"href":"https:\/\/www.ndpo.fr\/lycee-general\/wp-json\/wp\/v2\/users\/2"}],"replies":[{"embeddable":true,"href":"https:\/\/www.ndpo.fr\/lycee-general\/wp-json\/wp\/v2\/comments?post=92"}],"version-history":[{"count":14,"href":"https:\/\/www.ndpo.fr\/lycee-general\/wp-json\/wp\/v2\/pages\/92\/revisions"}],"predecessor-version":[{"id":1442,"href":"https:\/\/www.ndpo.fr\/lycee-general\/wp-json\/wp\/v2\/pages\/92\/revisions\/1442"}],"wp:attachment":[{"href":"https:\/\/www.ndpo.fr\/lycee-general\/wp-json\/wp\/v2\/media?parent=92"}],"curies":[{"name":"wp","href":"https:\/\/api.w.org\/{rel}","templated":true}]}}