{"id":94,"date":"2020-05-28T07:14:00","date_gmt":"2020-05-28T07:14:00","guid":{"rendered":"https:\/\/ndpo2020.keeo.com\/?page_id=94"},"modified":"2023-06-12T13:44:09","modified_gmt":"2023-06-12T13:44:09","slug":"la-vie-au-lycee","status":"publish","type":"page","link":"https:\/\/www.ndpo.fr\/lycee-general\/la-vie-au-lycee\/","title":{"rendered":"La vie au lyc\u00e9e"},"content":{"rendered":"<p>[vc_row][vc_column width=&#8221;1\/2&#8243;][vc_single_image image=&#8221;430&#8243; img_size=&#8221;full&#8221;][\/vc_column][vc_column width=&#8221;1\/2&#8243;]\n        <div class=\"rs-heading style2   \">\n        \t<div class=\"title-inner\">\n\t            <span class=\"sub-text\">Les temps forts<\/span>\n\t            <h2 >La Pastorale<\/h2>\n\t        <\/div><div class=\"description\"><p >Au lyc\u00e9e nous offrons aux \u00e9l\u00e8ves la possibilit\u00e9 de vivre les temps forts de la vie de Chr\u00e9tien. Certains \u00e9l\u00e8ves n\u2019ont pas entendu parler de l\u2019\u00c9vangile. La premi\u00e8re annonce permet \u00e0 chacun de conna\u00eetre Dieu, de grandir dans la foi, de construire sa vie sur les valeurs \u00e9vang\u00e9liques. Elle est partie int\u00e9grante de la vie scolaire.<\/p>\n<p>Autour de Eddy LABENDA, l\u2019adjoint en pastorale, l\u2019\u00e9quipe propose de vivre la premi\u00e8re annonce \u00e0 partir de :<br \/>&#8211; Temps de pri\u00e8res ou c\u00e9l\u00e9brations<br \/>&#8211; Temps forts du calendrier liturgique<br \/>&#8211; Rencontres avec des t\u00e9moins, soir\u00e9es d\u00e9bats<br \/>&#8211; Participation \u00e0 des actions humanitaires<br \/>&#8211; Accompagnement aux sacrements<br \/><\/p><\/div><\/div>[vc_btn title=&#8221;En savoir +&#8221; style=&#8221;custom&#8221; custom_background=&#8221;#494d80&#8243; custom_text=&#8221;#ffffff&#8221; link=&#8221;url:https%3A%2F%2Fwww.ndpo.fr%2Flycee-general%2Fpastorale%2F|title:PASTORALE||&#8221;][\/vc_column][\/vc_row][vc_row][vc_column][vc_empty_space height=&#8221;50&#8243;][vc_single_image image=&#8221;171&#8243; img_size=&#8221;full&#8221; alignment=&#8221;center&#8221; onclick=&#8221;custom_link&#8221; link=&#8221;https:\/\/www.ndpo.fr\/lycee-general\/blog\/&#8221;][\/vc_column][\/vc_row][vc_row][vc_column][vc_empty_space height=&#8221;50&#8243;][\/vc_column][\/vc_row][vc_row][vc_column]\n        <div class=\"rs-heading style2  vc_custom_1600090449220  center\">\n        \t<div class=\"title-inner\">\n\t            \n\t            <h2 >La vie au lyc\u00e9e<\/h2>\n\t        <\/div><\/div>[vc_row_inner][vc_column_inner width=&#8221;1\/3&#8243;]\n\t\t\t<div class=\"rs-services-style3  vc_custom_1616429577409 \">\n\t\t\t\t<div class=\"services-item rs-animation-hover\">\n\t\t\t\t    <div class=\"services-icon\">\n\t\t\t\t        <i  class=\"vc_icon_element-icon vc-material vc-material-mouse rs-animation-scale-up\"><\/i>\n\t\t\t\t    <\/div>\n\t\t\t\t    <div class=\"services-desc\">\n\t\t\t\t        <h4 class=\"services-title\"><a href=\"https:\/\/www.ecoledirecte.com\/login\" title=\"\" target=\"_blank\">Ecole Directe<\/a><\/h4>\n\t\t\t\t        <p>Le site de r\u00e9f\u00e9rence qui fait le lien<br \/>\navec la scolarit\u00e9 de votre enfant.<\/p>\n\t\t\t\t    <\/div>\n\t\t\t\t<\/div>\n\t\t\t<\/div>\n\t\t\t[vc_empty_space]\n\t\t\t<div class=\"rs-services-style3  vc_custom_1623304543759 \">\n\t\t\t\t<div class=\"services-item rs-animation-hover\">\n\t\t\t\t    <div class=\"services-icon\">\n\t\t\t\t        <i  class=\"vc_icon_element-icon vc_li vc_li-note rs-animation-scale-up\"><\/i>\n\t\t\t\t    <\/div>\n\t\t\t\t    <div class=\"services-desc\">\n\t\t\t\t        <h4 class=\"services-title\"><a href=\"https:\/\/www.ndpo.fr\/lycee-general\/documents-importants\/\" title=\"Documents importants\" target=\"_blank\">Documents importants<\/a><\/h4>\n\t\t\t\t        <p>Veuillez trouver les circulaires et textes<br \/>\nfondamentaux : r\u00e8glements, projets, &#8230;<\/p>\n\t\t\t\t    <\/div>\n\t\t\t\t<\/div>\n\t\t\t<\/div>\n\t\t\t[\/vc_column_inner][vc_column_inner width=&#8221;1\/3&#8243;]\n\t\t\t<div class=\"rs-services-style3  vc_custom_1615969172407 \">\n\t\t\t\t<div class=\"services-item rs-animation-hover\">\n\t\t\t\t    <div class=\"services-icon\">\n\t\t\t\t        <i  class=\"vc_icon_element-icon vc_li vc_li-user rs-animation-scale-up\"><\/i>\n\t\t\t\t    <\/div>\n\t\t\t\t    <div class=\"services-desc\">\n\t\t\t\t        <h4 class=\"services-title\"><a >APEL<\/a><\/h4>\n\t\t\t\t        <p>Association des parents d&#8217;\u00e9l\u00e8ves<br \/>\ndu lyc\u00e9e g\u00e9n\u00e9ral<\/p>\n\t\t\t\t    <\/div>\n\t\t\t\t<\/div>\n\t\t\t<\/div>\n\t\t\t[vc_empty_space]\n\t\t\t<div class=\"rs-services-style3  vc_custom_1623304579148 \">\n\t\t\t\t<div class=\"services-item rs-animation-hover\">\n\t\t\t\t    <div class=\"services-icon\">\n\t\t\t\t        <i  class=\"vc_icon_element-icon vc_li vc_li-megaphone rs-animation-scale-up\"><\/i>\n\t\t\t\t    <\/div>\n\t\t\t\t    <div class=\"services-desc\">\n\t\t\t\t        <h4 class=\"services-title\"><a href=\"https:\/\/www.ndpo.fr\/lycee-general\/evenements\/\" title=\"Ev\u00e8nements\" target=\"_blank\">\u00c9v\u00e8nements<\/a><\/h4>\n\t\t\t\t        <p>D\u00e9couvrez les diff\u00e9rents \u00e9v\u00e8nements<br \/>\nqui se passent au lyc\u00e9e et en ext\u00e9rieur<\/p>\n\t\t\t\t    <\/div>\n\t\t\t\t<\/div>\n\t\t\t<\/div>\n\t\t\t[\/vc_column_inner][vc_column_inner width=&#8221;1\/3&#8243;]\n\t\t\t<div class=\"rs-services-style3  vc_custom_1623304589670 \">\n\t\t\t\t<div class=\"services-item rs-animation-hover\">\n\t\t\t\t    <div class=\"services-icon\">\n\t\t\t\t        <i  class=\"vc_icon_element-icon vc-material vc-material-airline_seat_individual_suite rs-animation-scale-up\"><\/i>\n\t\t\t\t    <\/div>\n\t\t\t\t    <div class=\"services-desc\">\n\t\t\t\t        <h4 class=\"services-title\"><a href=\"https:\/\/www.ndpo.fr\/lycee-general\/internat\/\" title=\"Internat\" target=\"_blank\">Internat<\/a><\/h4>\n\t\t\t\t        <p>La Providence dispose d&#8217;un internat fille<br \/>\net d&#8217;un internat gar\u00e7on.<\/p>\n\t\t\t\t    <\/div>\n\t\t\t\t<\/div>\n\t\t\t<\/div>\n\t\t\t[vc_empty_space]\n\t\t\t<div class=\"rs-services-style3  vc_custom_1615969263966 \">\n\t\t\t\t<div class=\"services-item rs-animation-hover\">\n\t\t\t\t    <div class=\"services-icon\">\n\t\t\t\t        <i  class=\"vc_icon_element-icon entypo-icon entypo-icon-trophy rs-animation-scale-up\"><\/i>\n\t\t\t\t    <\/div>\n\t\t\t\t    <div class=\"services-desc\">\n\t\t\t\t        <h4 class=\"services-title\"><a href=\"https:\/\/www.ecoledirecte.com\/login\" title=\"\" target=\"_blank\">La vie sportive<\/a><\/h4>\n\t\t\t\t        <p>Nous aimons pr\u00e9parer nos jeunes dans les activit\u00e9s<br \/>\nsportives qui les passionnent<\/p>\n\t\t\t\t    <\/div>\n\t\t\t\t<\/div>\n\t\t\t<\/div>\n\t\t\t[\/vc_column_inner][\/vc_row_inner][\/vc_column][\/vc_row][vc_row][vc_column][vc_empty_space height=&#8221;100&#8243;][\/vc_column][\/vc_row][vc_row][vc_column]\n        <div class=\"rs-heading style2   center\">\n        \t<div class=\"title-inner\">\n\t            \n\t            <h2 >Retrouvez-nous sur les r\u00e9seaux ....<\/h2>\n\t        <\/div><\/div>[\/vc_column][\/vc_row][vc_row][vc_column width=&#8221;1\/3&#8243;][vc_wp_text][\/vc_wp_text][\/vc_column][vc_column width=&#8221;1\/3&#8243;][\/vc_column][vc_column width=&#8221;1\/3&#8243;][\/vc_column][\/vc_row]<\/p>\n","protected":false},"excerpt":{"rendered":"<p>[vc_row][vc_column width=&#8221;1\/2&#8243;][vc_single_image image=&#8221;430&#8243; img_size=&#8221;full&#8221;][\/vc_column][vc_column width=&#8221;1\/2&#8243;][vc_btn title=&#8221;En savoir +&#8221; style=&#8221;custom&#8221; custom_background=&#8221;#494d80&#8243; custom_text=&#8221;#ffffff&#8221; link=&#8221;url:https%3A%2F%2Fwww.ndpo.fr%2Flycee-general%2Fpastorale%2F|title:PASTORALE||&#8221;][\/vc_column][\/vc_row][vc_row][vc_column][vc_empty_space height=&#8221;50&#8243;][vc_single_image image=&#8221;171&#8243; img_size=&#8221;full&#8221; alignment=&#8221;center&#8221; onclick=&#8221;custom_link&#8221; link=&#8221;https:\/\/www.ndpo.fr\/lycee-general\/blog\/&#8221;][\/vc_column][\/vc_row][vc_row][vc_column][vc_empty_space height=&#8221;50&#8243;][\/vc_column][\/vc_row][vc_row][vc_column][vc_row_inner][vc_column_inner width=&#8221;1\/3&#8243;][vc_empty_space][\/vc_column_inner][vc_column_inner width=&#8221;1\/3&#8243;][vc_empty_space][\/vc_column_inner][vc_column_inner width=&#8221;1\/3&#8243;][vc_empty_space][\/vc_column_inner][\/vc_row_inner][\/vc_column][\/vc_row][vc_row][vc_column][vc_empty_space height=&#8221;100&#8243;][\/vc_column][\/vc_row][vc_row][vc_column][\/vc_column][\/vc_row][vc_row][vc_column width=&#8221;1\/3&#8243;][vc_wp_text][\/vc_wp_text][\/vc_column][vc_column width=&#8221;1\/3&#8243;][\/vc_column][vc_column width=&#8221;1\/3&#8243;][\/vc_column]&#8230;<\/p>\n","protected":false},"author":2,"featured_media":0,"parent":0,"menu_order":0,"comment_status":"closed","ping_status":"closed","template":"","meta":{"footnotes":""},"class_list":["post-94","page","type-page","status-publish","hentry"],"_links":{"self":[{"href":"https:\/\/www.ndpo.fr\/lycee-general\/wp-json\/wp\/v2\/pages\/94","targetHints":{"allow":["GET"]}}],"collection":[{"href":"https:\/\/www.ndpo.fr\/lycee-general\/wp-json\/wp\/v2\/pages"}],"about":[{"href":"https:\/\/www.ndpo.fr\/lycee-general\/wp-json\/wp\/v2\/types\/page"}],"author":[{"embeddable":true,"href":"https:\/\/www.ndpo.fr\/lycee-general\/wp-json\/wp\/v2\/users\/2"}],"replies":[{"embeddable":true,"href":"https:\/\/www.ndpo.fr\/lycee-general\/wp-json\/wp\/v2\/comments?post=94"}],"version-history":[{"count":24,"href":"https:\/\/www.ndpo.fr\/lycee-general\/wp-json\/wp\/v2\/pages\/94\/revisions"}],"predecessor-version":[{"id":1580,"href":"https:\/\/www.ndpo.fr\/lycee-general\/wp-json\/wp\/v2\/pages\/94\/revisions\/1580"}],"wp:attachment":[{"href":"https:\/\/www.ndpo.fr\/lycee-general\/wp-json\/wp\/v2\/media?parent=94"}],"curies":[{"name":"wp","href":"https:\/\/api.w.org\/{rel}","templated":true}]}}