{"id":117,"date":"2020-06-23T09:04:46","date_gmt":"2020-06-23T07:04:46","guid":{"rendered":"https:\/\/ndpo2020.keeo.com\/lycee-professionnel\/?page_id=117"},"modified":"2025-07-10T15:33:03","modified_gmt":"2025-07-10T13:33:03","slug":"bac-pro-boulangerie-patisserie","status":"publish","type":"page","link":"https:\/\/www.ndpo.fr\/lycee-professionnel\/bac-pro-boulangerie-patisserie\/","title":{"rendered":"BAC PRO BOULANGERIE\/P\u00c2TISSERIE"},"content":{"rendered":"<p>[vc_row][vc_column]\n        <div class=\"rs-heading style2  vc_custom_1601993346747  center\">\n        \t<div class=\"title-inner\">\n\t            \n\t            <h2 >BAC PRO BOULANGERIE\/P\u00c2TISSERIE<\/h2>\n\t        <\/div><\/div>[\/vc_column][\/vc_row][vc_row][vc_column width=&#8221;2\/3&#8243;][vc_single_image image=&#8221;301&#8243; img_size=&#8221;full&#8221; css=&#8221;.vc_custom_1601992717983{border-radius: 5px !important;}&#8221;][\/vc_column][vc_column width=&#8221;1\/3&#8243;][vc_single_image image=&#8221;1731&#8243; img_size=&#8221;full&#8221; onclick=&#8221;link_image&#8221;][vc_btn title=&#8221;S&#8217;INSCRIRE&#8221; style=&#8221;custom&#8221; custom_background=&#8221;#145374&#8243; custom_text=&#8221;#ffffff&#8221; size=&#8221;lg&#8221; align=&#8221;center&#8221; i_icon_fontawesome=&#8221;far fa-paper-plane&#8221; button_block=&#8221;true&#8221; add_icon=&#8221;true&#8221; link=&#8221;url:https%3A%2F%2Fpreinscriptions.ecoledirecte.com%2F%3FRNE%3D0593040J%20||target:%20_blank|&#8221;][vc_btn title=&#8221;DEMANDE D&#8217;IMMERSION&#8221; style=&#8221;custom&#8221; custom_background=&#8221;#145374&#8243; custom_text=&#8221;#ffffff&#8221; size=&#8221;lg&#8221; align=&#8221;center&#8221; button_block=&#8221;true&#8221; link=&#8221;url:%20https%3A%2F%2Fwww.ndpo.fr%2Flycee-professionnel%2Fformulaire-immersion-pro%2F|title:Immersion||&#8221;]\n\t<div class=\"counter-top-area style-light \"  style=\"background: #145374\">\n    <div class=\"rs-counter-list\">\n\t\t\n        <div class=\"count-text\"><div class=\"count-number\" style=\"color: #ffffff\"><h3 class=\"rs-counter\" style=\"color: #ffffff\">97<\/h3><span>% de r\u00e9ussite au bac<\/span><\/div>         \n        <h4 style=\"color: #ffffff\">2024 - 2025<\/h4><\/div>\n    <\/div><\/div>[\/vc_column][\/vc_row][vc_row][vc_column][vc_tta_tabs][vc_tta_section title=&#8221;Description&#8221; tab_id=&#8221;1592895690077-7b5c6b08-40be&#8221;][vc_empty_space]\n        <div class=\"rs-heading style2   \">\n        \t<div class=\"title-inner\">\n\t            \n\t            <h2 >EN SAVOIR PLUS<\/h2>\n\t        <\/div><div class=\"description\"><p >Le titulaire d\u2019un baccalaur\u00e9at professionnel des m\u00e9tiers de la boulangerie p\u00e2tisserie est &#8221; <strong>un professionnel tr\u00e8s qualifi\u00e9<\/strong>&#8221; qui ma\u00eetrise les techniques professionnelles li\u00e9es aux diverses activit\u00e9s du m\u00e9tier, y compris la fabrication de produits traiteur, de l\u2019achat des mati\u00e8res premi\u00e8res jusqu\u2019\u00e0 leur commercialisation.<\/p>\n<p>Il est appel\u00e9 \u00e0 exercer une activit\u00e9 avec prise de responsabilit\u00e9s. Il pourra occuper des fonctions d\u2019animation et de gestion au sein d\u2019une entreprise ou d\u2019une unit\u00e9 de production.<\/p>\n<p>Il peut exercer sa profession dans les commerces alimentaires sp\u00e9cialis\u00e9s de proximit\u00e9 assurant sa propre production ou les laboratoires de pr\u00e9paration dans les grandes surfaces ou l&#8217;agroalimentaire.<\/p><\/div><\/div>\n        <div class=\"rs-heading style2   \">\n        \t<div class=\"title-inner\">\n\t            \n\t            <h2 >PROFIL DE L'\u00c9L\u00c8VE<\/h2>\n\t        <\/div><div class=\"description\"><p >\u00c0 partir de la troisi\u00e8me g\u00e9n\u00e9rale ou 3\u00e8me pr\u00e9pa-M\u00e9tiers, <u><strong>des qualit\u00e9s personnelles sont requises<\/strong><\/u>\u00a0:<br \/>\n&#8211; Etre dynamique &amp; courtois, avoir le sens des relations humaines<br \/>\n&#8211; Avoir une\u00a0bonne r\u00e9sistance \u00e0 la station debout prolong\u00e9e, bonne tol\u00e9rance de l&#8217;organisme aux produits utilis\u00e9s<br \/>\n&#8211; Avoir un sens artistique, go\u00fbt du travail bien fait, cr\u00e9atif, minutie<br \/>\n&#8211; Respecter une hygi\u00e8ne corporelle irr\u00e9prochable<br \/>\n&#8211; Etre assidu\u00a0&amp; ponctuel<\/p><\/div><\/div>[\/vc_tta_section][vc_tta_section title=&#8221;Programme&#8221; tab_id=&#8221;1592895688950-9a8ee1a6-b91c&#8221;][vc_empty_space]\n        <div class=\"rs-heading style1   center\">\n        \t<div class=\"title-inner\">\n\t            \n\t            <h2 >EMPLOI DU TEMPS TYPE D'UN BAC PRO BOULANGERIE\/P\u00c2TISSERIE<\/h2>\n\t        <\/div><\/div>[vc_single_image image=&#8221;1294&#8243; img_size=&#8221;full&#8221; alignment=&#8221;center&#8221; style=&#8221;vc_box_rounded&#8221;][\/vc_tta_section][vc_tta_section title=&#8221;D\u00e9roulement&#8221; tab_id=&#8221;1592895678564-2499c864-88d7&#8243;]\n        <div class=\"rs-heading style2   \">\n        \t<div class=\"title-inner\">\n\t            \n\t            <h2 >Formation en entreprise<\/h2>\n\t        <\/div><div class=\"description\"><p >En seconde : 6 semaines de stage en entreprise<br \/>\nEn premi\u00e8re : 8 semaines de stage en entreprise<br \/>\nEn terminale : 8 semaines de stage en entreprise<\/p><\/div><\/div>[\/vc_tta_section][\/vc_tta_tabs][\/vc_column][\/vc_row]<\/p>\n","protected":false},"excerpt":{"rendered":"<p>[vc_row][vc_column][\/vc_column][\/vc_row][vc_row][vc_column width=&#8221;2\/3&#8243;][vc_single_image image=&#8221;301&#8243; img_size=&#8221;full&#8221; css=&#8221;.vc_custom_1601992717983{border-radius: 5px !important;}&#8221;][\/vc_column][vc_column width=&#8221;1\/3&#8243;][vc_single_image image=&#8221;1731&#8243; img_size=&#8221;full&#8221; onclick=&#8221;link_image&#8221;][vc_btn title=&#8221;S&#8217;INSCRIRE&#8221; style=&#8221;custom&#8221; custom_background=&#8221;#145374&#8243; custom_text=&#8221;#ffffff&#8221; size=&#8221;lg&#8221; align=&#8221;center&#8221; i_icon_fontawesome=&#8221;far fa-paper-plane&#8221; button_block=&#8221;true&#8221; add_icon=&#8221;true&#8221; link=&#8221;url:https%3A%2F%2Fpreinscriptions.ecoledirecte.com%2F%3FRNE%3D0593040J%20||target:%20_blank|&#8221;][vc_btn title=&#8221;DEMANDE D&#8217;IMMERSION&#8221; style=&#8221;custom&#8221; custom_background=&#8221;#145374&#8243; custom_text=&#8221;#ffffff&#8221; size=&#8221;lg&#8221;&#8230;<\/p>\n","protected":false},"author":2,"featured_media":0,"parent":0,"menu_order":0,"comment_status":"closed","ping_status":"closed","template":"","meta":{"footnotes":""},"class_list":["post-117","page","type-page","status-publish","hentry"],"_links":{"self":[{"href":"https:\/\/www.ndpo.fr\/lycee-professionnel\/wp-json\/wp\/v2\/pages\/117","targetHints":{"allow":["GET"]}}],"collection":[{"href":"https:\/\/www.ndpo.fr\/lycee-professionnel\/wp-json\/wp\/v2\/pages"}],"about":[{"href":"https:\/\/www.ndpo.fr\/lycee-professionnel\/wp-json\/wp\/v2\/types\/page"}],"author":[{"embeddable":true,"href":"https:\/\/www.ndpo.fr\/lycee-professionnel\/wp-json\/wp\/v2\/users\/2"}],"replies":[{"embeddable":true,"href":"https:\/\/www.ndpo.fr\/lycee-professionnel\/wp-json\/wp\/v2\/comments?post=117"}],"version-history":[{"count":26,"href":"https:\/\/www.ndpo.fr\/lycee-professionnel\/wp-json\/wp\/v2\/pages\/117\/revisions"}],"predecessor-version":[{"id":1738,"href":"https:\/\/www.ndpo.fr\/lycee-professionnel\/wp-json\/wp\/v2\/pages\/117\/revisions\/1738"}],"wp:attachment":[{"href":"https:\/\/www.ndpo.fr\/lycee-professionnel\/wp-json\/wp\/v2\/media?parent=117"}],"curies":[{"name":"wp","href":"https:\/\/api.w.org\/{rel}","templated":true}]}}