{"id":122,"date":"2020-06-23T09:38:04","date_gmt":"2020-06-23T07:38:04","guid":{"rendered":"https:\/\/ndpo2020.keeo.com\/lycee-professionnel\/?page_id=122"},"modified":"2025-07-10T15:35:03","modified_gmt":"2025-07-10T13:35:03","slug":"bac-pro-option-commercialisation-et-service-en-restauration-cuisine","status":"publish","type":"page","link":"https:\/\/www.ndpo.fr\/lycee-professionnel\/bac-pro-option-commercialisation-et-service-en-restauration-cuisine\/","title":{"rendered":"BAC PRO (option Commercialisation et Service en Restauration\/Cuisine)"},"content":{"rendered":"<p>[vc_row][vc_column]\n        <div class=\"rs-heading style2  vc_custom_1615974669802  center\">\n        \t<div class=\"title-inner\">\n\t            \n\t            <h2 >BAC PROFESSIONNEL SERVICE ET CUISINE<\/h2>\n\t        <\/div><\/div>[\/vc_column][\/vc_row][vc_row][vc_column width=&#8221;2\/3&#8243;][vc_single_image image=&#8221;320&#8243; img_size=&#8221;full&#8221; css=&#8221;.vc_custom_1601996850672{border-radius: 5px !important;}&#8221;][\/vc_column][vc_column width=&#8221;1\/3&#8243;][vc_single_image image=&#8221;1729&#8243; img_size=&#8221;full&#8221; onclick=&#8221;link_image&#8221;][vc_btn title=&#8221;S&#8217;INSCRIRE&#8221; style=&#8221;custom&#8221; custom_background=&#8221;#145374&#8243; custom_text=&#8221;#ffffff&#8221; size=&#8221;lg&#8221; align=&#8221;center&#8221; i_icon_fontawesome=&#8221;far fa-paper-plane&#8221; button_block=&#8221;true&#8221; add_icon=&#8221;true&#8221; link=&#8221;url:https%3A%2F%2Fpreinscriptions.ecoledirecte.com%2F%3FRNE%3D0593040J%20||target:%20_blank|&#8221;][vc_btn title=&#8221;DEMANDE D&#8217;IMMERSION&#8221; style=&#8221;custom&#8221; custom_background=&#8221;#145374&#8243; custom_text=&#8221;#ffffff&#8221; size=&#8221;lg&#8221; align=&#8221;center&#8221; button_block=&#8221;true&#8221; link=&#8221;url:%20https%3A%2F%2Fwww.ndpo.fr%2Flycee-professionnel%2Fformulaire-immersion-pro%2F|title:Immersion||&#8221;]\n\t<div class=\"counter-top-area style-light \"  style=\"background: #145374\">\n    <div class=\"rs-counter-list\">\n\t\t\n        <div class=\"count-text\"><div class=\"count-number\" style=\"color: #ffffff\"><h3 class=\"rs-counter\" style=\"color: #ffffff\">98<\/h3><span>% de r\u00e9ussite au bac<\/span><\/div>         \n        <h4 style=\"color: #ffffff\">2024 - 2025<\/h4><\/div>\n    <\/div><\/div>[\/vc_column][\/vc_row][vc_row][vc_column][vc_tta_tabs][vc_tta_section title=&#8221;Description&#8221; tab_id=&#8221;1592895690077-7b5c6b08-40be&#8221;][vc_empty_space]\n        <div class=\"rs-heading style2   \">\n        \t<div class=\"title-inner\">\n\t            \n\t            <h2 >EN SAVOIR PLUS<\/h2>\n\t        <\/div><div class=\"description\"><p >Le Baccalaur\u00e9at Professionnel (CSR ou Cuisinier)\u00a0vise \u00e0 mettre sur le march\u00e9 du travail des jeunes professionnels hautement qualifi\u00e9s imm\u00e9diatement op\u00e9rationnels et capables de s\u2019adapter \u00e0 l\u2019\u00e9volution dans tous les secteurs et formes de restauration.<\/p>\n<p>La formation se caract\u00e9rise par une bonne appr\u00e9hension des concepts et synth\u00e8ses techniques, ce qui n\u00e9cessite un tronc commun de formation dans les domaines de la production culinaire et des services.<\/p><\/div><\/div>\n        <div class=\"rs-heading style2   \">\n        \t<div class=\"title-inner\">\n\t            \n\t            <h2 >PROFIL DE L'\u00c9L\u00c8VE<\/h2>\n\t        <\/div><div class=\"description\"><p >\u00c0 partir de la troisi\u00e8me g\u00e9n\u00e9rale ou\u00a0d&#8217;une classe de la 3\u00e8me pr\u00e9pa-m\u00e9tiers. \u00catre volontaire et engager un esprit de pers\u00e9v\u00e9rance.<\/p>\n<p>Vous devez \u00e9galement d\u00e9tenir :<br \/>\nUne assiduit\u00e9 absolue,<br \/>\nUne capacit\u00e9 de travail \u00e0 domicile ou en autonomie,<br \/>\nUne curiosit\u00e9 exacerb\u00e9e et un vif app\u00e9tit de culture g\u00e9n\u00e9rale et professionnelle,<br \/>\nUne motivation et une volont\u00e9 de r\u00e9ussir une carri\u00e8re en H\u00f4tellerie Restauration.<\/p><\/div><\/div>[\/vc_tta_section][vc_tta_section title=&#8221;Programme&#8221; tab_id=&#8221;1592895688950-9a8ee1a6-b91c&#8221;][vc_empty_space]\n        <div class=\"rs-heading style1   center\">\n        \t<div class=\"title-inner\">\n\t            \n\t            <h2 >EMPLOI DU TEMPS TYPE D'UN BAC PRO CSR ET CUISINE<\/h2>\n\t        <\/div><\/div>[vc_single_image image=&#8221;1293&#8243; img_size=&#8221;full&#8221; alignment=&#8221;center&#8221; style=&#8221;vc_box_rounded&#8221;][\/vc_tta_section][vc_tta_section title=&#8221;Documents&#8221; tab_id=&#8221;1592895678544-bdcd663b-2a05&#8243;][\/vc_tta_section][vc_tta_section title=&#8221;D\u00e9roulement&#8221; tab_id=&#8221;1592895678564-2499c864-88d7&#8243;]\n        <div class=\"rs-heading style2   \">\n        \t<div class=\"title-inner\">\n\t            \n\t            <h2 >Formation en entreprise<\/h2>\n\t        <\/div><div class=\"description\"><p >Pendant le cycle des trois ann\u00e9es de formation (en CSR ou Cuisine), nous organisons plus de 22\u00a0semaines de formation en entreprise pour l&#8217;\u00e9l\u00e8ve (dont 2 semaines de d\u00e9couverte).<br \/>\nLes p\u00e9riodes de PFMP sont r\u00e9parties comme ceci\u00a0: 6 semaines en seconde, 8 semaines en premi\u00e8re et\u00a08 semaines en terminale.<\/p><\/div><\/div>[\/vc_tta_section][\/vc_tta_tabs][\/vc_column][\/vc_row]<\/p>\n","protected":false},"excerpt":{"rendered":"<p>[vc_row][vc_column][\/vc_column][\/vc_row][vc_row][vc_column width=&#8221;2\/3&#8243;][vc_single_image image=&#8221;320&#8243; img_size=&#8221;full&#8221; css=&#8221;.vc_custom_1601996850672{border-radius: 5px !important;}&#8221;][\/vc_column][vc_column width=&#8221;1\/3&#8243;][vc_single_image image=&#8221;1729&#8243; img_size=&#8221;full&#8221; onclick=&#8221;link_image&#8221;][vc_btn title=&#8221;S&#8217;INSCRIRE&#8221; style=&#8221;custom&#8221; custom_background=&#8221;#145374&#8243; custom_text=&#8221;#ffffff&#8221; size=&#8221;lg&#8221; align=&#8221;center&#8221; i_icon_fontawesome=&#8221;far fa-paper-plane&#8221; button_block=&#8221;true&#8221; add_icon=&#8221;true&#8221; link=&#8221;url:https%3A%2F%2Fpreinscriptions.ecoledirecte.com%2F%3FRNE%3D0593040J%20||target:%20_blank|&#8221;][vc_btn title=&#8221;DEMANDE D&#8217;IMMERSION&#8221; style=&#8221;custom&#8221; custom_background=&#8221;#145374&#8243; custom_text=&#8221;#ffffff&#8221; size=&#8221;lg&#8221;&#8230;<\/p>\n","protected":false},"author":2,"featured_media":0,"parent":0,"menu_order":0,"comment_status":"closed","ping_status":"closed","template":"","meta":{"footnotes":""},"class_list":["post-122","page","type-page","status-publish","hentry"],"_links":{"self":[{"href":"https:\/\/www.ndpo.fr\/lycee-professionnel\/wp-json\/wp\/v2\/pages\/122","targetHints":{"allow":["GET"]}}],"collection":[{"href":"https:\/\/www.ndpo.fr\/lycee-professionnel\/wp-json\/wp\/v2\/pages"}],"about":[{"href":"https:\/\/www.ndpo.fr\/lycee-professionnel\/wp-json\/wp\/v2\/types\/page"}],"author":[{"embeddable":true,"href":"https:\/\/www.ndpo.fr\/lycee-professionnel\/wp-json\/wp\/v2\/users\/2"}],"replies":[{"embeddable":true,"href":"https:\/\/www.ndpo.fr\/lycee-professionnel\/wp-json\/wp\/v2\/comments?post=122"}],"version-history":[{"count":24,"href":"https:\/\/www.ndpo.fr\/lycee-professionnel\/wp-json\/wp\/v2\/pages\/122\/revisions"}],"predecessor-version":[{"id":1740,"href":"https:\/\/www.ndpo.fr\/lycee-professionnel\/wp-json\/wp\/v2\/pages\/122\/revisions\/1740"}],"wp:attachment":[{"href":"https:\/\/www.ndpo.fr\/lycee-professionnel\/wp-json\/wp\/v2\/media?parent=122"}],"curies":[{"name":"wp","href":"https:\/\/api.w.org\/{rel}","templated":true}]}}