{"id":124,"date":"2020-06-23T09:38:25","date_gmt":"2020-06-23T07:38:25","guid":{"rendered":"https:\/\/ndpo2020.keeo.com\/lycee-professionnel\/?page_id=124"},"modified":"2025-12-09T15:18:22","modified_gmt":"2025-12-09T14:18:22","slug":"csdr","status":"publish","type":"page","link":"https:\/\/www.ndpo.fr\/lycee-professionnel\/csdr\/","title":{"rendered":"CS &#8211; Desserts de restaurant"},"content":{"rendered":"<p>[vc_row][vc_column]\n        <div class=\"rs-heading style2  vc_custom_1765289738873  center\">\n        \t<div class=\"title-inner\">\n\t            \n\t            <h2 >Certificat de Sp\u00e9cialisation DESSERTS DE RESTAURANT<\/h2>\n\t        <\/div><\/div>[\/vc_column][\/vc_row][vc_row][vc_column width=&#8221;2\/3&#8243;][vc_single_image image=&#8221;507&#8243; img_size=&#8221;full&#8221; css=&#8221;.vc_custom_1620287024947{border-radius: 5px !important;}&#8221;][\/vc_column][vc_column width=&#8221;1\/3&#8243;][vc_single_image image=&#8221;1744&#8243; img_size=&#8221;full&#8221; onclick=&#8221;link_image&#8221;][vc_btn title=&#8221;S&#8217;INSCRIRE&#8221; style=&#8221;custom&#8221; custom_background=&#8221;#145374&#8243; custom_text=&#8221;#ffffff&#8221; size=&#8221;lg&#8221; align=&#8221;center&#8221; i_icon_fontawesome=&#8221;far fa-paper-plane&#8221; button_block=&#8221;true&#8221; add_icon=&#8221;true&#8221; link=&#8221;url:https%3A%2F%2Fpreinscriptions.ecoledirecte.com%2F%3FRNE%3D0593040J%20||target:%20_blank|&#8221;]\n\t<div class=\"counter-top-area style-light \"  style=\"background: #145374\">\n    <div class=\"rs-counter-list\">\n\t\t\n        <div class=\"count-text\"><div class=\"count-number\" style=\"color: #ffffff\"><h3 class=\"rs-counter\" style=\"color: #ffffff\">NE<\/h3><span>% de r\u00e9ussite<\/span><\/div>         \n        <h4 style=\"color: #ffffff\">2024 - 2025<\/h4><\/div>\n    <\/div><\/div>[\/vc_column][\/vc_row][vc_row][vc_column][vc_tta_tabs][vc_tta_section title=&#8221;Description&#8221; tab_id=&#8221;1592895690077-7b5c6b08-40be&#8221;][vc_empty_space]\n        <div class=\"rs-heading style2   \">\n        \t<div class=\"title-inner\">\n\t            \n\t            <h2 >EN SAVOIR PLUS<\/h2>\n\t        <\/div><div class=\"description\"><p >La Certification de Sp\u00e9cialisation\u00a0 Desserts de Restaurant est un dipl\u00f4me de niveau V qui valide les savoir-faire acquis dans le domaine de la p\u00e2tisserie par des cuisiniers qualifi\u00e9s et dipl\u00f4m\u00e9s.<\/p>\n<p>L&#8217;activit\u00e9 se diff\u00e9rencie de la p\u00e2tisserie traditionnelle qui a pour but de produire des p\u00e2tisseries destin\u00e9es \u00e0 \u00eatre vendues en boutique, emport\u00e9es. Le cuisinier en desserts de restaurant produit des desserts destin\u00e9s \u00e0 \u00eatre consomm\u00e9s imm\u00e9diatement (desserts \u00ab minute \u00bb), dans un restaurant. Ces desserts sont tr\u00e8s souvent pr\u00e9sent\u00e9s \u00ab \u00e0 l&#8217;assiette \u00bb ou \u00ab en buffet \u00bb.<\/p><\/div><\/div>\n        <div class=\"rs-heading style2   \">\n        \t<div class=\"title-inner\">\n\t            \n\t            <h2 >PROFIL DE L'\u00c9L\u00c8VE<\/h2>\n\t        <\/div><div class=\"description\"><p >Etre titulaire du BEP \/ CAP Cuisine ou du Baccalaur\u00e9at Professionnel Cuisine<\/p>\n<p>Etre en bonne condition physique (longues stations debout), avoir une excellente tenue et hygi\u00e8ne corporelle, \u00eatre probe, dynamique et disponible, aimer le travail manuel, avoir un go\u00fbt affirm\u00e9 pour la cr\u00e9ativit\u00e9 et un sens aigu de la d\u00e9coration, \u00eatre \u00ab gourmet \u00bb.<\/p><\/div><\/div>[\/vc_tta_section][vc_tta_section title=&#8221;Programme&#8221; tab_id=&#8221;1592895688950-9a8ee1a6-b91c&#8221;][vc_empty_space]\n        <div class=\"rs-heading style1   center\">\n        \t<div class=\"title-inner\">\n\t            \n\t            <h2 >EMPLOI DU TEMPS TYPE D'UN MCCDR<\/h2>\n\t        <\/div><\/div>[vc_single_image image=&#8221;1299&#8243; img_size=&#8221;full&#8221; alignment=&#8221;center&#8221; style=&#8221;vc_box_rounded&#8221;][\/vc_tta_section][vc_tta_section title=&#8221;Documents&#8221; tab_id=&#8221;1592895678544-bdcd663b-2a05&#8243;][\/vc_tta_section][vc_tta_section title=&#8221;D\u00e9roulement&#8221; tab_id=&#8221;1592895678564-2499c864-88d7&#8243;]\n        <div class=\"rs-heading style2   \">\n        \t<div class=\"title-inner\">\n\t            \n\t            <h2 >Formation en entreprise<\/h2>\n\t        <\/div><div class=\"description\"><p >2 semaines en milieu professionnel artisanal : d\u00e9couverte en p\u00e2tisserie<br \/>\n10 semaines en restauration<\/p><\/div><\/div>[\/vc_tta_section][\/vc_tta_tabs][\/vc_column][\/vc_row]<\/p>\n","protected":false},"excerpt":{"rendered":"<p>[vc_row][vc_column][\/vc_column][\/vc_row][vc_row][vc_column width=&#8221;2\/3&#8243;][vc_single_image image=&#8221;507&#8243; img_size=&#8221;full&#8221; css=&#8221;.vc_custom_1620287024947{border-radius: 5px !important;}&#8221;][\/vc_column][vc_column width=&#8221;1\/3&#8243;][vc_single_image image=&#8221;1744&#8243; img_size=&#8221;full&#8221; onclick=&#8221;link_image&#8221;][vc_btn title=&#8221;S&#8217;INSCRIRE&#8221; style=&#8221;custom&#8221; custom_background=&#8221;#145374&#8243; custom_text=&#8221;#ffffff&#8221; size=&#8221;lg&#8221; align=&#8221;center&#8221; i_icon_fontawesome=&#8221;far fa-paper-plane&#8221; button_block=&#8221;true&#8221; add_icon=&#8221;true&#8221; link=&#8221;url:https%3A%2F%2Fpreinscriptions.ecoledirecte.com%2F%3FRNE%3D0593040J%20||target:%20_blank|&#8221;][\/vc_column][\/vc_row][vc_row][vc_column][vc_tta_tabs][vc_tta_section title=&#8221;Description&#8221; tab_id=&#8221;1592895690077-7b5c6b08-40be&#8221;][vc_empty_space][\/vc_tta_section][vc_tta_section title=&#8221;Programme&#8221; tab_id=&#8221;1592895688950-9a8ee1a6-b91c&#8221;][vc_empty_space][vc_single_image image=&#8221;1299&#8243; img_size=&#8221;full&#8221;&#8230;<\/p>\n","protected":false},"author":2,"featured_media":0,"parent":0,"menu_order":0,"comment_status":"closed","ping_status":"closed","template":"","meta":{"footnotes":""},"class_list":["post-124","page","type-page","status-publish","hentry"],"_links":{"self":[{"href":"https:\/\/www.ndpo.fr\/lycee-professionnel\/wp-json\/wp\/v2\/pages\/124","targetHints":{"allow":["GET"]}}],"collection":[{"href":"https:\/\/www.ndpo.fr\/lycee-professionnel\/wp-json\/wp\/v2\/pages"}],"about":[{"href":"https:\/\/www.ndpo.fr\/lycee-professionnel\/wp-json\/wp\/v2\/types\/page"}],"author":[{"embeddable":true,"href":"https:\/\/www.ndpo.fr\/lycee-professionnel\/wp-json\/wp\/v2\/users\/2"}],"replies":[{"embeddable":true,"href":"https:\/\/www.ndpo.fr\/lycee-professionnel\/wp-json\/wp\/v2\/comments?post=124"}],"version-history":[{"count":28,"href":"https:\/\/www.ndpo.fr\/lycee-professionnel\/wp-json\/wp\/v2\/pages\/124\/revisions"}],"predecessor-version":[{"id":1825,"href":"https:\/\/www.ndpo.fr\/lycee-professionnel\/wp-json\/wp\/v2\/pages\/124\/revisions\/1825"}],"wp:attachment":[{"href":"https:\/\/www.ndpo.fr\/lycee-professionnel\/wp-json\/wp\/v2\/media?parent=124"}],"curies":[{"name":"wp","href":"https:\/\/api.w.org\/{rel}","templated":true}]}}