{"id":126,"date":"2020-06-23T09:38:57","date_gmt":"2020-06-23T07:38:57","guid":{"rendered":"https:\/\/ndpo2020.keeo.com\/lycee-professionnel\/?page_id=126"},"modified":"2024-02-07T11:54:01","modified_gmt":"2024-02-07T10:54:01","slug":"bts-management-en-hotellerie-restauration","status":"publish","type":"page","link":"https:\/\/www.ndpo.fr\/lycee-professionnel\/bts-management-en-hotellerie-restauration\/","title":{"rendered":"BTS Management en H\u00f4tellerie Restauration"},"content":{"rendered":"<p>[vc_row][vc_column]\n        <div class=\"rs-heading style2  vc_custom_1707303139642  center\">\n        \t<div class=\"title-inner\">\n\t            <span class=\"sub-text\">BTS MANAGEMENT EN H\u00d4TELLERIE RESTAURATION<\/span>\n\t            <h2 >OPTION C : MANAGEMENT D\u2019UNIT\u00c9 D'H\u00c9BERGEMENT<\/h2>\n\t        <\/div><\/div>[\/vc_column][\/vc_row][vc_row][vc_column width=&#8221;2\/3&#8243;][vc_single_image image=&#8221;327&#8243; img_size=&#8221;full&#8221; css=&#8221;.vc_custom_1601998790922{border-radius: 5px !important;}&#8221;][\/vc_column][vc_column width=&#8221;1\/3&#8243;][vc_single_image image=&#8221;1324&#8243; img_size=&#8221;full&#8221; onclick=&#8221;link_image&#8221;][vc_btn title=&#8221;INSCRIPTION&#8221; style=&#8221;custom&#8221; custom_background=&#8221;#3d578c&#8221; custom_text=&#8221;#ffffff&#8221; size=&#8221;lg&#8221; align=&#8221;center&#8221; i_icon_fontawesome=&#8221;far fa-edit&#8221; button_block=&#8221;true&#8221; add_icon=&#8221;true&#8221; link=&#8221;url:https%3A%2F%2Fpreinscriptions.ecoledirecte.com%2F%3FRNE%3D0593040J%20||target:%20_blank|&#8221;]\n\t<div class=\"counter-top-area style-light \"  style=\"background: #3e5889\">\n    <div class=\"rs-counter-list\">\n\t\t\n        <div class=\"count-text\"><div class=\"count-number\" style=\"color: #ffffff\"><h3 class=\"rs-counter\" style=\"color: #ffffff\">100<\/h3><span>% de r\u00e9ussite au BTS<\/span><\/div>         \n        <h4 style=\"color: #ffffff\">2022 - 2023<\/h4><\/div>\n    <\/div><\/div>[\/vc_column][\/vc_row][vc_row][vc_column][vc_tta_tabs][vc_tta_section title=&#8221;Description&#8221; tab_id=&#8221;1592895690077-7b5c6b08-40be&#8221;][vc_empty_space]\n        <div class=\"rs-heading style2   \">\n        \t<div class=\"title-inner\">\n\t            \n\t            <h2 >EN SAVOIR PLUS<\/h2>\n\t        <\/div><div class=\"description\"><p ><strong>Le titulaire de l\u2019option C (<u>option effectu\u00e9e au lyc\u00e9e en terminale BTS<\/u>)<\/strong>\u00a0occupe des emplois de r\u00e9ceptionniste ou de gouvernante (gouvernante d\u2019\u00e9tage, gouvernante g\u00e9n\u00e9rale) ou de directeur d\u2019h\u00f4tel. Il peut \u00e9galement exercer dans un bureau d\u2019\u00e9tudes ayant pour finalit\u00e9 l\u2019implantation d\u2019h\u00f4tels (\u00e9tude du concept avec d\u00e9finition des objectifs financiers).<\/p>\n<p>Il peut postuler soit dans des organisations productives de biens et des services h\u00f4teliers \u00e0 vocation commerciale ou sociale soit dans des entreprises de services connexes \u00e0 l\u2019industrie h\u00f4teli\u00e8re. Les fonctions du technicien en h\u00f4tellerie restauration peuvent \u00eatre tr\u00e8s vari\u00e9es. Il accueille la client\u00e8le et l\u2019informe sur les services de l\u2019h\u00f4tel, \u00e9ventuellement sur les activit\u00e9s touristiques locales. Il supervise les d\u00e9parts et arriv\u00e9es, g\u00e8re les r\u00e9servations et annulations, repr\u00e9sente la direction. Il effectue la gestion administrative et financi\u00e8re de l\u2019\u00e9tablissement, \u00e9labore les budgets des diff\u00e9rents services de l\u2019h\u00f4tel, assure le r\u00e8glement des factures et la tenue des comptes pr\u00e9visionnels. Il d\u00e9cide de la mise en place de nouvelles m\u00e9thodes de travail et de prestations pour s\u00e9duire une client\u00e8le plus large. Il pr\u00e9voit les tarifs, les op\u00e9rations de promotion, et s\u2019occupe des relations publiques. Il participe au recrutement et \u00e0 la formation des employ\u00e9s de r\u00e9ception qu\u2019il dirige. Il r\u00e9partit et contr\u00f4le le travail d\u2019entretien et de pr\u00e9paration des chambres aupr\u00e8s des ling\u00e8res, valets&#8230;<\/p><\/div><\/div>\n        <div class=\"rs-heading style2   \">\n        \t<div class=\"title-inner\">\n\t            \n\t            <h2 >PROFIL DE L'\u00c9L\u00c8VE<\/h2>\n\t        <\/div><div class=\"description\"><p >\u00c0 partir de la troisi\u00e8me g\u00e9n\u00e9rale ou 3\u00e8me pr\u00e9pa pro, <u><strong>des qualit\u00e9s personnelles sont requises<\/strong><\/u>\u00a0:<br \/>\n&#8211; Etre dynamique &amp; courtois, avoir le sens des relations humaines,<br \/>\n&#8211; avoir une\u00a0bonne r\u00e9sistance \u00e0 la station debout prolong\u00e9e, bonne tol\u00e9rance de l&#8217;organisme aux produits utilis\u00e9s,<br \/>\n&#8211; avoir un sens artistique, go\u00fbt du travail bien fait, cr\u00e9atif, minutie,<br \/>\n&#8211; respecter une hygi\u00e8ne corporelle irr\u00e9prochable,<br \/>\n&#8211; \u00eatre assidu\u00a0&amp; ponctuel.<\/p><\/div><\/div>[\/vc_tta_section][vc_tta_section title=&#8221;Programme&#8221; tab_id=&#8221;1592895688950-9a8ee1a6-b91c&#8221;][vc_empty_space]\n        <div class=\"rs-heading style1   center\">\n        \t<div class=\"title-inner\">\n\t            \n\t            <h2 >EMPLOI DU TEMPS TYPE D'UN BTS MHR 1\u00e8re ann\u00e9e<\/h2>\n\t        <\/div><\/div>[vc_single_image image=&#8221;1297&#8243; img_size=&#8221;full&#8221; alignment=&#8221;center&#8221; style=&#8221;vc_box_rounded&#8221;][\/vc_tta_section][vc_tta_section title=&#8221;Documents&#8221; tab_id=&#8221;1592895678544-bdcd663b-2a05&#8243;][\/vc_tta_section][vc_tta_section title=&#8221;D\u00e9roulement&#8221; tab_id=&#8221;1592895678564-2499c864-88d7&#8243;]\n        <div class=\"rs-heading style2   \">\n        \t<div class=\"title-inner\">\n\t            \n\t            <h2 >Formation en entreprise<\/h2>\n\t        <\/div><div class=\"description\"><p >En seconde : 9 semaines de stage en entreprise<br \/>\nEn premi\u00e8re : 8 semaines de stage en entreprise<br \/>\nEn terminale : 5 semaines de stage en entreprise<\/p><\/div><\/div>[\/vc_tta_section][\/vc_tta_tabs][\/vc_column][\/vc_row]<\/p>\n","protected":false},"excerpt":{"rendered":"<p>[vc_row][vc_column][\/vc_column][\/vc_row][vc_row][vc_column width=&#8221;2\/3&#8243;][vc_single_image image=&#8221;327&#8243; img_size=&#8221;full&#8221; css=&#8221;.vc_custom_1601998790922{border-radius: 5px !important;}&#8221;][\/vc_column][vc_column width=&#8221;1\/3&#8243;][vc_single_image image=&#8221;1324&#8243; img_size=&#8221;full&#8221; onclick=&#8221;link_image&#8221;][vc_btn title=&#8221;INSCRIPTION&#8221; style=&#8221;custom&#8221; custom_background=&#8221;#3d578c&#8221; custom_text=&#8221;#ffffff&#8221; size=&#8221;lg&#8221; align=&#8221;center&#8221; i_icon_fontawesome=&#8221;far fa-edit&#8221; button_block=&#8221;true&#8221; add_icon=&#8221;true&#8221; link=&#8221;url:https%3A%2F%2Fpreinscriptions.ecoledirecte.com%2F%3FRNE%3D0593040J%20||target:%20_blank|&#8221;][\/vc_column][\/vc_row][vc_row][vc_column][vc_tta_tabs][vc_tta_section title=&#8221;Description&#8221; tab_id=&#8221;1592895690077-7b5c6b08-40be&#8221;][vc_empty_space][\/vc_tta_section][vc_tta_section title=&#8221;Programme&#8221; tab_id=&#8221;1592895688950-9a8ee1a6-b91c&#8221;][vc_empty_space][vc_single_image image=&#8221;1297&#8243; img_size=&#8221;full&#8221;&#8230;<\/p>\n","protected":false},"author":2,"featured_media":0,"parent":0,"menu_order":0,"comment_status":"closed","ping_status":"closed","template":"","meta":{"footnotes":""},"class_list":["post-126","page","type-page","status-publish","hentry"],"_links":{"self":[{"href":"https:\/\/www.ndpo.fr\/lycee-professionnel\/wp-json\/wp\/v2\/pages\/126","targetHints":{"allow":["GET"]}}],"collection":[{"href":"https:\/\/www.ndpo.fr\/lycee-professionnel\/wp-json\/wp\/v2\/pages"}],"about":[{"href":"https:\/\/www.ndpo.fr\/lycee-professionnel\/wp-json\/wp\/v2\/types\/page"}],"author":[{"embeddable":true,"href":"https:\/\/www.ndpo.fr\/lycee-professionnel\/wp-json\/wp\/v2\/users\/2"}],"replies":[{"embeddable":true,"href":"https:\/\/www.ndpo.fr\/lycee-professionnel\/wp-json\/wp\/v2\/comments?post=126"}],"version-history":[{"count":16,"href":"https:\/\/www.ndpo.fr\/lycee-professionnel\/wp-json\/wp\/v2\/pages\/126\/revisions"}],"predecessor-version":[{"id":1543,"href":"https:\/\/www.ndpo.fr\/lycee-professionnel\/wp-json\/wp\/v2\/pages\/126\/revisions\/1543"}],"wp:attachment":[{"href":"https:\/\/www.ndpo.fr\/lycee-professionnel\/wp-json\/wp\/v2\/media?parent=126"}],"curies":[{"name":"wp","href":"https:\/\/api.w.org\/{rel}","templated":true}]}}