{"id":130,"date":"2020-06-23T09:41:14","date_gmt":"2020-06-23T07:41:14","guid":{"rendered":"https:\/\/ndpo2020.keeo.com\/lycee-professionnel\/?page_id=130"},"modified":"2025-07-10T15:34:06","modified_gmt":"2025-07-10T13:34:06","slug":"3eme-prepa-metiers","status":"publish","type":"page","link":"https:\/\/www.ndpo.fr\/lycee-professionnel\/3eme-prepa-metiers\/","title":{"rendered":"3\u00e8me Pr\u00e9pa M\u00e9tiers"},"content":{"rendered":"<p>[vc_row][vc_column]\n        <div class=\"rs-heading style2  vc_custom_1680158568419  center\">\n        \t<div class=\"title-inner\">\n\t            \n\t            <h2 >3\u00e8me Pr\u00e9pa M\u00e9tiers<\/h2>\n\t        <\/div><\/div>[\/vc_column][\/vc_row][vc_row][vc_column width=&#8221;2\/3&#8243;][vc_single_image image=&#8221;752&#8243; img_size=&#8221;full&#8221; css=&#8221;.vc_custom_1623310136957{border-radius: 5px !important;}&#8221;][\/vc_column][vc_column width=&#8221;1\/3&#8243;][vc_single_image image=&#8221;1321&#8243; img_size=&#8221;full&#8221; onclick=&#8221;link_image&#8221;][vc_btn title=&#8221;S&#8217;INSCRIRE&#8221; style=&#8221;custom&#8221; custom_background=&#8221;#145374&#8243; custom_text=&#8221;#ffffff&#8221; size=&#8221;lg&#8221; align=&#8221;center&#8221; i_icon_fontawesome=&#8221;far fa-paper-plane&#8221; button_block=&#8221;true&#8221; add_icon=&#8221;true&#8221; link=&#8221;url:https%3A%2F%2Fpreinscriptions.ecoledirecte.com%2F%3FRNE%3D0593040J%20|||&#8221;][vc_btn title=&#8221;DEMANDE D&#8217;IMMERSION&#8221; style=&#8221;custom&#8221; custom_background=&#8221;#145374&#8243; custom_text=&#8221;#ffffff&#8221; size=&#8221;lg&#8221; align=&#8221;center&#8221; button_block=&#8221;true&#8221; link=&#8221;url:%20https%3A%2F%2Fwww.ndpo.fr%2Flycee-professionnel%2Fformulaire-immersion-pro%2F|title:Immersion||&#8221;]\n\t<div class=\"counter-top-area style-light \"  style=\"background: #145374\">\n    <div class=\"rs-counter-list\">\n\t\t\n        <div class=\"count-text\"><div class=\"count-number\" style=\"color: #ffffff\"><h3 class=\"rs-counter\" style=\"color: #ffffff\">100<\/h3><span>% de r\u00e9ussite au Brevet<\/span><\/div>         \n        <h4 style=\"color: #ffffff\">2024 - 2025<\/h4><\/div>\n    <\/div><\/div>[\/vc_column][\/vc_row][vc_row][vc_column][vc_tta_tabs][vc_tta_section title=&#8221;Description&#8221; tab_id=&#8221;1592895690077-7b5c6b08-40be&#8221;][vc_empty_space]\n        <div class=\"rs-heading style2   \">\n        \t<div class=\"title-inner\">\n\t            \n\t            <h2 >EN SAVOIR PLUS<\/h2>\n\t        <\/div><div class=\"description\"><p >Objectifs : Ma\u00eetriser le socle commun de connaissances, de comp\u00e9tences et de culture. Les \u00e9l\u00e8ves se pr\u00e9sentent au dipl\u00f4me national du brevet (DNB) dans la s\u00e9rie de leur choix (g\u00e9n\u00e9rale ou professionnelle).<\/p>\n<p>La 3\u00e8me Pr\u00e9pa M\u00e9tier a pour but d&#8217;immerger les \u00e9l\u00e8ves dans le monde professionnel (ateliers d\u00e9couvertes professionnelles ou stages).<\/p>\n<p>Cr\u00e9er, chez des \u00e9l\u00e8ves volontaires pr\u00eats \u00e0 se mobiliser autour d&#8217;un projet de formation en particulier vers la voie professionnelle (voie scolaire ou apprentissage), une dynamique nouvelle leur permettant de mieux r\u00e9ussir.<\/p>\n<p>S&#8217;appuyer sur des m\u00e9thodes p\u00e9dagogiques diff\u00e9rentes et m\u00fbrir un projet de formation par la d\u00e9couverte des m\u00e9tiers relevant de diff\u00e9rents champs professionnels.<\/p><\/div><\/div>\n        <div class=\"rs-heading style2   \">\n        \t<div class=\"title-inner\">\n\t            \n\t            <h2 >PROFIL DE L'\u00c9L\u00c8VE<\/h2>\n\t        <\/div><div class=\"description\"><p >Des \u00e9l\u00e8ves volontaires, scolairement fragiles, qui veulent mieux conna\u00eetre la r\u00e9alit\u00e9 des m\u00e9tiers, et sont d\u00e9sireux de construire un projet de formation dans la voie professionnelle, sans exclure les voies technologique ou g\u00e9n\u00e9rale.<br \/>\nLa classe de 3e Pr\u00e9pa-m\u00e9tiers donne la possibilit\u00e9 aux \u00e9l\u00e8ves de finaliser le choix de leur parcours de formation, sans pour autant effectuer un choix d\u00e9finitif de champ professionnel. Sur l\u2019ann\u00e9e, les \u00e9l\u00e8ves b\u00e9n\u00e9ficient de s\u00e9quences d&#8217;observation et de stages en milieu professionnel ainsi que d&#8217;un accompagnement personnalis\u00e9.<\/p><\/div><\/div>[\/vc_tta_section][vc_tta_section title=&#8221;Programme&#8221; tab_id=&#8221;1592895688950-9a8ee1a6-b91c&#8221;][vc_empty_space]\n        <div class=\"rs-heading style1   center\">\n        \t<div class=\"title-inner\">\n\t            \n\t            <h2 >EMPLOI DU TEMPS TYPE D'UN 3\u00e8me pr\u00e9pa m\u00e9tier<\/h2>\n\t        <\/div><\/div>[vc_single_image image=&#8221;1296&#8243; img_size=&#8221;full&#8221; alignment=&#8221;center&#8221; style=&#8221;vc_box_rounded&#8221;][\/vc_tta_section][vc_tta_section title=&#8221;D\u00e9roulement&#8221; tab_id=&#8221;1592895678564-2499c864-88d7&#8243;][vc_empty_space]\n        <div class=\"rs-heading style2   \">\n        \t<div class=\"title-inner\">\n\t            \n\t            <h2 >Contenu de la formation<\/h2>\n\t        <\/div><div class=\"description\"><p >Un accompagnement personnel pour construire une orientation positive.<br \/>\nDes activit\u00e9s de d\u00e9couverte sous forme de stages, visites, rencontres de professionnels, utilisation de l\u2019outil informatique, l\u2019attestation scolaire de la s\u00e9curit\u00e9 routi\u00e8re, formation aux premiers secours\u2026<br \/>\nMise en situation de pr\u00e9sentation orale de leurs activit\u00e9s<\/p>\n<p>1 \u00e0 4 semaines de stage de d\u00e9couverte professionnelle.<\/p><\/div><\/div>[\/vc_tta_section][\/vc_tta_tabs][\/vc_column][\/vc_row]<\/p>\n","protected":false},"excerpt":{"rendered":"<p>[vc_row][vc_column][\/vc_column][\/vc_row][vc_row][vc_column width=&#8221;2\/3&#8243;][vc_single_image image=&#8221;752&#8243; img_size=&#8221;full&#8221; css=&#8221;.vc_custom_1623310136957{border-radius: 5px !important;}&#8221;][\/vc_column][vc_column width=&#8221;1\/3&#8243;][vc_single_image image=&#8221;1321&#8243; img_size=&#8221;full&#8221; onclick=&#8221;link_image&#8221;][vc_btn title=&#8221;S&#8217;INSCRIRE&#8221; style=&#8221;custom&#8221; custom_background=&#8221;#145374&#8243; custom_text=&#8221;#ffffff&#8221; size=&#8221;lg&#8221; align=&#8221;center&#8221; i_icon_fontawesome=&#8221;far fa-paper-plane&#8221; button_block=&#8221;true&#8221; add_icon=&#8221;true&#8221; link=&#8221;url:https%3A%2F%2Fpreinscriptions.ecoledirecte.com%2F%3FRNE%3D0593040J%20|||&#8221;][vc_btn title=&#8221;DEMANDE D&#8217;IMMERSION&#8221; style=&#8221;custom&#8221; custom_background=&#8221;#145374&#8243; custom_text=&#8221;#ffffff&#8221; size=&#8221;lg&#8221;&#8230;<\/p>\n","protected":false},"author":2,"featured_media":0,"parent":0,"menu_order":0,"comment_status":"closed","ping_status":"closed","template":"","meta":{"footnotes":""},"class_list":["post-130","page","type-page","status-publish","hentry"],"_links":{"self":[{"href":"https:\/\/www.ndpo.fr\/lycee-professionnel\/wp-json\/wp\/v2\/pages\/130","targetHints":{"allow":["GET"]}}],"collection":[{"href":"https:\/\/www.ndpo.fr\/lycee-professionnel\/wp-json\/wp\/v2\/pages"}],"about":[{"href":"https:\/\/www.ndpo.fr\/lycee-professionnel\/wp-json\/wp\/v2\/types\/page"}],"author":[{"embeddable":true,"href":"https:\/\/www.ndpo.fr\/lycee-professionnel\/wp-json\/wp\/v2\/users\/2"}],"replies":[{"embeddable":true,"href":"https:\/\/www.ndpo.fr\/lycee-professionnel\/wp-json\/wp\/v2\/comments?post=130"}],"version-history":[{"count":29,"href":"https:\/\/www.ndpo.fr\/lycee-professionnel\/wp-json\/wp\/v2\/pages\/130\/revisions"}],"predecessor-version":[{"id":1739,"href":"https:\/\/www.ndpo.fr\/lycee-professionnel\/wp-json\/wp\/v2\/pages\/130\/revisions\/1739"}],"wp:attachment":[{"href":"https:\/\/www.ndpo.fr\/lycee-professionnel\/wp-json\/wp\/v2\/media?parent=130"}],"curies":[{"name":"wp","href":"https:\/\/api.w.org\/{rel}","templated":true}]}}