{"id":138,"date":"2020-06-23T10:57:12","date_gmt":"2020-06-23T08:57:12","guid":{"rendered":"https:\/\/ndpo2020.keeo.com\/lycee-professionnel\/?page_id=138"},"modified":"2025-08-21T11:25:42","modified_gmt":"2025-08-21T09:25:42","slug":"internat","status":"publish","type":"page","link":"https:\/\/www.ndpo.fr\/lycee-professionnel\/internat\/","title":{"rendered":"INTERNAT"},"content":{"rendered":"<p>[vc_row][vc_column width=&#8221;1\/2&#8243;][vc_single_image image=&#8221;1655&#8243; img_size=&#8221;full&#8221;][\/vc_column][vc_column width=&#8221;1\/2&#8243;][vc_empty_space]\n        <div class=\"rs-heading style2   \">\n        \t<div class=\"title-inner\">\n\t            \n\t            <h2 >La vie \u00e0 l'internat<\/h2>\n\t        <\/div><div class=\"description\"><p >L\u2019internat est organis\u00e9 pour les \u00e9l\u00e8ves afin de favoriser leur travail scolaire, faciliter leur vie quotidienne et d\u00e9velopper leur vie sociale.<\/p>\n<p>L\u2019internat d\u2019Excellence de La Providence Orchies, est ouvert pour les lyc\u00e9ens \u00e0 partir de la 3\u00e8me Pr\u00e9pa-M\u00e9tiers au BTS ainsi qu\u2019aux \u00e9l\u00e8ves de l\u2019Unit\u00e9 de Formation par Apprentissage.<\/p>\n<p><strong>Surveillants d&#8217;internat :<\/strong><br \/>\nM.Fr\u00e9d\u00e9ric CATTEAU &amp; M.Ludwig COURSIER &#8211; 06 32 69 92 08<\/p><\/div><\/div>[vc_btn title=&#8221;Menu de l&#8217;internat&#8221; style=&#8221;custom&#8221; custom_background=&#8221;#145374&#8243; custom_text=&#8221;#ffffff&#8221; align=&#8221;left&#8221; link=&#8221;url:https%3A%2F%2Fsites.google.com%2Fapi-restauration.com%2Fmenus-api-ndp-orchies%2Fsoyons-complices-%25C3%25A0-table|title:Menu%20internat|target:%20_blank|&#8221;][vc_btn title=&#8221;Calendrier des animations de l&#8217;ann\u00e9e&#8221; style=&#8221;custom&#8221; custom_background=&#8221;#145374&#8243; custom_text=&#8221;#ffffff&#8221; link=&#8221;url:https%3A%2F%2Fwww.ndpo.fr%2Fapp%2Fuploads%2Fsites%2F1%2F2024%2F09%2Fprogramme-internat-24-25.png|||&#8221;][\/vc_column][\/vc_row][vc_row][vc_column][vc_single_image image=&#8221;1735&#8243; img_size=&#8221;full&#8221; css_animation=&#8221;fadeInDown&#8221;][\/vc_column][\/vc_row][vc_row][vc_column][vc_empty_space height=&#8221;50&#8243;][\/vc_column][\/vc_row][vc_row][vc_column width=&#8221;1\/2&#8243;]\n        <div class=\"rs-heading style2   \">\n        \t<div class=\"title-inner\">\n\t            \n\t            <h2 >L'internat filles<\/h2>\n\t        <\/div><div class=\"description\"><p >Situ\u00e9 \u00e0 c\u00f4t\u00e9 du lyc\u00e9e Notre Dame de la Providence, l&#8217;internat filles d\u00e9tient une capacit\u00e9 de 44 places et accueille des filles de la 3\u00e8me Pr\u00e9pa-M\u00e9tiers au BTS.<\/p>\n<p>Madame RAVEZ, responsable de l&#8217;internat filles s&#8217;assure au quotidien du bon fonctionnement de celui-ci.<\/p>\n<p>Les chambres sont compos\u00e9s de 2 \u00e0 7 lits avec armoires. Les salles de bains sont quant \u00e0 elles, compos\u00e9es soit de 1, soit de 2 douches.<\/p>\n<p>Un foyer est \u00e9galement mis \u00e0 la disposition des filles avec des fauteuils et une t\u00e9levision, la wii, des tapis de sport, des jeux de soci\u00e9t\u00e9s ainsi que des bureaux pour permettre aux filles de finaliser leur devoirs, si besoin.<\/p>\n<p><strong>Surveillante d&#8217;internat :<\/strong><br \/>\nMme Camille RAVEZ &#8211; 06 32 69 94 50<\/p><\/div><\/div>[\/vc_column][vc_column width=&#8221;1\/2&#8243;][vc_single_image image=&#8221;343&#8243; img_size=&#8221;full&#8221;][\/vc_column][\/vc_row][vc_row][vc_column][vc_empty_space height=&#8221;50&#8243;][\/vc_column][\/vc_row][vc_row][vc_column width=&#8221;1\/2&#8243;][vc_single_image image=&#8221;637&#8243; img_size=&#8221;full&#8221;][\/vc_column][vc_column width=&#8221;1\/2&#8243;]\n        <div class=\"rs-heading style2   \">\n        \t<div class=\"title-inner\">\n\t            \n\t            <h2 >L'internat gar\u00e7ons<\/h2>\n\t        <\/div><div class=\"description\"><p >Le b\u00e2timent de l\u2019internat se trouve sur un \u00e9tage dans le lyc\u00e9e, prot\u00e9g\u00e9 du tumulte et de l\u2019agitation de la ville, votre enfant y b\u00e9n\u00e9ficie d\u2019une tranquillit\u00e9 et d\u2019un calme absolu pour mener \u00e0 bien, dans de bonnes conditions, sa scolarit\u00e9.<\/p>\n<p>Votre enfant sera h\u00e9berg\u00e9 en chambre multiple (de 3 \u00e0 5 \u00e9l\u00e8ves ou de 6 \u00e0 8 \u00e9l\u00e8ves par chambre) selon son temp\u00e9rament et ses affinit\u00e9s. Il y trouvera tous les \u00e9l\u00e9ments n\u00e9cessaires \u00e0 son bien-\u00eatre : spacieuse, confortable et a\u00e9r\u00e9e.<\/p><\/div><\/div>[\/vc_column][\/vc_row][vc_row][vc_column][vc_media_grid grid_id=&#8221;vc_gid:1755768318667-89e86b4dbc87099370ae65b21e76c277-4&#8243; include=&#8221;628,640,639,637,631,635,630&#8243;][\/vc_column][\/vc_row]<\/p>\n","protected":false},"excerpt":{"rendered":"<p>[vc_row][vc_column width=&#8221;1\/2&#8243;][vc_single_image image=&#8221;1655&#8243; img_size=&#8221;full&#8221;][\/vc_column][vc_column width=&#8221;1\/2&#8243;][vc_empty_space][vc_btn title=&#8221;Menu de l&#8217;internat&#8221; style=&#8221;custom&#8221; custom_background=&#8221;#145374&#8243; custom_text=&#8221;#ffffff&#8221; align=&#8221;left&#8221; link=&#8221;url:https%3A%2F%2Fsites.google.com%2Fapi-restauration.com%2Fmenus-api-ndp-orchies%2Fsoyons-complices-%25C3%25A0-table|title:Menu%20internat|target:%20_blank|&#8221;][vc_btn title=&#8221;Calendrier des animations de l&#8217;ann\u00e9e&#8221; style=&#8221;custom&#8221; custom_background=&#8221;#145374&#8243; custom_text=&#8221;#ffffff&#8221; link=&#8221;url:https%3A%2F%2Fwww.ndpo.fr%2Fapp%2Fuploads%2Fsites%2F1%2F2024%2F09%2Fprogramme-internat-24-25.png|||&#8221;][\/vc_column][\/vc_row][vc_row][vc_column][vc_single_image image=&#8221;1735&#8243; img_size=&#8221;full&#8221; css_animation=&#8221;fadeInDown&#8221;][\/vc_column][\/vc_row][vc_row][vc_column][vc_empty_space height=&#8221;50&#8243;][\/vc_column][\/vc_row][vc_row][vc_column width=&#8221;1\/2&#8243;][\/vc_column][vc_column width=&#8221;1\/2&#8243;][vc_single_image&#8230;<\/p>\n","protected":false},"author":2,"featured_media":0,"parent":0,"menu_order":0,"comment_status":"closed","ping_status":"closed","template":"","meta":{"footnotes":""},"class_list":["post-138","page","type-page","status-publish","hentry"],"_links":{"self":[{"href":"https:\/\/www.ndpo.fr\/lycee-professionnel\/wp-json\/wp\/v2\/pages\/138","targetHints":{"allow":["GET"]}}],"collection":[{"href":"https:\/\/www.ndpo.fr\/lycee-professionnel\/wp-json\/wp\/v2\/pages"}],"about":[{"href":"https:\/\/www.ndpo.fr\/lycee-professionnel\/wp-json\/wp\/v2\/types\/page"}],"author":[{"embeddable":true,"href":"https:\/\/www.ndpo.fr\/lycee-professionnel\/wp-json\/wp\/v2\/users\/2"}],"replies":[{"embeddable":true,"href":"https:\/\/www.ndpo.fr\/lycee-professionnel\/wp-json\/wp\/v2\/comments?post=138"}],"version-history":[{"count":22,"href":"https:\/\/www.ndpo.fr\/lycee-professionnel\/wp-json\/wp\/v2\/pages\/138\/revisions"}],"predecessor-version":[{"id":1808,"href":"https:\/\/www.ndpo.fr\/lycee-professionnel\/wp-json\/wp\/v2\/pages\/138\/revisions\/1808"}],"wp:attachment":[{"href":"https:\/\/www.ndpo.fr\/lycee-professionnel\/wp-json\/wp\/v2\/media?parent=138"}],"curies":[{"name":"wp","href":"https:\/\/api.w.org\/{rel}","templated":true}]}}